{"id":23644,"date":"2025-11-08T10:12:12","date_gmt":"2025-11-08T10:12:12","guid":{"rendered":"https:\/\/www.yousanusb.com\/?post_type=product&#038;p=23644"},"modified":"2025-11-08T10:14:19","modified_gmt":"2025-11-08T10:14:19","slug":"the-most-popular-se09-usb-flash-drive","status":"publish","type":"product","link":"https:\/\/www.yousanusb.com\/es\/producto\/the-most-popular-se09-usb-flash-drive\/","title":{"rendered":"La memoria USB SE09 m\u00e1s popular"},"content":{"rendered":"<p>La unidad USB met\u00e1lica SE09 es un \u00e9xito de ventas indiscutible. Con un dise\u00f1o de inserci\u00f3n de una sola pieza l\u00edder en el sector, elimina por completo el mecanismo de tapa tradicional. <\/p>\n\n\n\n<div class=\"wp-block-columns is-layout-flex wp-container-core-columns-is-layout-1 wp-block-columns-is-layout-flex\">\n<div class=\"wp-block-column is-layout-flow wp-block-column-is-layout-flow\">\n<figure class=\"wp-block-image size-full\"><img fetchpriority=\"high\" decoding=\"async\" width=\"800\" height=\"800\" src=\"https:\/\/www.yousanusb.com\/wp-content\/uploads\/2025\/11\/The-Most-Popular-SE09-USB-Flash-Drive.jpg\" alt=\"\" class=\"wp-image-23652\" srcset=\"https:\/\/www.yousanusb.com\/wp-content\/uploads\/2025\/11\/The-Most-Popular-SE09-USB-Flash-Drive.jpg 800w, https:\/\/www.yousanusb.com\/wp-content\/uploads\/2025\/11\/The-Most-Popular-SE09-USB-Flash-Drive-300x300.jpg 300w, https:\/\/www.yousanusb.com\/wp-content\/uploads\/2025\/11\/The-Most-Popular-SE09-USB-Flash-Drive-150x150.jpg 150w, https:\/\/www.yousanusb.com\/wp-content\/uploads\/2025\/11\/The-Most-Popular-SE09-USB-Flash-Drive-768x768.jpg 768w, https:\/\/www.yousanusb.com\/wp-content\/uploads\/2025\/11\/The-Most-Popular-SE09-USB-Flash-Drive-12x12.jpg 12w, https:\/\/www.yousanusb.com\/wp-content\/uploads\/2025\/11\/The-Most-Popular-SE09-USB-Flash-Drive-600x600.jpg 600w, https:\/\/www.yousanusb.com\/wp-content\/uploads\/2025\/11\/The-Most-Popular-SE09-USB-Flash-Drive-100x100.jpg 100w\" sizes=\"(max-width: 800px) 100vw, 800px\" \/><\/figure>\n<\/div>\n\n\n\n<div class=\"wp-block-column is-vertically-aligned-center is-layout-flow wp-block-column-is-layout-flow\">\n<p>Fabricada en aleaci\u00f3n de zinc de alta calidad, su carcasa totalmente met\u00e1lica se somete a un pulido meticuloso para conseguir un acabado suave y c\u00e1lido al tacto, al tiempo que ofrece una resistencia estructural excepcional, superando a las unidades USB de pl\u00e1stico est\u00e1ndar en resistencia a las ca\u00eddas y tolerancia a la compresi\u00f3n.<\/p>\n\n\n\n<p>Incluso si se cae accidentalmente sobre un escritorio o se somete a una presi\u00f3n inesperada, protege eficazmente el chip interno. y resistencia a la presi\u00f3n muy superior a las unidades USB de pl\u00e1stico normales. Incluso si se cae accidentalmente sobre un escritorio o se somete a una presi\u00f3n inesperada, protege eficazmente el chip interno.<\/p>\n<\/div>\n<\/div>\n\n\n\n<p><br>Con unas dimensiones de s\u00f3lo 39\u00d712,35\u00d74,55 mm y un peso de apenas 10 g -equivalente al de una moneda-, se desliza sin esfuerzo en bolsillos, carteras o llaveros. Un orificio para llavero est\u00e1ndar en la parte trasera permite engancharlo a cordones o llaveros, evitando su p\u00e9rdida y mejorando su portabilidad. Su elegante dise\u00f1o lo convierte en un accesorio sofisticado para entornos empresariales.<\/p>\n\n\n\n<div class=\"wp-block-columns is-layout-flex wp-container-core-columns-is-layout-2 wp-block-columns-is-layout-flex\">\n<div class=\"wp-block-column is-layout-flow wp-block-column-is-layout-flow\">\n<figure class=\"wp-block-image size-full\"><img decoding=\"async\" width=\"800\" height=\"800\" src=\"https:\/\/www.yousanusb.com\/wp-content\/uploads\/2025\/11\/The-Most-Popular-SE09-USB-Flash-Drive-wholesale.webp\" alt=\"\" class=\"wp-image-23651\" srcset=\"https:\/\/www.yousanusb.com\/wp-content\/uploads\/2025\/11\/The-Most-Popular-SE09-USB-Flash-Drive-wholesale.webp 800w, https:\/\/www.yousanusb.com\/wp-content\/uploads\/2025\/11\/The-Most-Popular-SE09-USB-Flash-Drive-wholesale-300x300.webp 300w, https:\/\/www.yousanusb.com\/wp-content\/uploads\/2025\/11\/The-Most-Popular-SE09-USB-Flash-Drive-wholesale-150x150.webp 150w, https:\/\/www.yousanusb.com\/wp-content\/uploads\/2025\/11\/The-Most-Popular-SE09-USB-Flash-Drive-wholesale-768x768.webp 768w, https:\/\/www.yousanusb.com\/wp-content\/uploads\/2025\/11\/The-Most-Popular-SE09-USB-Flash-Drive-wholesale-12x12.webp 12w, https:\/\/www.yousanusb.com\/wp-content\/uploads\/2025\/11\/The-Most-Popular-SE09-USB-Flash-Drive-wholesale-600x600.webp 600w, https:\/\/www.yousanusb.com\/wp-content\/uploads\/2025\/11\/The-Most-Popular-SE09-USB-Flash-Drive-wholesale-100x100.webp 100w\" sizes=\"(max-width: 800px) 100vw, 800px\" \/><\/figure>\n<\/div>\n\n\n\n<div class=\"wp-block-column is-layout-flow wp-block-column-is-layout-flow\">\n<figure class=\"wp-block-image size-full\"><img decoding=\"async\" width=\"800\" height=\"800\" src=\"https:\/\/www.yousanusb.com\/wp-content\/uploads\/2025\/11\/The-Most-Popular-SE09-USB-Flash-Drive-custom.webp\" alt=\"\" class=\"wp-image-23648\" srcset=\"https:\/\/www.yousanusb.com\/wp-content\/uploads\/2025\/11\/The-Most-Popular-SE09-USB-Flash-Drive-custom.webp 800w, https:\/\/www.yousanusb.com\/wp-content\/uploads\/2025\/11\/The-Most-Popular-SE09-USB-Flash-Drive-custom-300x300.webp 300w, https:\/\/www.yousanusb.com\/wp-content\/uploads\/2025\/11\/The-Most-Popular-SE09-USB-Flash-Drive-custom-150x150.webp 150w, https:\/\/www.yousanusb.com\/wp-content\/uploads\/2025\/11\/The-Most-Popular-SE09-USB-Flash-Drive-custom-768x768.webp 768w, https:\/\/www.yousanusb.com\/wp-content\/uploads\/2025\/11\/The-Most-Popular-SE09-USB-Flash-Drive-custom-12x12.webp 12w, https:\/\/www.yousanusb.com\/wp-content\/uploads\/2025\/11\/The-Most-Popular-SE09-USB-Flash-Drive-custom-600x600.webp 600w, https:\/\/www.yousanusb.com\/wp-content\/uploads\/2025\/11\/The-Most-Popular-SE09-USB-Flash-Drive-custom-100x100.webp 100w\" sizes=\"(max-width: 800px) 100vw, 800px\" \/><\/figure>\n<\/div>\n<\/div>\n\n\n\n<p>Disponible en los cl\u00e1sicos acabados plata, oro y oro rosa para adaptarse a diversas preferencias de estilo, la SE09 admite la personalizaci\u00f3n del logotipo mediante serigraf\u00eda o impresi\u00f3n en color con un pedido m\u00ednimo de s\u00f3lo 10 unidades. Esto la convierte en una excelente opci\u00f3n para regalos de empresa o promocionales, ya que las opciones plateada y dorada se adaptan perfectamente a la est\u00e9tica de la marca corporativa.<\/p>\n\n\n\n<div class=\"wp-block-columns is-layout-flex wp-container-core-columns-is-layout-3 wp-block-columns-is-layout-flex\">\n<div class=\"wp-block-column is-layout-flow wp-block-column-is-layout-flow\">\n<figure class=\"wp-block-image size-large\"><img loading=\"lazy\" decoding=\"async\" width=\"1024\" height=\"1024\" src=\"https:\/\/www.yousanusb.com\/wp-content\/uploads\/2025\/11\/The-Most-Popular-SE09-USB-Flash-Drive-bulk-price-1024x1024.webp\" alt=\"\" class=\"wp-image-23650\" srcset=\"https:\/\/www.yousanusb.com\/wp-content\/uploads\/2025\/11\/The-Most-Popular-SE09-USB-Flash-Drive-bulk-price-1024x1024.webp 1024w, https:\/\/www.yousanusb.com\/wp-content\/uploads\/2025\/11\/The-Most-Popular-SE09-USB-Flash-Drive-bulk-price-300x300.webp 300w, https:\/\/www.yousanusb.com\/wp-content\/uploads\/2025\/11\/The-Most-Popular-SE09-USB-Flash-Drive-bulk-price-150x150.webp 150w, https:\/\/www.yousanusb.com\/wp-content\/uploads\/2025\/11\/The-Most-Popular-SE09-USB-Flash-Drive-bulk-price-768x768.webp 768w, https:\/\/www.yousanusb.com\/wp-content\/uploads\/2025\/11\/The-Most-Popular-SE09-USB-Flash-Drive-bulk-price-12x12.webp 12w, https:\/\/www.yousanusb.com\/wp-content\/uploads\/2025\/11\/The-Most-Popular-SE09-USB-Flash-Drive-bulk-price-600x600.webp 600w, https:\/\/www.yousanusb.com\/wp-content\/uploads\/2025\/11\/The-Most-Popular-SE09-USB-Flash-Drive-bulk-price-100x100.webp 100w, https:\/\/www.yousanusb.com\/wp-content\/uploads\/2025\/11\/The-Most-Popular-SE09-USB-Flash-Drive-bulk-price.webp 1276w\" sizes=\"(max-width: 1024px) 100vw, 1024px\" \/><\/figure>\n<\/div>\n\n\n\n<div class=\"wp-block-column is-layout-flow wp-block-column-is-layout-flow\">\n<figure class=\"wp-block-image size-full\"><img loading=\"lazy\" decoding=\"async\" width=\"800\" height=\"800\" src=\"https:\/\/www.yousanusb.com\/wp-content\/uploads\/2025\/11\/The-Most-Popular-SE09-USB-Flash-Drive-custom-logo.jpg\" alt=\"\" class=\"wp-image-23647\" srcset=\"https:\/\/www.yousanusb.com\/wp-content\/uploads\/2025\/11\/The-Most-Popular-SE09-USB-Flash-Drive-custom-logo.jpg 800w, https:\/\/www.yousanusb.com\/wp-content\/uploads\/2025\/11\/The-Most-Popular-SE09-USB-Flash-Drive-custom-logo-300x300.jpg 300w, https:\/\/www.yousanusb.com\/wp-content\/uploads\/2025\/11\/The-Most-Popular-SE09-USB-Flash-Drive-custom-logo-150x150.jpg 150w, https:\/\/www.yousanusb.com\/wp-content\/uploads\/2025\/11\/The-Most-Popular-SE09-USB-Flash-Drive-custom-logo-768x768.jpg 768w, https:\/\/www.yousanusb.com\/wp-content\/uploads\/2025\/11\/The-Most-Popular-SE09-USB-Flash-Drive-custom-logo-12x12.jpg 12w, https:\/\/www.yousanusb.com\/wp-content\/uploads\/2025\/11\/The-Most-Popular-SE09-USB-Flash-Drive-custom-logo-600x600.jpg 600w, https:\/\/www.yousanusb.com\/wp-content\/uploads\/2025\/11\/The-Most-Popular-SE09-USB-Flash-Drive-custom-logo-100x100.jpg 100w\" sizes=\"(max-width: 800px) 100vw, 800px\" \/><\/figure>\n<\/div>\n<\/div>\n\n\n\n<h2 class=\"wp-block-heading\">\u00bfCu\u00e1les son las velocidades espec\u00edficas de lectura\/escritura de la unidad flash SE09?<\/h2>\n\n\n\n<p><br>La unidad flash SE09 se presenta en especificaciones USB 2.0 y USB 3.0, con las siguientes velocidades de lectura\/escritura:<br>Versi\u00f3n USB 2.0: Lectura 12 MB\/s, Escritura 5 MB\/s;<br>Versi\u00f3n USB 3.0: Lectura 90 MB\/s, Escritura 50 MB\/s.<\/p>","protected":false},"excerpt":{"rendered":"<ul>\n<li>El estilo m\u00e1s popular<\/li>\n<li>Material met\u00e1lico<\/li>\n<li>Memoria USB SE09<\/li>\n<li>Aleaci\u00f3n de zinc de alta calidad<\/li>\n<li>Logotipo personalizado<\/li>\n<\/ul>","protected":false},"featured_media":23652,"comment_status":"open","ping_status":"closed","template":"","meta":{"_seopress_robots_primary_cat":"","_seopress_titles_title":"The Most Popular SE09 USB Flash Drive","_seopress_titles_desc":"SE09 Metal USB Drive is an undisputed bestseller. Featuring an industry-leading one-piece insertion design, it completely eliminates the traditional cap mechanism.","_seopress_robots_index":""},"class_list":["post-23644","product","type-product","status-publish","has-post-thumbnail","hentry","product_cat-metal-usb-flash-drive","product_tag-custom-metal-keychain-usb-flash-drive","product_tag-buy-metal-leather-usb-flash-drive"],"_links":{"self":[{"href":"https:\/\/www.yousanusb.com\/es\/wp-json\/wp\/v2\/product\/23644"}],"collection":[{"href":"https:\/\/www.yousanusb.com\/es\/wp-json\/wp\/v2\/product"}],"about":[{"href":"https:\/\/www.yousanusb.com\/es\/wp-json\/wp\/v2\/types\/product"}],"replies":[{"embeddable":true,"href":"https:\/\/www.yousanusb.com\/es\/wp-json\/wp\/v2\/comments?post=23644"}],"wp:featuredmedia":[{"embeddable":true,"href":"https:\/\/www.yousanusb.com\/es\/wp-json\/wp\/v2\/media\/23652"}],"wp:attachment":[{"href":"https:\/\/www.yousanusb.com\/es\/wp-json\/wp\/v2\/media?parent=23644"}],"curies":[{"name":"wp","href":"https:\/\/api.w.org\/{rel}","templated":true}]}}