{"id":23725,"date":"2025-11-09T12:05:33","date_gmt":"2025-11-09T12:05:33","guid":{"rendered":"https:\/\/www.yousanusb.com\/?post_type=product&#038;p=23725"},"modified":"2025-11-10T10:01:25","modified_gmt":"2025-11-10T10:01:25","slug":"mms-usb-flash-drive","status":"publish","type":"product","link":"https:\/\/www.yousanusb.com\/es\/producto\/mms-usb-flash-drive\/","title":{"rendered":"Memoria USB M&amp;M's"},"content":{"rendered":"<p>\u00bfRechonchos y redondos, de colores vibrantes y expresiones juguetonas? Te presentamos la irresistible memoria USB de M&amp;M. Fabricada con PVC moldeado en los colores caracter\u00edsticos de M&amp;M: rojo, amarillo, azul, verde, naranja y marr\u00f3n, presenta tonos saturados que no se decoloran ni amarillean con el tiempo. <\/p>\n\n\n\n<div class=\"wp-block-columns is-layout-flex wp-container-core-columns-is-layout-1 wp-block-columns-is-layout-flex\">\n<div class=\"wp-block-column is-layout-flow wp-block-column-is-layout-flow\">\n<figure class=\"wp-block-image size-full\"><img fetchpriority=\"high\" decoding=\"async\" width=\"750\" height=\"750\" src=\"https:\/\/www.yousanusb.com\/wp-content\/uploads\/2025\/11\/MMs-USB-drive.jpg\" alt=\"\" class=\"wp-image-23734\" srcset=\"https:\/\/www.yousanusb.com\/wp-content\/uploads\/2025\/11\/MMs-USB-drive.jpg 750w, https:\/\/www.yousanusb.com\/wp-content\/uploads\/2025\/11\/MMs-USB-drive-300x300.jpg 300w, https:\/\/www.yousanusb.com\/wp-content\/uploads\/2025\/11\/MMs-USB-drive-150x150.jpg 150w, https:\/\/www.yousanusb.com\/wp-content\/uploads\/2025\/11\/MMs-USB-drive-12x12.jpg 12w, https:\/\/www.yousanusb.com\/wp-content\/uploads\/2025\/11\/MMs-USB-drive-600x600.jpg 600w, https:\/\/www.yousanusb.com\/wp-content\/uploads\/2025\/11\/MMs-USB-drive-100x100.jpg 100w\" sizes=\"(max-width: 750px) 100vw, 750px\" \/><\/figure>\n<\/div>\n\n\n\n<div class=\"wp-block-column is-layout-flow wp-block-column-is-layout-flow\">\n<figure class=\"wp-block-image size-full\"><img decoding=\"async\" width=\"750\" height=\"750\" src=\"https:\/\/www.yousanusb.com\/wp-content\/uploads\/2025\/11\/yellow-MMs-USB-drive.jpg\" alt=\"\" class=\"wp-image-23736\" srcset=\"https:\/\/www.yousanusb.com\/wp-content\/uploads\/2025\/11\/yellow-MMs-USB-drive.jpg 750w, https:\/\/www.yousanusb.com\/wp-content\/uploads\/2025\/11\/yellow-MMs-USB-drive-300x300.jpg 300w, https:\/\/www.yousanusb.com\/wp-content\/uploads\/2025\/11\/yellow-MMs-USB-drive-150x150.jpg 150w, https:\/\/www.yousanusb.com\/wp-content\/uploads\/2025\/11\/yellow-MMs-USB-drive-12x12.jpg 12w, https:\/\/www.yousanusb.com\/wp-content\/uploads\/2025\/11\/yellow-MMs-USB-drive-600x600.jpg 600w, https:\/\/www.yousanusb.com\/wp-content\/uploads\/2025\/11\/yellow-MMs-USB-drive-100x100.jpg 100w\" sizes=\"(max-width: 750px) 100vw, 750px\" \/><\/figure>\n<\/div>\n<\/div>\n\n\n\n<p>Todo el dise\u00f1o sigue la silueta redondeada de una jud\u00eda, con el logotipo de la \"M\" en relieve y expresiones l\u00fadicas exclusivas: la versi\u00f3n roja sonr\u00ede ampliamente, la amarilla gui\u00f1a un ojo de forma simp\u00e1tica, la azul levanta una ceja con frialdad y la verde se sonroja t\u00edmidamente; cada una desprende un encanto tranquilizador.<\/p>\n\n\n\n<div class=\"wp-block-columns is-layout-flex wp-container-core-columns-is-layout-2 wp-block-columns-is-layout-flex\">\n<div class=\"wp-block-column is-layout-flow wp-block-column-is-layout-flow\">\n<figure class=\"wp-block-image size-full\"><img decoding=\"async\" width=\"750\" height=\"750\" src=\"https:\/\/www.yousanusb.com\/wp-content\/uploads\/2025\/11\/red-MMs-USB-drive.jpg\" alt=\"\" class=\"wp-image-23735\" srcset=\"https:\/\/www.yousanusb.com\/wp-content\/uploads\/2025\/11\/red-MMs-USB-drive.jpg 750w, https:\/\/www.yousanusb.com\/wp-content\/uploads\/2025\/11\/red-MMs-USB-drive-300x300.jpg 300w, https:\/\/www.yousanusb.com\/wp-content\/uploads\/2025\/11\/red-MMs-USB-drive-150x150.jpg 150w, https:\/\/www.yousanusb.com\/wp-content\/uploads\/2025\/11\/red-MMs-USB-drive-12x12.jpg 12w, https:\/\/www.yousanusb.com\/wp-content\/uploads\/2025\/11\/red-MMs-USB-drive-600x600.jpg 600w, https:\/\/www.yousanusb.com\/wp-content\/uploads\/2025\/11\/red-MMs-USB-drive-100x100.jpg 100w\" sizes=\"(max-width: 750px) 100vw, 750px\" \/><\/figure>\n<\/div>\n\n\n\n<div class=\"wp-block-column is-layout-flow wp-block-column-is-layout-flow\">\n<figure class=\"wp-block-image size-full\"><img loading=\"lazy\" decoding=\"async\" width=\"750\" height=\"750\" src=\"https:\/\/www.yousanusb.com\/wp-content\/uploads\/2025\/11\/green-MMs-USB-drive.jpg\" alt=\"\" class=\"wp-image-23732\" srcset=\"https:\/\/www.yousanusb.com\/wp-content\/uploads\/2025\/11\/green-MMs-USB-drive.jpg 750w, https:\/\/www.yousanusb.com\/wp-content\/uploads\/2025\/11\/green-MMs-USB-drive-300x300.jpg 300w, https:\/\/www.yousanusb.com\/wp-content\/uploads\/2025\/11\/green-MMs-USB-drive-150x150.jpg 150w, https:\/\/www.yousanusb.com\/wp-content\/uploads\/2025\/11\/green-MMs-USB-drive-12x12.jpg 12w, https:\/\/www.yousanusb.com\/wp-content\/uploads\/2025\/11\/green-MMs-USB-drive-600x600.jpg 600w, https:\/\/www.yousanusb.com\/wp-content\/uploads\/2025\/11\/green-MMs-USB-drive-100x100.jpg 100w\" sizes=\"(max-width: 750px) 100vw, 750px\" \/><\/figure>\n<\/div>\n<\/div>\n\n\n\n<p>En la parte superior lleva preinstalado un orificio para cord\u00f3n extra\u00edble. Comb\u00ednalo con un cord\u00f3n de dibujos animados a juego para sujetarlo a llaveros o mochilas y evitar que se pierda, o ll\u00e9valo como accesorio de moda para llamar la atenci\u00f3n. El punto de conexi\u00f3n cuenta con un dise\u00f1o de tapa a prueba de polvo para evitar el desgaste diario, combinando la monada con la durabilidad.<\/p>\n\n\n\n<div class=\"wp-block-columns is-layout-flex wp-container-core-columns-is-layout-3 wp-block-columns-is-layout-flex\">\n<div class=\"wp-block-column is-layout-flow wp-block-column-is-layout-flow\">\n<figure class=\"wp-block-image size-full\"><img loading=\"lazy\" decoding=\"async\" width=\"750\" height=\"750\" src=\"https:\/\/www.yousanusb.com\/wp-content\/uploads\/2025\/11\/custom-MMs-USB-drive.jpg\" alt=\"\" class=\"wp-image-23731\" srcset=\"https:\/\/www.yousanusb.com\/wp-content\/uploads\/2025\/11\/custom-MMs-USB-drive.jpg 750w, https:\/\/www.yousanusb.com\/wp-content\/uploads\/2025\/11\/custom-MMs-USB-drive-300x300.jpg 300w, https:\/\/www.yousanusb.com\/wp-content\/uploads\/2025\/11\/custom-MMs-USB-drive-150x150.jpg 150w, https:\/\/www.yousanusb.com\/wp-content\/uploads\/2025\/11\/custom-MMs-USB-drive-12x12.jpg 12w, https:\/\/www.yousanusb.com\/wp-content\/uploads\/2025\/11\/custom-MMs-USB-drive-600x600.jpg 600w, https:\/\/www.yousanusb.com\/wp-content\/uploads\/2025\/11\/custom-MMs-USB-drive-100x100.jpg 100w\" sizes=\"(max-width: 750px) 100vw, 750px\" \/><\/figure>\n<\/div>\n\n\n\n<div class=\"wp-block-column is-layout-flow wp-block-column-is-layout-flow\">\n<figure class=\"wp-block-image size-full\"><img loading=\"lazy\" decoding=\"async\" width=\"750\" height=\"750\" src=\"https:\/\/www.yousanusb.com\/wp-content\/uploads\/2025\/11\/brown-MMs-USB-drive.jpg\" alt=\"\" class=\"wp-image-23730\" srcset=\"https:\/\/www.yousanusb.com\/wp-content\/uploads\/2025\/11\/brown-MMs-USB-drive.jpg 750w, https:\/\/www.yousanusb.com\/wp-content\/uploads\/2025\/11\/brown-MMs-USB-drive-300x300.jpg 300w, https:\/\/www.yousanusb.com\/wp-content\/uploads\/2025\/11\/brown-MMs-USB-drive-150x150.jpg 150w, https:\/\/www.yousanusb.com\/wp-content\/uploads\/2025\/11\/brown-MMs-USB-drive-12x12.jpg 12w, https:\/\/www.yousanusb.com\/wp-content\/uploads\/2025\/11\/brown-MMs-USB-drive-600x600.jpg 600w, https:\/\/www.yousanusb.com\/wp-content\/uploads\/2025\/11\/brown-MMs-USB-drive-100x100.jpg 100w\" sizes=\"(max-width: 750px) 100vw, 750px\" \/><\/figure>\n<\/div>\n<\/div>\n\n\n\n<p>El regalo creativo perfecto: Comb\u00ednalo con una caja de regalo tem\u00e1tica de M&amp;M's, personalizable con grabados (como nombres o mensajes). Es un regalo pr\u00e1ctico y bien pensado para cumplea\u00f1os o fiestas.<\/p>\n\n\n\n<p><\/p>","protected":false},"excerpt":{"rendered":"<ul>\n<li>M&amp;M's ip<\/li>\n<li>Unidad flash USB<\/li>\n<li>Modelo de dibujos animados<\/li>\n<li>Material de PVC<\/li>\n<li>Rojo,amarillo,marr\u00f3n,azul,naranja,verde<\/li>\n<\/ul>","protected":false},"featured_media":23738,"comment_status":"open","ping_status":"closed","template":"","meta":{"_seopress_robots_primary_cat":"none","_seopress_titles_title":"M&M's USB Flash drive","_seopress_titles_desc":"Plump and round, vibrant colors, and playful expressions? Meet the irresistible M&M USB drive. Crafted from PVC molded in M&M's signature red, yellow, blue, green, orange, and brown, it boasts saturated hues that won't fade or yellow over time.","_seopress_robots_index":""},"class_list":["post-23725","product","type-product","status-publish","has-post-thumbnail","hentry","product_cat-custom-usb-drive"],"_links":{"self":[{"href":"https:\/\/www.yousanusb.com\/es\/wp-json\/wp\/v2\/product\/23725"}],"collection":[{"href":"https:\/\/www.yousanusb.com\/es\/wp-json\/wp\/v2\/product"}],"about":[{"href":"https:\/\/www.yousanusb.com\/es\/wp-json\/wp\/v2\/types\/product"}],"replies":[{"embeddable":true,"href":"https:\/\/www.yousanusb.com\/es\/wp-json\/wp\/v2\/comments?post=23725"}],"wp:featuredmedia":[{"embeddable":true,"href":"https:\/\/www.yousanusb.com\/es\/wp-json\/wp\/v2\/media\/23738"}],"wp:attachment":[{"href":"https:\/\/www.yousanusb.com\/es\/wp-json\/wp\/v2\/media?parent=23725"}],"curies":[{"name":"wp","href":"https:\/\/api.w.org\/{rel}","templated":true}]}}