{"id":23855,"date":"2025-11-10T06:17:05","date_gmt":"2025-11-10T06:17:05","guid":{"rendered":"https:\/\/www.yousanusb.com\/?post_type=product&#038;p=23855"},"modified":"2025-11-10T08:16:02","modified_gmt":"2025-11-10T08:16:02","slug":"rotating-crystal-usb-flash-drive","status":"publish","type":"product","link":"https:\/\/www.yousanusb.com\/es\/producto\/rotating-crystal-usb-flash-drive\/","title":{"rendered":"Memoria USB de cristal giratorio"},"content":{"rendered":"<div class=\"wp-block-columns is-layout-flex wp-container-core-columns-is-layout-1 wp-block-columns-is-layout-flex\">\n<div class=\"wp-block-column is-vertically-aligned-center is-layout-flow wp-block-column-is-layout-flow\">\n<p>La unidad USB acr\u00edlica giratoria iluminada cuenta con un cabezal giratorio met\u00e1lico integrado en un cuerpo acr\u00edlico transparente. Al girar el cabezal, el puerto USB se puede exponer u ocultar r\u00e1pidamente, lo que facilita las operaciones diarias plug-and-play al tiempo que evita eficazmente los ara\u00f1azos en el puerto y la acumulaci\u00f3n de polvo.<\/p>\n\n\n\n<p>La secci\u00f3n acr\u00edlica incorpora elementos de iluminaci\u00f3n LED que se encienden autom\u00e1ticamente cuando recibe alimentaci\u00f3n o se activa. Esto no s\u00f3lo resuelve el problema de \"buscar una unidad USB en la oscuridad\", sino que tambi\u00e9n mejora la est\u00e9tica tecnol\u00f3gica y el atractivo visual a trav\u00e9s de la textura cristalina del acr\u00edlico, rompiendo con la apariencia mon\u00f3tona de las unidades USB tradicionales.<\/p>\n\n\n\n<p>Para uso profesional, cuenta con una interfaz USB de alta velocidad con velocidades de lectura\/escritura estables. Compatible con los principales sistemas operativos, como Windows y Mac, ofrece funcionalidad plug-and-play sin necesidad de controladores adicionales.<\/p>\n\n\n\n<p><br><\/p>\n<\/div>\n\n\n\n<div class=\"wp-block-column is-layout-flow wp-block-column-is-layout-flow\">\n<figure class=\"wp-block-image size-full\"><img fetchpriority=\"high\" decoding=\"async\" width=\"800\" height=\"800\" src=\"https:\/\/www.yousanusb.com\/wp-content\/uploads\/2025\/11\/rotating-metal-crystal-usb-drive.jpg\" alt=\"\" class=\"wp-image-23860\" srcset=\"https:\/\/www.yousanusb.com\/wp-content\/uploads\/2025\/11\/rotating-metal-crystal-usb-drive.jpg 800w, https:\/\/www.yousanusb.com\/wp-content\/uploads\/2025\/11\/rotating-metal-crystal-usb-drive-300x300.jpg 300w, https:\/\/www.yousanusb.com\/wp-content\/uploads\/2025\/11\/rotating-metal-crystal-usb-drive-150x150.jpg 150w, https:\/\/www.yousanusb.com\/wp-content\/uploads\/2025\/11\/rotating-metal-crystal-usb-drive-768x768.jpg 768w, https:\/\/www.yousanusb.com\/wp-content\/uploads\/2025\/11\/rotating-metal-crystal-usb-drive-12x12.jpg 12w, https:\/\/www.yousanusb.com\/wp-content\/uploads\/2025\/11\/rotating-metal-crystal-usb-drive-600x600.jpg 600w, https:\/\/www.yousanusb.com\/wp-content\/uploads\/2025\/11\/rotating-metal-crystal-usb-drive-100x100.jpg 100w\" sizes=\"(max-width: 800px) 100vw, 800px\" \/><\/figure>\n<\/div>\n<\/div>\n\n\n\n<p><\/p>\n\n\n\n<p>El principio del proceso de iluminaci\u00f3n consiste en incrustar una fuente de luz LED dentro del cuerpo de cristal. Cuando la unidad USB se conecta a un dispositivo, la fuente de alimentaci\u00f3n de \u00e9ste activa la iluminaci\u00f3n de la fuente de luz. La luz se refracta a trav\u00e9s del material de cristal, creando un efecto de brillo uniforme en la zona grabada. Este proceso es estable y no afecta al funcionamiento normal de la funci\u00f3n de almacenamiento.<\/p>\n\n\n\n<div class=\"wp-block-columns is-layout-flex wp-container-core-columns-is-layout-2 wp-block-columns-is-layout-flex\">\n<div class=\"wp-block-column is-layout-flow wp-block-column-is-layout-flow\">\n<figure class=\"wp-block-image size-full\"><img decoding=\"async\" width=\"768\" height=\"768\" src=\"https:\/\/www.yousanusb.com\/wp-content\/uploads\/2025\/11\/Swiveling-Acrylic-Red-Light-Up-USB-Stick-768x768-1.webp\" alt=\"\" class=\"wp-image-23863\" srcset=\"https:\/\/www.yousanusb.com\/wp-content\/uploads\/2025\/11\/Swiveling-Acrylic-Red-Light-Up-USB-Stick-768x768-1.webp 768w, https:\/\/www.yousanusb.com\/wp-content\/uploads\/2025\/11\/Swiveling-Acrylic-Red-Light-Up-USB-Stick-768x768-1-300x300.webp 300w, https:\/\/www.yousanusb.com\/wp-content\/uploads\/2025\/11\/Swiveling-Acrylic-Red-Light-Up-USB-Stick-768x768-1-150x150.webp 150w, https:\/\/www.yousanusb.com\/wp-content\/uploads\/2025\/11\/Swiveling-Acrylic-Red-Light-Up-USB-Stick-768x768-1-12x12.webp 12w, https:\/\/www.yousanusb.com\/wp-content\/uploads\/2025\/11\/Swiveling-Acrylic-Red-Light-Up-USB-Stick-768x768-1-600x600.webp 600w, https:\/\/www.yousanusb.com\/wp-content\/uploads\/2025\/11\/Swiveling-Acrylic-Red-Light-Up-USB-Stick-768x768-1-100x100.webp 100w\" sizes=\"(max-width: 768px) 100vw, 768px\" \/><\/figure>\n<\/div>\n\n\n\n<div class=\"wp-block-column is-layout-flow wp-block-column-is-layout-flow\">\n<figure class=\"wp-block-image size-full\"><img decoding=\"async\" width=\"768\" height=\"768\" src=\"https:\/\/www.yousanusb.com\/wp-content\/uploads\/2025\/11\/Swiveling-Acrylic-Purple-Light-Up-USB-Stick-768x768-1.webp\" alt=\"\" class=\"wp-image-23862\" srcset=\"https:\/\/www.yousanusb.com\/wp-content\/uploads\/2025\/11\/Swiveling-Acrylic-Purple-Light-Up-USB-Stick-768x768-1.webp 768w, https:\/\/www.yousanusb.com\/wp-content\/uploads\/2025\/11\/Swiveling-Acrylic-Purple-Light-Up-USB-Stick-768x768-1-300x300.webp 300w, https:\/\/www.yousanusb.com\/wp-content\/uploads\/2025\/11\/Swiveling-Acrylic-Purple-Light-Up-USB-Stick-768x768-1-150x150.webp 150w, https:\/\/www.yousanusb.com\/wp-content\/uploads\/2025\/11\/Swiveling-Acrylic-Purple-Light-Up-USB-Stick-768x768-1-12x12.webp 12w, https:\/\/www.yousanusb.com\/wp-content\/uploads\/2025\/11\/Swiveling-Acrylic-Purple-Light-Up-USB-Stick-768x768-1-600x600.webp 600w, https:\/\/www.yousanusb.com\/wp-content\/uploads\/2025\/11\/Swiveling-Acrylic-Purple-Light-Up-USB-Stick-768x768-1-100x100.webp 100w\" sizes=\"(max-width: 768px) 100vw, 768px\" \/><\/figure>\n<\/div>\n\n\n\n<div class=\"wp-block-column is-layout-flow wp-block-column-is-layout-flow\">\n<figure class=\"wp-block-image size-full\"><img loading=\"lazy\" decoding=\"async\" width=\"800\" height=\"800\" src=\"https:\/\/www.yousanusb.com\/wp-content\/uploads\/2025\/11\/led-usb-flash-drive.jpg\" alt=\"\" class=\"wp-image-23858\" srcset=\"https:\/\/www.yousanusb.com\/wp-content\/uploads\/2025\/11\/led-usb-flash-drive.jpg 800w, https:\/\/www.yousanusb.com\/wp-content\/uploads\/2025\/11\/led-usb-flash-drive-300x300.jpg 300w, https:\/\/www.yousanusb.com\/wp-content\/uploads\/2025\/11\/led-usb-flash-drive-150x150.jpg 150w, https:\/\/www.yousanusb.com\/wp-content\/uploads\/2025\/11\/led-usb-flash-drive-768x768.jpg 768w, https:\/\/www.yousanusb.com\/wp-content\/uploads\/2025\/11\/led-usb-flash-drive-12x12.jpg 12w, https:\/\/www.yousanusb.com\/wp-content\/uploads\/2025\/11\/led-usb-flash-drive-600x600.jpg 600w, https:\/\/www.yousanusb.com\/wp-content\/uploads\/2025\/11\/led-usb-flash-drive-100x100.jpg 100w\" sizes=\"(max-width: 800px) 100vw, 800px\" \/><\/figure>\n<\/div>\n<\/div>\n\n\n\n<p><\/p>\n\n\n\n<div class=\"wp-block-columns is-layout-flex wp-container-core-columns-is-layout-3 wp-block-columns-is-layout-flex\">\n<div class=\"wp-block-column is-layout-flow wp-block-column-is-layout-flow\">\n<figure class=\"wp-block-image size-full\"><img loading=\"lazy\" decoding=\"async\" width=\"800\" height=\"800\" src=\"https:\/\/www.yousanusb.com\/wp-content\/uploads\/2025\/11\/rotating-led-usb-flash-drive.jpg\" alt=\"\" class=\"wp-image-23859\" srcset=\"https:\/\/www.yousanusb.com\/wp-content\/uploads\/2025\/11\/rotating-led-usb-flash-drive.jpg 800w, https:\/\/www.yousanusb.com\/wp-content\/uploads\/2025\/11\/rotating-led-usb-flash-drive-300x300.jpg 300w, https:\/\/www.yousanusb.com\/wp-content\/uploads\/2025\/11\/rotating-led-usb-flash-drive-150x150.jpg 150w, https:\/\/www.yousanusb.com\/wp-content\/uploads\/2025\/11\/rotating-led-usb-flash-drive-768x768.jpg 768w, https:\/\/www.yousanusb.com\/wp-content\/uploads\/2025\/11\/rotating-led-usb-flash-drive-12x12.jpg 12w, https:\/\/www.yousanusb.com\/wp-content\/uploads\/2025\/11\/rotating-led-usb-flash-drive-600x600.jpg 600w, https:\/\/www.yousanusb.com\/wp-content\/uploads\/2025\/11\/rotating-led-usb-flash-drive-100x100.jpg 100w\" sizes=\"(max-width: 800px) 100vw, 800px\" \/><\/figure>\n<\/div>\n\n\n\n<div class=\"wp-block-column is-vertically-aligned-center is-layout-flow wp-block-column-is-layout-flow\">\n<p>Las opciones de personalizaci\u00f3n incluyen el grabado por l\u00e1ser de logotipos o s\u00edmbolos en el cuerpo de cristal, con motivos resistentes al desgaste que no se despegan. <\/p>\n\n\n\n<p>Cuando se combinan con el proceso de emisi\u00f3n de luz, las marcas personalizadas se vuelven m\u00e1s prominentes cuando se iluminan. En el \u00e1mbito empresarial, la impresi\u00f3n de logotipos corporativos mejora el reconocimiento de la marca, mientras que el uso personal puede incorporar s\u00edmbolos \u00fanicos para potenciar la exclusividad. Este enfoque se adapta a diversas necesidades de personalizaci\u00f3n.<\/p>\n\n\n\n<p>Esto permite transferir archivos y realizar copias de seguridad de datos de forma eficaz, por lo que resulta adecuado para diversos escenarios, como el trabajo de oficina y los entornos acad\u00e9micos.<\/p>\n<\/div>\n<\/div>","protected":false},"excerpt":{"rendered":"<ul>\n<li>Dise\u00f1o giratorio<\/li>\n<li>Iluminaci\u00f3n multicolor<\/li>\n<li>Mayor velocidad y alta calidad<\/li>\n<li>Fiabilidad y seguridad<\/li>\n<li>MOQ:100pcs<\/li>\n<\/ul>","protected":false},"featured_media":23859,"comment_status":"open","ping_status":"closed","template":"","meta":{"_seopress_robots_primary_cat":"","_seopress_titles_title":"","_seopress_titles_desc":"","_seopress_robots_index":""},"class_list":["post-23855","product","type-product","status-publish","has-post-thumbnail","hentry","product_cat-crystal-led-usb-flash-drive"],"_links":{"self":[{"href":"https:\/\/www.yousanusb.com\/es\/wp-json\/wp\/v2\/product\/23855"}],"collection":[{"href":"https:\/\/www.yousanusb.com\/es\/wp-json\/wp\/v2\/product"}],"about":[{"href":"https:\/\/www.yousanusb.com\/es\/wp-json\/wp\/v2\/types\/product"}],"replies":[{"embeddable":true,"href":"https:\/\/www.yousanusb.com\/es\/wp-json\/wp\/v2\/comments?post=23855"}],"wp:featuredmedia":[{"embeddable":true,"href":"https:\/\/www.yousanusb.com\/es\/wp-json\/wp\/v2\/media\/23859"}],"wp:attachment":[{"href":"https:\/\/www.yousanusb.com\/es\/wp-json\/wp\/v2\/media?parent=23855"}],"curies":[{"name":"wp","href":"https:\/\/api.w.org\/{rel}","templated":true}]}}