{"id":23912,"date":"2025-11-11T00:22:41","date_gmt":"2025-11-11T00:22:41","guid":{"rendered":"https:\/\/www.yousanusb.com\/?post_type=product&#038;p=23912"},"modified":"2025-11-11T00:25:38","modified_gmt":"2025-11-11T00:25:38","slug":"peppa-pig-usb-flash-drive","status":"publish","type":"product","link":"https:\/\/www.yousanusb.com\/es\/producto\/peppa-pig-usb-flash-drive\/","title":{"rendered":"Memoria USB Peppa Pig"},"content":{"rendered":"<p>Memoria USB Peppa Pig<\/p>\n\n\n\n<p>Esta memoria USB de Peppa Pig combina ingeniosamente una querida imagen de dibujos animados con una pr\u00e1ctica funci\u00f3n de almacenamiento. El dise\u00f1o IP se reproduce fielmente: Basado en el cl\u00e1sico personaje de dibujos animados Peppa Pig, presenta una recreaci\u00f3n 1:1 de los elementos clave: la caracter\u00edstica combinaci\u00f3n de colores rosa y blanco, las ic\u00f3nicas mejillas rojas, el traje azul y las botas rojas. Su estructura de dise\u00f1o dividido (la cabeza como cuerpo de la unidad USB y el cuerpo como funda protectora) a\u00f1ade un encanto l\u00fadico a la vez que protege eficazmente el puerto USB.<\/p>\n\n\n\n<div class=\"wp-block-columns is-layout-flex wp-container-core-columns-is-layout-1 wp-block-columns-is-layout-flex\">\n<div class=\"wp-block-column is-layout-flow wp-block-column-is-layout-flow\">\n<figure class=\"wp-block-image size-full\"><img fetchpriority=\"high\" decoding=\"async\" width=\"750\" height=\"750\" src=\"https:\/\/www.yousanusb.com\/wp-content\/uploads\/2025\/11\/Peppa-Pig-USB-Drive-wholesale.jpg\" alt=\"\" class=\"wp-image-23917\" srcset=\"https:\/\/www.yousanusb.com\/wp-content\/uploads\/2025\/11\/Peppa-Pig-USB-Drive-wholesale.jpg 750w, https:\/\/www.yousanusb.com\/wp-content\/uploads\/2025\/11\/Peppa-Pig-USB-Drive-wholesale-300x300.jpg 300w, https:\/\/www.yousanusb.com\/wp-content\/uploads\/2025\/11\/Peppa-Pig-USB-Drive-wholesale-150x150.jpg 150w, https:\/\/www.yousanusb.com\/wp-content\/uploads\/2025\/11\/Peppa-Pig-USB-Drive-wholesale-12x12.jpg 12w, https:\/\/www.yousanusb.com\/wp-content\/uploads\/2025\/11\/Peppa-Pig-USB-Drive-wholesale-600x600.jpg 600w, https:\/\/www.yousanusb.com\/wp-content\/uploads\/2025\/11\/Peppa-Pig-USB-Drive-wholesale-100x100.jpg 100w\" sizes=\"(max-width: 750px) 100vw, 750px\" \/><\/figure>\n<\/div>\n\n\n\n<div class=\"wp-block-column is-layout-flow wp-block-column-is-layout-flow\">\n<figure class=\"wp-block-image size-full\"><img decoding=\"async\" width=\"750\" height=\"750\" src=\"https:\/\/www.yousanusb.com\/wp-content\/uploads\/2025\/11\/Peppa-Pig-USB-Drive-manufacturer.jpg\" alt=\"\" class=\"wp-image-23916\" srcset=\"https:\/\/www.yousanusb.com\/wp-content\/uploads\/2025\/11\/Peppa-Pig-USB-Drive-manufacturer.jpg 750w, https:\/\/www.yousanusb.com\/wp-content\/uploads\/2025\/11\/Peppa-Pig-USB-Drive-manufacturer-300x300.jpg 300w, https:\/\/www.yousanusb.com\/wp-content\/uploads\/2025\/11\/Peppa-Pig-USB-Drive-manufacturer-150x150.jpg 150w, https:\/\/www.yousanusb.com\/wp-content\/uploads\/2025\/11\/Peppa-Pig-USB-Drive-manufacturer-12x12.jpg 12w, https:\/\/www.yousanusb.com\/wp-content\/uploads\/2025\/11\/Peppa-Pig-USB-Drive-manufacturer-600x600.jpg 600w, https:\/\/www.yousanusb.com\/wp-content\/uploads\/2025\/11\/Peppa-Pig-USB-Drive-manufacturer-100x100.jpg 100w\" sizes=\"(max-width: 750px) 100vw, 750px\" \/><\/figure>\n<\/div>\n<\/div>\n\n\n\n<p>Su tama\u00f1o compacto le permite servir de llavero o colgante para el bolso, con lo que \"Peppa\" podr\u00e1 a\u00f1adir adorables detalles a sus conjuntos y accesorios cotidianos en cualquier momento y lugar.<\/p>\n\n\n\n<div class=\"wp-block-columns is-layout-flex wp-container-core-columns-is-layout-2 wp-block-columns-is-layout-flex\">\n<div class=\"wp-block-column is-layout-flow wp-block-column-is-layout-flow\">\n<figure class=\"wp-block-image size-full\"><img decoding=\"async\" width=\"750\" height=\"750\" src=\"https:\/\/www.yousanusb.com\/wp-content\/uploads\/2025\/11\/pink-Peppa-Pig-USB-Drive.jpg\" alt=\"\" class=\"wp-image-23919\" srcset=\"https:\/\/www.yousanusb.com\/wp-content\/uploads\/2025\/11\/pink-Peppa-Pig-USB-Drive.jpg 750w, https:\/\/www.yousanusb.com\/wp-content\/uploads\/2025\/11\/pink-Peppa-Pig-USB-Drive-300x300.jpg 300w, https:\/\/www.yousanusb.com\/wp-content\/uploads\/2025\/11\/pink-Peppa-Pig-USB-Drive-150x150.jpg 150w, https:\/\/www.yousanusb.com\/wp-content\/uploads\/2025\/11\/pink-Peppa-Pig-USB-Drive-12x12.jpg 12w, https:\/\/www.yousanusb.com\/wp-content\/uploads\/2025\/11\/pink-Peppa-Pig-USB-Drive-600x600.jpg 600w, https:\/\/www.yousanusb.com\/wp-content\/uploads\/2025\/11\/pink-Peppa-Pig-USB-Drive-100x100.jpg 100w\" sizes=\"(max-width: 750px) 100vw, 750px\" \/><\/figure>\n<\/div>\n\n\n\n<div class=\"wp-block-column is-layout-flow wp-block-column-is-layout-flow\">\n<figure class=\"wp-block-image size-full\"><img loading=\"lazy\" decoding=\"async\" width=\"750\" height=\"750\" src=\"https:\/\/www.yousanusb.com\/wp-content\/uploads\/2025\/11\/cartoon-Peppa-Pig-USB-Drive.jpg\" alt=\"\" class=\"wp-image-23915\" srcset=\"https:\/\/www.yousanusb.com\/wp-content\/uploads\/2025\/11\/cartoon-Peppa-Pig-USB-Drive.jpg 750w, https:\/\/www.yousanusb.com\/wp-content\/uploads\/2025\/11\/cartoon-Peppa-Pig-USB-Drive-300x300.jpg 300w, https:\/\/www.yousanusb.com\/wp-content\/uploads\/2025\/11\/cartoon-Peppa-Pig-USB-Drive-150x150.jpg 150w, https:\/\/www.yousanusb.com\/wp-content\/uploads\/2025\/11\/cartoon-Peppa-Pig-USB-Drive-12x12.jpg 12w, https:\/\/www.yousanusb.com\/wp-content\/uploads\/2025\/11\/cartoon-Peppa-Pig-USB-Drive-600x600.jpg 600w, https:\/\/www.yousanusb.com\/wp-content\/uploads\/2025\/11\/cartoon-Peppa-Pig-USB-Drive-100x100.jpg 100w\" sizes=\"(max-width: 750px) 100vw, 750px\" \/><\/figure>\n<\/div>\n<\/div>\n\n\n\n<p>Como unidad USB, admite la transferencia de datos a alta velocidad y es compatible con los principales sistemas, como Windows y Mac. Ya sean materiales de estudio, documentos de trabajo, recursos de v\u00eddeo o activos creativos, gestiona el almacenamiento con facilidad.<\/p>","protected":false},"excerpt":{"rendered":"<ul>\n<li>Peppa Pig ip<\/li>\n<li>Memoria USB de dibujos animados<\/li>\n<li>Material de PVC<\/li>\n<li>Dise\u00f1o 2D<\/li>\n<li>Logotipo personalizado<\/li>\n<\/ul>","protected":false},"featured_media":23918,"comment_status":"open","ping_status":"closed","template":"","meta":{"_seopress_robots_primary_cat":"","_seopress_titles_title":"Peppa Pig USB Flash Drive","_seopress_titles_desc":"This Peppa Pig USB drive cleverly combines a beloved cartoon IP with practical storage functionality. The IP design is faithfully reproduced: Based on the classic cartoon character Peppa Pig","_seopress_robots_index":""},"class_list":["post-23912","product","type-product","status-publish","has-post-thumbnail","hentry","product_cat-custom-usb-drive"],"_links":{"self":[{"href":"https:\/\/www.yousanusb.com\/es\/wp-json\/wp\/v2\/product\/23912"}],"collection":[{"href":"https:\/\/www.yousanusb.com\/es\/wp-json\/wp\/v2\/product"}],"about":[{"href":"https:\/\/www.yousanusb.com\/es\/wp-json\/wp\/v2\/types\/product"}],"replies":[{"embeddable":true,"href":"https:\/\/www.yousanusb.com\/es\/wp-json\/wp\/v2\/comments?post=23912"}],"wp:featuredmedia":[{"embeddable":true,"href":"https:\/\/www.yousanusb.com\/es\/wp-json\/wp\/v2\/media\/23918"}],"wp:attachment":[{"href":"https:\/\/www.yousanusb.com\/es\/wp-json\/wp\/v2\/media?parent=23912"}],"curies":[{"name":"wp","href":"https:\/\/api.w.org\/{rel}","templated":true}]}}