{"id":23920,"date":"2025-11-11T00:45:15","date_gmt":"2025-11-11T00:45:15","guid":{"rendered":"https:\/\/www.yousanusb.com\/?post_type=product&#038;p=23920"},"modified":"2025-11-11T02:14:55","modified_gmt":"2025-11-11T02:14:55","slug":"piggy-hero-cartoon-usb-flash-drive","status":"publish","type":"product","link":"https:\/\/www.yousanusb.com\/es\/producto\/piggy-hero-cartoon-usb-flash-drive\/","title":{"rendered":"Memoria USB Piggy Hero Cartoon"},"content":{"rendered":"<p>Esta unidad USB de dibujos animados, dise\u00f1ada a partir de la popular IP Piggy Hero, combina a la perfecci\u00f3n un estilo adorable con un almacenamiento de alta eficiencia, lo que la convierte en la \"central el\u00e9ctrica mona\" entre los dispositivos digitales. A continuaci\u00f3n se detallan sus especificaciones y caracter\u00edsticas principales:<\/p>\n\n\n\n<p>Dise\u00f1o: Recrea fielmente el aspecto ic\u00f3nico de Piggy Hero a escala 1:1 con ricos detalles (como el caracter\u00edstico traje de batalla rojo y las expresiones faciales). La impresi\u00f3n con tinta ecol\u00f3gica proporciona colores vivos y duraderos que no pierden intensidad.<\/p>\n\n\n\n<div class=\"wp-block-columns is-layout-flex wp-container-core-columns-is-layout-1 wp-block-columns-is-layout-flex\">\n<div class=\"wp-block-column is-layout-flow wp-block-column-is-layout-flow\">\n<figure class=\"wp-block-image size-full\"><img fetchpriority=\"high\" decoding=\"async\" width=\"750\" height=\"750\" src=\"https:\/\/www.yousanusb.com\/wp-content\/uploads\/2025\/11\/Piggy-Hero-Cartoon-USB-Drive-wholesale.jpg\" alt=\"\" class=\"wp-image-23925\" srcset=\"https:\/\/www.yousanusb.com\/wp-content\/uploads\/2025\/11\/Piggy-Hero-Cartoon-USB-Drive-wholesale.jpg 750w, https:\/\/www.yousanusb.com\/wp-content\/uploads\/2025\/11\/Piggy-Hero-Cartoon-USB-Drive-wholesale-300x300.jpg 300w, https:\/\/www.yousanusb.com\/wp-content\/uploads\/2025\/11\/Piggy-Hero-Cartoon-USB-Drive-wholesale-150x150.jpg 150w, https:\/\/www.yousanusb.com\/wp-content\/uploads\/2025\/11\/Piggy-Hero-Cartoon-USB-Drive-wholesale-12x12.jpg 12w, https:\/\/www.yousanusb.com\/wp-content\/uploads\/2025\/11\/Piggy-Hero-Cartoon-USB-Drive-wholesale-600x600.jpg 600w, https:\/\/www.yousanusb.com\/wp-content\/uploads\/2025\/11\/Piggy-Hero-Cartoon-USB-Drive-wholesale-100x100.jpg 100w\" sizes=\"(max-width: 750px) 100vw, 750px\" \/><\/figure>\n<\/div>\n\n\n\n<div class=\"wp-block-column is-layout-flow wp-block-column-is-layout-flow\">\n<figure class=\"wp-block-image size-full\"><img decoding=\"async\" width=\"750\" height=\"750\" src=\"https:\/\/www.yousanusb.com\/wp-content\/uploads\/2025\/11\/custom-Piggy-Hero-Cartoon-USB-Drive.jpg\" alt=\"\" class=\"wp-image-23924\" srcset=\"https:\/\/www.yousanusb.com\/wp-content\/uploads\/2025\/11\/custom-Piggy-Hero-Cartoon-USB-Drive.jpg 750w, https:\/\/www.yousanusb.com\/wp-content\/uploads\/2025\/11\/custom-Piggy-Hero-Cartoon-USB-Drive-300x300.jpg 300w, https:\/\/www.yousanusb.com\/wp-content\/uploads\/2025\/11\/custom-Piggy-Hero-Cartoon-USB-Drive-150x150.jpg 150w, https:\/\/www.yousanusb.com\/wp-content\/uploads\/2025\/11\/custom-Piggy-Hero-Cartoon-USB-Drive-12x12.jpg 12w, https:\/\/www.yousanusb.com\/wp-content\/uploads\/2025\/11\/custom-Piggy-Hero-Cartoon-USB-Drive-600x600.jpg 600w, https:\/\/www.yousanusb.com\/wp-content\/uploads\/2025\/11\/custom-Piggy-Hero-Cartoon-USB-Drive-100x100.jpg 100w\" sizes=\"(max-width: 750px) 100vw, 750px\" \/><\/figure>\n<\/div>\n<\/div>\n\n\n\n<p>Material y fabricaci\u00f3n: Fabricado con goma blanda de PVC de calidad alimentaria, ofrece una textura suave y el\u00e1stica. Duradero y resistente a los impactos, amortigua eficazmente los golpes diarios para proteger el chip de almacenamiento interno.<\/p>\n\n\n\n<p>Dimensiones: Compacta, con unas dimensiones aproximadas de 5 cm (alto) \u00d7 3 cm (ancho) \u00d7 2 cm (fondo), cabe f\u00e1cilmente en bolsillos o estuches de l\u00e1pices. El orificio para colgar de la carcasa permite engancharla a un cord\u00f3n, transform\u00e1ndola en un accesorio personalizado.<\/p>\n\n\n\n<div class=\"wp-block-columns is-layout-flex wp-container-core-columns-is-layout-2 wp-block-columns-is-layout-flex\">\n<div class=\"wp-block-column is-layout-flow wp-block-column-is-layout-flow\">\n<figure class=\"wp-block-image size-full\"><img decoding=\"async\" width=\"750\" height=\"750\" src=\"https:\/\/www.yousanusb.com\/wp-content\/uploads\/2025\/11\/blue-Piggy-Hero-Cartoon-USB-Drive.jpg\" alt=\"\" class=\"wp-image-23923\" srcset=\"https:\/\/www.yousanusb.com\/wp-content\/uploads\/2025\/11\/blue-Piggy-Hero-Cartoon-USB-Drive.jpg 750w, https:\/\/www.yousanusb.com\/wp-content\/uploads\/2025\/11\/blue-Piggy-Hero-Cartoon-USB-Drive-300x300.jpg 300w, https:\/\/www.yousanusb.com\/wp-content\/uploads\/2025\/11\/blue-Piggy-Hero-Cartoon-USB-Drive-150x150.jpg 150w, https:\/\/www.yousanusb.com\/wp-content\/uploads\/2025\/11\/blue-Piggy-Hero-Cartoon-USB-Drive-12x12.jpg 12w, https:\/\/www.yousanusb.com\/wp-content\/uploads\/2025\/11\/blue-Piggy-Hero-Cartoon-USB-Drive-600x600.jpg 600w, https:\/\/www.yousanusb.com\/wp-content\/uploads\/2025\/11\/blue-Piggy-Hero-Cartoon-USB-Drive-100x100.jpg 100w\" sizes=\"(max-width: 750px) 100vw, 750px\" \/><\/figure>\n<\/div>\n\n\n\n<div class=\"wp-block-column is-layout-flow wp-block-column-is-layout-flow\">\n<figure class=\"wp-block-image size-full\"><img loading=\"lazy\" decoding=\"async\" width=\"750\" height=\"750\" src=\"https:\/\/www.yousanusb.com\/wp-content\/uploads\/2025\/11\/red-Piggy-Hero-Cartoon-USB-Drive.jpg\" alt=\"\" class=\"wp-image-23927\" srcset=\"https:\/\/www.yousanusb.com\/wp-content\/uploads\/2025\/11\/red-Piggy-Hero-Cartoon-USB-Drive.jpg 750w, https:\/\/www.yousanusb.com\/wp-content\/uploads\/2025\/11\/red-Piggy-Hero-Cartoon-USB-Drive-300x300.jpg 300w, https:\/\/www.yousanusb.com\/wp-content\/uploads\/2025\/11\/red-Piggy-Hero-Cartoon-USB-Drive-150x150.jpg 150w, https:\/\/www.yousanusb.com\/wp-content\/uploads\/2025\/11\/red-Piggy-Hero-Cartoon-USB-Drive-12x12.jpg 12w, https:\/\/www.yousanusb.com\/wp-content\/uploads\/2025\/11\/red-Piggy-Hero-Cartoon-USB-Drive-600x600.jpg 600w, https:\/\/www.yousanusb.com\/wp-content\/uploads\/2025\/11\/red-Piggy-Hero-Cartoon-USB-Drive-100x100.jpg 100w\" sizes=\"(max-width: 750px) 100vw, 750px\" \/><\/figure>\n<\/div>\n<\/div>\n\n\n\n<p>Opciones de capacidad: Disponible en varias capacidades -8 GB, 16 GB, 32 GB, 64 GB y 128 GB- para satisfacer diversas necesidades, desde el almacenamiento de documentos cotidianos hasta la realizaci\u00f3n de copias de seguridad de v\u00eddeos de alta definici\u00f3n.<\/p>\n\n\n\n<p>Interfaz y velocidad:<\/p>\n\n\n\n<p>- Opci\u00f3n de interfaz USB 2.0: Velocidades de lectura de aprox. 15-25 MB\/s, velocidades de escritura de aprox. 8-15 MB\/s, adecuadas para transferencias b\u00e1sicas de archivos.<\/p>\n\n\n\n<p>- Opci\u00f3n de interfaz USB 3.0: Las velocidades de lectura aumentan a 80-150 MB\/s y las de escritura a unos 20-40 MB\/s. Transfiere una pel\u00edcula HD de 10 GB en cuesti\u00f3n de segundos.<\/p>","protected":false},"excerpt":{"rendered":"<ul>\n<li>Esta unidad USB de dibujos animados<\/li>\n<li>dise\u00f1ado sobre la base del popular IP Piggy Hero<\/li>\n<li>Goma blanda de PVC<\/li>\n<li>Disponible en varias capacidades: 8 GB, 16 GB, 32 GB, 64 GB y 128 GB.<\/li>\n<li>Opci\u00f3n de interfaz USB 3.0 y USB 2.0<\/li>\n<\/ul>","protected":false},"featured_media":23926,"comment_status":"open","ping_status":"closed","template":"","meta":{"_seopress_robots_primary_cat":"","_seopress_titles_title":"Piggy Hero Cartoon USB Flash Drive","_seopress_titles_desc":"This cartoon USB drive, designed based on the wildly popular IP Piggy Hero, seamlessly blends adorable styling with high-efficiency storage, making it the \u201ccute powerhouse\u201d among digital devices.","_seopress_robots_index":""},"class_list":["post-23920","product","type-product","status-publish","has-post-thumbnail","hentry","product_cat-custom-usb-drive"],"_links":{"self":[{"href":"https:\/\/www.yousanusb.com\/es\/wp-json\/wp\/v2\/product\/23920"}],"collection":[{"href":"https:\/\/www.yousanusb.com\/es\/wp-json\/wp\/v2\/product"}],"about":[{"href":"https:\/\/www.yousanusb.com\/es\/wp-json\/wp\/v2\/types\/product"}],"replies":[{"embeddable":true,"href":"https:\/\/www.yousanusb.com\/es\/wp-json\/wp\/v2\/comments?post=23920"}],"wp:featuredmedia":[{"embeddable":true,"href":"https:\/\/www.yousanusb.com\/es\/wp-json\/wp\/v2\/media\/23926"}],"wp:attachment":[{"href":"https:\/\/www.yousanusb.com\/es\/wp-json\/wp\/v2\/media?parent=23920"}],"curies":[{"name":"wp","href":"https:\/\/api.w.org\/{rel}","templated":true}]}}