{"id":23953,"date":"2025-11-11T03:46:03","date_gmt":"2025-11-11T03:46:03","guid":{"rendered":"https:\/\/www.yousanusb.com\/?post_type=product&#038;p=23953"},"modified":"2025-12-27T03:06:27","modified_gmt":"2025-12-27T03:06:27","slug":"cube-shaped-crystal-light-up-usb-drive","status":"publish","type":"product","link":"https:\/\/www.yousanusb.com\/es\/producto\/cube-shaped-crystal-light-up-usb-drive\/","title":{"rendered":"Unidad USB con luz de cristal en forma de cubo"},"content":{"rendered":"<p>Esta memoria USB cuenta con una gran variedad de materiales de alta calidad; su dise\u00f1o compacto permite llevarla f\u00e1cilmente en un llavero. Su tapa giratoria protege la interfaz USB, y tambi\u00e9n dispone de un indicador LED que ayuda a localizar la unidad en situaciones de poca luz.<\/p>\n\n\n\n<div class=\"wp-block-columns is-layout-flex wp-container-core-columns-is-layout-1 wp-block-columns-is-layout-flex\">\n<div class=\"wp-block-column is-layout-flow wp-block-column-is-layout-flow\">\n<figure class=\"wp-block-image size-full\"><img fetchpriority=\"high\" decoding=\"async\" width=\"800\" height=\"800\" src=\"https:\/\/www.yousanusb.com\/wp-content\/uploads\/2025\/11\/Custom-Cube-Crystal-USB-Flash-Drive.jpg\" alt=\"\" class=\"wp-image-23957\" srcset=\"https:\/\/www.yousanusb.com\/wp-content\/uploads\/2025\/11\/Custom-Cube-Crystal-USB-Flash-Drive.jpg 800w, https:\/\/www.yousanusb.com\/wp-content\/uploads\/2025\/11\/Custom-Cube-Crystal-USB-Flash-Drive-300x300.jpg 300w, https:\/\/www.yousanusb.com\/wp-content\/uploads\/2025\/11\/Custom-Cube-Crystal-USB-Flash-Drive-150x150.jpg 150w, https:\/\/www.yousanusb.com\/wp-content\/uploads\/2025\/11\/Custom-Cube-Crystal-USB-Flash-Drive-768x768.jpg 768w, https:\/\/www.yousanusb.com\/wp-content\/uploads\/2025\/11\/Custom-Cube-Crystal-USB-Flash-Drive-12x12.jpg 12w, https:\/\/www.yousanusb.com\/wp-content\/uploads\/2025\/11\/Custom-Cube-Crystal-USB-Flash-Drive-600x600.jpg 600w, https:\/\/www.yousanusb.com\/wp-content\/uploads\/2025\/11\/Custom-Cube-Crystal-USB-Flash-Drive-100x100.jpg 100w\" sizes=\"(max-width: 800px) 100vw, 800px\" \/><\/figure>\n<\/div>\n\n\n\n<div class=\"wp-block-column is-vertically-aligned-center is-layout-flow wp-block-column-is-layout-flow\">\n<p>No se han realizado cambios en la funcionalidad de almacenamiento e iluminaci\u00f3n del producto como resultado de este proceso.<\/p>\n\n\n\n<p>La parte principal se ha dise\u00f1ado utilizando una forma de cristal c\u00fabico y un tap\u00f3n met\u00e1lico giratorio, creando un art\u00edculo que tiene un dise\u00f1o a la vez compacto y proporcionado.<\/p>\n\n\n\n<p>La parte de cristal del producto se ha tallado con precisi\u00f3n para proporcionar un aspecto transl\u00facido y se combina con un llavero para facilitar su transporte siempre que lo necesite cada d\u00eda.<\/p>\n<\/div>\n<\/div>\n\n\n\n<div class=\"wp-block-columns is-layout-flex wp-container-core-columns-is-layout-2 wp-block-columns-is-layout-flex\">\n<div class=\"wp-block-column is-vertically-aligned-center is-layout-flow wp-block-column-is-layout-flow\">\n<p><strong>Iluminaci\u00f3n y principio<\/strong>: La unidad USB incorpora una fuente de luz LED interna. Cuando se conecta a un dispositivo, la fuente de alimentaci\u00f3n de \u00e9ste activa la fuente de luz. La luz atraviesa el material de cristal, iluminando la zona del logotipo. <\/p>\n\n\n\n<h2 class=\"wp-block-heading\">Tipos de logotipos personalizables<\/h2>\n\n\n\n<ul class=\"wp-block-list\">\n<li>Grabado interno en 3D: Patrones\/texto tridimensionales grabados por l\u00e1ser dentro del cristal, utilizando sus propiedades de refracci\u00f3n de la luz para crear un efecto visual flotante. Con una precisi\u00f3n de hasta 0,1 mm, admite gr\u00e1ficos complejos (p. ej., logotipos corporativos, modelos de productos).<\/li>\n\n\n\n<li>Grabado L\u00e1ser Plano: Graba texto\/patrones en superficies de cristal con una profundidad \u22640,2 mm y bordes lisos, ideal para esl\u00f3ganes minimalistas, firmas y dise\u00f1os similares.<\/li>\n\n\n\n<li>Iluminaci\u00f3n con colores personalizados: Incorpora luces LED RGB\/monocromas que coinciden con los colores corporativos VI (por ejemplo, naranja Huawei, azul Tencent) para lograr una \"iluminaci\u00f3n del color de la marca.\"<\/li>\n<\/ul>\n<\/div>\n\n\n\n<div class=\"wp-block-column is-layout-flow wp-block-column-is-layout-flow\">\n<figure class=\"wp-block-image size-full\"><img decoding=\"async\" width=\"800\" height=\"800\" src=\"https:\/\/www.yousanusb.com\/wp-content\/uploads\/2025\/11\/Customized-Cube-Crystal-USB-Flash-Drive-with-LED-Light.jpg\" alt=\"\" class=\"wp-image-23958\" srcset=\"https:\/\/www.yousanusb.com\/wp-content\/uploads\/2025\/11\/Customized-Cube-Crystal-USB-Flash-Drive-with-LED-Light.jpg 800w, https:\/\/www.yousanusb.com\/wp-content\/uploads\/2025\/11\/Customized-Cube-Crystal-USB-Flash-Drive-with-LED-Light-300x300.jpg 300w, https:\/\/www.yousanusb.com\/wp-content\/uploads\/2025\/11\/Customized-Cube-Crystal-USB-Flash-Drive-with-LED-Light-150x150.jpg 150w, https:\/\/www.yousanusb.com\/wp-content\/uploads\/2025\/11\/Customized-Cube-Crystal-USB-Flash-Drive-with-LED-Light-768x768.jpg 768w, https:\/\/www.yousanusb.com\/wp-content\/uploads\/2025\/11\/Customized-Cube-Crystal-USB-Flash-Drive-with-LED-Light-12x12.jpg 12w, https:\/\/www.yousanusb.com\/wp-content\/uploads\/2025\/11\/Customized-Cube-Crystal-USB-Flash-Drive-with-LED-Light-600x600.jpg 600w, https:\/\/www.yousanusb.com\/wp-content\/uploads\/2025\/11\/Customized-Cube-Crystal-USB-Flash-Drive-with-LED-Light-100x100.jpg 100w\" sizes=\"(max-width: 800px) 100vw, 800px\" \/><\/figure>\n<\/div>\n<\/div>\n\n\n\n<div class=\"wp-block-columns is-layout-flex wp-container-core-columns-is-layout-3 wp-block-columns-is-layout-flex\">\n<div class=\"wp-block-column is-layout-flow wp-block-column-is-layout-flow\">\n<figure class=\"wp-block-image size-full\"><img decoding=\"async\" width=\"800\" height=\"800\" src=\"https:\/\/www.yousanusb.com\/wp-content\/uploads\/2025\/11\/Personalized-Cube-Acrylic-Crystal-USB-Drive.jpg\" alt=\"\" class=\"wp-image-23960\" srcset=\"https:\/\/www.yousanusb.com\/wp-content\/uploads\/2025\/11\/Personalized-Cube-Acrylic-Crystal-USB-Drive.jpg 800w, https:\/\/www.yousanusb.com\/wp-content\/uploads\/2025\/11\/Personalized-Cube-Acrylic-Crystal-USB-Drive-300x300.jpg 300w, https:\/\/www.yousanusb.com\/wp-content\/uploads\/2025\/11\/Personalized-Cube-Acrylic-Crystal-USB-Drive-150x150.jpg 150w, https:\/\/www.yousanusb.com\/wp-content\/uploads\/2025\/11\/Personalized-Cube-Acrylic-Crystal-USB-Drive-768x768.jpg 768w, https:\/\/www.yousanusb.com\/wp-content\/uploads\/2025\/11\/Personalized-Cube-Acrylic-Crystal-USB-Drive-12x12.jpg 12w, https:\/\/www.yousanusb.com\/wp-content\/uploads\/2025\/11\/Personalized-Cube-Acrylic-Crystal-USB-Drive-600x600.jpg 600w, https:\/\/www.yousanusb.com\/wp-content\/uploads\/2025\/11\/Personalized-Cube-Acrylic-Crystal-USB-Drive-100x100.jpg 100w\" sizes=\"(max-width: 800px) 100vw, 800px\" \/><\/figure>\n<\/div>\n\n\n\n<div class=\"wp-block-column is-vertically-aligned-center is-layout-flow wp-block-column-is-layout-flow\">\n<p>El cuerpo principal de material est\u00e1 fabricado con un cristal de alta transparencia para dar al usuario una sensaci\u00f3n de mayor elegancia al art\u00edculo. Los componentes met\u00e1licos est\u00e1n cromados para que sean resistentes a los ara\u00f1azos y m\u00e1s duraderos.<\/p>\n\n\n\n<p>El coraz\u00f3n del producto est\u00e1 construido sobre s\u00f3lidos chips de memoria flash que proporcionan las operaciones de lectura\/escritura m\u00e1s estables y fiables para los datos del usuario.<\/p>\n\n\n\n<p>Funcionalmente, el producto proporciona al usuario una interfaz USB \"est\u00e1ndar\" que ofrece al usuario velocidades de lectura\/escritura constantes y la posibilidad de trabajar con sistemas operativos Windows o Apple.<\/p>\n\n\n\n<p><br><\/p>\n<\/div>\n<\/div>\n\n\n\n<p>El funcionamiento plug-and-play del producto no requiere controladores adicionales y, por tanto, proporciona al usuario una forma m\u00e1s eficaz de mover archivos y realizar copias de seguridad de datos importantes. Como tal, satisfar\u00e1 los diversos requisitos de almacenamiento de organizaciones e instituciones educativas.<\/p>","protected":false},"excerpt":{"rendered":"<ul>\n<li>Memoria USB de cristal con luz LED<\/li>\n<li>Cristales simulados<\/li>\n<li>Aleaci\u00f3n de aluminio<\/li>\n<li>Con llavero<\/li>\n<li>MOQ:100pcs<\/li>\n<\/ul>","protected":false},"featured_media":23956,"comment_status":"open","ping_status":"closed","template":"","meta":{"_seopress_robots_primary_cat":"none","_seopress_titles_title":"","_seopress_titles_desc":"","_seopress_robots_index":""},"class_list":["post-23953","product","type-product","status-publish","has-post-thumbnail","hentry","product_cat-crystal-led-usb-flash-drive"],"_links":{"self":[{"href":"https:\/\/www.yousanusb.com\/es\/wp-json\/wp\/v2\/product\/23953"}],"collection":[{"href":"https:\/\/www.yousanusb.com\/es\/wp-json\/wp\/v2\/product"}],"about":[{"href":"https:\/\/www.yousanusb.com\/es\/wp-json\/wp\/v2\/types\/product"}],"replies":[{"embeddable":true,"href":"https:\/\/www.yousanusb.com\/es\/wp-json\/wp\/v2\/comments?post=23953"}],"wp:featuredmedia":[{"embeddable":true,"href":"https:\/\/www.yousanusb.com\/es\/wp-json\/wp\/v2\/media\/23956"}],"wp:attachment":[{"href":"https:\/\/www.yousanusb.com\/es\/wp-json\/wp\/v2\/media?parent=23953"}],"curies":[{"name":"wp","href":"https:\/\/api.w.org\/{rel}","templated":true}]}}