{"id":23961,"date":"2025-11-11T06:22:42","date_gmt":"2025-11-11T06:22:42","guid":{"rendered":"https:\/\/www.yousanusb.com\/?post_type=product&#038;p=23961"},"modified":"2025-12-27T03:03:39","modified_gmt":"2025-12-27T03:03:39","slug":"custom-diamond-crystal-usb-drive","status":"publish","type":"product","link":"https:\/\/www.yousanusb.com\/es\/producto\/custom-diamond-crystal-usb-drive\/","title":{"rendered":"Memoria USB personalizada Diamond Crystal"},"content":{"rendered":"<div class=\"wp-block-columns is-layout-flex wp-container-core-columns-is-layout-1 wp-block-columns-is-layout-flex\">\n<div class=\"wp-block-column is-layout-flow wp-block-column-is-layout-flow\">\n<figure class=\"wp-block-image size-full\"><img fetchpriority=\"high\" decoding=\"async\" width=\"800\" height=\"800\" src=\"https:\/\/www.yousanusb.com\/wp-content\/uploads\/2025\/11\/custom-diamond-shaped-USB-flash-Drive-in-Crystal-Acrylic.jpg\" alt=\"\" class=\"wp-image-23965\" srcset=\"https:\/\/www.yousanusb.com\/wp-content\/uploads\/2025\/11\/custom-diamond-shaped-USB-flash-Drive-in-Crystal-Acrylic.jpg 800w, https:\/\/www.yousanusb.com\/wp-content\/uploads\/2025\/11\/custom-diamond-shaped-USB-flash-Drive-in-Crystal-Acrylic-300x300.jpg 300w, https:\/\/www.yousanusb.com\/wp-content\/uploads\/2025\/11\/custom-diamond-shaped-USB-flash-Drive-in-Crystal-Acrylic-150x150.jpg 150w, https:\/\/www.yousanusb.com\/wp-content\/uploads\/2025\/11\/custom-diamond-shaped-USB-flash-Drive-in-Crystal-Acrylic-768x768.jpg 768w, https:\/\/www.yousanusb.com\/wp-content\/uploads\/2025\/11\/custom-diamond-shaped-USB-flash-Drive-in-Crystal-Acrylic-12x12.jpg 12w, https:\/\/www.yousanusb.com\/wp-content\/uploads\/2025\/11\/custom-diamond-shaped-USB-flash-Drive-in-Crystal-Acrylic-600x600.jpg 600w, https:\/\/www.yousanusb.com\/wp-content\/uploads\/2025\/11\/custom-diamond-shaped-USB-flash-Drive-in-Crystal-Acrylic-100x100.jpg 100w\" sizes=\"(max-width: 800px) 100vw, 800px\" \/><\/figure>\n<\/div>\n\n\n\n<div class=\"wp-block-column is-vertically-aligned-center is-layout-flow wp-block-column-is-layout-flow\">\n<p>Esta impresionante unidad USB es un cristal de diamante con hermosas facetas que se pueden encontrar en transparente, azul y otros colores. La unidad USB de cristal de diamante es una opci\u00f3n perfecta para regalos de empresa o uso diario. <\/p>\n\n\n\n<p>El dise\u00f1o de cuerpo dividido contiene una tapa met\u00e1lica que protege el conector del desgaste e iluminaci\u00f3n integrada para aumentar la exposici\u00f3n de la marca.<\/p>\n<\/div>\n<\/div>\n\n\n\n<div class=\"wp-block-columns is-layout-flex wp-container-core-columns-is-layout-2 wp-block-columns-is-layout-flex\">\n<div class=\"wp-block-column is-vertically-aligned-center is-layout-flow wp-block-column-is-layout-flow\">\n<p>Esta unidad flash USB incluye logotipos personalizables grabados con l\u00e1ser en sus carcasas de cristal y metal. Su grabado por l\u00e1ser proporciona una durabilidad superior y resistencia al desgaste, mientras que la adici\u00f3n de tecnolog\u00eda brillante al logotipo permite una visibilidad extremadamente brillante.<\/p>\n\n\n\n<p>Esto crea dos opciones: Una para mostrar logotipos de empresa con fines de marca corporativa y otra para uso individual mediante la adici\u00f3n de diversos s\u00edmbolos para representar la propiedad.<\/p>\n<\/div>\n\n\n\n<div class=\"wp-block-column is-layout-flow wp-block-column-is-layout-flow\">\n<figure class=\"wp-block-image size-full\"><img decoding=\"async\" width=\"800\" height=\"800\" src=\"https:\/\/www.yousanusb.com\/wp-content\/uploads\/2025\/11\/custom-diamond-Shaped-Crystal-USB-Flash-Drive-logo.jpg\" alt=\"\" class=\"wp-image-23964\" srcset=\"https:\/\/www.yousanusb.com\/wp-content\/uploads\/2025\/11\/custom-diamond-Shaped-Crystal-USB-Flash-Drive-logo.jpg 800w, https:\/\/www.yousanusb.com\/wp-content\/uploads\/2025\/11\/custom-diamond-Shaped-Crystal-USB-Flash-Drive-logo-300x300.jpg 300w, https:\/\/www.yousanusb.com\/wp-content\/uploads\/2025\/11\/custom-diamond-Shaped-Crystal-USB-Flash-Drive-logo-150x150.jpg 150w, https:\/\/www.yousanusb.com\/wp-content\/uploads\/2025\/11\/custom-diamond-Shaped-Crystal-USB-Flash-Drive-logo-768x768.jpg 768w, https:\/\/www.yousanusb.com\/wp-content\/uploads\/2025\/11\/custom-diamond-Shaped-Crystal-USB-Flash-Drive-logo-12x12.jpg 12w, https:\/\/www.yousanusb.com\/wp-content\/uploads\/2025\/11\/custom-diamond-Shaped-Crystal-USB-Flash-Drive-logo-600x600.jpg 600w, https:\/\/www.yousanusb.com\/wp-content\/uploads\/2025\/11\/custom-diamond-Shaped-Crystal-USB-Flash-Drive-logo-100x100.jpg 100w\" sizes=\"(max-width: 800px) 100vw, 800px\" \/><\/figure>\n<\/div>\n<\/div>\n\n\n\n<p>La memoria USB tambi\u00e9n tiene un conector USB est\u00e1ndar, lo que significa que tendr\u00e1 capacidades de lectura\/escritura r\u00e1pidas (alta velocidad) y ser\u00e1 compatible de forma nativa con Windows, Mac y otras fuentes de sistemas operativos a medida que est\u00e9n disponibles.<\/p>\n\n\n\n<p>Plug and play significa que no hay controladores que instalar; s\u00f3lo tiene que conectar la unidad flash y disfrutar de todas las r\u00e1pidas transferencias de archivos y copias de seguridad que pueda necesitar en entornos de trabajo y estudio.<\/p>","protected":false},"excerpt":{"rendered":"<ul>\n<li>En forma de diamante<\/li>\n<li>Aleaci\u00f3n de aluminio<\/li>\n<li>Material met\u00e1lico<\/li>\n<li>LOGO con luz LED<\/li>\n<li>MOQ:100pcs<\/li>\n<\/ul>","protected":false},"featured_media":23968,"comment_status":"open","ping_status":"closed","template":"","meta":{"_seopress_robots_primary_cat":"none","_seopress_titles_title":"","_seopress_titles_desc":"","_seopress_robots_index":""},"class_list":["post-23961","product","type-product","status-publish","has-post-thumbnail","hentry","product_cat-crystal-led-usb-flash-drive"],"_links":{"self":[{"href":"https:\/\/www.yousanusb.com\/es\/wp-json\/wp\/v2\/product\/23961"}],"collection":[{"href":"https:\/\/www.yousanusb.com\/es\/wp-json\/wp\/v2\/product"}],"about":[{"href":"https:\/\/www.yousanusb.com\/es\/wp-json\/wp\/v2\/types\/product"}],"replies":[{"embeddable":true,"href":"https:\/\/www.yousanusb.com\/es\/wp-json\/wp\/v2\/comments?post=23961"}],"wp:featuredmedia":[{"embeddable":true,"href":"https:\/\/www.yousanusb.com\/es\/wp-json\/wp\/v2\/media\/23968"}],"wp:attachment":[{"href":"https:\/\/www.yousanusb.com\/es\/wp-json\/wp\/v2\/media?parent=23961"}],"curies":[{"name":"wp","href":"https:\/\/api.w.org\/{rel}","templated":true}]}}