{"id":23981,"date":"2025-11-12T04:57:58","date_gmt":"2025-11-12T04:57:58","guid":{"rendered":"https:\/\/www.yousanusb.com\/?post_type=product&#038;p=23981"},"modified":"2025-11-12T06:59:44","modified_gmt":"2025-11-12T06:59:44","slug":"seal-shaped-pop-up-usb-flash-drive","status":"publish","type":"product","link":"https:\/\/www.yousanusb.com\/es\/producto\/seal-shaped-pop-up-usb-flash-drive\/","title":{"rendered":"Memoria USB emergente con forma de sello"},"content":{"rendered":"<p>Esta unidad USB presenta un dise\u00f1o de sello cl\u00e1sico con un mecanismo emergente, lo que la convierte en una soluci\u00f3n de almacenamiento elegante y pr\u00e1ctica.<\/p>\n\n\n\n<div class=\"wp-block-columns is-layout-flex wp-container-core-columns-is-layout-1 wp-block-columns-is-layout-flex\">\n<div class=\"wp-block-column is-layout-flow wp-block-column-is-layout-flow\">\n<figure class=\"wp-block-image size-full\"><img fetchpriority=\"high\" decoding=\"async\" width=\"800\" height=\"800\" src=\"https:\/\/www.yousanusb.com\/wp-content\/uploads\/2025\/11\/custom-Seal-shaped-pop-up-USB-flash-drive.jpg\" alt=\"\" class=\"wp-image-23985\" srcset=\"https:\/\/www.yousanusb.com\/wp-content\/uploads\/2025\/11\/custom-Seal-shaped-pop-up-USB-flash-drive.jpg 800w, https:\/\/www.yousanusb.com\/wp-content\/uploads\/2025\/11\/custom-Seal-shaped-pop-up-USB-flash-drive-300x300.jpg 300w, https:\/\/www.yousanusb.com\/wp-content\/uploads\/2025\/11\/custom-Seal-shaped-pop-up-USB-flash-drive-150x150.jpg 150w, https:\/\/www.yousanusb.com\/wp-content\/uploads\/2025\/11\/custom-Seal-shaped-pop-up-USB-flash-drive-768x768.jpg 768w, https:\/\/www.yousanusb.com\/wp-content\/uploads\/2025\/11\/custom-Seal-shaped-pop-up-USB-flash-drive-12x12.jpg 12w, https:\/\/www.yousanusb.com\/wp-content\/uploads\/2025\/11\/custom-Seal-shaped-pop-up-USB-flash-drive-600x600.jpg 600w, https:\/\/www.yousanusb.com\/wp-content\/uploads\/2025\/11\/custom-Seal-shaped-pop-up-USB-flash-drive-100x100.jpg 100w\" sizes=\"(max-width: 800px) 100vw, 800px\" \/><\/figure>\n<\/div>\n\n\n\n<div class=\"wp-block-column is-vertically-aligned-center is-layout-flow wp-block-column-is-layout-flow\">\n<p>El dise\u00f1o reproduce fielmente la forma de un precinto tradicional, con un mecanismo emergente: basta con empujar la carcasa exterior para descubrir la interfaz, lo que elimina la necesidad de un tap\u00f3n aparte y garantiza un uso sin esfuerzo. <\/p>\n\n\n\n<p>Su aspecto presenta principalmente una combinaci\u00f3n de colores blanco y azul, con un estilo limpio y minimalista y una est\u00e9tica visualmente coherente. Se integra a la perfecci\u00f3n en la oficina y en otras situaciones cotidianas, mientras que su silueta cl\u00e1sica aumenta su versatilidad en distintos entornos.<\/p>\n\n\n\n<p>Fabricada en pl\u00e1stico ABS, ofrece una durabilidad ligera y resistencia a los peque\u00f1os impactos y ara\u00f1azos cotidianos. El acabado liso de la superficie garantiza un agarre c\u00f3modo. <\/p>\n\n\n\n<p>La conformabilidad de este material capta con precisi\u00f3n la forma estructurada de la foca, al tiempo que mantiene la rentabilidad, lo que lo hace accesible para el consumo masivo.<\/p>\n<\/div>\n<\/div>\n\n\n\n<div class=\"wp-block-columns is-layout-flex wp-container-core-columns-is-layout-2 wp-block-columns-is-layout-flex\">\n<div class=\"wp-block-column is-vertically-aligned-center is-layout-flow wp-block-column-is-layout-flow\">\n<p>En cuanto a funcionalidad, cuenta con una interfaz USB est\u00e1ndar compatible con dispositivos electr\u00f3nicos comunes como ordenadores y tabletas. <\/p>\n\n\n\n<p>Ofrece velocidades de lectura\/escritura estables y se presenta en capacidades populares como 8 GB y 16 GB, que satisfacen las necesidades diarias de almacenamiento y transferencia de documentos, im\u00e1genes y v\u00eddeos peque\u00f1os. <\/p>\n\n\n\n<p>Su rendimiento es adecuado para situaciones b\u00e1sicas de oficina y estudio, garantizando un almacenamiento de datos seguro y fiable.<\/p>\n<\/div>\n\n\n\n<div class=\"wp-block-column is-layout-flow wp-block-column-is-layout-flow\">\n<figure class=\"wp-block-image size-full\"><img decoding=\"async\" width=\"800\" height=\"800\" src=\"https:\/\/www.yousanusb.com\/wp-content\/uploads\/2025\/11\/ABS-plastic-Seal-shaped-pop-up-USB-flash-drive.jpg\" alt=\"\" class=\"wp-image-23984\" srcset=\"https:\/\/www.yousanusb.com\/wp-content\/uploads\/2025\/11\/ABS-plastic-Seal-shaped-pop-up-USB-flash-drive.jpg 800w, https:\/\/www.yousanusb.com\/wp-content\/uploads\/2025\/11\/ABS-plastic-Seal-shaped-pop-up-USB-flash-drive-300x300.jpg 300w, https:\/\/www.yousanusb.com\/wp-content\/uploads\/2025\/11\/ABS-plastic-Seal-shaped-pop-up-USB-flash-drive-150x150.jpg 150w, https:\/\/www.yousanusb.com\/wp-content\/uploads\/2025\/11\/ABS-plastic-Seal-shaped-pop-up-USB-flash-drive-768x768.jpg 768w, https:\/\/www.yousanusb.com\/wp-content\/uploads\/2025\/11\/ABS-plastic-Seal-shaped-pop-up-USB-flash-drive-12x12.jpg 12w, https:\/\/www.yousanusb.com\/wp-content\/uploads\/2025\/11\/ABS-plastic-Seal-shaped-pop-up-USB-flash-drive-600x600.jpg 600w, https:\/\/www.yousanusb.com\/wp-content\/uploads\/2025\/11\/ABS-plastic-Seal-shaped-pop-up-USB-flash-drive-100x100.jpg 100w\" sizes=\"(max-width: 800px) 100vw, 800px\" \/><\/figure>\n<\/div>\n<\/div>","protected":false},"excerpt":{"rendered":"<ul>\n<li>Estructura emergente<\/li>\n<li>Material pl\u00e1stico ABS<\/li>\n<li>USB 2.0<\/li>\n<li>Compatible con ordenadores, tabletas y otros dispositivos<\/li>\n<li>MOQ:100pcs<\/li>\n<\/ul>","protected":false},"featured_media":23986,"comment_status":"open","ping_status":"closed","template":"","meta":{"_seopress_robots_primary_cat":"","_seopress_titles_title":"","_seopress_titles_desc":"","_seopress_robots_index":""},"class_list":["post-23981","product","type-product","status-publish","has-post-thumbnail","hentry","product_cat-usb-flash-drive","product_cat-plastic-usb-flash-drive"],"_links":{"self":[{"href":"https:\/\/www.yousanusb.com\/es\/wp-json\/wp\/v2\/product\/23981"}],"collection":[{"href":"https:\/\/www.yousanusb.com\/es\/wp-json\/wp\/v2\/product"}],"about":[{"href":"https:\/\/www.yousanusb.com\/es\/wp-json\/wp\/v2\/types\/product"}],"replies":[{"embeddable":true,"href":"https:\/\/www.yousanusb.com\/es\/wp-json\/wp\/v2\/comments?post=23981"}],"wp:featuredmedia":[{"embeddable":true,"href":"https:\/\/www.yousanusb.com\/es\/wp-json\/wp\/v2\/media\/23986"}],"wp:attachment":[{"href":"https:\/\/www.yousanusb.com\/es\/wp-json\/wp\/v2\/media?parent=23981"}],"curies":[{"name":"wp","href":"https:\/\/api.w.org\/{rel}","templated":true}]}}