{"id":23994,"date":"2025-11-12T06:53:04","date_gmt":"2025-11-12T06:53:04","guid":{"rendered":"https:\/\/www.yousanusb.com\/?post_type=product&#038;p=23994"},"modified":"2025-12-27T02:56:24","modified_gmt":"2025-12-27T02:56:24","slug":"block-assembled-usb-flash-drive","status":"publish","type":"product","link":"https:\/\/www.yousanusb.com\/es\/producto\/block-assembled-usb-flash-drive\/","title":{"rendered":"Unidad flash USB montada en bloque"},"content":{"rendered":"<div class=\"wp-block-columns is-layout-flex wp-container-core-columns-is-layout-1 wp-block-columns-is-layout-flex\">\n<div class=\"wp-block-column is-layout-flow wp-block-column-is-layout-flow\">\n<figure class=\"wp-block-image size-full\"><img fetchpriority=\"high\" decoding=\"async\" width=\"800\" height=\"800\" src=\"https:\/\/www.yousanusb.com\/wp-content\/uploads\/2025\/11\/Block-assembled-USB-flash-drive-manufacture.png\" alt=\"\" class=\"wp-image-23997\" srcset=\"https:\/\/www.yousanusb.com\/wp-content\/uploads\/2025\/11\/Block-assembled-USB-flash-drive-manufacture.png 800w, https:\/\/www.yousanusb.com\/wp-content\/uploads\/2025\/11\/Block-assembled-USB-flash-drive-manufacture-300x300.png 300w, https:\/\/www.yousanusb.com\/wp-content\/uploads\/2025\/11\/Block-assembled-USB-flash-drive-manufacture-150x150.png 150w, https:\/\/www.yousanusb.com\/wp-content\/uploads\/2025\/11\/Block-assembled-USB-flash-drive-manufacture-768x768.png 768w, https:\/\/www.yousanusb.com\/wp-content\/uploads\/2025\/11\/Block-assembled-USB-flash-drive-manufacture-12x12.png 12w, https:\/\/www.yousanusb.com\/wp-content\/uploads\/2025\/11\/Block-assembled-USB-flash-drive-manufacture-600x600.png 600w, https:\/\/www.yousanusb.com\/wp-content\/uploads\/2025\/11\/Block-assembled-USB-flash-drive-manufacture-100x100.png 100w\" sizes=\"(max-width: 800px) 100vw, 800px\" \/><\/figure>\n<\/div>\n\n\n\n<div class=\"wp-block-column is-vertically-aligned-center is-layout-flow wp-block-column-is-layout-flow\">\n<p>Esta unidad USB cuenta con un exclusivo dise\u00f1o modular giratorio que se transforma de un cubo compacto en una delgada tira rectangular para la conexi\u00f3n USB y, a continuaci\u00f3n, se vuelve a plegar en un cubo para facilitar su almacenamiento cuando no se utiliza.<\/p>\n\n\n\n<p>Cada superficie del cubo puede personalizarse con motivos o texto impresos, lo que lo hace ideal para marketing, regalos y diversas aplicaciones. Su innovador dise\u00f1o equilibra a la perfecci\u00f3n funcionalidad y portabilidad.<\/p>\n\n\n\n<p>Fabricado en pl\u00e1stico ABS ligero pero duradero, resiste el desgaste diario. Su superficie lisa facilita la impresi\u00f3n personalizada, mientras que el moldeado de alta precisi\u00f3n captura con exactitud los detalles de la estructura de bloques apilados. Tambi\u00e9n ofrece un c\u00f3modo agarre para llevarlo c\u00f3modamente a diario.<\/p>\n<\/div>\n<\/div>\n\n\n\n<div class=\"wp-block-columns is-layout-flex wp-container-core-columns-is-layout-2 wp-block-columns-is-layout-flex\">\n<div class=\"wp-block-column is-vertically-aligned-center is-layout-flow wp-block-column-is-layout-flow\">\n<p>Este dispositivo USB 2.0 es compatible con los sistemas Windows y Mac, lo que permite la funcionalidad plug-and-play con ordenadores, tabletas y otros dispositivos electr\u00f3nicos, sin necesidad de controladores adicionales.<\/p>\n\n\n\n<p>Ofrece velocidades medias de lectura de 10-15 MB\/s y de escritura de 3-5 MB\/s, con capacidades est\u00e1ndar (8 GB, 16 GB, 32 GB) suficientes para el almacenamiento y la transferencia diarios de documentos, im\u00e1genes y peque\u00f1os archivos de v\u00eddeo.<\/p>\n\n\n\n<p>Cada cubo modular puede grabarse o imprimirse con su logotipo\/dise\u00f1o en las cuatro caras, por lo que resulta ideal para promociones publicitarias, regalos de empresa, obsequios comerciales y recuerdos de eventos.<\/p>\n\n\n\n<p>El dise\u00f1o del cubo giratorio a\u00f1ade un elemento l\u00fadico y sirve tambi\u00e9n como juguete antiestr\u00e9s durante el tiempo de inactividad.<\/p>\n<\/div>\n\n\n\n<div class=\"wp-block-column is-layout-flow wp-block-column-is-layout-flow\">\n<figure class=\"wp-block-image size-full\"><img decoding=\"async\" width=\"800\" height=\"800\" src=\"https:\/\/www.yousanusb.com\/wp-content\/uploads\/2025\/11\/Block-assembled-USB-flash-drive.png\" alt=\"\" class=\"wp-image-23998\" srcset=\"https:\/\/www.yousanusb.com\/wp-content\/uploads\/2025\/11\/Block-assembled-USB-flash-drive.png 800w, https:\/\/www.yousanusb.com\/wp-content\/uploads\/2025\/11\/Block-assembled-USB-flash-drive-300x300.png 300w, https:\/\/www.yousanusb.com\/wp-content\/uploads\/2025\/11\/Block-assembled-USB-flash-drive-150x150.png 150w, https:\/\/www.yousanusb.com\/wp-content\/uploads\/2025\/11\/Block-assembled-USB-flash-drive-768x768.png 768w, https:\/\/www.yousanusb.com\/wp-content\/uploads\/2025\/11\/Block-assembled-USB-flash-drive-12x12.png 12w, https:\/\/www.yousanusb.com\/wp-content\/uploads\/2025\/11\/Block-assembled-USB-flash-drive-600x600.png 600w, https:\/\/www.yousanusb.com\/wp-content\/uploads\/2025\/11\/Block-assembled-USB-flash-drive-100x100.png 100w\" sizes=\"(max-width: 800px) 100vw, 800px\" \/><\/figure>\n<\/div>\n<\/div>\n\n\n\n<p><\/p>","protected":false},"excerpt":{"rendered":"<ul>\n<li>Conjunto modular giratorio<\/li>\n<li>Marca personalizable en los cuatro lados<\/li>\n<li>Pl\u00e1stico ABS<\/li>\n<li>Protecci\u00f3n de la interfaz giratoria<\/li>\n<li>Almacenamiento compatible con varios dispositivos<\/li>\n<li>MOQ:100pvs<\/li>\n<\/ul>","protected":false},"featured_media":23997,"comment_status":"open","ping_status":"closed","template":"","meta":{"_seopress_robots_primary_cat":"none","_seopress_titles_title":"","_seopress_titles_desc":"","_seopress_robots_index":""},"class_list":["post-23994","product","type-product","status-publish","has-post-thumbnail","hentry","product_cat-usb-flash-drive"],"_links":{"self":[{"href":"https:\/\/www.yousanusb.com\/es\/wp-json\/wp\/v2\/product\/23994"}],"collection":[{"href":"https:\/\/www.yousanusb.com\/es\/wp-json\/wp\/v2\/product"}],"about":[{"href":"https:\/\/www.yousanusb.com\/es\/wp-json\/wp\/v2\/types\/product"}],"replies":[{"embeddable":true,"href":"https:\/\/www.yousanusb.com\/es\/wp-json\/wp\/v2\/comments?post=23994"}],"wp:featuredmedia":[{"embeddable":true,"href":"https:\/\/www.yousanusb.com\/es\/wp-json\/wp\/v2\/media\/23997"}],"wp:attachment":[{"href":"https:\/\/www.yousanusb.com\/es\/wp-json\/wp\/v2\/media?parent=23994"}],"curies":[{"name":"wp","href":"https:\/\/api.w.org\/{rel}","templated":true}]}}