{"id":24011,"date":"2025-11-12T09:27:44","date_gmt":"2025-11-12T09:27:44","guid":{"rendered":"https:\/\/www.yousanusb.com\/?post_type=product&#038;p=24011"},"modified":"2025-11-13T06:25:35","modified_gmt":"2025-11-13T06:25:35","slug":"aluminum-alloy-portable-hard-drivessd","status":"publish","type":"product","link":"https:\/\/www.yousanusb.com\/es\/producto\/aluminum-alloy-portable-hard-drivessd\/","title":{"rendered":"Disco duro port\u00e1til (SSD) de aleaci\u00f3n de aluminio"},"content":{"rendered":"<div class=\"wp-block-columns is-layout-flex wp-container-core-columns-is-layout-1 wp-block-columns-is-layout-flex\">\n<div class=\"wp-block-column is-layout-flow wp-block-column-is-layout-flow\">\n<figure class=\"wp-block-image size-full\"><img fetchpriority=\"high\" decoding=\"async\" width=\"800\" height=\"800\" src=\"https:\/\/www.yousanusb.com\/wp-content\/uploads\/2025\/11\/custom-Carbon-Fiber-Texture-Metal-Portable-Hard-Drive.jpg\" alt=\"\" class=\"wp-image-24015\" srcset=\"https:\/\/www.yousanusb.com\/wp-content\/uploads\/2025\/11\/custom-Carbon-Fiber-Texture-Metal-Portable-Hard-Drive.jpg 800w, https:\/\/www.yousanusb.com\/wp-content\/uploads\/2025\/11\/custom-Carbon-Fiber-Texture-Metal-Portable-Hard-Drive-300x300.jpg 300w, https:\/\/www.yousanusb.com\/wp-content\/uploads\/2025\/11\/custom-Carbon-Fiber-Texture-Metal-Portable-Hard-Drive-150x150.jpg 150w, https:\/\/www.yousanusb.com\/wp-content\/uploads\/2025\/11\/custom-Carbon-Fiber-Texture-Metal-Portable-Hard-Drive-768x768.jpg 768w, https:\/\/www.yousanusb.com\/wp-content\/uploads\/2025\/11\/custom-Carbon-Fiber-Texture-Metal-Portable-Hard-Drive-12x12.jpg 12w, https:\/\/www.yousanusb.com\/wp-content\/uploads\/2025\/11\/custom-Carbon-Fiber-Texture-Metal-Portable-Hard-Drive-600x600.jpg 600w, https:\/\/www.yousanusb.com\/wp-content\/uploads\/2025\/11\/custom-Carbon-Fiber-Texture-Metal-Portable-Hard-Drive-100x100.jpg 100w\" sizes=\"(max-width: 800px) 100vw, 800px\" \/><\/figure>\n<\/div>\n\n\n\n<div class=\"wp-block-column is-vertically-aligned-center is-layout-flow wp-block-column-is-layout-flow\">\n<p>Este producto es una unidad de estado s\u00f3lido (SSD) port\u00e1til de aleaci\u00f3n de aluminio que presenta un dise\u00f1o de s\u00e1ndwich superior e inferior: la cubierta superior cuenta con una textura de fibra de carbono, mientras que el chasis inferior est\u00e1 fabricado en aleaci\u00f3n de aluminio. <\/p>\n\n\n\n<p>Destaca por su forma minimalista y su textura de primera calidad. Mide 95,75 x 44,6 x 8,9 mm y pesa solo 32 gramos, por lo que es compacta y ligera para llevarla c\u00f3modamente a diario.<\/p>\n\n\n\n<p>Las superficies de los productos admiten logotipos personalizados o esl\u00f3ganes de marcas corporativas, lo que los hace adecuados para regalos de empresa, promoci\u00f3n de marcas y escenarios similares. Las opciones de color incluyen azul, gris y plata para adaptarse a diversas preferencias.<\/p>\n<\/div>\n<\/div>\n\n\n\n<div class=\"wp-block-columns is-layout-flex wp-container-core-columns-is-layout-2 wp-block-columns-is-layout-flex\">\n<div class=\"wp-block-column is-vertically-aligned-center is-layout-flow wp-block-column-is-layout-flow\">\n<p>En cuanto al rendimiento, cuenta con una interfaz USB 3.2 Gen 2 con velocidades de lectura de hasta 550 MB\/s y velocidades de escritura de unos 500 MB\/s, lo que permite una transferencia eficiente de v\u00eddeos de alta definici\u00f3n, documentos de gran tama\u00f1o y otros archivos.<\/p>\n\n\n\n<p>Sin componentes mec\u00e1nicos, la SSD ofrece una s\u00f3lida resistencia a golpes y ca\u00eddas para mejorar la estabilidad del almacenamiento de datos. Compatible con los principales sistemas Windows y Mac, se conecta sin problemas a ordenadores, tabletas y smartphones para un uso vers\u00e1til en m\u00faltiples escenarios.<\/p>\n\n\n\n<p>La compatibilidad con los comandos TRIM optimiza el rendimiento de lectura\/escritura y prolonga la vida \u00fatil de la unidad, satisfaciendo las demandas profesionales de almacenamiento para el uso personal diario y las aplicaciones empresariales.<\/p>\n\n\n\n<p>Esta unidad SSD es compatible con ordenadores, iPads y smartphones, por lo que resulta ideal para transferir archivos en ordenadores de oficina, almacenar datos en tabletas y sincronizar informaci\u00f3n en dispositivos m\u00f3viles, cubriendo las necesidades diarias de almacenamiento en varios dispositivos.<\/p>\n<\/div>\n\n\n\n<div class=\"wp-block-column is-layout-flow wp-block-column-is-layout-flow\">\n<figure class=\"wp-block-image size-large\"><img decoding=\"async\" width=\"733\" height=\"1024\" src=\"https:\/\/www.yousanusb.com\/wp-content\/uploads\/2025\/11\/Protable-Hard-Drive-733x1024.jpg\" alt=\"\" class=\"wp-image-24017\" srcset=\"https:\/\/www.yousanusb.com\/wp-content\/uploads\/2025\/11\/Protable-Hard-Drive-733x1024.jpg 733w, https:\/\/www.yousanusb.com\/wp-content\/uploads\/2025\/11\/Protable-Hard-Drive-215x300.jpg 215w, https:\/\/www.yousanusb.com\/wp-content\/uploads\/2025\/11\/Protable-Hard-Drive-768x1073.jpg 768w, https:\/\/www.yousanusb.com\/wp-content\/uploads\/2025\/11\/Protable-Hard-Drive-9x12.jpg 9w, https:\/\/www.yousanusb.com\/wp-content\/uploads\/2025\/11\/Protable-Hard-Drive-600x838.jpg 600w, https:\/\/www.yousanusb.com\/wp-content\/uploads\/2025\/11\/Protable-Hard-Drive.jpg 790w\" sizes=\"(max-width: 733px) 100vw, 733px\" \/><\/figure>\n<\/div>\n<\/div>","protected":false},"excerpt":{"rendered":"<ul>\n<li>Admite contenido de superficie personalizable<\/li>\n<li>Tres opciones de color para adaptarse a las preferencias<\/li>\n<li>Transferencia de alta velocidad USB 3.2 Gen 2<\/li>\n<li>Compatibilidad entre varios dispositivos<\/li>\n<li>MOQ:10pcs<\/li>\n<\/ul>","protected":false},"featured_media":24014,"comment_status":"open","ping_status":"closed","template":"","meta":{"_seopress_robots_primary_cat":"","_seopress_titles_title":"","_seopress_titles_desc":"","_seopress_robots_index":""},"class_list":["post-24011","product","type-product","status-publish","has-post-thumbnail","hentry","product_cat-portable-hard-drive"],"_links":{"self":[{"href":"https:\/\/www.yousanusb.com\/es\/wp-json\/wp\/v2\/product\/24011"}],"collection":[{"href":"https:\/\/www.yousanusb.com\/es\/wp-json\/wp\/v2\/product"}],"about":[{"href":"https:\/\/www.yousanusb.com\/es\/wp-json\/wp\/v2\/types\/product"}],"replies":[{"embeddable":true,"href":"https:\/\/www.yousanusb.com\/es\/wp-json\/wp\/v2\/comments?post=24011"}],"wp:featuredmedia":[{"embeddable":true,"href":"https:\/\/www.yousanusb.com\/es\/wp-json\/wp\/v2\/media\/24014"}],"wp:attachment":[{"href":"https:\/\/www.yousanusb.com\/es\/wp-json\/wp\/v2\/media?parent=24011"}],"curies":[{"name":"wp","href":"https:\/\/api.w.org\/{rel}","templated":true}]}}