{"id":24034,"date":"2025-11-12T11:41:27","date_gmt":"2025-11-12T11:41:27","guid":{"rendered":"https:\/\/www.yousanusb.com\/?post_type=product&#038;p=24034"},"modified":"2025-11-13T06:26:14","modified_gmt":"2025-11-13T06:26:14","slug":"2-5-inch-usb-3-0-black-plastic-hard-drive-sata-interface-compatible-with-hdd-ssd","status":"publish","type":"product","link":"https:\/\/www.yousanusb.com\/es\/producto\/2-5-inch-usb-3-0-black-plastic-hard-drive-sata-interface-compatible-with-hdd-ssd\/","title":{"rendered":"Disco duro de pl\u00e1stico negro USB 3.0 de 2,5 pulgadas (interfaz SATA, compatible con HDD y SSD)"},"content":{"rendered":"<div class=\"wp-block-columns is-layout-flex wp-container-core-columns-is-layout-1 wp-block-columns-is-layout-flex\">\n<div class=\"wp-block-column is-layout-flow wp-block-column-is-layout-flow\">\n<figure class=\"wp-block-image size-full\"><img fetchpriority=\"high\" decoding=\"async\" width=\"800\" height=\"800\" src=\"https:\/\/www.yousanusb.com\/wp-content\/uploads\/2025\/11\/2.5-inch-USB-3.0-Black-Plastic-Hard-Drive-SATA-Interface-HDD-SSD.jpg\" alt=\"\" class=\"wp-image-24038\" srcset=\"https:\/\/www.yousanusb.com\/wp-content\/uploads\/2025\/11\/2.5-inch-USB-3.0-Black-Plastic-Hard-Drive-SATA-Interface-HDD-SSD.jpg 800w, https:\/\/www.yousanusb.com\/wp-content\/uploads\/2025\/11\/2.5-inch-USB-3.0-Black-Plastic-Hard-Drive-SATA-Interface-HDD-SSD-300x300.jpg 300w, https:\/\/www.yousanusb.com\/wp-content\/uploads\/2025\/11\/2.5-inch-USB-3.0-Black-Plastic-Hard-Drive-SATA-Interface-HDD-SSD-150x150.jpg 150w, https:\/\/www.yousanusb.com\/wp-content\/uploads\/2025\/11\/2.5-inch-USB-3.0-Black-Plastic-Hard-Drive-SATA-Interface-HDD-SSD-768x768.jpg 768w, https:\/\/www.yousanusb.com\/wp-content\/uploads\/2025\/11\/2.5-inch-USB-3.0-Black-Plastic-Hard-Drive-SATA-Interface-HDD-SSD-12x12.jpg 12w, https:\/\/www.yousanusb.com\/wp-content\/uploads\/2025\/11\/2.5-inch-USB-3.0-Black-Plastic-Hard-Drive-SATA-Interface-HDD-SSD-600x600.jpg 600w, https:\/\/www.yousanusb.com\/wp-content\/uploads\/2025\/11\/2.5-inch-USB-3.0-Black-Plastic-Hard-Drive-SATA-Interface-HDD-SSD-100x100.jpg 100w\" sizes=\"(max-width: 800px) 100vw, 800px\" \/><\/figure>\n<\/div>\n\n\n\n<div class=\"wp-block-column is-vertically-aligned-center is-layout-flow wp-block-column-is-layout-flow\">\n<p>Este producto es un USB 3.0 de pl\u00e1stico negro de 2,5 pulgadas port\u00e1til interfaz SATA SSD disco duro port\u00e1til. <\/p>\n\n\n\n<p>Con un dise\u00f1o port\u00e1til y unas dimensiones de 125 x 75 x 13 mm, su ligera carcasa de pl\u00e1stico es f\u00e1cil de guardar y cabe c\u00f3modamente en bolsas.<\/p>\n\n\n\n<p>Para un uso profesional, su interfaz USB 3.0 permite transferir archivos de 1 GB en s\u00f3lo 3 segundos, ofreciendo una alta eficiencia de lectura\/escritura para archivos de gran tama\u00f1o. <\/p>\n\n\n\n<p>Con una capacidad de 6 TB, almacena documentos masivos y v\u00eddeos de alta definici\u00f3n a la vez que permite acceder sin problemas a 18 TB de contenido, lo que satisface importantes demandas de almacenamiento.<\/p>\n<\/div>\n<\/div>\n\n\n\n<div class=\"wp-block-columns is-layout-flex wp-container-core-columns-is-layout-2 wp-block-columns-is-layout-flex\">\n<div class=\"wp-block-column is-vertically-aligned-center is-layout-flow wp-block-column-is-layout-flow\">\n<p>El disco duro cuenta con un robusto n\u00facleo interno para un funcionamiento estable; incorpora m\u00faltiples mecanismos de protecci\u00f3n para salvaguardar la seguridad de los datos; admite la funcionalidad plug-and-play sin necesidad de controladores adicionales; y emplea un eficiente dise\u00f1o de disipaci\u00f3n t\u00e9rmica para evitar la degradaci\u00f3n del rendimiento por sobrecalentamiento.<\/p>\n\n\n\n<p>Es compatible con los sistemas Windows XP\/7\/8\/10 y MAC 10.6 o superior. La conexi\u00f3n a tel\u00e9fonos o tabletas requiere un adaptador micro\/tipo, lo que permite una compatibilidad vers\u00e1til con los dispositivos.<\/p>\n\n\n\n<p>La superficie del producto admite la impresi\u00f3n de logotipos personalizados, lo que permite la aplicaci\u00f3n de marcas exclusivas para promociones empresariales, personalizaci\u00f3n de regalos y necesidades similares.<\/p>\n<\/div>\n\n\n\n<div class=\"wp-block-column is-layout-flow wp-block-column-is-layout-flow\">\n<figure class=\"wp-block-image size-full\"><img decoding=\"async\" width=\"800\" height=\"800\" src=\"https:\/\/www.yousanusb.com\/wp-content\/uploads\/2025\/11\/2.5-inch-USB-3.0-Black-Plastic-Hard-Drive.jpg\" alt=\"\" class=\"wp-image-24039\" srcset=\"https:\/\/www.yousanusb.com\/wp-content\/uploads\/2025\/11\/2.5-inch-USB-3.0-Black-Plastic-Hard-Drive.jpg 800w, https:\/\/www.yousanusb.com\/wp-content\/uploads\/2025\/11\/2.5-inch-USB-3.0-Black-Plastic-Hard-Drive-300x300.jpg 300w, https:\/\/www.yousanusb.com\/wp-content\/uploads\/2025\/11\/2.5-inch-USB-3.0-Black-Plastic-Hard-Drive-150x150.jpg 150w, https:\/\/www.yousanusb.com\/wp-content\/uploads\/2025\/11\/2.5-inch-USB-3.0-Black-Plastic-Hard-Drive-768x768.jpg 768w, https:\/\/www.yousanusb.com\/wp-content\/uploads\/2025\/11\/2.5-inch-USB-3.0-Black-Plastic-Hard-Drive-12x12.jpg 12w, https:\/\/www.yousanusb.com\/wp-content\/uploads\/2025\/11\/2.5-inch-USB-3.0-Black-Plastic-Hard-Drive-600x600.jpg 600w, https:\/\/www.yousanusb.com\/wp-content\/uploads\/2025\/11\/2.5-inch-USB-3.0-Black-Plastic-Hard-Drive-100x100.jpg 100w\" sizes=\"(max-width: 800px) 100vw, 800px\" \/><\/figure>\n<\/div>\n<\/div>","protected":false},"excerpt":{"rendered":"<ul>\n<li>Transfiere 1 GB en 3 segundos<\/li>\n<li>6 TB de gran capacidad<\/li>\n<li>Compatibilidad multisistema y multidispositivo (requiere adaptador)<\/li>\n<li>Plug-and-play<\/li>\n<li>Eficaz disipaci\u00f3n del calor<\/li>\n<li>Admite la personalizaci\u00f3n del logotipo<\/li>\n<li>MOQ:10pcs<\/li>\n<\/ul>","protected":false},"featured_media":24037,"comment_status":"open","ping_status":"closed","template":"","meta":{"_seopress_robots_primary_cat":"","_seopress_titles_title":"","_seopress_titles_desc":"","_seopress_robots_index":""},"class_list":["post-24034","product","type-product","status-publish","has-post-thumbnail","hentry","product_cat-portable-hard-drive"],"_links":{"self":[{"href":"https:\/\/www.yousanusb.com\/es\/wp-json\/wp\/v2\/product\/24034"}],"collection":[{"href":"https:\/\/www.yousanusb.com\/es\/wp-json\/wp\/v2\/product"}],"about":[{"href":"https:\/\/www.yousanusb.com\/es\/wp-json\/wp\/v2\/types\/product"}],"replies":[{"embeddable":true,"href":"https:\/\/www.yousanusb.com\/es\/wp-json\/wp\/v2\/comments?post=24034"}],"wp:featuredmedia":[{"embeddable":true,"href":"https:\/\/www.yousanusb.com\/es\/wp-json\/wp\/v2\/media\/24037"}],"wp:attachment":[{"href":"https:\/\/www.yousanusb.com\/es\/wp-json\/wp\/v2\/media?parent=24034"}],"curies":[{"name":"wp","href":"https:\/\/api.w.org\/{rel}","templated":true}]}}