{"id":24059,"date":"2025-11-13T08:11:02","date_gmt":"2025-11-13T08:11:02","guid":{"rendered":"https:\/\/www.yousanusb.com\/?post_type=product&#038;p=24059"},"modified":"2025-11-14T05:56:00","modified_gmt":"2025-11-14T05:56:00","slug":"cool-rgb-light-m-2-portable-ssd","status":"publish","type":"product","link":"https:\/\/www.yousanusb.com\/es\/producto\/cool-rgb-light-m-2-portable-ssd\/","title":{"rendered":"Unidad SSD port\u00e1til M.2 con luz RGB fr\u00eda"},"content":{"rendered":"<div class=\"wp-block-columns is-layout-flex wp-container-core-columns-is-layout-1 wp-block-columns-is-layout-flex\">\n<div class=\"wp-block-column is-layout-flow wp-block-column-is-layout-flow\">\n<figure class=\"wp-block-image size-full\"><img fetchpriority=\"high\" decoding=\"async\" width=\"800\" height=\"800\" src=\"https:\/\/www.yousanusb.com\/wp-content\/uploads\/2025\/11\/M.2-Portable-SSD-factory.jpg\" alt=\"\" class=\"wp-image-24068\" srcset=\"https:\/\/www.yousanusb.com\/wp-content\/uploads\/2025\/11\/M.2-Portable-SSD-factory.jpg 800w, https:\/\/www.yousanusb.com\/wp-content\/uploads\/2025\/11\/M.2-Portable-SSD-factory-300x300.jpg 300w, https:\/\/www.yousanusb.com\/wp-content\/uploads\/2025\/11\/M.2-Portable-SSD-factory-150x150.jpg 150w, https:\/\/www.yousanusb.com\/wp-content\/uploads\/2025\/11\/M.2-Portable-SSD-factory-768x768.jpg 768w, https:\/\/www.yousanusb.com\/wp-content\/uploads\/2025\/11\/M.2-Portable-SSD-factory-12x12.jpg 12w, https:\/\/www.yousanusb.com\/wp-content\/uploads\/2025\/11\/M.2-Portable-SSD-factory-600x600.jpg 600w, https:\/\/www.yousanusb.com\/wp-content\/uploads\/2025\/11\/M.2-Portable-SSD-factory-100x100.jpg 100w\" sizes=\"(max-width: 800px) 100vw, 800px\" \/><\/figure>\n<\/div>\n\n\n\n<div class=\"wp-block-column is-vertically-aligned-center is-layout-flow wp-block-column-is-layout-flow\">\n<h2 class=\"wp-block-heading\">Dise\u00f1o y materiales<\/h2>\n\n\n\n<p>Este producto es el Cool RGB Light M.2 Portable SSD, que mide 98*49*18 mm. Presenta una construcci\u00f3n de aleaci\u00f3n de aluminio + material compuesto ABS con un acabado plateado. <\/p>\n\n\n\n<p>La carcasa de aleaci\u00f3n de aluminio integra aletas de disipaci\u00f3n del calor, junto con una estructura ventilada del cuerpo para disipar r\u00e1pidamente el calor generado durante la transferencia de datos, evitando el sobrecalentamiento y la ralentizaci\u00f3n del rendimiento. <\/p>\n\n\n\n<p>Equipado con efectos de iluminaci\u00f3n RGB para mejorar el atractivo visual, incorpora un bloqueo de tarjeta f\u00edsico integrado para sujetar con seguridad la unidad M.2, lo que mejora la estabilidad operativa.<\/p>\n<\/div>\n<\/div>\n\n\n\n<div class=\"wp-block-columns is-layout-flex wp-container-core-columns-is-layout-2 wp-block-columns-is-layout-flex\">\n<div class=\"wp-block-column is-vertically-aligned-center is-layout-flow wp-block-column-is-layout-flow\">\n<h2 class=\"wp-block-heading\">Compatibilidad de protocolos e interfaces<\/h2>\n\n\n\n<p>A nivel profesional, soporta protocolos duales: M.2 NVMe y M.2 NGFF SATA, compatible con los principales modelos de SSD M.2 del mercado. <\/p>\n\n\n\n<p>La interfaz cumple los est\u00e1ndares USB 3.1 + SATA 3.0 Gen 2, lo que permite la conexi\u00f3n a ordenadores, tabletas y otros dispositivos con sistemas Windows o Mac.<\/p>\n\n\n\n<p> Admite la funci\u00f3n plug-and-play sin necesidad de controladores adicionales.<\/p>\n<\/div>\n\n\n\n<div class=\"wp-block-column is-layout-flow wp-block-column-is-layout-flow\">\n<figure class=\"wp-block-image size-full\"><img decoding=\"async\" width=\"800\" height=\"800\" src=\"https:\/\/www.yousanusb.com\/wp-content\/uploads\/2025\/11\/Cool-Golden-Brilliant-RGB-Light-M.2-Portable-SSD.png\" alt=\"\" class=\"wp-image-24064\" srcset=\"https:\/\/www.yousanusb.com\/wp-content\/uploads\/2025\/11\/Cool-Golden-Brilliant-RGB-Light-M.2-Portable-SSD.png 800w, https:\/\/www.yousanusb.com\/wp-content\/uploads\/2025\/11\/Cool-Golden-Brilliant-RGB-Light-M.2-Portable-SSD-300x300.png 300w, https:\/\/www.yousanusb.com\/wp-content\/uploads\/2025\/11\/Cool-Golden-Brilliant-RGB-Light-M.2-Portable-SSD-150x150.png 150w, https:\/\/www.yousanusb.com\/wp-content\/uploads\/2025\/11\/Cool-Golden-Brilliant-RGB-Light-M.2-Portable-SSD-768x768.png 768w, https:\/\/www.yousanusb.com\/wp-content\/uploads\/2025\/11\/Cool-Golden-Brilliant-RGB-Light-M.2-Portable-SSD-12x12.png 12w, https:\/\/www.yousanusb.com\/wp-content\/uploads\/2025\/11\/Cool-Golden-Brilliant-RGB-Light-M.2-Portable-SSD-600x600.png 600w, https:\/\/www.yousanusb.com\/wp-content\/uploads\/2025\/11\/Cool-Golden-Brilliant-RGB-Light-M.2-Portable-SSD-100x100.png 100w\" sizes=\"(max-width: 800px) 100vw, 800px\" \/><\/figure>\n<\/div>\n<\/div>\n\n\n\n<p>Las velocidades de transferencia te\u00f3ricas alcanzan los 10 Gbps, lo que permite transferir un archivo de 1 GB en aproximadamente un segundo. Maneja con eficacia documentos de gran tama\u00f1o, v\u00eddeos 4K, archivos de ingenier\u00eda y otras operaciones de lectura\/escritura de datos, por lo que resulta ideal para escenarios de almacenamiento de alta velocidad como trabajos profesionales de oficina, creaci\u00f3n multimedia y copias de seguridad de datos.<br><\/p>\n\n\n\n<div class=\"wp-block-columns is-layout-flex wp-container-core-columns-is-layout-3 wp-block-columns-is-layout-flex\">\n<div class=\"wp-block-column is-layout-flow wp-block-column-is-layout-flow\">\n<figure class=\"wp-block-image size-full\"><img decoding=\"async\" width=\"800\" height=\"800\" src=\"https:\/\/www.yousanusb.com\/wp-content\/uploads\/2025\/11\/Cool-RGB-light-M.2-Portable-SSD.jpg\" alt=\"\" class=\"wp-image-24065\" srcset=\"https:\/\/www.yousanusb.com\/wp-content\/uploads\/2025\/11\/Cool-RGB-light-M.2-Portable-SSD.jpg 800w, https:\/\/www.yousanusb.com\/wp-content\/uploads\/2025\/11\/Cool-RGB-light-M.2-Portable-SSD-300x300.jpg 300w, https:\/\/www.yousanusb.com\/wp-content\/uploads\/2025\/11\/Cool-RGB-light-M.2-Portable-SSD-150x150.jpg 150w, https:\/\/www.yousanusb.com\/wp-content\/uploads\/2025\/11\/Cool-RGB-light-M.2-Portable-SSD-768x768.jpg 768w, https:\/\/www.yousanusb.com\/wp-content\/uploads\/2025\/11\/Cool-RGB-light-M.2-Portable-SSD-12x12.jpg 12w, https:\/\/www.yousanusb.com\/wp-content\/uploads\/2025\/11\/Cool-RGB-light-M.2-Portable-SSD-600x600.jpg 600w, https:\/\/www.yousanusb.com\/wp-content\/uploads\/2025\/11\/Cool-RGB-light-M.2-Portable-SSD-100x100.jpg 100w\" sizes=\"(max-width: 800px) 100vw, 800px\" \/><\/figure>\n<\/div>\n\n\n\n<div class=\"wp-block-column is-layout-flow wp-block-column-is-layout-flow\">\n<figure class=\"wp-block-image size-full\"><img loading=\"lazy\" decoding=\"async\" width=\"800\" height=\"800\" src=\"https:\/\/www.yousanusb.com\/wp-content\/uploads\/2025\/11\/China-M.2-Portable-SSD.jpg\" alt=\"\" class=\"wp-image-24062\" srcset=\"https:\/\/www.yousanusb.com\/wp-content\/uploads\/2025\/11\/China-M.2-Portable-SSD.jpg 800w, https:\/\/www.yousanusb.com\/wp-content\/uploads\/2025\/11\/China-M.2-Portable-SSD-300x300.jpg 300w, https:\/\/www.yousanusb.com\/wp-content\/uploads\/2025\/11\/China-M.2-Portable-SSD-150x150.jpg 150w, https:\/\/www.yousanusb.com\/wp-content\/uploads\/2025\/11\/China-M.2-Portable-SSD-768x768.jpg 768w, https:\/\/www.yousanusb.com\/wp-content\/uploads\/2025\/11\/China-M.2-Portable-SSD-12x12.jpg 12w, https:\/\/www.yousanusb.com\/wp-content\/uploads\/2025\/11\/China-M.2-Portable-SSD-600x600.jpg 600w, https:\/\/www.yousanusb.com\/wp-content\/uploads\/2025\/11\/China-M.2-Portable-SSD-100x100.jpg 100w\" sizes=\"(max-width: 800px) 100vw, 800px\" \/><\/figure>\n<\/div>\n<\/div>","protected":false},"excerpt":{"rendered":"<ul>\n<li>Aleaci\u00f3n de aluminio + ABS<\/li>\n<li>Plata<\/li>\n<li>Compatible con los protocolos M.2 NVMe y M.2 NGFF SATA<\/li>\n<li>Interfaz conforme a los est\u00e1ndares USB 3.1 + SATA 3.0 Gen 2<\/li>\n<li>Velocidad de transferencia te\u00f3rica: 10 Gbps<\/li>\n<li>MOQ:10pcs<\/li>\n<\/ul>","protected":false},"featured_media":24069,"comment_status":"open","ping_status":"closed","template":"","meta":{"_seopress_robots_primary_cat":"","_seopress_titles_title":"","_seopress_titles_desc":"","_seopress_robots_index":""},"class_list":["post-24059","product","type-product","status-publish","has-post-thumbnail","hentry","product_cat-portable-hard-drive","product_cat-ssd-fllash-drive"],"_links":{"self":[{"href":"https:\/\/www.yousanusb.com\/es\/wp-json\/wp\/v2\/product\/24059"}],"collection":[{"href":"https:\/\/www.yousanusb.com\/es\/wp-json\/wp\/v2\/product"}],"about":[{"href":"https:\/\/www.yousanusb.com\/es\/wp-json\/wp\/v2\/types\/product"}],"replies":[{"embeddable":true,"href":"https:\/\/www.yousanusb.com\/es\/wp-json\/wp\/v2\/comments?post=24059"}],"wp:featuredmedia":[{"embeddable":true,"href":"https:\/\/www.yousanusb.com\/es\/wp-json\/wp\/v2\/media\/24069"}],"wp:attachment":[{"href":"https:\/\/www.yousanusb.com\/es\/wp-json\/wp\/v2\/media?parent=24059"}],"curies":[{"name":"wp","href":"https:\/\/api.w.org\/{rel}","templated":true}]}}