{"id":24070,"date":"2025-11-13T08:58:11","date_gmt":"2025-11-13T08:58:11","guid":{"rendered":"https:\/\/www.yousanusb.com\/?post_type=product&#038;p=24070"},"modified":"2025-11-13T13:14:51","modified_gmt":"2025-11-13T13:14:51","slug":"2-5-inch-usb-3-0-to-sata-high-speed-portable-hard-drive","status":"publish","type":"product","link":"https:\/\/www.yousanusb.com\/es\/producto\/2-5-inch-usb-3-0-to-sata-high-speed-portable-hard-drive\/","title":{"rendered":"Disco duro port\u00e1til de 2,5 pulgadas USB 3.0 a SATA de alta velocidad"},"content":{"rendered":"<div class=\"wp-block-columns is-layout-flex wp-container-core-columns-is-layout-1 wp-block-columns-is-layout-flex\">\n<div class=\"wp-block-column is-layout-flow wp-block-column-is-layout-flow\">\n<figure class=\"wp-block-image size-full\"><img fetchpriority=\"high\" decoding=\"async\" width=\"800\" height=\"800\" src=\"https:\/\/www.yousanusb.com\/wp-content\/uploads\/2025\/11\/2.5-inch-USB-3.0-to-SATA-High-Speed-Portable-Hard-Drive.jpg\" alt=\"\" class=\"wp-image-24073\" srcset=\"https:\/\/www.yousanusb.com\/wp-content\/uploads\/2025\/11\/2.5-inch-USB-3.0-to-SATA-High-Speed-Portable-Hard-Drive.jpg 800w, https:\/\/www.yousanusb.com\/wp-content\/uploads\/2025\/11\/2.5-inch-USB-3.0-to-SATA-High-Speed-Portable-Hard-Drive-300x300.jpg 300w, https:\/\/www.yousanusb.com\/wp-content\/uploads\/2025\/11\/2.5-inch-USB-3.0-to-SATA-High-Speed-Portable-Hard-Drive-150x150.jpg 150w, https:\/\/www.yousanusb.com\/wp-content\/uploads\/2025\/11\/2.5-inch-USB-3.0-to-SATA-High-Speed-Portable-Hard-Drive-768x768.jpg 768w, https:\/\/www.yousanusb.com\/wp-content\/uploads\/2025\/11\/2.5-inch-USB-3.0-to-SATA-High-Speed-Portable-Hard-Drive-12x12.jpg 12w, https:\/\/www.yousanusb.com\/wp-content\/uploads\/2025\/11\/2.5-inch-USB-3.0-to-SATA-High-Speed-Portable-Hard-Drive-600x600.jpg 600w, https:\/\/www.yousanusb.com\/wp-content\/uploads\/2025\/11\/2.5-inch-USB-3.0-to-SATA-High-Speed-Portable-Hard-Drive-100x100.jpg 100w\" sizes=\"(max-width: 800px) 100vw, 800px\" \/><\/figure>\n<\/div>\n\n\n\n<div class=\"wp-block-column is-vertically-aligned-center is-layout-flow wp-block-column-is-layout-flow\">\n<p>Este producto es una carcasa para disco duro externo de alta velocidad USB 3.0 a SATA de 2,5 pulgadas, compatible con discos duros mec\u00e1nicos (HDD) y unidades de estado s\u00f3lido (SSD) SATA est\u00e1ndar de 2,5 pulgadas.<\/p>\n\n\n\n<p>Fabricada en pl\u00e1stico ABS, ofrece una portabilidad ligera con una protecci\u00f3n b\u00e1sica. Disponible en blanco, negro, rojo y azul para adaptarse a diversos escenarios de uso y preferencias est\u00e9ticas.<\/p>\n<\/div>\n<\/div>\n\n\n\n<div class=\"wp-block-columns is-layout-flex wp-container-core-columns-is-layout-2 wp-block-columns-is-layout-flex\">\n<div class=\"wp-block-column is-vertically-aligned-center is-layout-flow wp-block-column-is-layout-flow\">\n<p>La interfaz adopta el est\u00e1ndar USB 3.0 con una velocidad de transferencia de hasta 6 Gbps, lo que permite una lectura y escritura eficientes de archivos de gran tama\u00f1o. <\/p>\n\n\n\n<p>Tambi\u00e9n es compatible con interfaces USB 2.0 y USB 1.1, adapt\u00e1ndose a ordenadores, tabletas y otros dispositivos de distintas \u00e9pocas para reducir las barreras de compatibilidad.<\/p>\n\n\n\n<p>Compatible con la mayor\u00eda de los sistemas operativos de uso com\u00fan, incluida toda la serie Windows y Mac OS, admite la funcionalidad plug-and-play. No requiere la instalaci\u00f3n de controladores adicionales; los dispositivos se reconocen y se pueden utilizar inmediatamente despu\u00e9s de la conexi\u00f3n, lo que simplifica el proceso de funcionamiento.<\/p>\n\n\n\n<p>Este producto se suministra directamente desde la f\u00e1brica de origen con certificaciones de conformidad exhaustivas y calidad controlada. <\/p>\n\n\n\n<p>Los servicios de personalizaci\u00f3n est\u00e1n disponibles para ajustar la apariencia de la marca, los esquemas de color y m\u00e1s para adaptarse a escenarios como la promoci\u00f3n de la marca y la compra al por mayor, equilibrando la practicidad con las necesidades personalizadas.<\/p>\n<\/div>\n\n\n\n<div class=\"wp-block-column is-layout-flow wp-block-column-is-layout-flow\">\n<figure class=\"wp-block-image size-large\"><img decoding=\"async\" width=\"634\" height=\"1024\" src=\"https:\/\/www.yousanusb.com\/wp-content\/uploads\/2025\/11\/2.5-inch-USB-3.0-to-SATA-High-Speed-SSD-634x1024.jpg\" alt=\"\" class=\"wp-image-24075\" srcset=\"https:\/\/www.yousanusb.com\/wp-content\/uploads\/2025\/11\/2.5-inch-USB-3.0-to-SATA-High-Speed-SSD-634x1024.jpg 634w, https:\/\/www.yousanusb.com\/wp-content\/uploads\/2025\/11\/2.5-inch-USB-3.0-to-SATA-High-Speed-SSD-186x300.jpg 186w, https:\/\/www.yousanusb.com\/wp-content\/uploads\/2025\/11\/2.5-inch-USB-3.0-to-SATA-High-Speed-SSD-768x1240.jpg 768w, https:\/\/www.yousanusb.com\/wp-content\/uploads\/2025\/11\/2.5-inch-USB-3.0-to-SATA-High-Speed-SSD-7x12.jpg 7w, https:\/\/www.yousanusb.com\/wp-content\/uploads\/2025\/11\/2.5-inch-USB-3.0-to-SATA-High-Speed-SSD-600x969.jpg 600w, https:\/\/www.yousanusb.com\/wp-content\/uploads\/2025\/11\/2.5-inch-USB-3.0-to-SATA-High-Speed-SSD.jpg 790w\" sizes=\"(max-width: 634px) 100vw, 634px\" \/><\/figure>\n<\/div>\n<\/div>","protected":false},"excerpt":{"rendered":"<ul>\n<li>Material ABS<\/li>\n<li>Blanco, Negro, Rojo, Azul<\/li>\n<li>Velocidad de transferencia de 6 Gbps<\/li>\n<li>USB 3.0 retrocompatible con USB 2.0 y USB 1.1<\/li>\n<li>Directo de f\u00e1brica, totalmente certificado<\/li>\n<li>MOQ:10pcs<\/li>\n<\/ul>","protected":false},"featured_media":24073,"comment_status":"open","ping_status":"closed","template":"","meta":{"_seopress_robots_primary_cat":"","_seopress_titles_title":"","_seopress_titles_desc":"","_seopress_robots_index":""},"class_list":["post-24070","product","type-product","status-publish","has-post-thumbnail","hentry","product_cat-portable-hard-drive","product_cat-ssd-fllash-drive"],"_links":{"self":[{"href":"https:\/\/www.yousanusb.com\/es\/wp-json\/wp\/v2\/product\/24070"}],"collection":[{"href":"https:\/\/www.yousanusb.com\/es\/wp-json\/wp\/v2\/product"}],"about":[{"href":"https:\/\/www.yousanusb.com\/es\/wp-json\/wp\/v2\/types\/product"}],"replies":[{"embeddable":true,"href":"https:\/\/www.yousanusb.com\/es\/wp-json\/wp\/v2\/comments?post=24070"}],"wp:featuredmedia":[{"embeddable":true,"href":"https:\/\/www.yousanusb.com\/es\/wp-json\/wp\/v2\/media\/24073"}],"wp:attachment":[{"href":"https:\/\/www.yousanusb.com\/es\/wp-json\/wp\/v2\/media?parent=24070"}],"curies":[{"name":"wp","href":"https:\/\/api.w.org\/{rel}","templated":true}]}}