{"id":24078,"date":"2025-11-13T10:31:33","date_gmt":"2025-11-13T10:31:33","guid":{"rendered":"https:\/\/www.yousanusb.com\/?post_type=product&#038;p=24078"},"modified":"2025-11-13T13:15:10","modified_gmt":"2025-11-13T13:15:10","slug":"3-5-inch-desktop-hard-drive-with-dc-power-input","status":"publish","type":"product","link":"https:\/\/www.yousanusb.com\/es\/producto\/3-5-inch-desktop-hard-drive-with-dc-power-input\/","title":{"rendered":"Disco duro de sobremesa de 3,5 pulgadas con entrada de alimentaci\u00f3n de CC"},"content":{"rendered":"<div class=\"wp-block-columns is-layout-flex wp-container-core-columns-is-layout-1 wp-block-columns-is-layout-flex\">\n<div class=\"wp-block-column is-layout-flow wp-block-column-is-layout-flow\">\n<figure class=\"wp-block-image size-full\"><img fetchpriority=\"high\" decoding=\"async\" width=\"800\" height=\"800\" src=\"https:\/\/www.yousanusb.com\/wp-content\/uploads\/2025\/11\/3.5-inch-Desktop-Hard-Drive-with-DC-Power-Input.jpg\" alt=\"\" class=\"wp-image-24081\" srcset=\"https:\/\/www.yousanusb.com\/wp-content\/uploads\/2025\/11\/3.5-inch-Desktop-Hard-Drive-with-DC-Power-Input.jpg 800w, https:\/\/www.yousanusb.com\/wp-content\/uploads\/2025\/11\/3.5-inch-Desktop-Hard-Drive-with-DC-Power-Input-300x300.jpg 300w, https:\/\/www.yousanusb.com\/wp-content\/uploads\/2025\/11\/3.5-inch-Desktop-Hard-Drive-with-DC-Power-Input-150x150.jpg 150w, https:\/\/www.yousanusb.com\/wp-content\/uploads\/2025\/11\/3.5-inch-Desktop-Hard-Drive-with-DC-Power-Input-768x768.jpg 768w, https:\/\/www.yousanusb.com\/wp-content\/uploads\/2025\/11\/3.5-inch-Desktop-Hard-Drive-with-DC-Power-Input-12x12.jpg 12w, https:\/\/www.yousanusb.com\/wp-content\/uploads\/2025\/11\/3.5-inch-Desktop-Hard-Drive-with-DC-Power-Input-600x600.jpg 600w, https:\/\/www.yousanusb.com\/wp-content\/uploads\/2025\/11\/3.5-inch-Desktop-Hard-Drive-with-DC-Power-Input-100x100.jpg 100w\" sizes=\"(max-width: 800px) 100vw, 800px\" \/><\/figure>\n<\/div>\n\n\n\n<div class=\"wp-block-column is-vertically-aligned-center is-layout-flow wp-block-column-is-layout-flow\">\n<h2 class=\"wp-block-heading\">Dise\u00f1o y dimensiones<\/h2>\n\n\n\n<p>Este producto es una carcasa SATA de 3,5 pulgadas para discos duros de sobremesa. Sus dimensiones son 185 x 113 x 30 mm. Dise\u00f1ado para alojar discos duros de sobremesa de 3,5 pulgadas, su espacio interno se ajusta a las especificaciones de instalaci\u00f3n de discos duros, garantizando una fijaci\u00f3n estable de la unidad. La estructura de la caja equilibra la protecci\u00f3n b\u00e1sica con la comodidad de instalaci\u00f3n.<\/p>\n\n\n\n<h2 class=\"wp-block-heading\">Compatibilidad de interfaces<\/h2>\n\n\n\n<p>Equipado con un puerto USB 3.0 que admite velocidades de transferencia de datos de alta velocidad. Tambi\u00e9n es compatible con interfaces USB 2.0 y USB 1.1, adapt\u00e1ndose a las especificaciones de puerto de ordenadores y dispositivos externos de distintas \u00e9pocas. Esto permite una integraci\u00f3n perfecta sin necesidad de hardware adaptador adicional.<\/p>\n<\/div>\n<\/div>\n\n\n\n<div class=\"wp-block-columns is-layout-flex wp-container-core-columns-is-layout-2 wp-block-columns-is-layout-flex\">\n<div class=\"wp-block-column is-vertically-aligned-center is-layout-flow wp-block-column-is-layout-flow\">\n<h2 class=\"wp-block-heading\">Atributos personalizables<\/h2>\n\n\n\n<p>Admite esquemas de colores exteriores personalizables, con opciones que incluyen el negro, el rojo, el dorado, el plateado y el azul. La apariencia puede ajustarse para adaptarse a la identidad de la marca, los escenarios de compra masiva y otros requisitos, lo que permite la promoci\u00f3n de la marca, las compras personalizadas y casos de uso similares.<\/p>\n\n\n\n<h2 class=\"wp-block-heading\">Compatibilidad profesional<\/h2>\n\n\n\n<p>Compatibilidad b\u00e1sica con discos duros SATA de sobremesa de 3,5 pulgadas (admite tanto HDD como SSD). Dispone de un puerto de entrada de alimentaci\u00f3n de CC (que proporciona alimentaci\u00f3n independiente para unidades de 3,5 pulgadas). Incluye cable de alimentaci\u00f3n, cable de datos, herramientas de instalaci\u00f3n y accesorios para una configuraci\u00f3n sencilla. <\/p>\n\n\n\n<p>Compatible con los principales sistemas operativos, incluidos Windows y macOS, con funcionalidad plug-and-play. Satisface las necesidades profesionales de gesti\u00f3n de datos y oficina, como la copia de seguridad de datos, la ampliaci\u00f3n del almacenamiento de dispositivos y el almacenamiento externo de alta velocidad.<\/p>\n<\/div>\n\n\n\n<div class=\"wp-block-column is-layout-flow wp-block-column-is-layout-flow\">\n<figure class=\"wp-block-image size-full\"><img decoding=\"async\" width=\"800\" height=\"800\" src=\"https:\/\/www.yousanusb.com\/wp-content\/uploads\/2025\/11\/3.5-inch-Desktop-Hard-Drive.jpg\" alt=\"\" class=\"wp-image-24083\" srcset=\"https:\/\/www.yousanusb.com\/wp-content\/uploads\/2025\/11\/3.5-inch-Desktop-Hard-Drive.jpg 800w, https:\/\/www.yousanusb.com\/wp-content\/uploads\/2025\/11\/3.5-inch-Desktop-Hard-Drive-300x300.jpg 300w, https:\/\/www.yousanusb.com\/wp-content\/uploads\/2025\/11\/3.5-inch-Desktop-Hard-Drive-150x150.jpg 150w, https:\/\/www.yousanusb.com\/wp-content\/uploads\/2025\/11\/3.5-inch-Desktop-Hard-Drive-768x768.jpg 768w, https:\/\/www.yousanusb.com\/wp-content\/uploads\/2025\/11\/3.5-inch-Desktop-Hard-Drive-12x12.jpg 12w, https:\/\/www.yousanusb.com\/wp-content\/uploads\/2025\/11\/3.5-inch-Desktop-Hard-Drive-600x600.jpg 600w, https:\/\/www.yousanusb.com\/wp-content\/uploads\/2025\/11\/3.5-inch-Desktop-Hard-Drive-100x100.jpg 100w\" sizes=\"(max-width: 800px) 100vw, 800px\" \/><\/figure>\n<\/div>\n<\/div>","protected":false},"excerpt":{"rendered":"<ul>\n<li>Admite interfaz SATA (Serial ATA), interfaz SATA 3<\/li>\n<li>USB 3.0 retrocompatible con USB 2.0\/1.1<\/li>\n<li>Negro, Rojo, Oro, Plata, Azul<\/li>\n<li>Compatible con la mayor\u00eda de sistemas operativos<\/li>\n<li>MOQ:10pcs<\/li>\n<\/ul>","protected":false},"featured_media":24081,"comment_status":"open","ping_status":"closed","template":"","meta":{"_seopress_robots_primary_cat":"","_seopress_titles_title":"","_seopress_titles_desc":"","_seopress_robots_index":""},"class_list":["post-24078","product","type-product","status-publish","has-post-thumbnail","hentry","product_cat-portable-hard-drive","product_cat-ssd-fllash-drive"],"_links":{"self":[{"href":"https:\/\/www.yousanusb.com\/es\/wp-json\/wp\/v2\/product\/24078"}],"collection":[{"href":"https:\/\/www.yousanusb.com\/es\/wp-json\/wp\/v2\/product"}],"about":[{"href":"https:\/\/www.yousanusb.com\/es\/wp-json\/wp\/v2\/types\/product"}],"replies":[{"embeddable":true,"href":"https:\/\/www.yousanusb.com\/es\/wp-json\/wp\/v2\/comments?post=24078"}],"wp:featuredmedia":[{"embeddable":true,"href":"https:\/\/www.yousanusb.com\/es\/wp-json\/wp\/v2\/media\/24081"}],"wp:attachment":[{"href":"https:\/\/www.yousanusb.com\/es\/wp-json\/wp\/v2\/media?parent=24078"}],"curies":[{"name":"wp","href":"https:\/\/api.w.org\/{rel}","templated":true}]}}