{"id":24099,"date":"2025-11-13T11:44:56","date_gmt":"2025-11-13T11:44:56","guid":{"rendered":"https:\/\/www.yousanusb.com\/?post_type=product&#038;p=24099"},"modified":"2025-11-13T13:15:40","modified_gmt":"2025-11-13T13:15:40","slug":"2-5-inch-sata-portable-ssd-with-usb-3-0","status":"publish","type":"product","link":"https:\/\/www.yousanusb.com\/es\/producto\/2-5-inch-sata-portable-ssd-with-usb-3-0\/","title":{"rendered":"SSD port\u00e1til SATA de 2,5 pulgadas con USB 3.0"},"content":{"rendered":"<div class=\"wp-block-columns is-layout-flex wp-container-core-columns-is-layout-1 wp-block-columns-is-layout-flex\">\n<div class=\"wp-block-column is-layout-flow wp-block-column-is-layout-flow\">\n<figure class=\"wp-block-image size-full\"><img fetchpriority=\"high\" decoding=\"async\" width=\"800\" height=\"800\" src=\"https:\/\/www.yousanusb.com\/wp-content\/uploads\/2025\/11\/China-2.5-inch-SATA-Portable-SSD-with-USB-3.0.jpg\" alt=\"\" class=\"wp-image-24106\" srcset=\"https:\/\/www.yousanusb.com\/wp-content\/uploads\/2025\/11\/China-2.5-inch-SATA-Portable-SSD-with-USB-3.0.jpg 800w, https:\/\/www.yousanusb.com\/wp-content\/uploads\/2025\/11\/China-2.5-inch-SATA-Portable-SSD-with-USB-3.0-300x300.jpg 300w, https:\/\/www.yousanusb.com\/wp-content\/uploads\/2025\/11\/China-2.5-inch-SATA-Portable-SSD-with-USB-3.0-150x150.jpg 150w, https:\/\/www.yousanusb.com\/wp-content\/uploads\/2025\/11\/China-2.5-inch-SATA-Portable-SSD-with-USB-3.0-768x768.jpg 768w, https:\/\/www.yousanusb.com\/wp-content\/uploads\/2025\/11\/China-2.5-inch-SATA-Portable-SSD-with-USB-3.0-12x12.jpg 12w, https:\/\/www.yousanusb.com\/wp-content\/uploads\/2025\/11\/China-2.5-inch-SATA-Portable-SSD-with-USB-3.0-600x600.jpg 600w, https:\/\/www.yousanusb.com\/wp-content\/uploads\/2025\/11\/China-2.5-inch-SATA-Portable-SSD-with-USB-3.0-100x100.jpg 100w\" sizes=\"(max-width: 800px) 100vw, 800px\" \/><\/figure>\n<\/div>\n\n\n\n<div class=\"wp-block-column is-vertically-aligned-center is-layout-flow wp-block-column-is-layout-flow\">\n<h2 class=\"wp-block-heading\">Dise\u00f1o y materiales<\/h2>\n\n\n\n<p>Este producto es una unidad de estado s\u00f3lido port\u00e1til USB 3.0 con interfaz SATA de 2,5 pulgadas. Fabricada en material compuesto de ABS+PC, equilibra un dise\u00f1o ligero con la protecci\u00f3n diaria, soportando peque\u00f1os golpes y ara\u00f1azos. <\/p>\n\n\n\n<p>Con un exterior negro, la estructura de su carcasa se ajusta a las especificaciones de instalaci\u00f3n de unidades SATA de 2,5 pulgadas, lo que garantiza una instalaci\u00f3n sencilla y su idoneidad para escenarios de uso personal y masivo.<\/p>\n\n\n\n<p>Dimensiones del producto: 125 x 85 x 15 mm. Su dise\u00f1o compacto cabe f\u00e1cilmente en bolsillos, bolsas u otros soportes port\u00e1tiles sin ocupar espacio adicional. Su portabilidad lo hace ideal para trabajos de oficina m\u00f3viles, transferencias de datos sobre la marcha y situaciones similares.<\/p>\n<\/div>\n<\/div>\n\n\n\n<div class=\"wp-block-columns is-layout-flex wp-container-core-columns-is-layout-2 wp-block-columns-is-layout-flex\">\n<div class=\"wp-block-column is-vertically-aligned-center is-layout-flow wp-block-column-is-layout-flow\">\n<h2 class=\"wp-block-heading\">Compatibilidad de interfaces<\/h2>\n\n\n\n<p>Admite interfaces SATA (Serial ATA) y SATA3, compatibles con discos duros mec\u00e1nicos (HDD) y unidades de estado s\u00f3lido (SSD) de 2,5 pulgadas con protocolo SATA disponibles en el mercado. <\/p>\n\n\n\n<p>Equipado con un puerto USB 3.0, su velocidad de transferencia coincide con las especificaciones SATA3, lo que permite realizar eficientes operaciones de lectura y escritura de archivos de gran tama\u00f1o. <\/p>\n\n\n\n<p>Tambi\u00e9n mantiene la compatibilidad con interfaces USB de versiones anteriores, lo que permite una conexi\u00f3n perfecta a terminales con distintos entornos de interfaz sin necesidad de sustituir el dispositivo.<\/p>\n<\/div>\n\n\n\n<div class=\"wp-block-column is-layout-flow wp-block-column-is-layout-flow\">\n<figure class=\"wp-block-image size-full\"><img decoding=\"async\" width=\"800\" height=\"800\" src=\"https:\/\/www.yousanusb.com\/wp-content\/uploads\/2025\/11\/2.5-inch-SATA-Portable-SSD-with-USB-3.0-factory.jpg\" alt=\"\" class=\"wp-image-24102\" srcset=\"https:\/\/www.yousanusb.com\/wp-content\/uploads\/2025\/11\/2.5-inch-SATA-Portable-SSD-with-USB-3.0-factory.jpg 800w, https:\/\/www.yousanusb.com\/wp-content\/uploads\/2025\/11\/2.5-inch-SATA-Portable-SSD-with-USB-3.0-factory-300x300.jpg 300w, https:\/\/www.yousanusb.com\/wp-content\/uploads\/2025\/11\/2.5-inch-SATA-Portable-SSD-with-USB-3.0-factory-150x150.jpg 150w, https:\/\/www.yousanusb.com\/wp-content\/uploads\/2025\/11\/2.5-inch-SATA-Portable-SSD-with-USB-3.0-factory-768x768.jpg 768w, https:\/\/www.yousanusb.com\/wp-content\/uploads\/2025\/11\/2.5-inch-SATA-Portable-SSD-with-USB-3.0-factory-12x12.jpg 12w, https:\/\/www.yousanusb.com\/wp-content\/uploads\/2025\/11\/2.5-inch-SATA-Portable-SSD-with-USB-3.0-factory-600x600.jpg 600w, https:\/\/www.yousanusb.com\/wp-content\/uploads\/2025\/11\/2.5-inch-SATA-Portable-SSD-with-USB-3.0-factory-100x100.jpg 100w\" sizes=\"(max-width: 800px) 100vw, 800px\" \/><\/figure>\n<\/div>\n<\/div>\n\n\n\n<div class=\"wp-block-columns is-layout-flex wp-container-core-columns-is-layout-3 wp-block-columns-is-layout-flex\">\n<div class=\"wp-block-column is-layout-flow wp-block-column-is-layout-flow\">\n<figure class=\"wp-block-image size-full\"><img decoding=\"async\" width=\"800\" height=\"800\" src=\"https:\/\/www.yousanusb.com\/wp-content\/uploads\/2025\/11\/2.5-inch-SATA-Portable-SSD-with-USB-3.0.jpg\" alt=\"\" class=\"wp-image-24104\" srcset=\"https:\/\/www.yousanusb.com\/wp-content\/uploads\/2025\/11\/2.5-inch-SATA-Portable-SSD-with-USB-3.0.jpg 800w, https:\/\/www.yousanusb.com\/wp-content\/uploads\/2025\/11\/2.5-inch-SATA-Portable-SSD-with-USB-3.0-300x300.jpg 300w, https:\/\/www.yousanusb.com\/wp-content\/uploads\/2025\/11\/2.5-inch-SATA-Portable-SSD-with-USB-3.0-150x150.jpg 150w, https:\/\/www.yousanusb.com\/wp-content\/uploads\/2025\/11\/2.5-inch-SATA-Portable-SSD-with-USB-3.0-768x768.jpg 768w, https:\/\/www.yousanusb.com\/wp-content\/uploads\/2025\/11\/2.5-inch-SATA-Portable-SSD-with-USB-3.0-12x12.jpg 12w, https:\/\/www.yousanusb.com\/wp-content\/uploads\/2025\/11\/2.5-inch-SATA-Portable-SSD-with-USB-3.0-600x600.jpg 600w, https:\/\/www.yousanusb.com\/wp-content\/uploads\/2025\/11\/2.5-inch-SATA-Portable-SSD-with-USB-3.0-100x100.jpg 100w\" sizes=\"(max-width: 800px) 100vw, 800px\" \/><\/figure>\n<\/div>\n\n\n\n<div class=\"wp-block-column is-vertically-aligned-center is-layout-flow wp-block-column-is-layout-flow\">\n<h2 class=\"wp-block-heading\">Opciones de personalizaci\u00f3n<\/h2>\n\n\n\n<p>Admite la personalizaci\u00f3n OEM\/ODM, lo que permite ajustar la marca, las configuraciones de embalaje y otros detalles en funci\u00f3n de los requisitos. Adecuado para compras al por mayor por parte de marcas y campa\u00f1as promocionales personalizadas, satisfaciendo diversas necesidades de los clientes.<\/p>\n\n\n\n<h2 class=\"wp-block-heading\">Compatibilidad profesional<\/h2>\n\n\n\n<p>La compatibilidad Plug and Play garantiza la compatibilidad con los principales sistemas operativos, incluidos Windows y Mac OS, sin necesidad de instalar controladores adicionales. Adecuado para el almacenamiento diario de datos de oficina, copias de seguridad de archivos multimedia y ampliaci\u00f3n de dispositivos de almacenamiento, cumple los est\u00e1ndares de estabilidad de los dispositivos de almacenamiento de consumo. Dise\u00f1ado tanto para las necesidades diarias de los usuarios personales como para los requisitos de gesti\u00f3n de datos masivos de las empresas.<\/p>\n<\/div>\n<\/div>","protected":false},"excerpt":{"rendered":"<ul>\n<li>Material ABS+PC<\/li>\n<li>Negro<\/li>\n<li>Admite interfaz SATA (Serial ATA), interfaz SATA3<\/li>\n<li>Admite personalizaci\u00f3n OEM\/ODM<\/li>\n<li>DISCO DURO\/SSD<\/li>\n<li>MOQ:10pcs<\/li>\n<\/ul>","protected":false},"featured_media":24103,"comment_status":"open","ping_status":"closed","template":"","meta":{"_seopress_robots_primary_cat":"","_seopress_titles_title":"","_seopress_titles_desc":"","_seopress_robots_index":""},"class_list":["post-24099","product","type-product","status-publish","has-post-thumbnail","hentry","product_cat-portable-hard-drive","product_cat-ssd-fllash-drive"],"_links":{"self":[{"href":"https:\/\/www.yousanusb.com\/es\/wp-json\/wp\/v2\/product\/24099"}],"collection":[{"href":"https:\/\/www.yousanusb.com\/es\/wp-json\/wp\/v2\/product"}],"about":[{"href":"https:\/\/www.yousanusb.com\/es\/wp-json\/wp\/v2\/types\/product"}],"replies":[{"embeddable":true,"href":"https:\/\/www.yousanusb.com\/es\/wp-json\/wp\/v2\/comments?post=24099"}],"wp:featuredmedia":[{"embeddable":true,"href":"https:\/\/www.yousanusb.com\/es\/wp-json\/wp\/v2\/media\/24103"}],"wp:attachment":[{"href":"https:\/\/www.yousanusb.com\/es\/wp-json\/wp\/v2\/media?parent=24099"}],"curies":[{"name":"wp","href":"https:\/\/api.w.org\/{rel}","templated":true}]}}