{"id":24128,"date":"2025-11-14T03:30:39","date_gmt":"2025-11-14T03:30:39","guid":{"rendered":"https:\/\/www.yousanusb.com\/?post_type=product&#038;p=24128"},"modified":"2025-11-14T06:14:37","modified_gmt":"2025-11-14T06:14:37","slug":"2-5-inch-abs-sata-hard-drive","status":"publish","type":"product","link":"https:\/\/www.yousanusb.com\/es\/producto\/2-5-inch-abs-sata-hard-drive\/","title":{"rendered":"Disco duro SATA ABS de 2,5 pulgadas"},"content":{"rendered":"<div class=\"wp-block-columns is-layout-flex wp-container-core-columns-is-layout-1 wp-block-columns-is-layout-flex\">\n<div class=\"wp-block-column is-layout-flow wp-block-column-is-layout-flow\">\n<figure class=\"wp-block-image size-full\"><img fetchpriority=\"high\" decoding=\"async\" width=\"800\" height=\"800\" src=\"https:\/\/www.yousanusb.com\/wp-content\/uploads\/2025\/11\/Custom-2.5-inch-ABS-SATA-hard-drive.jpg\" alt=\"\" class=\"wp-image-24133\" srcset=\"https:\/\/www.yousanusb.com\/wp-content\/uploads\/2025\/11\/Custom-2.5-inch-ABS-SATA-hard-drive.jpg 800w, https:\/\/www.yousanusb.com\/wp-content\/uploads\/2025\/11\/Custom-2.5-inch-ABS-SATA-hard-drive-300x300.jpg 300w, https:\/\/www.yousanusb.com\/wp-content\/uploads\/2025\/11\/Custom-2.5-inch-ABS-SATA-hard-drive-150x150.jpg 150w, https:\/\/www.yousanusb.com\/wp-content\/uploads\/2025\/11\/Custom-2.5-inch-ABS-SATA-hard-drive-768x768.jpg 768w, https:\/\/www.yousanusb.com\/wp-content\/uploads\/2025\/11\/Custom-2.5-inch-ABS-SATA-hard-drive-12x12.jpg 12w, https:\/\/www.yousanusb.com\/wp-content\/uploads\/2025\/11\/Custom-2.5-inch-ABS-SATA-hard-drive-600x600.jpg 600w, https:\/\/www.yousanusb.com\/wp-content\/uploads\/2025\/11\/Custom-2.5-inch-ABS-SATA-hard-drive-100x100.jpg 100w\" sizes=\"(max-width: 800px) 100vw, 800px\" \/><\/figure>\n<\/div>\n\n\n\n<div class=\"wp-block-column is-vertically-aligned-center is-layout-flow wp-block-column-is-layout-flow\">\n<p>Las dimensiones del producto son 122 x 76 x 14 mm, por lo que tiene un tama\u00f1o port\u00e1til que cabe f\u00e1cilmente en mochilas o bolsillos. La textura de diamante de la superficie mejora el agarre y la resistencia al deslizamiento, al tiempo que a\u00f1ade un distintivo visual. <\/p>\n\n\n\n<p>Cuenta con un puerto USB est\u00e1ndar (con cable compatible incluido), que admite la funcionalidad plug-and-play y la compatibilidad con la mayor\u00eda de ordenadores, port\u00e1tiles y otros dispositivos.<\/p>\n\n\n\n<p>Fabricado en pl\u00e1stico ABS, el cuerpo ofrece una excelente resistencia al desgaste y protecci\u00f3n contra impactos, protegiendo los componentes internos durante el uso diario. Este material tambi\u00e9n garantiza una portabilidad ligera, minimizando el peso a\u00f1adido y equilibrando la durabilidad con la facilidad de transporte.<\/p>\n<\/div>\n<\/div>\n\n\n\n<div class=\"wp-block-columns is-layout-flex wp-container-core-columns-is-layout-2 wp-block-columns-is-layout-flex\">\n<div class=\"wp-block-column is-vertically-aligned-center is-layout-flow wp-block-column-is-layout-flow\">\n<p>El producto es compatible con la especificaci\u00f3n de interfaz SATA de 2,5 pulgadas (los discos duros internos utilizan de forma nativa el protocolo SATA). SATA es una de las principales interfaces para dispositivos de almacenamiento de consumo y ofrece una gran compatibilidad y una transferencia de datos estable. <\/p>\n\n\n\n<p>Satisface las necesidades diarias de almacenamiento y copia de seguridad de documentos, archivos multimedia y datos de trabajo, es compatible con la mayor\u00eda de los principales sistemas operativos y cubre escenarios de uso que incluyen el trabajo diario de oficina y el ocio dom\u00e9stico.<\/p>\n<\/div>\n\n\n\n<div class=\"wp-block-column is-layout-flow wp-block-column-is-layout-flow\">\n<figure class=\"wp-block-image size-full\"><img decoding=\"async\" width=\"800\" height=\"800\" src=\"https:\/\/www.yousanusb.com\/wp-content\/uploads\/2025\/11\/Custom-2.5-inch-SATA-hard-drive.jpg\" alt=\"\" class=\"wp-image-24134\" srcset=\"https:\/\/www.yousanusb.com\/wp-content\/uploads\/2025\/11\/Custom-2.5-inch-SATA-hard-drive.jpg 800w, https:\/\/www.yousanusb.com\/wp-content\/uploads\/2025\/11\/Custom-2.5-inch-SATA-hard-drive-300x300.jpg 300w, https:\/\/www.yousanusb.com\/wp-content\/uploads\/2025\/11\/Custom-2.5-inch-SATA-hard-drive-150x150.jpg 150w, https:\/\/www.yousanusb.com\/wp-content\/uploads\/2025\/11\/Custom-2.5-inch-SATA-hard-drive-768x768.jpg 768w, https:\/\/www.yousanusb.com\/wp-content\/uploads\/2025\/11\/Custom-2.5-inch-SATA-hard-drive-12x12.jpg 12w, https:\/\/www.yousanusb.com\/wp-content\/uploads\/2025\/11\/Custom-2.5-inch-SATA-hard-drive-600x600.jpg 600w, https:\/\/www.yousanusb.com\/wp-content\/uploads\/2025\/11\/Custom-2.5-inch-SATA-hard-drive-100x100.jpg 100w\" sizes=\"(max-width: 800px) 100vw, 800px\" \/><\/figure>\n<\/div>\n<\/div>","protected":false},"excerpt":{"rendered":"<ul>\n<li>Tama\u00f1o compacto<\/li>\n<li>Material ABS, resistente al desgaste y a los impactos<\/li>\n<li>Textura en forma de diamante, antideslizante y f\u00e1cil de sujetar<\/li>\n<li>Interfaz SATA, compatible con los principales dispositivos<\/li>\n<li>Plug and Play, compatible con varios sistemas operativos<\/li>\n<li>MOQ: 10pcs<\/li>\n<\/ul>","protected":false},"featured_media":24131,"comment_status":"open","ping_status":"closed","template":"","meta":{"_seopress_robots_primary_cat":"","_seopress_titles_title":"","_seopress_titles_desc":"","_seopress_robots_index":""},"class_list":["post-24128","product","type-product","status-publish","has-post-thumbnail","hentry","product_cat-portable-hard-drive","product_cat-ssd-fllash-drive"],"_links":{"self":[{"href":"https:\/\/www.yousanusb.com\/es\/wp-json\/wp\/v2\/product\/24128"}],"collection":[{"href":"https:\/\/www.yousanusb.com\/es\/wp-json\/wp\/v2\/product"}],"about":[{"href":"https:\/\/www.yousanusb.com\/es\/wp-json\/wp\/v2\/types\/product"}],"replies":[{"embeddable":true,"href":"https:\/\/www.yousanusb.com\/es\/wp-json\/wp\/v2\/comments?post=24128"}],"wp:featuredmedia":[{"embeddable":true,"href":"https:\/\/www.yousanusb.com\/es\/wp-json\/wp\/v2\/media\/24131"}],"wp:attachment":[{"href":"https:\/\/www.yousanusb.com\/es\/wp-json\/wp\/v2\/media?parent=24128"}],"curies":[{"name":"wp","href":"https:\/\/api.w.org\/{rel}","templated":true}]}}