{"id":24135,"date":"2025-11-14T06:24:26","date_gmt":"2025-11-14T06:24:26","guid":{"rendered":"https:\/\/www.yousanusb.com\/?post_type=product&#038;p=24135"},"modified":"2025-11-14T08:42:05","modified_gmt":"2025-11-14T08:42:05","slug":"usb-3-0-to-sata-2-5-inch-metal-external-hard-drive-enclosure","status":"publish","type":"product","link":"https:\/\/www.yousanusb.com\/es\/producto\/usb-3-0-to-sata-2-5-inch-metal-external-hard-drive-enclosure\/","title":{"rendered":"Carcasa met\u00e1lica para disco duro externo USB 3.0 a SATA de 2,5 pulgadas"},"content":{"rendered":"<div class=\"wp-block-columns is-layout-flex wp-container-core-columns-is-layout-1 wp-block-columns-is-layout-flex\">\n<div class=\"wp-block-column is-layout-flow wp-block-column-is-layout-flow\">\n<figure class=\"wp-block-image size-full\"><img fetchpriority=\"high\" decoding=\"async\" width=\"800\" height=\"800\" src=\"https:\/\/www.yousanusb.com\/wp-content\/uploads\/2025\/11\/USB-3.0-to-SATA-2.5-inch-Metal-External-Hard-Drive-Enclosure.jpg\" alt=\"\" class=\"wp-image-24143\" srcset=\"https:\/\/www.yousanusb.com\/wp-content\/uploads\/2025\/11\/USB-3.0-to-SATA-2.5-inch-Metal-External-Hard-Drive-Enclosure.jpg 800w, https:\/\/www.yousanusb.com\/wp-content\/uploads\/2025\/11\/USB-3.0-to-SATA-2.5-inch-Metal-External-Hard-Drive-Enclosure-300x300.jpg 300w, https:\/\/www.yousanusb.com\/wp-content\/uploads\/2025\/11\/USB-3.0-to-SATA-2.5-inch-Metal-External-Hard-Drive-Enclosure-150x150.jpg 150w, https:\/\/www.yousanusb.com\/wp-content\/uploads\/2025\/11\/USB-3.0-to-SATA-2.5-inch-Metal-External-Hard-Drive-Enclosure-768x768.jpg 768w, https:\/\/www.yousanusb.com\/wp-content\/uploads\/2025\/11\/USB-3.0-to-SATA-2.5-inch-Metal-External-Hard-Drive-Enclosure-12x12.jpg 12w, https:\/\/www.yousanusb.com\/wp-content\/uploads\/2025\/11\/USB-3.0-to-SATA-2.5-inch-Metal-External-Hard-Drive-Enclosure-600x600.jpg 600w, https:\/\/www.yousanusb.com\/wp-content\/uploads\/2025\/11\/USB-3.0-to-SATA-2.5-inch-Metal-External-Hard-Drive-Enclosure-100x100.jpg 100w\" sizes=\"(max-width: 800px) 100vw, 800px\" \/><\/figure>\n<\/div>\n\n\n\n<div class=\"wp-block-column is-vertically-aligned-center is-layout-flow wp-block-column-is-layout-flow\">\n<p>Este producto es una carcasa met\u00e1lica de disco duro USB 3.0 a SATA de 2,5 pulgadas compatible con unidades de estado s\u00f3lido SSD. Sus principales ventajas pr\u00e1cticas son las siguientes:<\/p>\n\n\n\n<h2 class=\"wp-block-heading\">Material y dise\u00f1o de protecci\u00f3n<\/h2>\n\n\n\n<p>El cuerpo principal est\u00e1 fabricado en aleaci\u00f3n de aluminio: por un lado, proporciona una excelente disipaci\u00f3n del calor para reducir la acumulaci\u00f3n de temperatura durante el funcionamiento del disco duro; por otro, su robusta estructura ofrece una mayor protecci\u00f3n para la seguridad de los datos del disco duro interno durante el uso m\u00f3vil diario.<\/p>\n\n\n\n<h2 class=\"wp-block-heading\">Dimensiones y opciones de color<\/h2>\n\n\n\n<p>Con unas medidas de 122 x 80 x 14 mm, su tama\u00f1o compacto cabe f\u00e1cilmente en mochilas o bolsillos para transportarlo c\u00f3modamente.<\/p>\n\n\n\n<p>Disponible en cuatro colores b\u00e1sicos (negro, plateado, azul y rojo) con opciones de colores personalizados para adaptarse a diversas preferencias.<\/p>\n<\/div>\n<\/div>\n\n\n\n<div class=\"wp-block-columns is-layout-flex wp-container-core-columns-is-layout-2 wp-block-columns-is-layout-flex\">\n<div class=\"wp-block-column is-vertically-aligned-center is-layout-flow wp-block-column-is-layout-flow\">\n<p><strong>Interfaz de n\u00facleo y rendimiento de transferencia<\/strong><\/p>\n\n\n\n<p>Incorpora una interfaz USB 3.0 con compatibilidad con versiones anteriores USB 2.0\/1.1, que ofrece velocidades de transferencia de hasta 5 Gbps para una transmisi\u00f3n eficaz de archivos, multimedia y datos.<\/p>\n\n\n\n<p>Admite la funci\u00f3n plug-and-play sin necesidad de instalar controladores adicionales. Conecta dispositivos para utilizarlos de inmediato con un funcionamiento c\u00f3modo y eficiente.<\/p>\n\n\n\n<p><strong>Compatibilidad de sistemas y dispositivos<\/strong><\/p>\n\n\n\n<p>Compatible con los principales sistemas operativos, incluidos Windows XP, Windows 7-10 y los sistemas Mac de Apple;<\/p>\n\n\n\n<p>La amplia compatibilidad de dispositivos permite conexiones USB a ordenadores de sobremesa, port\u00e1tiles, televisores inteligentes, tel\u00e9fonos inteligentes, tabletas y m\u00e1s, cubriendo diversos escenarios, desde el trabajo diario en la oficina hasta el entretenimiento en casa.<\/p>\n<\/div>\n\n\n\n<div class=\"wp-block-column is-layout-flow wp-block-column-is-layout-flow\">\n<figure class=\"wp-block-image size-full\"><img decoding=\"async\" width=\"800\" height=\"800\" src=\"https:\/\/www.yousanusb.com\/wp-content\/uploads\/2025\/11\/USB-3.0-to-SATA-2.5-inch-Metal-Hard-Drive.jpg\" alt=\"\" class=\"wp-image-24145\" srcset=\"https:\/\/www.yousanusb.com\/wp-content\/uploads\/2025\/11\/USB-3.0-to-SATA-2.5-inch-Metal-Hard-Drive.jpg 800w, https:\/\/www.yousanusb.com\/wp-content\/uploads\/2025\/11\/USB-3.0-to-SATA-2.5-inch-Metal-Hard-Drive-300x300.jpg 300w, https:\/\/www.yousanusb.com\/wp-content\/uploads\/2025\/11\/USB-3.0-to-SATA-2.5-inch-Metal-Hard-Drive-150x150.jpg 150w, https:\/\/www.yousanusb.com\/wp-content\/uploads\/2025\/11\/USB-3.0-to-SATA-2.5-inch-Metal-Hard-Drive-768x768.jpg 768w, https:\/\/www.yousanusb.com\/wp-content\/uploads\/2025\/11\/USB-3.0-to-SATA-2.5-inch-Metal-Hard-Drive-12x12.jpg 12w, https:\/\/www.yousanusb.com\/wp-content\/uploads\/2025\/11\/USB-3.0-to-SATA-2.5-inch-Metal-Hard-Drive-600x600.jpg 600w, https:\/\/www.yousanusb.com\/wp-content\/uploads\/2025\/11\/USB-3.0-to-SATA-2.5-inch-Metal-Hard-Drive-100x100.jpg 100w\" sizes=\"(max-width: 800px) 100vw, 800px\" \/><\/figure>\n<\/div>\n<\/div>","protected":false},"excerpt":{"rendered":"<ul>\n<li>USB 3.0 (5 Gbps, compatible con 2.0\/1.1)<\/li>\n<li>Cuerpo de aleaci\u00f3n de aluminio<\/li>\n<li>Multicolor personalizable<\/li>\n<li>Compatible con varios sistemas<\/li>\n<li>Plug and play<\/li>\n<li>MOQ:10pcs<\/li>\n<\/ul>","protected":false},"featured_media":24143,"comment_status":"open","ping_status":"closed","template":"","meta":{"_seopress_robots_primary_cat":"","_seopress_titles_title":"","_seopress_titles_desc":"","_seopress_robots_index":""},"class_list":["post-24135","product","type-product","status-publish","has-post-thumbnail","hentry","product_cat-portable-hard-drive","product_cat-ssd-fllash-drive"],"_links":{"self":[{"href":"https:\/\/www.yousanusb.com\/es\/wp-json\/wp\/v2\/product\/24135"}],"collection":[{"href":"https:\/\/www.yousanusb.com\/es\/wp-json\/wp\/v2\/product"}],"about":[{"href":"https:\/\/www.yousanusb.com\/es\/wp-json\/wp\/v2\/types\/product"}],"replies":[{"embeddable":true,"href":"https:\/\/www.yousanusb.com\/es\/wp-json\/wp\/v2\/comments?post=24135"}],"wp:featuredmedia":[{"embeddable":true,"href":"https:\/\/www.yousanusb.com\/es\/wp-json\/wp\/v2\/media\/24143"}],"wp:attachment":[{"href":"https:\/\/www.yousanusb.com\/es\/wp-json\/wp\/v2\/media?parent=24135"}],"curies":[{"name":"wp","href":"https:\/\/api.w.org\/{rel}","templated":true}]}}