{"id":24157,"date":"2025-11-15T01:15:51","date_gmt":"2025-11-15T01:15:51","guid":{"rendered":"https:\/\/www.yousanusb.com\/?post_type=product&#038;p=24157"},"modified":"2025-12-27T02:49:12","modified_gmt":"2025-12-27T02:49:12","slug":"butterfly-shaped-usb-flash-drive","status":"publish","type":"product","link":"https:\/\/www.yousanusb.com\/es\/producto\/butterfly-shaped-usb-flash-drive\/","title":{"rendered":"Memoria USB con forma de mariposa"},"content":{"rendered":"<p>Esta colecci\u00f3n de memorias USB con tem\u00e1tica de mariposas presenta dise\u00f1os de mariposas de gran realismo. Cada unidad muestra vibrantes tonos rosas, amarillos y azules adornados con manchas de colores, creando una apariencia encantadora que se asemeja a una mariposa en reposo. Estas fant\u00e1sticas y creativas unidades a\u00f1aden un toque divertido a cualquier dispositivo digital.<\/p>\n\n\n\n<div class=\"wp-block-columns is-layout-flex wp-container-core-columns-is-layout-1 wp-block-columns-is-layout-flex\">\n<div class=\"wp-block-column is-layout-flow wp-block-column-is-layout-flow\">\n<figure class=\"wp-block-image size-full\"><img fetchpriority=\"high\" decoding=\"async\" width=\"800\" height=\"800\" src=\"https:\/\/www.yousanusb.com\/wp-content\/uploads\/2025\/11\/pink-Butterfly-shaped-USB-flash-drive-1.jpg\" alt=\"\" class=\"wp-image-24162\" srcset=\"https:\/\/www.yousanusb.com\/wp-content\/uploads\/2025\/11\/pink-Butterfly-shaped-USB-flash-drive-1.jpg 800w, https:\/\/www.yousanusb.com\/wp-content\/uploads\/2025\/11\/pink-Butterfly-shaped-USB-flash-drive-1-300x300.jpg 300w, https:\/\/www.yousanusb.com\/wp-content\/uploads\/2025\/11\/pink-Butterfly-shaped-USB-flash-drive-1-150x150.jpg 150w, https:\/\/www.yousanusb.com\/wp-content\/uploads\/2025\/11\/pink-Butterfly-shaped-USB-flash-drive-1-768x768.jpg 768w, https:\/\/www.yousanusb.com\/wp-content\/uploads\/2025\/11\/pink-Butterfly-shaped-USB-flash-drive-1-12x12.jpg 12w, https:\/\/www.yousanusb.com\/wp-content\/uploads\/2025\/11\/pink-Butterfly-shaped-USB-flash-drive-1-600x600.jpg 600w, https:\/\/www.yousanusb.com\/wp-content\/uploads\/2025\/11\/pink-Butterfly-shaped-USB-flash-drive-1-100x100.jpg 100w\" sizes=\"(max-width: 800px) 100vw, 800px\" \/><\/figure>\n<\/div>\n\n\n\n<div class=\"wp-block-column is-layout-flow wp-block-column-is-layout-flow\">\n<figure class=\"wp-block-image size-full\"><img decoding=\"async\" width=\"800\" height=\"800\" src=\"https:\/\/www.yousanusb.com\/wp-content\/uploads\/2025\/11\/blue-Butterfly-shaped-USB-flash-drive-3.jpg\" alt=\"\" class=\"wp-image-24160\" srcset=\"https:\/\/www.yousanusb.com\/wp-content\/uploads\/2025\/11\/blue-Butterfly-shaped-USB-flash-drive-3.jpg 800w, https:\/\/www.yousanusb.com\/wp-content\/uploads\/2025\/11\/blue-Butterfly-shaped-USB-flash-drive-3-300x300.jpg 300w, https:\/\/www.yousanusb.com\/wp-content\/uploads\/2025\/11\/blue-Butterfly-shaped-USB-flash-drive-3-150x150.jpg 150w, https:\/\/www.yousanusb.com\/wp-content\/uploads\/2025\/11\/blue-Butterfly-shaped-USB-flash-drive-3-768x768.jpg 768w, https:\/\/www.yousanusb.com\/wp-content\/uploads\/2025\/11\/blue-Butterfly-shaped-USB-flash-drive-3-12x12.jpg 12w, https:\/\/www.yousanusb.com\/wp-content\/uploads\/2025\/11\/blue-Butterfly-shaped-USB-flash-drive-3-600x600.jpg 600w, https:\/\/www.yousanusb.com\/wp-content\/uploads\/2025\/11\/blue-Butterfly-shaped-USB-flash-drive-3-100x100.jpg 100w\" sizes=\"(max-width: 800px) 100vw, 800px\" \/><\/figure>\n<\/div>\n<\/div>\n\n\n\n<p>Bajo su bonita apariencia, tiene un \"rendimiento de almacenamiento estable y eficiente\". Es compatible con el almacenamiento de varios formatos como documentos, fotos, videos, y tiene una velocidad de transferencia suave y fiable, proporcionando un soporte s\u00f3lido para su almacenamiento de datos y las necesidades de transferencia en el estudio y el trabajo.<\/p>\n\n\n\n<p>Ya sea como un \"bonito ayudante\" para la gesti\u00f3n diaria de sus datos personales o como un regalo bien pensado para amigos y familiares, esta unidad USB con forma de mariposa destaca por su dise\u00f1o exclusivo y sus pr\u00e1cticas prestaciones. Hace que el proceso de almacenamiento de datos, que de otro modo ser\u00eda aburrido, resulte interesante, acompa\u00f1ado de esta \"mariposa\".<\/p>\n\n\n\n<div class=\"wp-block-columns is-layout-flex wp-container-core-columns-is-layout-2 wp-block-columns-is-layout-flex\">\n<div class=\"wp-block-column is-layout-flow wp-block-column-is-layout-flow\">\n<figure class=\"wp-block-image size-full\"><img decoding=\"async\" width=\"800\" height=\"800\" src=\"https:\/\/www.yousanusb.com\/wp-content\/uploads\/2025\/11\/purple-Butterfly-shaped-USB-flash-drive-2.jpg\" alt=\"\" class=\"wp-image-24163\" srcset=\"https:\/\/www.yousanusb.com\/wp-content\/uploads\/2025\/11\/purple-Butterfly-shaped-USB-flash-drive-2.jpg 800w, https:\/\/www.yousanusb.com\/wp-content\/uploads\/2025\/11\/purple-Butterfly-shaped-USB-flash-drive-2-300x300.jpg 300w, https:\/\/www.yousanusb.com\/wp-content\/uploads\/2025\/11\/purple-Butterfly-shaped-USB-flash-drive-2-150x150.jpg 150w, https:\/\/www.yousanusb.com\/wp-content\/uploads\/2025\/11\/purple-Butterfly-shaped-USB-flash-drive-2-768x768.jpg 768w, https:\/\/www.yousanusb.com\/wp-content\/uploads\/2025\/11\/purple-Butterfly-shaped-USB-flash-drive-2-12x12.jpg 12w, https:\/\/www.yousanusb.com\/wp-content\/uploads\/2025\/11\/purple-Butterfly-shaped-USB-flash-drive-2-600x600.jpg 600w, https:\/\/www.yousanusb.com\/wp-content\/uploads\/2025\/11\/purple-Butterfly-shaped-USB-flash-drive-2-100x100.jpg 100w\" sizes=\"(max-width: 800px) 100vw, 800px\" \/><\/figure>\n<\/div>\n\n\n\n<div class=\"wp-block-column is-layout-flow wp-block-column-is-layout-flow\">\n<figure class=\"wp-block-image size-full\"><img loading=\"lazy\" decoding=\"async\" width=\"800\" height=\"800\" src=\"https:\/\/www.yousanusb.com\/wp-content\/uploads\/2025\/11\/brown-Butterfly-shaped-USB-flash-drive.jpg\" alt=\"\" class=\"wp-image-24161\" srcset=\"https:\/\/www.yousanusb.com\/wp-content\/uploads\/2025\/11\/brown-Butterfly-shaped-USB-flash-drive.jpg 800w, https:\/\/www.yousanusb.com\/wp-content\/uploads\/2025\/11\/brown-Butterfly-shaped-USB-flash-drive-300x300.jpg 300w, https:\/\/www.yousanusb.com\/wp-content\/uploads\/2025\/11\/brown-Butterfly-shaped-USB-flash-drive-150x150.jpg 150w, https:\/\/www.yousanusb.com\/wp-content\/uploads\/2025\/11\/brown-Butterfly-shaped-USB-flash-drive-768x768.jpg 768w, https:\/\/www.yousanusb.com\/wp-content\/uploads\/2025\/11\/brown-Butterfly-shaped-USB-flash-drive-12x12.jpg 12w, https:\/\/www.yousanusb.com\/wp-content\/uploads\/2025\/11\/brown-Butterfly-shaped-USB-flash-drive-600x600.jpg 600w, https:\/\/www.yousanusb.com\/wp-content\/uploads\/2025\/11\/brown-Butterfly-shaped-USB-flash-drive-100x100.jpg 100w\" sizes=\"(max-width: 800px) 100vw, 800px\" \/><\/figure>\n<\/div>\n<\/div>\n\n\n\n<p>Los productos duraderos y de alta calidad se crean a partir de materiales de la m\u00e1s alta calidad y resisten el desgaste, adem\u00e1s de proteger sus chips internos de posibles da\u00f1os; la forma brillante y limpia de estos productos permanecer\u00e1 inalterada, lo que le permitir\u00e1 utilizar la experiencia digital \"como una mariposa\" en cada interacci\u00f3n con sus datos.<\/p>","protected":false},"excerpt":{"rendered":"<ul>\n<li>En forma de mariposa<\/li>\n<li>Material de PVC<\/li>\n<li>Muchos colores<\/li>\n<li>Estilos de dibujos animados<\/li>\n<li>Logotipo personalizado<\/li>\n<\/ul>","protected":false},"featured_media":24163,"comment_status":"open","ping_status":"closed","template":"","meta":{"_seopress_robots_primary_cat":"none","_seopress_titles_title":"Butterfly-shaped USB flash drive","_seopress_titles_desc":"This series of butterfly-shaped USB drives features a \u201clife like butterfly design\u201d. With vibrant pink, yellow, blue and bright yellow as the main colors, and various colorful spots delicately decorated, every outline and detail looks lively and cute, just like a resting butterfly.","_seopress_robots_index":""},"class_list":["post-24157","product","type-product","status-publish","has-post-thumbnail","hentry","product_cat-custom-usb-drive"],"_links":{"self":[{"href":"https:\/\/www.yousanusb.com\/es\/wp-json\/wp\/v2\/product\/24157"}],"collection":[{"href":"https:\/\/www.yousanusb.com\/es\/wp-json\/wp\/v2\/product"}],"about":[{"href":"https:\/\/www.yousanusb.com\/es\/wp-json\/wp\/v2\/types\/product"}],"replies":[{"embeddable":true,"href":"https:\/\/www.yousanusb.com\/es\/wp-json\/wp\/v2\/comments?post=24157"}],"wp:featuredmedia":[{"embeddable":true,"href":"https:\/\/www.yousanusb.com\/es\/wp-json\/wp\/v2\/media\/24163"}],"wp:attachment":[{"href":"https:\/\/www.yousanusb.com\/es\/wp-json\/wp\/v2\/media?parent=24157"}],"curies":[{"name":"wp","href":"https:\/\/api.w.org\/{rel}","templated":true}]}}