{"id":24164,"date":"2025-11-15T01:39:59","date_gmt":"2025-11-15T01:39:59","guid":{"rendered":"https:\/\/www.yousanusb.com\/?post_type=product&#038;p=24164"},"modified":"2025-12-27T02:47:38","modified_gmt":"2025-12-27T02:47:38","slug":"creative-peanut-usb-drive","status":"publish","type":"product","link":"https:\/\/www.yousanusb.com\/es\/producto\/creative-peanut-usb-drive\/","title":{"rendered":"Unidad USB Creative Peanut"},"content":{"rendered":"<p>Esta unidad USB con forma de cacahuete rompe con los mon\u00f3tonos dise\u00f1os de las unidades flash tradicionales. Tomando la forma de \"cacahuete\" como concepto central de dise\u00f1o, incorpora el cacahuete cotidiano a la creatividad de los productos digitales. Cada protuberancia y cada ranura est\u00e1n meticulosamente elaboradas para ofrecer detalles realistas. Combinado con colores vibrantes como el azul, el verde, el beige y el rojo, se asemeja a los cacahuetes reci\u00e9n cosechados del campo, infundiendo a su unidad USB abundante capricho natural e ingeniosa creatividad.<\/p>\n\n\n\n<div class=\"wp-block-columns is-layout-flex wp-container-core-columns-is-layout-1 wp-block-columns-is-layout-flex\">\n<div class=\"wp-block-column is-layout-flow wp-block-column-is-layout-flow\">\n<figure class=\"wp-block-image size-full\"><img fetchpriority=\"high\" decoding=\"async\" width=\"800\" height=\"800\" src=\"https:\/\/www.yousanusb.com\/wp-content\/uploads\/2025\/11\/Creative-Peanut-USB-flash-Drive.jpg\" alt=\"\" class=\"wp-image-24169\" srcset=\"https:\/\/www.yousanusb.com\/wp-content\/uploads\/2025\/11\/Creative-Peanut-USB-flash-Drive.jpg 800w, https:\/\/www.yousanusb.com\/wp-content\/uploads\/2025\/11\/Creative-Peanut-USB-flash-Drive-300x300.jpg 300w, https:\/\/www.yousanusb.com\/wp-content\/uploads\/2025\/11\/Creative-Peanut-USB-flash-Drive-150x150.jpg 150w, https:\/\/www.yousanusb.com\/wp-content\/uploads\/2025\/11\/Creative-Peanut-USB-flash-Drive-768x768.jpg 768w, https:\/\/www.yousanusb.com\/wp-content\/uploads\/2025\/11\/Creative-Peanut-USB-flash-Drive-12x12.jpg 12w, https:\/\/www.yousanusb.com\/wp-content\/uploads\/2025\/11\/Creative-Peanut-USB-flash-Drive-600x600.jpg 600w, https:\/\/www.yousanusb.com\/wp-content\/uploads\/2025\/11\/Creative-Peanut-USB-flash-Drive-100x100.jpg 100w\" sizes=\"(max-width: 800px) 100vw, 800px\" \/><\/figure>\n<\/div>\n\n\n\n<div class=\"wp-block-column is-layout-flow wp-block-column-is-layout-flow\">\n<figure class=\"wp-block-image size-full\"><img decoding=\"async\" width=\"800\" height=\"800\" src=\"https:\/\/www.yousanusb.com\/wp-content\/uploads\/2025\/11\/cartoon-Creative-Peanut-USB-Drive.jpg\" alt=\"\" class=\"wp-image-24168\" srcset=\"https:\/\/www.yousanusb.com\/wp-content\/uploads\/2025\/11\/cartoon-Creative-Peanut-USB-Drive.jpg 800w, https:\/\/www.yousanusb.com\/wp-content\/uploads\/2025\/11\/cartoon-Creative-Peanut-USB-Drive-300x300.jpg 300w, https:\/\/www.yousanusb.com\/wp-content\/uploads\/2025\/11\/cartoon-Creative-Peanut-USB-Drive-150x150.jpg 150w, https:\/\/www.yousanusb.com\/wp-content\/uploads\/2025\/11\/cartoon-Creative-Peanut-USB-Drive-768x768.jpg 768w, https:\/\/www.yousanusb.com\/wp-content\/uploads\/2025\/11\/cartoon-Creative-Peanut-USB-Drive-12x12.jpg 12w, https:\/\/www.yousanusb.com\/wp-content\/uploads\/2025\/11\/cartoon-Creative-Peanut-USB-Drive-600x600.jpg 600w, https:\/\/www.yousanusb.com\/wp-content\/uploads\/2025\/11\/cartoon-Creative-Peanut-USB-Drive-100x100.jpg 100w\" sizes=\"(max-width: 800px) 100vw, 800px\" \/><\/figure>\n<\/div>\n<\/div>\n\n\n\n<p>Cuando se abre, el USB con forma de cacahuete revela su puerto USB. La carcasa est\u00e1 moldeada a medida a partir de caucho blando de PVC respetuoso con el medio ambiente, replicando el tama\u00f1o del cacahuete en un molde 1:1. El USB con forma de cacahuete de YOUSAN requiere s\u00f3lo 3 d\u00edas para la producci\u00f3n del molde. La carcasa se puede moldear con texto, letras, logotipos y esl\u00f3ganes publicitarios.<\/p>\n\n\n\n<div class=\"wp-block-columns is-layout-flex wp-container-core-columns-is-layout-2 wp-block-columns-is-layout-flex\">\n<div class=\"wp-block-column is-layout-flow wp-block-column-is-layout-flow\">\n<figure class=\"wp-block-image size-full\"><img decoding=\"async\" width=\"800\" height=\"800\" src=\"https:\/\/www.yousanusb.com\/wp-content\/uploads\/2025\/11\/red-Creative-Peanut-USB-Drive.jpg\" alt=\"\" class=\"wp-image-24171\" srcset=\"https:\/\/www.yousanusb.com\/wp-content\/uploads\/2025\/11\/red-Creative-Peanut-USB-Drive.jpg 800w, https:\/\/www.yousanusb.com\/wp-content\/uploads\/2025\/11\/red-Creative-Peanut-USB-Drive-300x300.jpg 300w, https:\/\/www.yousanusb.com\/wp-content\/uploads\/2025\/11\/red-Creative-Peanut-USB-Drive-150x150.jpg 150w, https:\/\/www.yousanusb.com\/wp-content\/uploads\/2025\/11\/red-Creative-Peanut-USB-Drive-768x768.jpg 768w, https:\/\/www.yousanusb.com\/wp-content\/uploads\/2025\/11\/red-Creative-Peanut-USB-Drive-12x12.jpg 12w, https:\/\/www.yousanusb.com\/wp-content\/uploads\/2025\/11\/red-Creative-Peanut-USB-Drive-600x600.jpg 600w, https:\/\/www.yousanusb.com\/wp-content\/uploads\/2025\/11\/red-Creative-Peanut-USB-Drive-100x100.jpg 100w\" sizes=\"(max-width: 800px) 100vw, 800px\" \/><\/figure>\n<\/div>\n\n\n\n<div class=\"wp-block-column is-layout-flow wp-block-column-is-layout-flow\">\n<figure class=\"wp-block-image size-full\"><img loading=\"lazy\" decoding=\"async\" width=\"800\" height=\"800\" src=\"https:\/\/www.yousanusb.com\/wp-content\/uploads\/2025\/11\/green-Creative-Peanut-USB-Drive.jpg\" alt=\"\" class=\"wp-image-24170\" srcset=\"https:\/\/www.yousanusb.com\/wp-content\/uploads\/2025\/11\/green-Creative-Peanut-USB-Drive.jpg 800w, https:\/\/www.yousanusb.com\/wp-content\/uploads\/2025\/11\/green-Creative-Peanut-USB-Drive-300x300.jpg 300w, https:\/\/www.yousanusb.com\/wp-content\/uploads\/2025\/11\/green-Creative-Peanut-USB-Drive-150x150.jpg 150w, https:\/\/www.yousanusb.com\/wp-content\/uploads\/2025\/11\/green-Creative-Peanut-USB-Drive-768x768.jpg 768w, https:\/\/www.yousanusb.com\/wp-content\/uploads\/2025\/11\/green-Creative-Peanut-USB-Drive-12x12.jpg 12w, https:\/\/www.yousanusb.com\/wp-content\/uploads\/2025\/11\/green-Creative-Peanut-USB-Drive-600x600.jpg 600w, https:\/\/www.yousanusb.com\/wp-content\/uploads\/2025\/11\/green-Creative-Peanut-USB-Drive-100x100.jpg 100w\" sizes=\"(max-width: 800px) 100vw, 800px\" \/><\/figure>\n<\/div>\n\n\n\n<div class=\"wp-block-column is-layout-flow wp-block-column-is-layout-flow\">\n<figure class=\"wp-block-image size-full\"><img loading=\"lazy\" decoding=\"async\" width=\"800\" height=\"800\" src=\"https:\/\/www.yousanusb.com\/wp-content\/uploads\/2025\/11\/blue-Creative-Peanut-USB-Drive.jpg\" alt=\"\" class=\"wp-image-24167\" srcset=\"https:\/\/www.yousanusb.com\/wp-content\/uploads\/2025\/11\/blue-Creative-Peanut-USB-Drive.jpg 800w, https:\/\/www.yousanusb.com\/wp-content\/uploads\/2025\/11\/blue-Creative-Peanut-USB-Drive-300x300.jpg 300w, https:\/\/www.yousanusb.com\/wp-content\/uploads\/2025\/11\/blue-Creative-Peanut-USB-Drive-150x150.jpg 150w, https:\/\/www.yousanusb.com\/wp-content\/uploads\/2025\/11\/blue-Creative-Peanut-USB-Drive-768x768.jpg 768w, https:\/\/www.yousanusb.com\/wp-content\/uploads\/2025\/11\/blue-Creative-Peanut-USB-Drive-12x12.jpg 12w, https:\/\/www.yousanusb.com\/wp-content\/uploads\/2025\/11\/blue-Creative-Peanut-USB-Drive-600x600.jpg 600w, https:\/\/www.yousanusb.com\/wp-content\/uploads\/2025\/11\/blue-Creative-Peanut-USB-Drive-100x100.jpg 100w\" sizes=\"(max-width: 800px) 100vw, 800px\" \/><\/figure>\n<\/div>\n<\/div>\n\n\n\n<p>La unidad USB Peanut ofrece capacidades de almacenamiento de 1 GB a 256 GB y es compatible con las interfaces USB 1.0 y 2.0. Permite la transferencia r\u00e1pida de archivos comprimidos, incluidos varios formatos multimedia, entre dispositivos, lo que resulta ideal para los usuarios que trasladan archivos con regularidad entre el hogar, la escuela y el lugar de trabajo.<\/p>\n\n\n\n<p><\/p>","protected":false},"excerpt":{"rendered":"<ul>\n<li>Unidad USB con forma de cacahuete<\/li>\n<li>molde metarial de pvc<\/li>\n<li>1gb-256gb de capacidad<\/li>\n<li>USB2.0 o USB3.0<\/li>\n<li>Molde para logotipo personalizado<\/li>\n<\/ul>","protected":false},"featured_media":24169,"comment_status":"open","ping_status":"closed","template":"","meta":{"_seopress_robots_primary_cat":"none","_seopress_titles_title":"Creative Peanut USB Drive","_seopress_titles_desc":"This peanut-shaped USB drive breaks away from the monotonous designs of traditional flash drives. Taking the \u201cpeanut\u201d shape as its core design concept","_seopress_robots_index":""},"class_list":["post-24164","product","type-product","status-publish","has-post-thumbnail","hentry","product_cat-custom-usb-drive","product_tag-vegetables-usb-flash-drive"],"_links":{"self":[{"href":"https:\/\/www.yousanusb.com\/es\/wp-json\/wp\/v2\/product\/24164"}],"collection":[{"href":"https:\/\/www.yousanusb.com\/es\/wp-json\/wp\/v2\/product"}],"about":[{"href":"https:\/\/www.yousanusb.com\/es\/wp-json\/wp\/v2\/types\/product"}],"replies":[{"embeddable":true,"href":"https:\/\/www.yousanusb.com\/es\/wp-json\/wp\/v2\/comments?post=24164"}],"wp:featuredmedia":[{"embeddable":true,"href":"https:\/\/www.yousanusb.com\/es\/wp-json\/wp\/v2\/media\/24169"}],"wp:attachment":[{"href":"https:\/\/www.yousanusb.com\/es\/wp-json\/wp\/v2\/media?parent=24164"}],"curies":[{"name":"wp","href":"https:\/\/api.w.org\/{rel}","templated":true}]}}