{"id":24172,"date":"2025-11-15T01:58:32","date_gmt":"2025-11-15T01:58:32","guid":{"rendered":"https:\/\/www.yousanusb.com\/?post_type=product&#038;p=24172"},"modified":"2025-12-27T02:46:08","modified_gmt":"2025-12-27T02:46:08","slug":"carrot-shaped-usb-flash-drive","status":"publish","type":"product","link":"https:\/\/www.yousanusb.com\/es\/producto\/carrot-shaped-usb-flash-drive\/","title":{"rendered":"Memoria USB con forma de zanahoria"},"content":{"rendered":"<p>Cada una de estas tres unidades USB presenta una \"pose de zanahoria\" distinta: Una reproduce la textura aut\u00e9ntica y la estructura segmentada de una zanahoria real, con el cuerpo rojo anaranjado y la parte superior verde esmeralda, como reci\u00e9n arrancada de la tierra. <\/p>\n\n\n\n<div class=\"wp-block-columns is-layout-flex wp-container-core-columns-is-layout-1 wp-block-columns-is-layout-flex\">\n<div class=\"wp-block-column is-layout-flow wp-block-column-is-layout-flow\">\n<figure class=\"wp-block-image size-full\"><img fetchpriority=\"high\" decoding=\"async\" width=\"800\" height=\"800\" src=\"https:\/\/www.yousanusb.com\/wp-content\/uploads\/2025\/11\/orange-Carrot-shaped-USB-Flash-Drive.jpg\" alt=\"Memoria USB naranja con forma de zanahoria\" class=\"wp-image-24178\" srcset=\"https:\/\/www.yousanusb.com\/wp-content\/uploads\/2025\/11\/orange-Carrot-shaped-USB-Flash-Drive.jpg 800w, https:\/\/www.yousanusb.com\/wp-content\/uploads\/2025\/11\/orange-Carrot-shaped-USB-Flash-Drive-300x300.jpg 300w, https:\/\/www.yousanusb.com\/wp-content\/uploads\/2025\/11\/orange-Carrot-shaped-USB-Flash-Drive-150x150.jpg 150w, https:\/\/www.yousanusb.com\/wp-content\/uploads\/2025\/11\/orange-Carrot-shaped-USB-Flash-Drive-768x768.jpg 768w, https:\/\/www.yousanusb.com\/wp-content\/uploads\/2025\/11\/orange-Carrot-shaped-USB-Flash-Drive-12x12.jpg 12w, https:\/\/www.yousanusb.com\/wp-content\/uploads\/2025\/11\/orange-Carrot-shaped-USB-Flash-Drive-600x600.jpg 600w, https:\/\/www.yousanusb.com\/wp-content\/uploads\/2025\/11\/orange-Carrot-shaped-USB-Flash-Drive-100x100.jpg 100w\" sizes=\"(max-width: 800px) 100vw, 800px\" \/><\/figure>\n<\/div>\n\n\n\n<div class=\"wp-block-column is-layout-flow wp-block-column-is-layout-flow\">\n<figure class=\"wp-block-image size-full\"><img decoding=\"async\" width=\"799\" height=\"799\" src=\"https:\/\/www.yousanusb.com\/wp-content\/uploads\/2025\/11\/red-Carrot-shaped-USB-Flash-Drive.jpg\" alt=\"Memoria USB roja con forma de zanahoria\" class=\"wp-image-24179\" srcset=\"https:\/\/www.yousanusb.com\/wp-content\/uploads\/2025\/11\/red-Carrot-shaped-USB-Flash-Drive.jpg 799w, https:\/\/www.yousanusb.com\/wp-content\/uploads\/2025\/11\/red-Carrot-shaped-USB-Flash-Drive-300x300.jpg 300w, https:\/\/www.yousanusb.com\/wp-content\/uploads\/2025\/11\/red-Carrot-shaped-USB-Flash-Drive-150x150.jpg 150w, https:\/\/www.yousanusb.com\/wp-content\/uploads\/2025\/11\/red-Carrot-shaped-USB-Flash-Drive-768x768.jpg 768w, https:\/\/www.yousanusb.com\/wp-content\/uploads\/2025\/11\/red-Carrot-shaped-USB-Flash-Drive-12x12.jpg 12w, https:\/\/www.yousanusb.com\/wp-content\/uploads\/2025\/11\/red-Carrot-shaped-USB-Flash-Drive-600x600.jpg 600w, https:\/\/www.yousanusb.com\/wp-content\/uploads\/2025\/11\/red-Carrot-shaped-USB-Flash-Drive-100x100.jpg 100w\" sizes=\"(max-width: 799px) 100vw, 799px\" \/><\/figure>\n<\/div>\n<\/div>\n\n\n\n<p>Otro presenta hojas de zanahoria caricaturescas, que combinan un exagerado follaje verde con un regordete cuerpo de zanahoria para lograr el m\u00e1ximo encanto infantil. El tercero utiliza colores degradados y un dise\u00f1o en espiral para recrear las curvas naturales de la zanahoria. Cada uno de ellos parece un peque\u00f1o tesoro creativo \"cosechado\" directamente del jard\u00edn.<\/p>\n\n\n\n<div class=\"wp-block-columns is-layout-flex wp-container-core-columns-is-layout-2 wp-block-columns-is-layout-flex\">\n<div class=\"wp-block-column is-layout-flow wp-block-column-is-layout-flow\">\n<figure class=\"wp-block-image size-full\"><img decoding=\"async\" width=\"799\" height=\"799\" src=\"https:\/\/www.yousanusb.com\/wp-content\/uploads\/2025\/11\/Carrot-shaped-USB-Flash-Drive-custom.jpg\" alt=\"Memoria USB personalizada en forma de zanahoria\" class=\"wp-image-24175\" srcset=\"https:\/\/www.yousanusb.com\/wp-content\/uploads\/2025\/11\/Carrot-shaped-USB-Flash-Drive-custom.jpg 799w, https:\/\/www.yousanusb.com\/wp-content\/uploads\/2025\/11\/Carrot-shaped-USB-Flash-Drive-custom-300x300.jpg 300w, https:\/\/www.yousanusb.com\/wp-content\/uploads\/2025\/11\/Carrot-shaped-USB-Flash-Drive-custom-150x150.jpg 150w, https:\/\/www.yousanusb.com\/wp-content\/uploads\/2025\/11\/Carrot-shaped-USB-Flash-Drive-custom-768x768.jpg 768w, https:\/\/www.yousanusb.com\/wp-content\/uploads\/2025\/11\/Carrot-shaped-USB-Flash-Drive-custom-12x12.jpg 12w, https:\/\/www.yousanusb.com\/wp-content\/uploads\/2025\/11\/Carrot-shaped-USB-Flash-Drive-custom-600x600.jpg 600w, https:\/\/www.yousanusb.com\/wp-content\/uploads\/2025\/11\/Carrot-shaped-USB-Flash-Drive-custom-100x100.jpg 100w\" sizes=\"(max-width: 799px) 100vw, 799px\" \/><\/figure>\n<\/div>\n\n\n\n<div class=\"wp-block-column is-layout-flow wp-block-column-is-layout-flow\">\n<figure class=\"wp-block-image size-full\"><img loading=\"lazy\" decoding=\"async\" width=\"750\" height=\"750\" src=\"https:\/\/www.yousanusb.com\/wp-content\/uploads\/2025\/11\/white-Carrot-shaped-USB-Flash-Drive.jpg\" alt=\"Memoria USB blanca con forma de zanahoria\" class=\"wp-image-24180\" srcset=\"https:\/\/www.yousanusb.com\/wp-content\/uploads\/2025\/11\/white-Carrot-shaped-USB-Flash-Drive.jpg 750w, https:\/\/www.yousanusb.com\/wp-content\/uploads\/2025\/11\/white-Carrot-shaped-USB-Flash-Drive-300x300.jpg 300w, https:\/\/www.yousanusb.com\/wp-content\/uploads\/2025\/11\/white-Carrot-shaped-USB-Flash-Drive-150x150.jpg 150w, https:\/\/www.yousanusb.com\/wp-content\/uploads\/2025\/11\/white-Carrot-shaped-USB-Flash-Drive-12x12.jpg 12w, https:\/\/www.yousanusb.com\/wp-content\/uploads\/2025\/11\/white-Carrot-shaped-USB-Flash-Drive-600x600.jpg 600w, https:\/\/www.yousanusb.com\/wp-content\/uploads\/2025\/11\/white-Carrot-shaped-USB-Flash-Drive-100x100.jpg 100w\" sizes=\"(max-width: 750px) 100vw, 750px\" \/><\/figure>\n<\/div>\n<\/div>\n\n\n\n<p>Esta unidad USB con forma de zanahoria est\u00e1 recubierta de suave silicona, con una textura realista que imita el tacto de la piel de una zanahoria de verdad. Su dise\u00f1o el\u00e1stico y estrujable permite disfrutar del tacto y sirve para aliviar el estr\u00e9s.<\/p>\n\n\n\n<p>Los vibrantes colores naranja y verde son resistentes a la decoloraci\u00f3n, lo que garantiza que la unidad mantenga su aspecto fresco y brillante con el paso del tiempo.<\/p>\n\n\n\n<div class=\"wp-block-columns is-layout-flex wp-container-core-columns-is-layout-3 wp-block-columns-is-layout-flex\">\n<div class=\"wp-block-column is-layout-flow wp-block-column-is-layout-flow\">\n<figure class=\"wp-block-image size-full\"><img loading=\"lazy\" decoding=\"async\" width=\"799\" height=\"799\" src=\"https:\/\/www.yousanusb.com\/wp-content\/uploads\/2025\/11\/cartoon-Carrot-shaped-USB-Flash-Drive.jpg\" alt=\"Memoria USB de dibujos animados con forma de zanahoria\" class=\"wp-image-24177\" srcset=\"https:\/\/www.yousanusb.com\/wp-content\/uploads\/2025\/11\/cartoon-Carrot-shaped-USB-Flash-Drive.jpg 799w, https:\/\/www.yousanusb.com\/wp-content\/uploads\/2025\/11\/cartoon-Carrot-shaped-USB-Flash-Drive-300x300.jpg 300w, https:\/\/www.yousanusb.com\/wp-content\/uploads\/2025\/11\/cartoon-Carrot-shaped-USB-Flash-Drive-150x150.jpg 150w, https:\/\/www.yousanusb.com\/wp-content\/uploads\/2025\/11\/cartoon-Carrot-shaped-USB-Flash-Drive-768x768.jpg 768w, https:\/\/www.yousanusb.com\/wp-content\/uploads\/2025\/11\/cartoon-Carrot-shaped-USB-Flash-Drive-12x12.jpg 12w, https:\/\/www.yousanusb.com\/wp-content\/uploads\/2025\/11\/cartoon-Carrot-shaped-USB-Flash-Drive-600x600.jpg 600w, https:\/\/www.yousanusb.com\/wp-content\/uploads\/2025\/11\/cartoon-Carrot-shaped-USB-Flash-Drive-100x100.jpg 100w\" sizes=\"(max-width: 799px) 100vw, 799px\" \/><\/figure>\n<\/div>\n\n\n\n<div class=\"wp-block-column is-layout-flow wp-block-column-is-layout-flow\">\n<figure class=\"wp-block-image size-full\"><img loading=\"lazy\" decoding=\"async\" width=\"799\" height=\"799\" src=\"https:\/\/www.yousanusb.com\/wp-content\/uploads\/2025\/11\/Carrot-shaped-USB-Flash-Drive.jpg\" alt=\"Memoria USB con forma de zanahoria\" class=\"wp-image-24176\" srcset=\"https:\/\/www.yousanusb.com\/wp-content\/uploads\/2025\/11\/Carrot-shaped-USB-Flash-Drive.jpg 799w, https:\/\/www.yousanusb.com\/wp-content\/uploads\/2025\/11\/Carrot-shaped-USB-Flash-Drive-300x300.jpg 300w, https:\/\/www.yousanusb.com\/wp-content\/uploads\/2025\/11\/Carrot-shaped-USB-Flash-Drive-150x150.jpg 150w, https:\/\/www.yousanusb.com\/wp-content\/uploads\/2025\/11\/Carrot-shaped-USB-Flash-Drive-768x768.jpg 768w, https:\/\/www.yousanusb.com\/wp-content\/uploads\/2025\/11\/Carrot-shaped-USB-Flash-Drive-12x12.jpg 12w, https:\/\/www.yousanusb.com\/wp-content\/uploads\/2025\/11\/Carrot-shaped-USB-Flash-Drive-600x600.jpg 600w, https:\/\/www.yousanusb.com\/wp-content\/uploads\/2025\/11\/Carrot-shaped-USB-Flash-Drive-100x100.jpg 100w\" sizes=\"(max-width: 799px) 100vw, 799px\" \/><\/figure>\n<\/div>\n<\/div>\n\n\n\n<p>Esta unidad USB tiene un dise\u00f1o dividido con un orificio para llavero que permite engancharla a llaves, etc. para un acceso r\u00e1pido.<\/p>\n\n\n\n<p>Las diferentes capacidades de almacenamiento disponibles -desde 1 GB hasta 256 GB- son totalmente compatibles con USB 2.0 y USB 3.0.<\/p>\n\n\n\n<p>Esta unidad USB admite la transferencia de datos a alta velocidad. El dise\u00f1o de su propio logotipo requerir\u00e1 la fabricaci\u00f3n de moldes, que tardan 3 d\u00edas en crearse.<\/p>","protected":false},"excerpt":{"rendered":"<ul>\n<li>Memoria USB con forma de zanahoria<\/li>\n<li>Molde de PVC<\/li>\n<li>Logotipo personalizado necesita moldeo<\/li>\n<li>Puede elegir entre 1 GB y 256 GB de capacidad<\/li>\n<li>Muchos colores y modelos<\/li>\n<\/ul>","protected":false},"featured_media":24177,"comment_status":"open","ping_status":"closed","template":"","meta":{"_seopress_robots_primary_cat":"none","_seopress_titles_title":"Carrot-shaped USB Flash Drive","_seopress_titles_desc":"These three USB drives each feature a distinct \u201ccarrot pose\u201d: One replicates the authentic texture and segmented structure of a real carrot, with an orange-red body and emerald-green top, as if freshly pulled from the soil.","_seopress_robots_index":""},"class_list":["post-24172","product","type-product","status-publish","has-post-thumbnail","hentry","product_cat-custom-usb-drive","product_tag-vegetables-usb-flash-drive"],"_links":{"self":[{"href":"https:\/\/www.yousanusb.com\/es\/wp-json\/wp\/v2\/product\/24172"}],"collection":[{"href":"https:\/\/www.yousanusb.com\/es\/wp-json\/wp\/v2\/product"}],"about":[{"href":"https:\/\/www.yousanusb.com\/es\/wp-json\/wp\/v2\/types\/product"}],"replies":[{"embeddable":true,"href":"https:\/\/www.yousanusb.com\/es\/wp-json\/wp\/v2\/comments?post=24172"}],"wp:featuredmedia":[{"embeddable":true,"href":"https:\/\/www.yousanusb.com\/es\/wp-json\/wp\/v2\/media\/24177"}],"wp:attachment":[{"href":"https:\/\/www.yousanusb.com\/es\/wp-json\/wp\/v2\/media?parent=24172"}],"curies":[{"name":"wp","href":"https:\/\/api.w.org\/{rel}","templated":true}]}}