{"id":24411,"date":"2025-11-18T03:02:19","date_gmt":"2025-11-18T03:02:19","guid":{"rendered":"https:\/\/www.yousanusb.com\/?post_type=product&#038;p=24411"},"modified":"2025-12-27T02:44:30","modified_gmt":"2025-12-27T02:44:30","slug":"cartoon-motorcycle-usb-flash-drive","status":"publish","type":"product","link":"https:\/\/www.yousanusb.com\/es\/producto\/cartoon-motorcycle-usb-flash-drive\/","title":{"rendered":"Memoria USB Moto de dibujos animados"},"content":{"rendered":"<div class=\"wp-block-columns is-layout-flex wp-container-core-columns-is-layout-1 wp-block-columns-is-layout-flex\">\n<div class=\"wp-block-column is-layout-flow wp-block-column-is-layout-flow\">\n<figure class=\"wp-block-image size-full\"><img fetchpriority=\"high\" decoding=\"async\" width=\"800\" height=\"800\" src=\"https:\/\/www.yousanusb.com\/wp-content\/uploads\/2025\/11\/Motorcycle-USB-Flash-Drive-factory.jpg\" alt=\"\" class=\"wp-image-24417\" srcset=\"https:\/\/www.yousanusb.com\/wp-content\/uploads\/2025\/11\/Motorcycle-USB-Flash-Drive-factory.jpg 800w, https:\/\/www.yousanusb.com\/wp-content\/uploads\/2025\/11\/Motorcycle-USB-Flash-Drive-factory-300x300.jpg 300w, https:\/\/www.yousanusb.com\/wp-content\/uploads\/2025\/11\/Motorcycle-USB-Flash-Drive-factory-150x150.jpg 150w, https:\/\/www.yousanusb.com\/wp-content\/uploads\/2025\/11\/Motorcycle-USB-Flash-Drive-factory-768x768.jpg 768w, https:\/\/www.yousanusb.com\/wp-content\/uploads\/2025\/11\/Motorcycle-USB-Flash-Drive-factory-12x12.jpg 12w, https:\/\/www.yousanusb.com\/wp-content\/uploads\/2025\/11\/Motorcycle-USB-Flash-Drive-factory-600x600.jpg 600w, https:\/\/www.yousanusb.com\/wp-content\/uploads\/2025\/11\/Motorcycle-USB-Flash-Drive-factory-100x100.jpg 100w\" sizes=\"(max-width: 800px) 100vw, 800px\" \/><\/figure>\n<\/div>\n\n\n\n<div class=\"wp-block-column is-vertically-aligned-center is-layout-flow wp-block-column-is-layout-flow\">\n<p>Esta unidad USB de motocicletas de carreras es una r\u00e9plica muy detallada de las motos de carreras profesionales, con una peque\u00f1a figura del piloto. Presenta un dise\u00f1o de cuerpo dividido: la propia motocicleta alberga la unidad USB, mientras que sus ruedas sirven de tapas protectoras. Al retirar las ruedas, queda al descubierto el conector USB, que combina a la perfecci\u00f3n el atractivo decorativo con la funcionalidad pr\u00e1ctica.<\/p>\n\n\n\n<p>Fabricada en PVC de alta calidad, ofrece una excelente resistencia a ca\u00eddas y ara\u00f1azos para proteger los componentes internos durante el transporte diario. Su construcci\u00f3n ligera garantiza un f\u00e1cil manejo y un agarre ergon\u00f3mico para un uso c\u00f3modo.<\/p>\n<\/div>\n<\/div>\n\n\n\n<div class=\"wp-block-columns is-layout-flex wp-container-core-columns-is-layout-2 wp-block-columns-is-layout-flex\">\n<div class=\"wp-block-column is-vertically-aligned-center is-layout-flow wp-block-column-is-layout-flow\">\n<p>Las opciones de color son extremadamente flexibles. Los usuarios pueden especificar el color del cuerpo principal, las franjas decorativas y el logotipo. Puede personalizarlo para que coincida con su tema y seguir haci\u00e9ndolo suyo.<\/p>\n\n\n\n<p>La memoria USB tiene un rendimiento de nivel profesional con una capacidad de almacenamiento de 8 GB a 256 GB. Interfaz USB est\u00e1ndar - Compatible con los protocolos USB 2.0 y 3.0. Garantiza velocidades de lectura y escritura estables. Compatible con ordenadores, autorradios y otros dispositivos convencionales. Ideal para guardar archivos, v\u00eddeos y muchos tipos de datos.<\/p>\n<\/div>\n\n\n\n<div class=\"wp-block-column is-layout-flow wp-block-column-is-layout-flow\">\n<figure class=\"wp-block-image size-full\"><img decoding=\"async\" width=\"800\" height=\"800\" src=\"https:\/\/www.yousanusb.com\/wp-content\/uploads\/2025\/11\/Motorcycle-USB-Flash-Drive.jpg\" alt=\"\" class=\"wp-image-24418\" srcset=\"https:\/\/www.yousanusb.com\/wp-content\/uploads\/2025\/11\/Motorcycle-USB-Flash-Drive.jpg 800w, https:\/\/www.yousanusb.com\/wp-content\/uploads\/2025\/11\/Motorcycle-USB-Flash-Drive-300x300.jpg 300w, https:\/\/www.yousanusb.com\/wp-content\/uploads\/2025\/11\/Motorcycle-USB-Flash-Drive-150x150.jpg 150w, https:\/\/www.yousanusb.com\/wp-content\/uploads\/2025\/11\/Motorcycle-USB-Flash-Drive-768x768.jpg 768w, https:\/\/www.yousanusb.com\/wp-content\/uploads\/2025\/11\/Motorcycle-USB-Flash-Drive-12x12.jpg 12w, https:\/\/www.yousanusb.com\/wp-content\/uploads\/2025\/11\/Motorcycle-USB-Flash-Drive-600x600.jpg 600w, https:\/\/www.yousanusb.com\/wp-content\/uploads\/2025\/11\/Motorcycle-USB-Flash-Drive-100x100.jpg 100w\" sizes=\"(max-width: 800px) 100vw, 800px\" \/><\/figure>\n<\/div>\n<\/div>\n\n\n\n<p>Nuestras opciones de personalizaci\u00f3n son muy avanzadas y vers\u00e1tiles: elija entre varios modelos de motocicletas (de carreras por carretera o dise\u00f1os todoterreno), personalice el aspecto del piloto y a\u00f1ada gr\u00e1ficos, calcoman\u00edas o logotipos personalizados al traje del piloto. Esta flexibilidad lo hace ideal tanto para proyectos de personalizaci\u00f3n como de personalizaci\u00f3n de marca.<\/p>\n\n\n\n<div class=\"wp-block-columns is-layout-flex wp-container-core-columns-is-layout-3 wp-block-columns-is-layout-flex\">\n<div class=\"wp-block-column is-layout-flow wp-block-column-is-layout-flow\">\n<figure class=\"wp-block-image size-full\"><img decoding=\"async\" width=\"800\" height=\"800\" src=\"https:\/\/www.yousanusb.com\/wp-content\/uploads\/2025\/11\/Custom-Motorcycle-USB-Flash-Drive.jpg\" alt=\"\" class=\"wp-image-24416\" srcset=\"https:\/\/www.yousanusb.com\/wp-content\/uploads\/2025\/11\/Custom-Motorcycle-USB-Flash-Drive.jpg 800w, https:\/\/www.yousanusb.com\/wp-content\/uploads\/2025\/11\/Custom-Motorcycle-USB-Flash-Drive-300x300.jpg 300w, https:\/\/www.yousanusb.com\/wp-content\/uploads\/2025\/11\/Custom-Motorcycle-USB-Flash-Drive-150x150.jpg 150w, https:\/\/www.yousanusb.com\/wp-content\/uploads\/2025\/11\/Custom-Motorcycle-USB-Flash-Drive-768x768.jpg 768w, https:\/\/www.yousanusb.com\/wp-content\/uploads\/2025\/11\/Custom-Motorcycle-USB-Flash-Drive-12x12.jpg 12w, https:\/\/www.yousanusb.com\/wp-content\/uploads\/2025\/11\/Custom-Motorcycle-USB-Flash-Drive-600x600.jpg 600w, https:\/\/www.yousanusb.com\/wp-content\/uploads\/2025\/11\/Custom-Motorcycle-USB-Flash-Drive-100x100.jpg 100w\" sizes=\"(max-width: 800px) 100vw, 800px\" \/><\/figure>\n<\/div>\n\n\n\n<div class=\"wp-block-column is-layout-flow wp-block-column-is-layout-flow\">\n<figure class=\"wp-block-image size-full\"><img loading=\"lazy\" decoding=\"async\" width=\"800\" height=\"800\" src=\"https:\/\/www.yousanusb.com\/wp-content\/uploads\/2025\/11\/China-Motorcycle-USB-Flash-Drive.jpg\" alt=\"\" class=\"wp-image-24415\" srcset=\"https:\/\/www.yousanusb.com\/wp-content\/uploads\/2025\/11\/China-Motorcycle-USB-Flash-Drive.jpg 800w, https:\/\/www.yousanusb.com\/wp-content\/uploads\/2025\/11\/China-Motorcycle-USB-Flash-Drive-300x300.jpg 300w, https:\/\/www.yousanusb.com\/wp-content\/uploads\/2025\/11\/China-Motorcycle-USB-Flash-Drive-150x150.jpg 150w, https:\/\/www.yousanusb.com\/wp-content\/uploads\/2025\/11\/China-Motorcycle-USB-Flash-Drive-768x768.jpg 768w, https:\/\/www.yousanusb.com\/wp-content\/uploads\/2025\/11\/China-Motorcycle-USB-Flash-Drive-12x12.jpg 12w, https:\/\/www.yousanusb.com\/wp-content\/uploads\/2025\/11\/China-Motorcycle-USB-Flash-Drive-600x600.jpg 600w, https:\/\/www.yousanusb.com\/wp-content\/uploads\/2025\/11\/China-Motorcycle-USB-Flash-Drive-100x100.jpg 100w\" sizes=\"(max-width: 800px) 100vw, 800px\" \/><\/figure>\n<\/div>\n<\/div>","protected":false},"excerpt":{"rendered":"<ul>\n<li>\u00a0Dise\u00f1o de carrocer\u00eda dividida para motocicletas de carreras<\/li>\n<li>Material PVC<\/li>\n<li>Dise\u00f1o personalizable disponible<\/li>\n<li>Colores disponibles<\/li>\n<li>Compatibilidad multicapacidad<\/li>\n<li>MOQ:100pcs<\/li>\n<\/ul>","protected":false},"featured_media":24414,"comment_status":"open","ping_status":"closed","template":"","meta":{"_seopress_robots_primary_cat":"none","_seopress_titles_title":"","_seopress_titles_desc":"","_seopress_robots_index":""},"class_list":["post-24411","product","type-product","status-publish","has-post-thumbnail","hentry","product_cat-custom-usb-drive"],"_links":{"self":[{"href":"https:\/\/www.yousanusb.com\/es\/wp-json\/wp\/v2\/product\/24411"}],"collection":[{"href":"https:\/\/www.yousanusb.com\/es\/wp-json\/wp\/v2\/product"}],"about":[{"href":"https:\/\/www.yousanusb.com\/es\/wp-json\/wp\/v2\/types\/product"}],"replies":[{"embeddable":true,"href":"https:\/\/www.yousanusb.com\/es\/wp-json\/wp\/v2\/comments?post=24411"}],"wp:featuredmedia":[{"embeddable":true,"href":"https:\/\/www.yousanusb.com\/es\/wp-json\/wp\/v2\/media\/24414"}],"wp:attachment":[{"href":"https:\/\/www.yousanusb.com\/es\/wp-json\/wp\/v2\/media?parent=24411"}],"curies":[{"name":"wp","href":"https:\/\/api.w.org\/{rel}","templated":true}]}}