{"id":24428,"date":"2025-11-18T04:19:52","date_gmt":"2025-11-18T04:19:52","guid":{"rendered":"https:\/\/www.yousanusb.com\/?post_type=product&#038;p=24428"},"modified":"2025-12-27T02:40:25","modified_gmt":"2025-12-27T02:40:25","slug":"coffee-cup-usb-flash-drives","status":"publish","type":"product","link":"https:\/\/www.yousanusb.com\/es\/producto\/coffee-cup-usb-flash-drives\/","title":{"rendered":"Memorias USB taza de caf\u00e9"},"content":{"rendered":"<div class=\"wp-block-columns is-layout-flex wp-container-core-columns-is-layout-1 wp-block-columns-is-layout-flex\">\n<div class=\"wp-block-column is-layout-flow wp-block-column-is-layout-flow\">\n<figure class=\"wp-block-image size-full\"><img fetchpriority=\"high\" decoding=\"async\" width=\"800\" height=\"800\" src=\"https:\/\/www.yousanusb.com\/wp-content\/uploads\/2025\/11\/white-Coffee-Cup-USB-Flash-Drive.jpg\" alt=\"\" class=\"wp-image-24435\" srcset=\"https:\/\/www.yousanusb.com\/wp-content\/uploads\/2025\/11\/white-Coffee-Cup-USB-Flash-Drive.jpg 800w, https:\/\/www.yousanusb.com\/wp-content\/uploads\/2025\/11\/white-Coffee-Cup-USB-Flash-Drive-300x300.jpg 300w, https:\/\/www.yousanusb.com\/wp-content\/uploads\/2025\/11\/white-Coffee-Cup-USB-Flash-Drive-150x150.jpg 150w, https:\/\/www.yousanusb.com\/wp-content\/uploads\/2025\/11\/white-Coffee-Cup-USB-Flash-Drive-768x768.jpg 768w, https:\/\/www.yousanusb.com\/wp-content\/uploads\/2025\/11\/white-Coffee-Cup-USB-Flash-Drive-12x12.jpg 12w, https:\/\/www.yousanusb.com\/wp-content\/uploads\/2025\/11\/white-Coffee-Cup-USB-Flash-Drive-600x600.jpg 600w, https:\/\/www.yousanusb.com\/wp-content\/uploads\/2025\/11\/white-Coffee-Cup-USB-Flash-Drive-100x100.jpg 100w\" sizes=\"(max-width: 800px) 100vw, 800px\" \/><\/figure>\n<\/div>\n\n\n\n<div class=\"wp-block-column is-vertically-aligned-center is-layout-flow wp-block-column-is-layout-flow\">\n<p>Es posible personalizar el dise\u00f1o de este producto para reflejar los gustos individuales o como forma de promocionar marcas; por ello, ahora se pueden producir muchos tipos diferentes de tazas de caf\u00e9 (desechables), como las de pl\u00e1stico, bajo una misma etiqueta.<\/p>\n\n\n\n<p>La unidad flash USB est\u00e1 disponible en diferentes tama\u00f1os de almacenamiento (8-256 GB), tiene un puerto USB est\u00e1ndar (USB 2.0\/3.0) y velocidades de lectura\/escritura constantes en todas las capacidades de almacenamiento.<\/p>\n\n\n\n<p>Esta unidad flash USB est\u00e1 dise\u00f1ada para funcionar con ordenadores, autorradios y la mayor\u00eda de dispositivos de uso com\u00fan para almacenar fotos, v\u00eddeos y otros archivos digitales de escritura.<\/p>\n<\/div>\n<\/div>\n\n\n\n<p>Las memorias USB con forma de taza de caf\u00e9 vienen en dos dise\u00f1os distintos: La USB Taza de Caf\u00e9 Blanca y la USB Taza de Caf\u00e9 de Papel Roja. La carcasa de material de PVC de alta calidad de ambos dise\u00f1os protege las partes internas del dispositivo contra golpes y ara\u00f1azos. Adem\u00e1s, ambos dise\u00f1os son ligeros y f\u00e1ciles de transportar a diario gracias a su c\u00f3modo agarre.<\/p>\n\n\n\n<div class=\"wp-block-columns is-layout-flex wp-container-core-columns-is-layout-2 wp-block-columns-is-layout-flex\">\n<div class=\"wp-block-column is-layout-flow wp-block-column-is-layout-flow\"><div class=\"wp-block-image\">\n<figure class=\"aligncenter size-full\"><img decoding=\"async\" width=\"800\" height=\"800\" src=\"https:\/\/www.yousanusb.com\/wp-content\/uploads\/2025\/11\/custom-Coffee-Cup-USB-Flash-Drive.jpg\" alt=\"\" class=\"wp-image-24434\" srcset=\"https:\/\/www.yousanusb.com\/wp-content\/uploads\/2025\/11\/custom-Coffee-Cup-USB-Flash-Drive.jpg 800w, https:\/\/www.yousanusb.com\/wp-content\/uploads\/2025\/11\/custom-Coffee-Cup-USB-Flash-Drive-300x300.jpg 300w, https:\/\/www.yousanusb.com\/wp-content\/uploads\/2025\/11\/custom-Coffee-Cup-USB-Flash-Drive-150x150.jpg 150w, https:\/\/www.yousanusb.com\/wp-content\/uploads\/2025\/11\/custom-Coffee-Cup-USB-Flash-Drive-768x768.jpg 768w, https:\/\/www.yousanusb.com\/wp-content\/uploads\/2025\/11\/custom-Coffee-Cup-USB-Flash-Drive-12x12.jpg 12w, https:\/\/www.yousanusb.com\/wp-content\/uploads\/2025\/11\/custom-Coffee-Cup-USB-Flash-Drive-600x600.jpg 600w, https:\/\/www.yousanusb.com\/wp-content\/uploads\/2025\/11\/custom-Coffee-Cup-USB-Flash-Drive-100x100.jpg 100w\" sizes=\"(max-width: 800px) 100vw, 800px\" \/><figcaption class=\"wp-element-caption\">Este tipo de taza se fabrica con cer\u00e1mica blanca y reproduce visualmente la forma real de la taza, al tiempo que simula el aspecto y el tacto del caf\u00e9 en la base de la taza. La taza tiene un dise\u00f1o de dos piezas, en el que el asa hace las veces de tapa. Al quitar el asa, queda al descubierto el puerto USB.<\/figcaption><\/figure><\/div><\/div>\n\n\n\n<div class=\"wp-block-column is-layout-flow wp-block-column-is-layout-flow\"><div class=\"wp-block-image\">\n<figure class=\"aligncenter size-full\"><img decoding=\"async\" width=\"800\" height=\"800\" src=\"https:\/\/www.yousanusb.com\/wp-content\/uploads\/2025\/11\/Coffee-Cup-USB-Flash-Drive-factory.jpg\" alt=\"\" class=\"wp-image-24432\" srcset=\"https:\/\/www.yousanusb.com\/wp-content\/uploads\/2025\/11\/Coffee-Cup-USB-Flash-Drive-factory.jpg 800w, https:\/\/www.yousanusb.com\/wp-content\/uploads\/2025\/11\/Coffee-Cup-USB-Flash-Drive-factory-300x300.jpg 300w, https:\/\/www.yousanusb.com\/wp-content\/uploads\/2025\/11\/Coffee-Cup-USB-Flash-Drive-factory-150x150.jpg 150w, https:\/\/www.yousanusb.com\/wp-content\/uploads\/2025\/11\/Coffee-Cup-USB-Flash-Drive-factory-768x768.jpg 768w, https:\/\/www.yousanusb.com\/wp-content\/uploads\/2025\/11\/Coffee-Cup-USB-Flash-Drive-factory-12x12.jpg 12w, https:\/\/www.yousanusb.com\/wp-content\/uploads\/2025\/11\/Coffee-Cup-USB-Flash-Drive-factory-600x600.jpg 600w, https:\/\/www.yousanusb.com\/wp-content\/uploads\/2025\/11\/Coffee-Cup-USB-Flash-Drive-factory-100x100.jpg 100w\" sizes=\"(max-width: 800px) 100vw, 800px\" \/><figcaption class=\"wp-element-caption\">El tap\u00f3n es la tapa negra que cubre el vaso de papel rojo. Al quitar la tapa del vaso de papel rojo, se accede a la parte del vaso que permite beber de \u00e9l. Combina el uso del dise\u00f1o decorativo con la funcionalidad de beber de un vaso.<\/figcaption><\/figure><\/div><\/div>\n<\/div>","protected":false},"excerpt":{"rendered":"<ul>\n<li>Compatibilidad multidispositivo<\/li>\n<li>Disponible en varias capacidades: 8 GB a 256 GB<\/li>\n<li>Dise\u00f1o de taza de caf\u00e9 personalizable<\/li>\n<li>Material PVC<\/li>\n<li>MOQ:100pcs<\/li>\n<\/ul>","protected":false},"featured_media":24431,"comment_status":"open","ping_status":"closed","template":"","meta":{"_seopress_robots_primary_cat":"none","_seopress_titles_title":"","_seopress_titles_desc":"","_seopress_robots_index":""},"class_list":["post-24428","product","type-product","status-publish","has-post-thumbnail","hentry","product_cat-custom-usb-drive"],"_links":{"self":[{"href":"https:\/\/www.yousanusb.com\/es\/wp-json\/wp\/v2\/product\/24428"}],"collection":[{"href":"https:\/\/www.yousanusb.com\/es\/wp-json\/wp\/v2\/product"}],"about":[{"href":"https:\/\/www.yousanusb.com\/es\/wp-json\/wp\/v2\/types\/product"}],"replies":[{"embeddable":true,"href":"https:\/\/www.yousanusb.com\/es\/wp-json\/wp\/v2\/comments?post=24428"}],"wp:featuredmedia":[{"embeddable":true,"href":"https:\/\/www.yousanusb.com\/es\/wp-json\/wp\/v2\/media\/24431"}],"wp:attachment":[{"href":"https:\/\/www.yousanusb.com\/es\/wp-json\/wp\/v2\/media?parent=24428"}],"curies":[{"name":"wp","href":"https:\/\/api.w.org\/{rel}","templated":true}]}}