{"id":24925,"date":"2025-12-02T11:49:30","date_gmt":"2025-12-02T11:49:30","guid":{"rendered":"https:\/\/www.yousanusb.com\/?post_type=product&#038;p=24925"},"modified":"2025-12-07T13:39:28","modified_gmt":"2025-12-07T13:39:28","slug":"cucumber-usb-flash-drive","status":"publish","type":"product","link":"https:\/\/www.yousanusb.com\/es\/producto\/cucumber-usb-flash-drive\/","title":{"rendered":"Memoria USB Pepino"},"content":{"rendered":"<h2 class=\"wp-block-heading\">Regalo para evento de degustaci\u00f3n de pepino ecol\u00f3gico: Memoria USB personalizada con forma de pepino<\/h2>\n\n\n\n<p>La unidad USB con forma de pepino es un regalo promocional tem\u00e1tico perfecto para el acto de presentaci\u00f3n del nuevo pepino ecol\u00f3gico. No s\u00f3lo encaja con el tema del \"nuevo pepino ecol\u00f3gico\", sino que tambi\u00e9n ayuda a los asistentes (distribuidores, medios de comunicaci\u00f3n, usuarios principales) a recordar la marca. A continuaci\u00f3n se describen las aplicaciones pr\u00e1cticas y los detalles del dise\u00f1o:<\/p>\n\n\n\n<h2 class=\"wp-block-heading\">1. \u00bfC\u00f3mo integrar el regalo en el acto?<\/h2>\n\n\n\n<h3 class=\"wp-block-heading\">- Recogida de regalos en el check-in<\/h3>\n\n\n\n<p>Al registrarse, los asistentes recibir\u00e1n unidades USB con forma de pepino junto con peque\u00f1as muestras de pepinos ecol\u00f3gicos frescos. Esto les permite relacionar directamente el regalo con el tema del \"nuevo pepino ecol\u00f3gico\" y entrar r\u00e1pidamente en el ambiente del evento.<\/p>\n\n\n\n<div class=\"wp-block-columns is-layout-flex wp-container-core-columns-is-layout-1 wp-block-columns-is-layout-flex\">\n<div class=\"wp-block-column is-layout-flow wp-block-column-is-layout-flow\">\n<figure class=\"wp-block-image size-full\"><img fetchpriority=\"high\" decoding=\"async\" width=\"800\" height=\"800\" src=\"https:\/\/www.yousanusb.com\/wp-content\/uploads\/2025\/12\/Cucumber-USB-Flash-Drive.jpg\" alt=\"\" class=\"wp-image-24928\" srcset=\"https:\/\/www.yousanusb.com\/wp-content\/uploads\/2025\/12\/Cucumber-USB-Flash-Drive.jpg 800w, https:\/\/www.yousanusb.com\/wp-content\/uploads\/2025\/12\/Cucumber-USB-Flash-Drive-300x300.jpg 300w, https:\/\/www.yousanusb.com\/wp-content\/uploads\/2025\/12\/Cucumber-USB-Flash-Drive-150x150.jpg 150w, https:\/\/www.yousanusb.com\/wp-content\/uploads\/2025\/12\/Cucumber-USB-Flash-Drive-768x768.jpg 768w, https:\/\/www.yousanusb.com\/wp-content\/uploads\/2025\/12\/Cucumber-USB-Flash-Drive-12x12.jpg 12w, https:\/\/www.yousanusb.com\/wp-content\/uploads\/2025\/12\/Cucumber-USB-Flash-Drive-600x600.jpg 600w, https:\/\/www.yousanusb.com\/wp-content\/uploads\/2025\/12\/Cucumber-USB-Flash-Drive-100x100.jpg 100w\" sizes=\"(max-width: 800px) 100vw, 800px\" \/><\/figure>\n<\/div>\n\n\n\n<div class=\"wp-block-column is-vertically-aligned-center is-layout-flow wp-block-column-is-layout-flow\">\n<h3 class=\"wp-block-heading\">- Enlace con las Sesiones de Experiencias<\/h3>\n\n\n\n<p>Tras la sesi\u00f3n de \"degustaci\u00f3n de pepinos\/exhibici\u00f3n de tecnolog\u00eda de plantaci\u00f3n\", el anfitri\u00f3n puede a\u00f1adir: \"La unidad USB de recuerdo de hoy contiene los registros completos de plantaci\u00f3n de nuestros pepinos ecol\u00f3gicos y 3 recetas de cocina bajas en grasas. <\/p>\n\n\n\n<p>Se puede utilizar para almacenar pedidos de compra m\u00e1s adelante y comprobar las 'historias de crecimiento' de los pepinos en cualquier momento\". De este modo, la unidad USB deja de ser un \"objeto decorativo\" para convertirse en un portador de informaci\u00f3n sobre la marca.<\/p>\n<\/div>\n<\/div>\n\n\n\n<h3 class=\"wp-block-heading\"><\/h3>\n\n\n\n<h2 class=\"wp-block-heading\">2. Detalles de personalizaci\u00f3n del tema org\u00e1nico de la memoria USB con forma de pepino<\/h2>\n\n\n\n<h3 class=\"wp-block-heading\">Contenido precargado en la unidad USB<\/h3>\n\n\n\n<p>Preinstalaremos los siguientes archivos relacionados con los pepinos ecol\u00f3gicos:<\/p>\n\n\n\n<p>\u2460 V\u00eddeos en im\u00e1genes reales de la plantaci\u00f3n en las granjas (destacando la plantaci\u00f3n ecol\u00f3gica y sin pesticidas);<\/p>\n\n\n\n<p>\u2461 3 recetas de comidas ligeras con pepino (en l\u00ednea con la caracter\u00edstica saludable);<\/p>\n\n\n\n<p>\u2462 Formularios de pedido exclusivos para distribuidores\/enlaces de descuento exclusivos para usuarios.<\/p>\n\n\n\n<div class=\"wp-block-columns is-layout-flex wp-container-core-columns-is-layout-2 wp-block-columns-is-layout-flex\">\n<div class=\"wp-block-column is-layout-flow wp-block-column-is-layout-flow\">\n<figure class=\"wp-block-image size-full\"><img decoding=\"async\" width=\"800\" height=\"800\" src=\"https:\/\/www.yousanusb.com\/wp-content\/uploads\/2025\/12\/custom-Cucumber-USB-Flash-Drive.jpg\" alt=\"\" class=\"wp-image-24929\" srcset=\"https:\/\/www.yousanusb.com\/wp-content\/uploads\/2025\/12\/custom-Cucumber-USB-Flash-Drive.jpg 800w, https:\/\/www.yousanusb.com\/wp-content\/uploads\/2025\/12\/custom-Cucumber-USB-Flash-Drive-300x300.jpg 300w, https:\/\/www.yousanusb.com\/wp-content\/uploads\/2025\/12\/custom-Cucumber-USB-Flash-Drive-150x150.jpg 150w, https:\/\/www.yousanusb.com\/wp-content\/uploads\/2025\/12\/custom-Cucumber-USB-Flash-Drive-768x768.jpg 768w, https:\/\/www.yousanusb.com\/wp-content\/uploads\/2025\/12\/custom-Cucumber-USB-Flash-Drive-12x12.jpg 12w, https:\/\/www.yousanusb.com\/wp-content\/uploads\/2025\/12\/custom-Cucumber-USB-Flash-Drive-600x600.jpg 600w, https:\/\/www.yousanusb.com\/wp-content\/uploads\/2025\/12\/custom-Cucumber-USB-Flash-Drive-100x100.jpg 100w\" sizes=\"(max-width: 800px) 100vw, 800px\" \/><\/figure>\n<\/div>\n\n\n\n<div class=\"wp-block-column is-layout-flow wp-block-column-is-layout-flow\">\n<figure class=\"wp-block-image size-full\"><img decoding=\"async\" width=\"800\" height=\"800\" src=\"https:\/\/www.yousanusb.com\/wp-content\/uploads\/2025\/12\/green-Cucumber-USB-Flash-Drive.jpg\" alt=\"\" class=\"wp-image-24930\" srcset=\"https:\/\/www.yousanusb.com\/wp-content\/uploads\/2025\/12\/green-Cucumber-USB-Flash-Drive.jpg 800w, https:\/\/www.yousanusb.com\/wp-content\/uploads\/2025\/12\/green-Cucumber-USB-Flash-Drive-300x300.jpg 300w, https:\/\/www.yousanusb.com\/wp-content\/uploads\/2025\/12\/green-Cucumber-USB-Flash-Drive-150x150.jpg 150w, https:\/\/www.yousanusb.com\/wp-content\/uploads\/2025\/12\/green-Cucumber-USB-Flash-Drive-768x768.jpg 768w, https:\/\/www.yousanusb.com\/wp-content\/uploads\/2025\/12\/green-Cucumber-USB-Flash-Drive-12x12.jpg 12w, https:\/\/www.yousanusb.com\/wp-content\/uploads\/2025\/12\/green-Cucumber-USB-Flash-Drive-600x600.jpg 600w, https:\/\/www.yousanusb.com\/wp-content\/uploads\/2025\/12\/green-Cucumber-USB-Flash-Drive-100x100.jpg 100w\" sizes=\"(max-width: 800px) 100vw, 800px\" \/><\/figure>\n<\/div>\n<\/div>\n\n\n\n<h3 class=\"wp-block-heading\">Embalaje<\/h3>\n\n\n\n<p>La unidad USB se empaquetar\u00e1 en una bolsa ecol\u00f3gica de papel kraft. En la bolsa se imprimir\u00e1 el logotipo de la granja de pepinos ecol\u00f3gicos y el eslogan: \"Una memoria USB que guarda los 'secretos del pepino'\". Tambi\u00e9n incluiremos en su interior una bolsita de pepinos ecol\u00f3gicos envasados al vac\u00edo, para que el regalo est\u00e9 totalmente en consonancia con el tema de la degustaci\u00f3n.<\/p>\n\n\n\n<p>El dise\u00f1o de tapa dividida tambi\u00e9n es un acierto: la tapa encaja perfectamente en el cuerpo de la unidad, protegiendo el puerto USB *y* manteniendo intacta toda la forma de pepino. Es tan distintivo que no tendr\u00e1s que volver a preocuparte por si coincide con el pendrive gen\u00e9rico de otra persona.<\/p>","protected":false},"excerpt":{"rendered":"<ul>\n<li>Color verde<\/li>\n<li>Material de PVC<\/li>\n<li>Memoria USB<\/li>\n<li>Muchas capacidades<\/li>\n<li>Logotipo personalizado<\/li>\n<\/ul>","protected":false},"featured_media":24929,"comment_status":"open","ping_status":"closed","template":"","meta":{"_seopress_robots_primary_cat":"none","_seopress_titles_title":"Cucumber USB Flash Drive","_seopress_titles_desc":"Who could resist a green cucumber that *stores files*? This creative cucumber-shaped USB flash drive turns a plain storage device into a hilarious everyday gadget\u2014equal parts practical and eye-catching!","_seopress_robots_index":""},"class_list":["post-24925","product","type-product","status-publish","has-post-thumbnail","hentry","product_cat-custom-usb-drive","product_tag-vegetables-usb-flash-drive"],"_links":{"self":[{"href":"https:\/\/www.yousanusb.com\/es\/wp-json\/wp\/v2\/product\/24925"}],"collection":[{"href":"https:\/\/www.yousanusb.com\/es\/wp-json\/wp\/v2\/product"}],"about":[{"href":"https:\/\/www.yousanusb.com\/es\/wp-json\/wp\/v2\/types\/product"}],"replies":[{"embeddable":true,"href":"https:\/\/www.yousanusb.com\/es\/wp-json\/wp\/v2\/comments?post=24925"}],"wp:featuredmedia":[{"embeddable":true,"href":"https:\/\/www.yousanusb.com\/es\/wp-json\/wp\/v2\/media\/24929"}],"wp:attachment":[{"href":"https:\/\/www.yousanusb.com\/es\/wp-json\/wp\/v2\/media?parent=24925"}],"curies":[{"name":"wp","href":"https:\/\/api.w.org\/{rel}","templated":true}]}}