{"id":24938,"date":"2025-12-03T09:37:25","date_gmt":"2025-12-03T09:37:25","guid":{"rendered":"https:\/\/www.yousanusb.com\/?post_type=product&#038;p=24938"},"modified":"2025-12-27T02:32:31","modified_gmt":"2025-12-27T02:32:31","slug":"cartoon-airplane-usb-flash-drive","status":"publish","type":"product","link":"https:\/\/www.yousanusb.com\/es\/producto\/cartoon-airplane-usb-flash-drive\/","title":{"rendered":"Memoria USB Avi\u00f3n de dibujos animados"},"content":{"rendered":"<div class=\"wp-block-columns is-layout-flex wp-container-core-columns-is-layout-1 wp-block-columns-is-layout-flex\">\n<div class=\"wp-block-column is-layout-flow wp-block-column-is-layout-flow\">\n<figure class=\"wp-block-image size-full\"><img fetchpriority=\"high\" decoding=\"async\" width=\"800\" height=\"800\" src=\"https:\/\/www.yousanusb.com\/wp-content\/uploads\/2025\/12\/Cartoon-Airplane-USB-Flash-Drive.jpg\" alt=\"\" class=\"wp-image-24942\" srcset=\"https:\/\/www.yousanusb.com\/wp-content\/uploads\/2025\/12\/Cartoon-Airplane-USB-Flash-Drive.jpg 800w, https:\/\/www.yousanusb.com\/wp-content\/uploads\/2025\/12\/Cartoon-Airplane-USB-Flash-Drive-300x300.jpg 300w, https:\/\/www.yousanusb.com\/wp-content\/uploads\/2025\/12\/Cartoon-Airplane-USB-Flash-Drive-150x150.jpg 150w, https:\/\/www.yousanusb.com\/wp-content\/uploads\/2025\/12\/Cartoon-Airplane-USB-Flash-Drive-768x768.jpg 768w, https:\/\/www.yousanusb.com\/wp-content\/uploads\/2025\/12\/Cartoon-Airplane-USB-Flash-Drive-12x12.jpg 12w, https:\/\/www.yousanusb.com\/wp-content\/uploads\/2025\/12\/Cartoon-Airplane-USB-Flash-Drive-600x600.jpg 600w, https:\/\/www.yousanusb.com\/wp-content\/uploads\/2025\/12\/Cartoon-Airplane-USB-Flash-Drive-100x100.jpg 100w\" sizes=\"(max-width: 800px) 100vw, 800px\" \/><\/figure>\n<\/div>\n\n\n\n<div class=\"wp-block-column is-vertically-aligned-center is-layout-flow wp-block-column-is-layout-flow\">\n<p>Esta unidad USB con forma de avi\u00f3n de dibujos animados est\u00e1 fabricada en PVC blando flexible, que ofrece resistencia a los golpes para soportar los golpes y la presi\u00f3n diarios (incluso con m\u00e1s de 12 usos semanales). Disponible en verde, amarillo, azul y blanco, incluye un cord\u00f3n met\u00e1lico para sujetarla f\u00e1cilmente a accesorios o a la mano.<\/p>\n\n\n\n<p>Con capacidades de almacenamiento de 4 GB a 128 GB, ofrece velocidades de transferencia de datos r\u00e1pidas, ideales para archivos de gran tama\u00f1o, fotos, m\u00fasica y edici\u00f3n de v\u00eddeo pesada en PC, port\u00e1tiles y tabletas. Totalmente compatible con todos los dispositivos est\u00e1ndar, proporciona un almacenamiento estable y fiable para diversos tipos de archivos.<\/p>\n<\/div>\n<\/div>\n\n\n\n<h2 class=\"wp-block-heading\">\u00bfC\u00f3mo integrar el regalo en el acto?<\/h2>\n\n\n\n<div class=\"wp-block-columns is-layout-flex wp-container-core-columns-is-layout-2 wp-block-columns-is-layout-flex\">\n<div class=\"wp-block-column is-vertically-aligned-center is-layout-flow wp-block-column-is-layout-flow\">\n<h3 class=\"wp-block-heading\">1.Recompensa al cliente por vuelo familiar de verano de Southwest Airlines<\/h3>\n\n\n\n<p>Caracter\u00edsticas principales: Fuerte alineaci\u00f3n tem\u00e1tica de aerol\u00edneas y aviones; el dise\u00f1o de dibujos animados atrae a los pasajeros familiares (especialmente a los ni\u00f1os).<\/p>\n\n\n\n<p>Concepto: Durante el periodo estival de \"Vuelos en familia\", distribuya esta memoria USB entre los pasajeros que viajen con ni\u00f1os menores de 12 a\u00f1os. La unidad precarga el v\u00eddeo animado de seguridad infantil de la aerol\u00ednea y gu\u00edas de actividades familiares en destino, a la vez que muestra el logotipo de la aerol\u00ednea para reforzar el reconocimiento de la marca.<\/p>\n<\/div>\n\n\n\n<div class=\"wp-block-column is-layout-flow wp-block-column-is-layout-flow\">\n<figure class=\"wp-block-image size-full\"><img decoding=\"async\" width=\"800\" height=\"800\" src=\"https:\/\/www.yousanusb.com\/wp-content\/uploads\/2025\/12\/custom-cartoon-plane-usb-flash-drive.jpg\" alt=\"\" class=\"wp-image-24943\" srcset=\"https:\/\/www.yousanusb.com\/wp-content\/uploads\/2025\/12\/custom-cartoon-plane-usb-flash-drive.jpg 800w, https:\/\/www.yousanusb.com\/wp-content\/uploads\/2025\/12\/custom-cartoon-plane-usb-flash-drive-300x300.jpg 300w, https:\/\/www.yousanusb.com\/wp-content\/uploads\/2025\/12\/custom-cartoon-plane-usb-flash-drive-150x150.jpg 150w, https:\/\/www.yousanusb.com\/wp-content\/uploads\/2025\/12\/custom-cartoon-plane-usb-flash-drive-768x768.jpg 768w, https:\/\/www.yousanusb.com\/wp-content\/uploads\/2025\/12\/custom-cartoon-plane-usb-flash-drive-12x12.jpg 12w, https:\/\/www.yousanusb.com\/wp-content\/uploads\/2025\/12\/custom-cartoon-plane-usb-flash-drive-600x600.jpg 600w, https:\/\/www.yousanusb.com\/wp-content\/uploads\/2025\/12\/custom-cartoon-plane-usb-flash-drive-100x100.jpg 100w\" sizes=\"(max-width: 800px) 100vw, 800px\" \/><\/figure>\n<\/div>\n<\/div>\n\n\n\n<div class=\"wp-block-columns is-layout-flex wp-container-core-columns-is-layout-3 wp-block-columns-is-layout-flex\">\n<div class=\"wp-block-column is-layout-flow wp-block-column-is-layout-flow\">\n<figure class=\"wp-block-image size-full\"><img decoding=\"async\" width=\"800\" height=\"800\" src=\"https:\/\/www.yousanusb.com\/wp-content\/uploads\/2025\/12\/Cartoon-Airplane-USB-Drive.jpg\" alt=\"\" class=\"wp-image-24941\" srcset=\"https:\/\/www.yousanusb.com\/wp-content\/uploads\/2025\/12\/Cartoon-Airplane-USB-Drive.jpg 800w, https:\/\/www.yousanusb.com\/wp-content\/uploads\/2025\/12\/Cartoon-Airplane-USB-Drive-300x300.jpg 300w, https:\/\/www.yousanusb.com\/wp-content\/uploads\/2025\/12\/Cartoon-Airplane-USB-Drive-150x150.jpg 150w, https:\/\/www.yousanusb.com\/wp-content\/uploads\/2025\/12\/Cartoon-Airplane-USB-Drive-768x768.jpg 768w, https:\/\/www.yousanusb.com\/wp-content\/uploads\/2025\/12\/Cartoon-Airplane-USB-Drive-12x12.jpg 12w, https:\/\/www.yousanusb.com\/wp-content\/uploads\/2025\/12\/Cartoon-Airplane-USB-Drive-600x600.jpg 600w, https:\/\/www.yousanusb.com\/wp-content\/uploads\/2025\/12\/Cartoon-Airplane-USB-Drive-100x100.jpg 100w\" sizes=\"(max-width: 800px) 100vw, 800px\" \/><\/figure>\n<\/div>\n\n\n\n<div class=\"wp-block-column is-vertically-aligned-center is-layout-flow wp-block-column-is-layout-flow\">\n<h3 class=\"wp-block-heading\">2.Google D\u00eda de la Familia Actividad para padres e hijos<\/h3>\n\n\n\n<p>Caracter\u00edsticas principales: Dise\u00f1o de llavero con tem\u00e1tica de dibujos animados adaptado a entornos familiares, con protecci\u00f3n contra ca\u00eddas y comodidad port\u00e1til.<\/p>\n\n\n\n<p><br>Concepto: Distribuidos durante los talleres de manualidades y ciencias de la aviaci\u00f3n para padres e hijos del D\u00eda de la Familia. Unidades USB precargadas con el minitutorial de introducci\u00f3n a la codificaci\u00f3n para ni\u00f1os de Google y juegos interactivos familiares. Admite el grabado personalizado de las iniciales de los empleados de la familia. Sirve tanto de recuerdo de la actividad como de gesto de cari\u00f1o de la empresa a las familias de los empleados.<br><\/p>\n<\/div>\n<\/div>","protected":false},"excerpt":{"rendered":"<ul>\n<li>Material de goma blanda de PVC<\/li>\n<li>Logotipo de la marca imprimible<\/li>\n<li>Plug-and-play<\/li>\n<li>Admite contenidos precargados<\/li>\n<li>MOQ:100pcs<\/li>\n<\/ul>","protected":false},"featured_media":24943,"comment_status":"open","ping_status":"closed","template":"","meta":{"_seopress_robots_primary_cat":"none","_seopress_titles_title":"","_seopress_titles_desc":"","_seopress_robots_index":""},"class_list":["post-24938","product","type-product","status-publish","has-post-thumbnail","hentry","product_cat-custom-usb-drive","product_tag-pvc-airplane-usb-flash-drive"],"_links":{"self":[{"href":"https:\/\/www.yousanusb.com\/es\/wp-json\/wp\/v2\/product\/24938"}],"collection":[{"href":"https:\/\/www.yousanusb.com\/es\/wp-json\/wp\/v2\/product"}],"about":[{"href":"https:\/\/www.yousanusb.com\/es\/wp-json\/wp\/v2\/types\/product"}],"replies":[{"embeddable":true,"href":"https:\/\/www.yousanusb.com\/es\/wp-json\/wp\/v2\/comments?post=24938"}],"wp:featuredmedia":[{"embeddable":true,"href":"https:\/\/www.yousanusb.com\/es\/wp-json\/wp\/v2\/media\/24943"}],"wp:attachment":[{"href":"https:\/\/www.yousanusb.com\/es\/wp-json\/wp\/v2\/media?parent=24938"}],"curies":[{"name":"wp","href":"https:\/\/api.w.org\/{rel}","templated":true}]}}