{"id":24946,"date":"2025-12-03T11:31:45","date_gmt":"2025-12-03T11:31:45","guid":{"rendered":"https:\/\/www.yousanusb.com\/?post_type=product&#038;p=24946"},"modified":"2025-12-27T02:30:23","modified_gmt":"2025-12-27T02:30:23","slug":"airliner-shaped-usb-flash-drive","status":"publish","type":"product","link":"https:\/\/www.yousanusb.com\/es\/producto\/airliner-shaped-usb-flash-drive\/","title":{"rendered":"Memoria USB con forma de avi\u00f3n"},"content":{"rendered":"<p>Este producto es una unidad USB con forma de avi\u00f3n de pasajeros de fuselaje estrecho fabricada en goma blanda de PVC. Es resistente al desgaste y a los golpes, y dispone de todas las funciones est\u00e1ndar de las unidades USB. Entre las opciones adicionales se incluyen las unidades USB personalizables con forma de avi\u00f3n: s\u00f3lo tiene que indicar su dise\u00f1o para personalizarla. Las opciones de capacidad van de 4 GB a 128 GB.<\/p>\n\n\n\n<h2 class=\"wp-block-heading\">\u00bfC\u00f3mo puede esta memoria USB establecer una conexi\u00f3n m\u00e1s profunda con los clientes?<\/h2>\n\n\n\n<h3 class=\"wp-block-heading\">1.Regalo de agradecimiento al cliente Premium de Expedia: <\/h3>\n\n\n\n<p>Presentado a usuarios que viajan m\u00e1s de 10 veces al a\u00f1o. Incluye plantillas precargadas de itinerarios de viajes de negocios, impresas con el logotipo de la plataforma y adaptadas a los viajes de negocios.<\/p>\n\n\n\n<div class=\"wp-block-columns is-layout-flex wp-container-core-columns-is-layout-1 wp-block-columns-is-layout-flex\">\n<div class=\"wp-block-column is-vertically-aligned-center is-layout-flow wp-block-column-is-layout-flow\">\n<h3 class=\"wp-block-heading\">Programa de reconocimiento de clientes Premium de Expedia<\/h3>\n\n\n\n<p><strong>Seguimiento<\/strong>: Sincronice los cupones con las cuentas de Expedia de los usuarios y vinc\u00falelos a portales de reservas para aumentar las conversiones de compras repetidas.<\/p>\n\n\n\n<p><strong>Control de clientes<\/strong>: Exportar usuarios de gama alta con \u226510 viajes anuales desde el sistema backend, segmentados por mercados principales (Norteam\u00e9rica, Europa). Excluir a los usuarios que hayan recibido regalos en los \u00faltimos 3 meses para llegar a ellos.<\/p>\n\n\n\n<p><strong>Personalizaci\u00f3n USB<\/strong>: Unidades USB de 32 GB a rayas azules con el logotipo de Expedia impreso en el lateral y la tapa guardapolvo. Empaquetadas en cajas de cart\u00f3n con tem\u00e1tica de viajes etiquetadas.\u00a0<em>\"Herramienta de almacenamiento exclusiva de Expedia Travel\"<\/em>.<\/p>\n\n\n\n<p><strong>Precarga de contenidos<\/strong>: Precargue el paquete de gesti\u00f3n de itinerarios de viaje (plantillas Excel + consejos de viaje en PDF) y cupones premium v\u00e1lidos durante 3 meses (descuentos en hoteles\/vuelos). Verifique la integridad del contenido despu\u00e9s de la instalaci\u00f3n.<\/p>\n\n\n\n<p><strong>Entrega<\/strong>: Env\u00edo por mensajer\u00eda local con tarjeta de agradecimiento:\u00a0<em>\"Gracias por tus m\u00e1s de 10 viajes este a\u00f1o. Este USB te impulsa en cada viaje\"<\/em>. Env\u00ede un correo electr\u00f3nico de seguimiento 2 d\u00edas despu\u00e9s de la confirmaci\u00f3n de entrega para explicar el uso del descuento y el acceso a los recursos.<\/p>\n<\/div>\n\n\n\n<div class=\"wp-block-column is-layout-flow wp-block-column-is-layout-flow\">\n<figure class=\"wp-block-image size-full\"><img fetchpriority=\"high\" decoding=\"async\" width=\"800\" height=\"800\" src=\"https:\/\/www.yousanusb.com\/wp-content\/uploads\/2025\/12\/Blue-stripe-Generic-Airplane-USB-Flash-Drive.jpg\" alt=\"\" class=\"wp-image-24949\" srcset=\"https:\/\/www.yousanusb.com\/wp-content\/uploads\/2025\/12\/Blue-stripe-Generic-Airplane-USB-Flash-Drive.jpg 800w, https:\/\/www.yousanusb.com\/wp-content\/uploads\/2025\/12\/Blue-stripe-Generic-Airplane-USB-Flash-Drive-300x300.jpg 300w, https:\/\/www.yousanusb.com\/wp-content\/uploads\/2025\/12\/Blue-stripe-Generic-Airplane-USB-Flash-Drive-150x150.jpg 150w, https:\/\/www.yousanusb.com\/wp-content\/uploads\/2025\/12\/Blue-stripe-Generic-Airplane-USB-Flash-Drive-768x768.jpg 768w, https:\/\/www.yousanusb.com\/wp-content\/uploads\/2025\/12\/Blue-stripe-Generic-Airplane-USB-Flash-Drive-12x12.jpg 12w, https:\/\/www.yousanusb.com\/wp-content\/uploads\/2025\/12\/Blue-stripe-Generic-Airplane-USB-Flash-Drive-600x600.jpg 600w, https:\/\/www.yousanusb.com\/wp-content\/uploads\/2025\/12\/Blue-stripe-Generic-Airplane-USB-Flash-Drive-100x100.jpg 100w\" sizes=\"(max-width: 800px) 100vw, 800px\" \/><\/figure>\n<\/div>\n<\/div>\n\n\n\n<div class=\"wp-block-columns is-layout-flex wp-container-core-columns-is-layout-2 wp-block-columns-is-layout-flex\">\n<div class=\"wp-block-column is-layout-flow wp-block-column-is-layout-flow\">\n<figure class=\"wp-block-image size-full\"><img decoding=\"async\" width=\"800\" height=\"800\" src=\"https:\/\/www.yousanusb.com\/wp-content\/uploads\/2025\/12\/Blue-stripe-Generic-Narrow-body-Airliner-USB-Flash-Drive.jpg\" alt=\"\" class=\"wp-image-24950\" srcset=\"https:\/\/www.yousanusb.com\/wp-content\/uploads\/2025\/12\/Blue-stripe-Generic-Narrow-body-Airliner-USB-Flash-Drive.jpg 800w, https:\/\/www.yousanusb.com\/wp-content\/uploads\/2025\/12\/Blue-stripe-Generic-Narrow-body-Airliner-USB-Flash-Drive-300x300.jpg 300w, https:\/\/www.yousanusb.com\/wp-content\/uploads\/2025\/12\/Blue-stripe-Generic-Narrow-body-Airliner-USB-Flash-Drive-150x150.jpg 150w, https:\/\/www.yousanusb.com\/wp-content\/uploads\/2025\/12\/Blue-stripe-Generic-Narrow-body-Airliner-USB-Flash-Drive-768x768.jpg 768w, https:\/\/www.yousanusb.com\/wp-content\/uploads\/2025\/12\/Blue-stripe-Generic-Narrow-body-Airliner-USB-Flash-Drive-12x12.jpg 12w, https:\/\/www.yousanusb.com\/wp-content\/uploads\/2025\/12\/Blue-stripe-Generic-Narrow-body-Airliner-USB-Flash-Drive-600x600.jpg 600w, https:\/\/www.yousanusb.com\/wp-content\/uploads\/2025\/12\/Blue-stripe-Generic-Narrow-body-Airliner-USB-Flash-Drive-100x100.jpg 100w\" sizes=\"(max-width: 800px) 100vw, 800px\" \/><\/figure>\n<\/div>\n\n\n\n<div class=\"wp-block-column is-vertically-aligned-center is-layout-flow wp-block-column-is-layout-flow\">\n<h2 class=\"wp-block-heading\"><strong>Otros escenarios de uso<\/strong><\/h2>\n\n\n\n<p><strong>Programa de Viajero Frecuente de United Airlines<\/strong>: Los afiliados de nivel Plata y superior reciben una unidad USB de marca precargada con horarios de vuelo, cartas y otras ventajas para los afiliados, con el fin de mejorar la visibilidad de las ventajas.<\/p>\n\n\n\n<p><strong>Regalo profesional Singapore Airshow<\/strong>: Distribuida en la zona de negociaci\u00f3n de negocios, esta memoria USB viene precargada con directorios de expositores para facilitar el almacenamiento de informaci\u00f3n a los profesionales de la aviaci\u00f3n.<\/p>\n\n\n\n<p><strong>Kit de bienvenida de la Academia American Airlines<\/strong>: Los nuevos estudiantes reciben una unidad USB que contiene materiales de cursos introductorios que se pueden almacenar y a los que se puede acceder para realizar estudios relacionados con la aviaci\u00f3n.<\/p>\n<\/div>\n<\/div>","protected":false},"excerpt":{"rendered":"<ul>\n<li>Cubierta antipolvo desmontable (protecci\u00f3n del puerto USB)<\/li>\n<li>Opciones de capacidad: 4G-128G<\/li>\n<li>Ideal para viajes de negocios y compa\u00f1\u00edas a\u00e9reas<\/li>\n<li>Compatible con varios dispositivos<\/li>\n<li>MOQ:100pcs<\/li>\n<\/ul>","protected":false},"featured_media":24949,"comment_status":"open","ping_status":"closed","template":"","meta":{"_seopress_robots_primary_cat":"none","_seopress_titles_title":"","_seopress_titles_desc":"","_seopress_robots_index":""},"class_list":["post-24946","product","type-product","status-publish","has-post-thumbnail","hentry","product_cat-custom-usb-drive","product_tag-pvc-airplane-usb-flash-drive"],"_links":{"self":[{"href":"https:\/\/www.yousanusb.com\/es\/wp-json\/wp\/v2\/product\/24946"}],"collection":[{"href":"https:\/\/www.yousanusb.com\/es\/wp-json\/wp\/v2\/product"}],"about":[{"href":"https:\/\/www.yousanusb.com\/es\/wp-json\/wp\/v2\/types\/product"}],"replies":[{"embeddable":true,"href":"https:\/\/www.yousanusb.com\/es\/wp-json\/wp\/v2\/comments?post=24946"}],"wp:featuredmedia":[{"embeddable":true,"href":"https:\/\/www.yousanusb.com\/es\/wp-json\/wp\/v2\/media\/24949"}],"wp:attachment":[{"href":"https:\/\/www.yousanusb.com\/es\/wp-json\/wp\/v2\/media?parent=24946"}],"curies":[{"name":"wp","href":"https:\/\/api.w.org\/{rel}","templated":true}]}}