{"id":25012,"date":"2025-12-04T02:12:22","date_gmt":"2025-12-04T02:12:22","guid":{"rendered":"https:\/\/www.yousanusb.com\/?post_type=product&#038;p=25012"},"modified":"2025-12-27T02:26:20","modified_gmt":"2025-12-27T02:26:20","slug":"daohe-helicopter-usb-flash-drive","status":"publish","type":"product","link":"https:\/\/www.yousanusb.com\/es\/producto\/daohe-helicopter-usb-flash-drive\/","title":{"rendered":"Memoria USB Daohe Helic\u00f3ptero"},"content":{"rendered":"<p>La unidad USB Daohe Helicopter est\u00e1 dise\u00f1ada para parecerse al modelo que representa, con su combinaci\u00f3n de colores rojo brillante, el logotipo de Daohe Helicopter y el n\u00famero de registro B-7982.<\/p>\n\n\n\n<p>La unidad USB est\u00e1 fabricada con materiales flexibles de PVC, lo que significa que no se romper\u00e1 ni agrietar\u00e1 si se cae. Adem\u00e1s, el material no desprender\u00e1 ning\u00fan olor que pueda causarle molestias.<\/p>\n\n\n\n<div class=\"wp-block-columns is-layout-flex wp-container-core-columns-is-layout-1 wp-block-columns-is-layout-flex\">\n<div class=\"wp-block-column is-layout-flow wp-block-column-is-layout-flow\">\n<figure class=\"wp-block-image size-full\"><img fetchpriority=\"high\" decoding=\"async\" width=\"800\" height=\"800\" src=\"https:\/\/www.yousanusb.com\/wp-content\/uploads\/2025\/12\/Daohe-Red-Hawk-Helicopter-USB-Drive-1.jpg\" alt=\"\" class=\"wp-image-25016\" srcset=\"https:\/\/www.yousanusb.com\/wp-content\/uploads\/2025\/12\/Daohe-Red-Hawk-Helicopter-USB-Drive-1.jpg 800w, https:\/\/www.yousanusb.com\/wp-content\/uploads\/2025\/12\/Daohe-Red-Hawk-Helicopter-USB-Drive-1-300x300.jpg 300w, https:\/\/www.yousanusb.com\/wp-content\/uploads\/2025\/12\/Daohe-Red-Hawk-Helicopter-USB-Drive-1-150x150.jpg 150w, https:\/\/www.yousanusb.com\/wp-content\/uploads\/2025\/12\/Daohe-Red-Hawk-Helicopter-USB-Drive-1-768x768.jpg 768w, https:\/\/www.yousanusb.com\/wp-content\/uploads\/2025\/12\/Daohe-Red-Hawk-Helicopter-USB-Drive-1-12x12.jpg 12w, https:\/\/www.yousanusb.com\/wp-content\/uploads\/2025\/12\/Daohe-Red-Hawk-Helicopter-USB-Drive-1-600x600.jpg 600w, https:\/\/www.yousanusb.com\/wp-content\/uploads\/2025\/12\/Daohe-Red-Hawk-Helicopter-USB-Drive-1-100x100.jpg 100w\" sizes=\"(max-width: 800px) 100vw, 800px\" \/><\/figure>\n<\/div>\n\n\n\n<div class=\"wp-block-column is-layout-flow wp-block-column-is-layout-flow\">\n<figure class=\"wp-block-image size-full\"><img decoding=\"async\" width=\"800\" height=\"800\" src=\"https:\/\/www.yousanusb.com\/wp-content\/uploads\/2025\/12\/custom-Daohe-Red-Hawk-Helicopter-USB-Drive.jpg\" alt=\"\" class=\"wp-image-25015\" srcset=\"https:\/\/www.yousanusb.com\/wp-content\/uploads\/2025\/12\/custom-Daohe-Red-Hawk-Helicopter-USB-Drive.jpg 800w, https:\/\/www.yousanusb.com\/wp-content\/uploads\/2025\/12\/custom-Daohe-Red-Hawk-Helicopter-USB-Drive-300x300.jpg 300w, https:\/\/www.yousanusb.com\/wp-content\/uploads\/2025\/12\/custom-Daohe-Red-Hawk-Helicopter-USB-Drive-150x150.jpg 150w, https:\/\/www.yousanusb.com\/wp-content\/uploads\/2025\/12\/custom-Daohe-Red-Hawk-Helicopter-USB-Drive-768x768.jpg 768w, https:\/\/www.yousanusb.com\/wp-content\/uploads\/2025\/12\/custom-Daohe-Red-Hawk-Helicopter-USB-Drive-12x12.jpg 12w, https:\/\/www.yousanusb.com\/wp-content\/uploads\/2025\/12\/custom-Daohe-Red-Hawk-Helicopter-USB-Drive-600x600.jpg 600w, https:\/\/www.yousanusb.com\/wp-content\/uploads\/2025\/12\/custom-Daohe-Red-Hawk-Helicopter-USB-Drive-100x100.jpg 100w\" sizes=\"(max-width: 800px) 100vw, 800px\" \/><\/figure>\n<\/div>\n<\/div>\n\n\n\n<h2 class=\"wp-block-heading\">1.Aplicaciones adecuadas para esta unidad USB:<\/h2>\n\n\n\n<ul class=\"wp-block-list\">\n<li>Actos de agradecimiento a clientes corporativos: Regalos pr\u00e1cticos y relevantes para el sector para socios del sector de la aviaci\u00f3n y la log\u00edstica.<\/li>\n\n\n\n<li>Operadores de aviaci\u00f3n general: Ideales como obsequios para empleados o visitas a clientes para reforzar la identidad de marca dentro del sector de la aviaci\u00f3n;<\/li>\n\n\n\n<li>Exposiciones tem\u00e1ticas del sector de la aviaci\u00f3n: Distribuidos como obsequios promocionales para alinearse con los temas del evento y mejorar la visibilidad del stand;<\/li>\n<\/ul>\n\n\n\n<div class=\"wp-block-columns is-layout-flex wp-container-core-columns-is-layout-2 wp-block-columns-is-layout-flex\">\n<div class=\"wp-block-column is-layout-flow wp-block-column-is-layout-flow\">\n<figure class=\"wp-block-image size-full\"><img decoding=\"async\" width=\"800\" height=\"800\" src=\"https:\/\/www.yousanusb.com\/wp-content\/uploads\/2025\/12\/Red-Hawk-Helicopter-USB-Flash-Drive.jpg\" alt=\"\" class=\"wp-image-25017\" srcset=\"https:\/\/www.yousanusb.com\/wp-content\/uploads\/2025\/12\/Red-Hawk-Helicopter-USB-Flash-Drive.jpg 800w, https:\/\/www.yousanusb.com\/wp-content\/uploads\/2025\/12\/Red-Hawk-Helicopter-USB-Flash-Drive-300x300.jpg 300w, https:\/\/www.yousanusb.com\/wp-content\/uploads\/2025\/12\/Red-Hawk-Helicopter-USB-Flash-Drive-150x150.jpg 150w, https:\/\/www.yousanusb.com\/wp-content\/uploads\/2025\/12\/Red-Hawk-Helicopter-USB-Flash-Drive-768x768.jpg 768w, https:\/\/www.yousanusb.com\/wp-content\/uploads\/2025\/12\/Red-Hawk-Helicopter-USB-Flash-Drive-12x12.jpg 12w, https:\/\/www.yousanusb.com\/wp-content\/uploads\/2025\/12\/Red-Hawk-Helicopter-USB-Flash-Drive-600x600.jpg 600w, https:\/\/www.yousanusb.com\/wp-content\/uploads\/2025\/12\/Red-Hawk-Helicopter-USB-Flash-Drive-100x100.jpg 100w\" sizes=\"(max-width: 800px) 100vw, 800px\" \/><\/figure>\n<\/div>\n\n\n\n<div class=\"wp-block-column is-vertically-aligned-center is-layout-flow wp-block-column-is-layout-flow\">\n<h3 class=\"wp-block-heading\">2.Proceso de distribuci\u00f3n de la unidad USB para helic\u00f3pteros de exhibici\u00f3n a\u00e9rea<\/h3>\n\n\n\n<p><strong>Cabina Traffic Drive<\/strong>: Exhibici\u00f3n de muestras USB y carteles con temas de aviaci\u00f3n titulados\u00a0<em>\"Recuerdos de aviaci\u00f3n personalizados\"<\/em>\u00a0para dirigirse a los asistentes del sector de la aviaci\u00f3n.<\/p>\n\n\n\n<p><strong>Pasos de la redenci\u00f3n<\/strong>: Los clientes escanean un c\u00f3digo QR para seguir nuestro WeChat oficial y, a continuaci\u00f3n, registran el nombre de su empresa, la persona de contacto y los requisitos. Presentaci\u00f3n del helic\u00f3ptero de aviaci\u00f3n general DAOHE USB:\u00a0<em>\"Este USB contiene nuestro manual de servicio\".<\/em><\/p>\n\n\n\n<p><strong>Marca interactiva<\/strong>: Invite a los clientes a insertar el USB en los ordenadores de pantalla. Explique brevemente el v\u00ednculo entre el dise\u00f1o del USB y DAOHE para reforzar el reconocimiento de la marca.<\/p>\n\n\n\n<p><strong>Seguimiento posterior al espect\u00e1culo<\/strong>: En un plazo de 24 horas, env\u00ede un SMS\/correo electr\u00f3nico a todos los inscritos:\u00a0<em>\"El USB para helic\u00f3pteros incluye un portal espec\u00edfico de solicitud de servicio. Responda 'SOLICITAR' para conectar con un especialista de servicio\"<\/em>\u00a0para avanzar en futuras oportunidades de negocio.<\/p>\n<\/div>\n<\/div>","protected":false},"excerpt":{"rendered":"<ul>\n<li>Goma blanda de PVC<\/li>\n<li>Personalizable en diferentes formas<\/li>\n<li>Con logotipos exclusivos y n\u00fameros de fuselaje<\/li>\n<li>Opciones de capacidad disponibles de 16 a 64 GB<\/li>\n<li>Puede precargar material promocional corporativo<\/li>\n<li>MOQ:100pcs<\/li>\n<\/ul>","protected":false},"featured_media":25016,"comment_status":"open","ping_status":"closed","template":"","meta":{"_seopress_robots_primary_cat":"none","_seopress_titles_title":"","_seopress_titles_desc":"","_seopress_robots_index":""},"class_list":["post-25012","product","type-product","status-publish","has-post-thumbnail","hentry","product_cat-custom-usb-drive","product_tag-pvc-airplane-usb-flash-drive"],"_links":{"self":[{"href":"https:\/\/www.yousanusb.com\/es\/wp-json\/wp\/v2\/product\/25012"}],"collection":[{"href":"https:\/\/www.yousanusb.com\/es\/wp-json\/wp\/v2\/product"}],"about":[{"href":"https:\/\/www.yousanusb.com\/es\/wp-json\/wp\/v2\/types\/product"}],"replies":[{"embeddable":true,"href":"https:\/\/www.yousanusb.com\/es\/wp-json\/wp\/v2\/comments?post=25012"}],"wp:featuredmedia":[{"embeddable":true,"href":"https:\/\/www.yousanusb.com\/es\/wp-json\/wp\/v2\/media\/25016"}],"wp:attachment":[{"href":"https:\/\/www.yousanusb.com\/es\/wp-json\/wp\/v2\/media?parent=25012"}],"curies":[{"name":"wp","href":"https:\/\/api.w.org\/{rel}","templated":true}]}}