{"id":25020,"date":"2025-12-04T04:02:00","date_gmt":"2025-12-04T04:02:00","guid":{"rendered":"https:\/\/www.yousanusb.com\/?post_type=product&#038;p=25020"},"modified":"2025-12-27T02:24:06","modified_gmt":"2025-12-27T02:24:06","slug":"metal-airplane-usb-flash-drive","status":"publish","type":"product","link":"https:\/\/www.yousanusb.com\/es\/producto\/metal-airplane-usb-flash-drive\/","title":{"rendered":"Memoria USB Avi\u00f3n de metal"},"content":{"rendered":"<div class=\"wp-block-columns is-layout-flex wp-container-core-columns-is-layout-1 wp-block-columns-is-layout-flex\">\n<div class=\"wp-block-column is-layout-flow wp-block-column-is-layout-flow\">\n<figure class=\"wp-block-image size-full\"><img fetchpriority=\"high\" decoding=\"async\" width=\"800\" height=\"800\" src=\"https:\/\/www.yousanusb.com\/wp-content\/uploads\/2025\/12\/metal-airplane-usb-drive-with-keychain.webp\" alt=\"\" class=\"wp-image-25000\" srcset=\"https:\/\/www.yousanusb.com\/wp-content\/uploads\/2025\/12\/metal-airplane-usb-drive-with-keychain.webp 800w, https:\/\/www.yousanusb.com\/wp-content\/uploads\/2025\/12\/metal-airplane-usb-drive-with-keychain-300x300.webp 300w, https:\/\/www.yousanusb.com\/wp-content\/uploads\/2025\/12\/metal-airplane-usb-drive-with-keychain-150x150.webp 150w, https:\/\/www.yousanusb.com\/wp-content\/uploads\/2025\/12\/metal-airplane-usb-drive-with-keychain-768x768.webp 768w, https:\/\/www.yousanusb.com\/wp-content\/uploads\/2025\/12\/metal-airplane-usb-drive-with-keychain-12x12.webp 12w, https:\/\/www.yousanusb.com\/wp-content\/uploads\/2025\/12\/metal-airplane-usb-drive-with-keychain-600x600.webp 600w, https:\/\/www.yousanusb.com\/wp-content\/uploads\/2025\/12\/metal-airplane-usb-drive-with-keychain-100x100.webp 100w\" sizes=\"(max-width: 800px) 100vw, 800px\" \/><\/figure>\n<\/div>\n\n\n\n<div class=\"wp-block-column is-vertically-aligned-center is-layout-flow wp-block-column-is-layout-flow\">\n<p>Esta memoria USB con forma de avi\u00f3n presenta acabados met\u00e1licos de primera calidad (plata, oro, oro rosa) y opciones de marca exclusivas (por ejemplo, Aeropuerto Internacional de Taipei). Incluye un llavero para facilitar su transporte, por lo que es ideal para exhibir marcas del sector de la aviaci\u00f3n.<\/p>\n\n\n\n<p>Con capacidades de almacenamiento de 16 GB a 64 GB y compatibilidad universal con sistemas Windows y Mac, es perfecto para almacenar material promocional corporativo, manuales de productos y mucho m\u00e1s.<\/p>\n<\/div>\n<\/div>\n\n\n\n<h2 class=\"wp-block-heading\">Escenarios adecuados para esta unidad USB:<\/h2>\n\n\n\n<ol class=\"wp-block-list\">\n<li>Operadores aeroportuarios (por ejemplo, el Aeropuerto Internacional de Taipei): Como souvenirs para pasajeros o regalos para socios para reforzar la marca del aeropuerto;<\/li>\n\n\n\n<li>Empresas de transporte a\u00e9reo: Regalos de negociaci\u00f3n empresarial alineados con los atributos del sector para mejorar las impresiones de la asociaci\u00f3n;<\/li>\n\n\n\n<li>Exposiciones tem\u00e1ticas sobre aviaci\u00f3n: Regalos para ferias que complementan la tem\u00e1tica del evento y aumentan la visibilidad del stand;<\/li>\n\n\n\n<li>Eventos de agradecimiento a clientes corporativos para viajeros de negocios: Regalos pr\u00e1cticos para viajeros frecuentes que encajan con el posicionamiento premium de los viajes de negocios.<\/li>\n<\/ol>\n\n\n\n<div class=\"wp-block-columns is-layout-flex wp-container-core-columns-is-layout-2 wp-block-columns-is-layout-flex\">\n<div class=\"wp-block-column is-layout-flow wp-block-column-is-layout-flow\">\n<figure class=\"wp-block-image size-full\"><img decoding=\"async\" width=\"600\" height=\"600\" src=\"https:\/\/www.yousanusb.com\/wp-content\/uploads\/2025\/12\/custom-metal-airplane-usb-flash-drive.jpg\" alt=\"\" class=\"wp-image-25008\" srcset=\"https:\/\/www.yousanusb.com\/wp-content\/uploads\/2025\/12\/custom-metal-airplane-usb-flash-drive.jpg 600w, https:\/\/www.yousanusb.com\/wp-content\/uploads\/2025\/12\/custom-metal-airplane-usb-flash-drive-300x300.jpg 300w, https:\/\/www.yousanusb.com\/wp-content\/uploads\/2025\/12\/custom-metal-airplane-usb-flash-drive-150x150.jpg 150w, https:\/\/www.yousanusb.com\/wp-content\/uploads\/2025\/12\/custom-metal-airplane-usb-flash-drive-12x12.jpg 12w, https:\/\/www.yousanusb.com\/wp-content\/uploads\/2025\/12\/custom-metal-airplane-usb-flash-drive-100x100.jpg 100w\" sizes=\"(max-width: 600px) 100vw, 600px\" \/><\/figure>\n<\/div>\n\n\n\n<div class=\"wp-block-column is-layout-flow wp-block-column-is-layout-flow\">\n<figure class=\"wp-block-image size-full\"><img decoding=\"async\" width=\"800\" height=\"800\" src=\"https:\/\/www.yousanusb.com\/wp-content\/uploads\/2025\/12\/10350470196_11421336.png\" alt=\"\" class=\"wp-image-25025\" srcset=\"https:\/\/www.yousanusb.com\/wp-content\/uploads\/2025\/12\/10350470196_11421336.png 800w, https:\/\/www.yousanusb.com\/wp-content\/uploads\/2025\/12\/10350470196_11421336-300x300.png 300w, https:\/\/www.yousanusb.com\/wp-content\/uploads\/2025\/12\/10350470196_11421336-150x150.png 150w, https:\/\/www.yousanusb.com\/wp-content\/uploads\/2025\/12\/10350470196_11421336-768x768.png 768w, https:\/\/www.yousanusb.com\/wp-content\/uploads\/2025\/12\/10350470196_11421336-12x12.png 12w, https:\/\/www.yousanusb.com\/wp-content\/uploads\/2025\/12\/10350470196_11421336-600x600.png 600w, https:\/\/www.yousanusb.com\/wp-content\/uploads\/2025\/12\/10350470196_11421336-100x100.png 100w\" sizes=\"(max-width: 800px) 100vw, 800px\" \/><\/figure>\n<\/div>\n<\/div>\n\n\n\n<h2 class=\"wp-block-heading\">\u00bfC\u00f3mo puede esta unidad USB establecer una conexi\u00f3n con los usuarios?<\/h2>\n\n\n\n<div class=\"wp-block-columns is-layout-flex wp-container-core-columns-is-layout-3 wp-block-columns-is-layout-flex\">\n<div class=\"wp-block-column is-layout-flow wp-block-column-is-layout-flow\">\n<figure class=\"wp-block-image size-full\"><img loading=\"lazy\" decoding=\"async\" width=\"600\" height=\"600\" src=\"https:\/\/www.yousanusb.com\/wp-content\/uploads\/2025\/12\/metal-airplane-usb-drive-factory.jpg\" alt=\"\" class=\"wp-image-25009\" srcset=\"https:\/\/www.yousanusb.com\/wp-content\/uploads\/2025\/12\/metal-airplane-usb-drive-factory.jpg 600w, https:\/\/www.yousanusb.com\/wp-content\/uploads\/2025\/12\/metal-airplane-usb-drive-factory-300x300.jpg 300w, https:\/\/www.yousanusb.com\/wp-content\/uploads\/2025\/12\/metal-airplane-usb-drive-factory-150x150.jpg 150w, https:\/\/www.yousanusb.com\/wp-content\/uploads\/2025\/12\/metal-airplane-usb-drive-factory-12x12.jpg 12w, https:\/\/www.yousanusb.com\/wp-content\/uploads\/2025\/12\/metal-airplane-usb-drive-factory-100x100.jpg 100w\" sizes=\"(max-width: 600px) 100vw, 600px\" \/><\/figure>\n<\/div>\n\n\n\n<div class=\"wp-block-column is-vertically-aligned-center is-layout-flow wp-block-column-is-layout-flow\">\n<p>Centrado en la \"Memoria USB del Aeropuerto Internacional de Taipei\", el proceso de dise\u00f1o se divide en dos escenarios: recuerdos para pasajeros y regalos para socios.<\/p>\n\n\n\n<p><strong>1. Recuerdos para pasajeros (captaci\u00f3n de viajeros de paso)<\/strong><\/p>\n\n\n\n<p>Establezca puntos de recogida de \"souvenirs exclusivos de aeropuerto\" en los mostradores de facturaci\u00f3n de vuelos internacionales y en las salas de tr\u00e1nsito, exponiendo memorias USB en stands espec\u00edficos;<\/p>\n\n\n\n<p>Proceso de recogida: Los pasajeros presentan su tarjeta de embarque para el mismo d\u00eda en el aeropuerto de Taipei, escanean el c\u00f3digo QR para seguir la cuenta oficial de WeChat del aeropuerto y, a continuaci\u00f3n, recogen la unidad USB; Durante la distribuci\u00f3n, se explica que \"La unidad USB contiene mapas del aeropuerto en alta definici\u00f3n y gu\u00edas de descuentos de tiendas libres de impuestos\";<\/p>\n\n\n\n<p>Compromiso profundo: Guiar a los pasajeros para que inserten la unidad USB para ver los materiales. La cuenta oficial difunde autom\u00e1ticamente \"Ventajas exclusivas del USB (por ejemplo, acceso r\u00e1pido a la reserva de seguridad)\". Cuando m\u00e1s adelante promocione nuevos servicios aeroportuarios a trav\u00e9s de la cuenta, vinc\u00falelo con \"El USB de su vuelo puede actualizarse con las gu\u00edas m\u00e1s recientes\" para reforzar en los pasajeros el recuerdo de la reutilizaci\u00f3n del USB.<\/p>\n<\/div>\n<\/div>\n\n\n\n<div class=\"wp-block-columns is-layout-flex wp-container-core-columns-is-layout-4 wp-block-columns-is-layout-flex\">\n<div class=\"wp-block-column is-vertically-aligned-center is-layout-flow wp-block-column-is-layout-flow\">\n<p><strong>2. Regalos de recuerdo para los socios (Compromiso con los pasajeros de negocios)<\/strong><\/p>\n\n\n\n<p>Momento de la presentaci\u00f3n: Presentado en persona por el personal de enlace inmediatamente despu\u00e9s de concluir las negociaciones de asociaci\u00f3n entre el aeropuerto, las compa\u00f1\u00edas a\u00e9reas y los comerciantes.<\/p>\n\n\n\n<p>Contenido USB: Precargado con los estudios de casos anuales de asociaci\u00f3n del Aeropuerto de Taipei y los manuales de recursos de nuevas rutas.<\/p>\n\n\n\n<p>Compromiso profundo: Durante la entrega, explique: \"Este manual detalla los recursos de asociaci\u00f3n relevantes para sus intereses. Le enviaremos futuras actualizaciones a su correo electr\u00f3nico\". En un plazo de 24 horas, env\u00ede un correo electr\u00f3nico titulado \"Material complementario de asociaci\u00f3n en su USB de vuelo\" para atender necesidades espec\u00edficas.<\/p>\n<\/div>\n\n\n\n<div class=\"wp-block-column is-layout-flow wp-block-column-is-layout-flow\">\n<figure class=\"wp-block-image size-full\"><img loading=\"lazy\" decoding=\"async\" width=\"800\" height=\"800\" src=\"https:\/\/www.yousanusb.com\/wp-content\/uploads\/2025\/12\/custom-airplane-usb-flash-drive-manufacture.jpg\" alt=\"\" class=\"wp-image-25007\" srcset=\"https:\/\/www.yousanusb.com\/wp-content\/uploads\/2025\/12\/custom-airplane-usb-flash-drive-manufacture.jpg 800w, https:\/\/www.yousanusb.com\/wp-content\/uploads\/2025\/12\/custom-airplane-usb-flash-drive-manufacture-300x300.jpg 300w, https:\/\/www.yousanusb.com\/wp-content\/uploads\/2025\/12\/custom-airplane-usb-flash-drive-manufacture-150x150.jpg 150w, https:\/\/www.yousanusb.com\/wp-content\/uploads\/2025\/12\/custom-airplane-usb-flash-drive-manufacture-768x768.jpg 768w, https:\/\/www.yousanusb.com\/wp-content\/uploads\/2025\/12\/custom-airplane-usb-flash-drive-manufacture-12x12.jpg 12w, https:\/\/www.yousanusb.com\/wp-content\/uploads\/2025\/12\/custom-airplane-usb-flash-drive-manufacture-600x600.jpg 600w, https:\/\/www.yousanusb.com\/wp-content\/uploads\/2025\/12\/custom-airplane-usb-flash-drive-manufacture-100x100.jpg 100w\" sizes=\"(max-width: 800px) 100vw, 800px\" \/><\/figure>\n<\/div>\n<\/div>","protected":false},"excerpt":{"rendered":"<ul>\n<li>Logotipo de empresa personalizable<\/li>\n<li>Colores personalizables<\/li>\n<li>Opciones de capacidad disponibles de 16 a 64 GB<\/li>\n<li>Compatible con los principales sistemas de dispositivos<\/li>\n<li>MOQ:100pcs<\/li>\n<\/ul>","protected":false},"featured_media":25031,"comment_status":"open","ping_status":"closed","template":"","meta":{"_seopress_robots_primary_cat":"none","_seopress_titles_title":"","_seopress_titles_desc":"","_seopress_robots_index":""},"class_list":["post-25020","product","type-product","status-publish","has-post-thumbnail","hentry","product_cat-custom-usb-drive","product_cat-metal-usb-flash-drive","product_tag-pvc-airplane-usb-flash-drive"],"_links":{"self":[{"href":"https:\/\/www.yousanusb.com\/es\/wp-json\/wp\/v2\/product\/25020"}],"collection":[{"href":"https:\/\/www.yousanusb.com\/es\/wp-json\/wp\/v2\/product"}],"about":[{"href":"https:\/\/www.yousanusb.com\/es\/wp-json\/wp\/v2\/types\/product"}],"replies":[{"embeddable":true,"href":"https:\/\/www.yousanusb.com\/es\/wp-json\/wp\/v2\/comments?post=25020"}],"wp:featuredmedia":[{"embeddable":true,"href":"https:\/\/www.yousanusb.com\/es\/wp-json\/wp\/v2\/media\/25031"}],"wp:attachment":[{"href":"https:\/\/www.yousanusb.com\/es\/wp-json\/wp\/v2\/media?parent=25020"}],"curies":[{"name":"wp","href":"https:\/\/api.w.org\/{rel}","templated":true}]}}