{"id":25033,"date":"2025-12-04T08:07:51","date_gmt":"2025-12-04T08:07:51","guid":{"rendered":"https:\/\/www.yousanusb.com\/?post_type=product&#038;p=25033"},"modified":"2025-12-16T13:35:08","modified_gmt":"2025-12-16T13:35:08","slug":"orange-shaped-usb-flash-drive","status":"publish","type":"product","link":"https:\/\/www.yousanusb.com\/es\/producto\/orange-shaped-usb-flash-drive\/","title":{"rendered":"Memoria USB con forma de naranja"},"content":{"rendered":"<p>Esta memoria USB naranja es la r\u00e9plica perfecta de una mandarina fresca. Su cuerpo redondo de color naranja est\u00e1 hecho de goma de PVC blanda, con texturas realistas de piel de naranja que resultan suaves y lisas al tacto con un acabado mate. El dise\u00f1o de apertura dividida permite que se cierre como una peque\u00f1a mandarina entera, con una forma regordeta absolutamente adorable.<\/p>\n\n\n\n<div class=\"wp-block-columns is-layout-flex wp-container-core-columns-is-layout-1 wp-block-columns-is-layout-flex\">\n<div class=\"wp-block-column is-layout-flow wp-block-column-is-layout-flow\">\n<figure class=\"wp-block-image size-full\"><img fetchpriority=\"high\" decoding=\"async\" width=\"800\" height=\"792\" src=\"https:\/\/www.yousanusb.com\/wp-content\/uploads\/2025\/12\/Orange-shaped-USB-drive.jpg\" alt=\"\" class=\"wp-image-25036\" srcset=\"https:\/\/www.yousanusb.com\/wp-content\/uploads\/2025\/12\/Orange-shaped-USB-drive.jpg 800w, https:\/\/www.yousanusb.com\/wp-content\/uploads\/2025\/12\/Orange-shaped-USB-drive-300x297.jpg 300w, https:\/\/www.yousanusb.com\/wp-content\/uploads\/2025\/12\/Orange-shaped-USB-drive-150x150.jpg 150w, https:\/\/www.yousanusb.com\/wp-content\/uploads\/2025\/12\/Orange-shaped-USB-drive-768x760.jpg 768w, https:\/\/www.yousanusb.com\/wp-content\/uploads\/2025\/12\/Orange-shaped-USB-drive-12x12.jpg 12w, https:\/\/www.yousanusb.com\/wp-content\/uploads\/2025\/12\/Orange-shaped-USB-drive-600x594.jpg 600w, https:\/\/www.yousanusb.com\/wp-content\/uploads\/2025\/12\/Orange-shaped-USB-drive-100x100.jpg 100w\" sizes=\"(max-width: 800px) 100vw, 800px\" \/><\/figure>\n<\/div>\n\n\n\n<div class=\"wp-block-column is-vertically-aligned-center is-layout-flow wp-block-column-is-layout-flow\">\n<p>La superficie est\u00e1 decorada con frescas hojas verdes, mientras que del extremo cuelga un llavero en forma de estrella; basta con pasarle un cord\u00f3n para engancharlo a las llaves o a un estuche.<\/p>\n\n\n\n<p>Funciona a la vez como unidad USB y como simp\u00e1tica baratija, por lo que da la sensaci\u00f3n de llevar una \"naranjita\" en el bolsillo.<\/p>\n<\/div>\n<\/div>\n\n\n\n<p>En perfecta consonancia con la identidad frutal de la marca: Ideal como obsequio en exposiciones de la marca o lanzamientos de productos, narrativas de la marca Stores o manuales de productos.<\/p>\n\n\n\n<div class=\"wp-block-columns is-layout-flex wp-container-core-columns-is-layout-2 wp-block-columns-is-layout-flex\">\n<div class=\"wp-block-column is-vertically-aligned-center is-layout-flow wp-block-column-is-layout-flow\">\n<p>Creative Market: Gasta 68 yenes o m\u00e1s en una sola transacci\u00f3n y recibe gratis una unidad USB naranja personalizada de 16 GB (con tu apodo o un peque\u00f1o dise\u00f1o, con grabado gratuito in situ).<\/p>\n\n\n\n<p>Supermercado de frutas: Compre 3 jin de naranjas o una caja de regalo de fruta de verano para recibir una unidad USB a juego (precargada con \"Recetas de bebidas heladas de fruta de verano\", pr\u00e1cticas y de temporada).<\/p>\n<\/div>\n\n\n\n<div class=\"wp-block-column is-layout-flow wp-block-column-is-layout-flow\">\n<figure class=\"wp-block-image size-full\"><img decoding=\"async\" width=\"800\" height=\"800\" src=\"https:\/\/www.yousanusb.com\/wp-content\/uploads\/2025\/12\/Orange-shaped-USB-flash-drive.jpg\" alt=\"\" class=\"wp-image-25037\" srcset=\"https:\/\/www.yousanusb.com\/wp-content\/uploads\/2025\/12\/Orange-shaped-USB-flash-drive.jpg 800w, https:\/\/www.yousanusb.com\/wp-content\/uploads\/2025\/12\/Orange-shaped-USB-flash-drive-300x300.jpg 300w, https:\/\/www.yousanusb.com\/wp-content\/uploads\/2025\/12\/Orange-shaped-USB-flash-drive-150x150.jpg 150w, https:\/\/www.yousanusb.com\/wp-content\/uploads\/2025\/12\/Orange-shaped-USB-flash-drive-768x768.jpg 768w, https:\/\/www.yousanusb.com\/wp-content\/uploads\/2025\/12\/Orange-shaped-USB-flash-drive-12x12.jpg 12w, https:\/\/www.yousanusb.com\/wp-content\/uploads\/2025\/12\/Orange-shaped-USB-flash-drive-600x600.jpg 600w, https:\/\/www.yousanusb.com\/wp-content\/uploads\/2025\/12\/Orange-shaped-USB-flash-drive-100x100.jpg 100w\" sizes=\"(max-width: 800px) 100vw, 800px\" \/><\/figure>\n<\/div>\n<\/div>","protected":false},"excerpt":{"rendered":"<ul>\n<li>Memoria USB con forma de naranja<\/li>\n<li>Material de PVC<\/li>\n<li>Logotipo personalizado<\/li>\n<li>Capacidad de 1 GB a 256 GB<\/li>\n<li>MOQ:100pcs<\/li>\n<\/ul>","protected":false},"featured_media":25036,"comment_status":"open","ping_status":"closed","template":"","meta":{"_seopress_robots_primary_cat":"","_seopress_titles_title":"Orange-shaped USB Flash drive","_seopress_titles_desc":"This orange USB drive is a perfect replica of a fresh tangerine! Its round, orange-hued body is crafted from soft PVC rubber, featuring realistic orange peel textures that feel soft and smooth to the touch with a matte finish. The split-open design allows it to close like a whole little tangerine, its plump shape utterly adorable.","_seopress_robots_index":""},"class_list":["post-25033","product","type-product","status-publish","has-post-thumbnail","hentry","product_cat-custom-usb-drive","product_tag-food-usb-flash-drive","product_tag-fruit-usb-flash-drive"],"_links":{"self":[{"href":"https:\/\/www.yousanusb.com\/es\/wp-json\/wp\/v2\/product\/25033"}],"collection":[{"href":"https:\/\/www.yousanusb.com\/es\/wp-json\/wp\/v2\/product"}],"about":[{"href":"https:\/\/www.yousanusb.com\/es\/wp-json\/wp\/v2\/types\/product"}],"replies":[{"embeddable":true,"href":"https:\/\/www.yousanusb.com\/es\/wp-json\/wp\/v2\/comments?post=25033"}],"wp:featuredmedia":[{"embeddable":true,"href":"https:\/\/www.yousanusb.com\/es\/wp-json\/wp\/v2\/media\/25036"}],"wp:attachment":[{"href":"https:\/\/www.yousanusb.com\/es\/wp-json\/wp\/v2\/media?parent=25033"}],"curies":[{"name":"wp","href":"https:\/\/api.w.org\/{rel}","templated":true}]}}