{"id":25049,"date":"2025-12-04T13:58:53","date_gmt":"2025-12-04T13:58:53","guid":{"rendered":"https:\/\/www.yousanusb.com\/?post_type=product&#038;p=25049"},"modified":"2025-12-27T02:20:45","modified_gmt":"2025-12-27T02:20:45","slug":"custom-pvc-airplane-3d-soft-rubber-usb-flash-drive","status":"publish","type":"product","link":"https:\/\/www.yousanusb.com\/es\/producto\/custom-pvc-airplane-3d-soft-rubber-usb-flash-drive\/","title":{"rendered":"Memoria USB personalizada de PVC Avi\u00f3n 3D de goma blanda"},"content":{"rendered":"<p>Esta memoria USB presenta un dise\u00f1o de avi\u00f3n inspirado en la alianza de aerol\u00edneas oneworld, posicion\u00e1ndose como una herramienta de almacenamiento distintiva dentro del sector.<\/p>\n\n\n\n<div class=\"wp-block-columns is-layout-flex wp-container-core-columns-is-layout-1 wp-block-columns-is-layout-flex\">\n<div class=\"wp-block-column is-layout-flow wp-block-column-is-layout-flow\">\n<figure class=\"wp-block-image size-full\"><img fetchpriority=\"high\" decoding=\"async\" width=\"800\" height=\"800\" src=\"https:\/\/www.yousanusb.com\/wp-content\/uploads\/2025\/12\/airplane-flash-drive.jpg\" alt=\"\" class=\"wp-image-25052\" srcset=\"https:\/\/www.yousanusb.com\/wp-content\/uploads\/2025\/12\/airplane-flash-drive.jpg 800w, https:\/\/www.yousanusb.com\/wp-content\/uploads\/2025\/12\/airplane-flash-drive-300x300.jpg 300w, https:\/\/www.yousanusb.com\/wp-content\/uploads\/2025\/12\/airplane-flash-drive-150x150.jpg 150w, https:\/\/www.yousanusb.com\/wp-content\/uploads\/2025\/12\/airplane-flash-drive-768x768.jpg 768w, https:\/\/www.yousanusb.com\/wp-content\/uploads\/2025\/12\/airplane-flash-drive-12x12.jpg 12w, https:\/\/www.yousanusb.com\/wp-content\/uploads\/2025\/12\/airplane-flash-drive-600x600.jpg 600w, https:\/\/www.yousanusb.com\/wp-content\/uploads\/2025\/12\/airplane-flash-drive-100x100.jpg 100w\" sizes=\"(max-width: 800px) 100vw, 800px\" \/><\/figure>\n<\/div>\n\n\n\n<div class=\"wp-block-column is-vertically-aligned-center is-layout-flow wp-block-column-is-layout-flow\">\n<p>El dise\u00f1o de esta memoria USB se inspira en los logotipos de las aletas traseras de aerol\u00edneas miembros como British Airways y Malaysia Airlines. Cada dise\u00f1o conserva la identidad del fuselaje de la aerol\u00ednea a la vez que incorpora el logotipo de la alianza Oneworld, ofreciendo opciones de marca vers\u00e1tiles que combinan a la perfecci\u00f3n temas de la industria de la aviaci\u00f3n con un dise\u00f1o centrado en el marketing.<\/p>\n\n\n\n<p>Fabricada con un material compuesto de PVC suave y duradero con una excelente resistencia a la abrasi\u00f3n, ofrece una capacidad de almacenamiento de 16 GB a 64 GB y compatibilidad total con la mayor\u00eda de los sistemas operativos para una verdadera funcionalidad plug-and-play. Los contenidos personalizables precargados, como manuales de servicio de aerol\u00edneas, informaci\u00f3n sobre rutas y material espec\u00edfico de la marca, aumentan su valor pr\u00e1ctico para los usuarios.<\/p>\n<\/div>\n<\/div>\n\n\n\n<div class=\"wp-block-columns is-layout-flex wp-container-core-columns-is-layout-2 wp-block-columns-is-layout-flex\">\n<div class=\"wp-block-column is-vertically-aligned-center is-layout-flow wp-block-column-is-layout-flow\">\n<h2 class=\"wp-block-heading\">Esta unidad USB es adecuada para los siguientes casos:<\/h2>\n\n\n\n<ol class=\"wp-block-list\">\n<li>Aerol\u00edneas miembros de la Alianza Oneworld: Como beneficios para empleados o regalos para viajeros frecuentes para reforzar el reconocimiento de la marca de la alianza;<\/li>\n\n\n\n<li>Empresas de servicios de aviaci\u00f3n: Dotes de negociaci\u00f3n empresarial que se alinean con la industria de la aviaci\u00f3n y mejoran la relevancia de la asociaci\u00f3n;<\/li>\n\n\n\n<li>Exposiciones tem\u00e1ticas sobre aviaci\u00f3n: Regalos para exposiciones que complementan el tema del evento y aumentan la visibilidad del stand;<\/li>\n\n\n\n<li>Actos de agradecimiento a los clientes de las compa\u00f1\u00edas a\u00e9reas: Se distribuye a viajeros de alto nivel para satisfacer necesidades pr\u00e1cticas durante el viaje en avi\u00f3n.<\/li>\n<\/ol>\n<\/div>\n\n\n\n<div class=\"wp-block-column is-layout-flow wp-block-column-is-layout-flow\">\n<figure class=\"wp-block-image size-full\"><img decoding=\"async\" width=\"800\" height=\"800\" src=\"https:\/\/www.yousanusb.com\/wp-content\/uploads\/2025\/12\/custom-PVC-airplane-usb-flash-drive.jpg\" alt=\"\" class=\"wp-image-25055\" srcset=\"https:\/\/www.yousanusb.com\/wp-content\/uploads\/2025\/12\/custom-PVC-airplane-usb-flash-drive.jpg 800w, https:\/\/www.yousanusb.com\/wp-content\/uploads\/2025\/12\/custom-PVC-airplane-usb-flash-drive-300x300.jpg 300w, https:\/\/www.yousanusb.com\/wp-content\/uploads\/2025\/12\/custom-PVC-airplane-usb-flash-drive-150x150.jpg 150w, https:\/\/www.yousanusb.com\/wp-content\/uploads\/2025\/12\/custom-PVC-airplane-usb-flash-drive-768x768.jpg 768w, https:\/\/www.yousanusb.com\/wp-content\/uploads\/2025\/12\/custom-PVC-airplane-usb-flash-drive-12x12.jpg 12w, https:\/\/www.yousanusb.com\/wp-content\/uploads\/2025\/12\/custom-PVC-airplane-usb-flash-drive-600x600.jpg 600w, https:\/\/www.yousanusb.com\/wp-content\/uploads\/2025\/12\/custom-PVC-airplane-usb-flash-drive-100x100.jpg 100w\" sizes=\"(max-width: 800px) 100vw, 800px\" \/><\/figure>\n<\/div>\n<\/div>\n\n\n\n<h2 class=\"wp-block-heading\">Proceso de dise\u00f1o para aerol\u00edneas miembros de la Alianza Oneworld como beneficios para empleados o regalos para viajeros frecuentes:<\/h2>\n\n\n\n<div class=\"wp-block-columns is-layout-flex wp-container-core-columns-is-layout-3 wp-block-columns-is-layout-flex\">\n<div class=\"wp-block-column is-vertically-aligned-center is-layout-flow wp-block-column-is-layout-flow\">\n<h3 class=\"wp-block-heading\">1. Programa de beneficios para empleados de Alliance Airline<\/h3>\n\n\n\n<p><strong>Calendario de distribuci\u00f3n<\/strong>: Orientaci\u00f3n de empleados, aniversarios de operaciones a\u00e9reas y ceremonias de entrega de premios a empleados por hitos.<\/p>\n\n\n\n<p><strong>Proceso de reclamaciones<\/strong>: Los empleados se registran a trav\u00e9s del sistema de RRHH de la aerol\u00ednea. En el momento de la distribuci\u00f3n, cada USB lleva una etiqueta que indica que contiene la Gu\u00eda de ventajas para empleados de l\u00edneas a\u00e9reas cruzadas de la Alianza Oneworld, que incluye descuentos en billetes internos y acceso a salas VIP.<\/p>\n\n\n\n<p><strong>Valor en curso<\/strong>: Los empleados utilizan el USB para acceder a las ventajas, y las nuevas actualizaciones de la alianza se cargan peri\u00f3dicamente en una carpeta espec\u00edfica a trav\u00e9s del sistema interno de OA. De este modo, el USB se convierte en un recurso permanente para los privilegios de la alianza, lo que refuerza el sentimiento de pertenencia de los empleados a la marca de la alianza.<\/p>\n<\/div>\n\n\n\n<div class=\"wp-block-column is-layout-flow wp-block-column-is-layout-flow\">\n<figure class=\"wp-block-image size-full\"><img decoding=\"async\" width=\"800\" height=\"800\" src=\"https:\/\/www.yousanusb.com\/wp-content\/uploads\/2025\/12\/British-Airways-airplane-USB-flash-drive-1.jpeg\" alt=\"\" class=\"wp-image-25054\" srcset=\"https:\/\/www.yousanusb.com\/wp-content\/uploads\/2025\/12\/British-Airways-airplane-USB-flash-drive-1.jpeg 800w, https:\/\/www.yousanusb.com\/wp-content\/uploads\/2025\/12\/British-Airways-airplane-USB-flash-drive-1-300x300.jpeg 300w, https:\/\/www.yousanusb.com\/wp-content\/uploads\/2025\/12\/British-Airways-airplane-USB-flash-drive-1-150x150.jpeg 150w, https:\/\/www.yousanusb.com\/wp-content\/uploads\/2025\/12\/British-Airways-airplane-USB-flash-drive-1-768x768.jpeg 768w, https:\/\/www.yousanusb.com\/wp-content\/uploads\/2025\/12\/British-Airways-airplane-USB-flash-drive-1-12x12.jpeg 12w, https:\/\/www.yousanusb.com\/wp-content\/uploads\/2025\/12\/British-Airways-airplane-USB-flash-drive-1-600x600.jpeg 600w, https:\/\/www.yousanusb.com\/wp-content\/uploads\/2025\/12\/British-Airways-airplane-USB-flash-drive-1-100x100.jpeg 100w\" sizes=\"(max-width: 800px) 100vw, 800px\" \/><\/figure>\n<\/div>\n<\/div>\n\n\n\n<div class=\"wp-block-columns is-layout-flex wp-container-core-columns-is-layout-4 wp-block-columns-is-layout-flex\">\n<div class=\"wp-block-column is-layout-flow wp-block-column-is-layout-flow\">\n<figure class=\"wp-block-image size-full\"><img fetchpriority=\"high\" decoding=\"async\" width=\"800\" height=\"800\" src=\"https:\/\/www.yousanusb.com\/wp-content\/uploads\/2025\/12\/airplane-flash-drive.jpg\" alt=\"\" class=\"wp-image-25052\" srcset=\"https:\/\/www.yousanusb.com\/wp-content\/uploads\/2025\/12\/airplane-flash-drive.jpg 800w, https:\/\/www.yousanusb.com\/wp-content\/uploads\/2025\/12\/airplane-flash-drive-300x300.jpg 300w, https:\/\/www.yousanusb.com\/wp-content\/uploads\/2025\/12\/airplane-flash-drive-150x150.jpg 150w, https:\/\/www.yousanusb.com\/wp-content\/uploads\/2025\/12\/airplane-flash-drive-768x768.jpg 768w, https:\/\/www.yousanusb.com\/wp-content\/uploads\/2025\/12\/airplane-flash-drive-12x12.jpg 12w, https:\/\/www.yousanusb.com\/wp-content\/uploads\/2025\/12\/airplane-flash-drive-600x600.jpg 600w, https:\/\/www.yousanusb.com\/wp-content\/uploads\/2025\/12\/airplane-flash-drive-100x100.jpg 100w\" sizes=\"(max-width: 800px) 100vw, 800px\" \/><\/figure>\n<\/div>\n\n\n\n<div class=\"wp-block-column is-vertically-aligned-center is-layout-flow wp-block-column-is-layout-flow\">\n<h3 class=\"wp-block-heading\">Regalo para miembros de la Alianza Elite: Unidad USB<\/h3>\n\n\n\n<p><strong>Distribuci\u00f3n<\/strong>:<\/p>\n\n\n\n<p>Para los miembros de la \u00e9lite de Business\/Primera Clase en los mostradores de servicio de los aeropuertos, al alcanzar los umbrales de millas del programa (por ejemplo, el estatus de Tarjeta Plata).<\/p>\n<\/div>\n<\/div>\n\n\n\n<p><strong>Proceso de canje<\/strong>:<\/p>\n\n\n\n<ol class=\"wp-block-list\">\n<li>Los miembros verifican su estatus de \u00e9lite para recibir el USB.<\/li>\n\n\n\n<li>El personal lo explica:&nbsp;<em>\"Este USB est\u00e1 precargado con descuentos interl\u00ednea Oneworld y acceso a salas VIP globales\".<\/em><\/li>\n\n\n\n<li>Indique a los afiliados que escaneen un c\u00f3digo QR para vincular su afiliaci\u00f3n y recibir por SMS informaci\u00f3n actualizada sobre descuentos en vuelos.<\/li>\n<\/ol>\n\n\n\n<p>De este modo, el USB resulta m\u00e1s pr\u00e1ctico para acceder a las ventajas de la alianza, lo que aumenta la fidelidad de los miembros.<\/p>","protected":false},"excerpt":{"rendered":"<ul>\n<li>dise\u00f1o y logotipo de la aerol\u00ednea neworld<\/li>\n<li>Goma blanda de PVC, resistente a los golpes<\/li>\n<li>Estilos de serie multiaerol\u00ednea<\/li>\n<li>Opciones de capacidad de 16-64 GB<\/li>\n<li>Compatible con los principales sistemas de dispositivos<\/li>\n<li>Precargable con materiales exclusivos para aerol\u00edneas<\/li>\n<li>MOQ:100pcs<\/li>\n<\/ul>","protected":false},"featured_media":25053,"comment_status":"open","ping_status":"closed","template":"","meta":{"_seopress_robots_primary_cat":"none","_seopress_titles_title":"","_seopress_titles_desc":"","_seopress_robots_index":""},"class_list":["post-25049","product","type-product","status-publish","has-post-thumbnail","hentry","product_cat-custom-usb-drive","product_tag-pvc-airplane-usb-flash-drive"],"_links":{"self":[{"href":"https:\/\/www.yousanusb.com\/es\/wp-json\/wp\/v2\/product\/25049"}],"collection":[{"href":"https:\/\/www.yousanusb.com\/es\/wp-json\/wp\/v2\/product"}],"about":[{"href":"https:\/\/www.yousanusb.com\/es\/wp-json\/wp\/v2\/types\/product"}],"replies":[{"embeddable":true,"href":"https:\/\/www.yousanusb.com\/es\/wp-json\/wp\/v2\/comments?post=25049"}],"wp:featuredmedia":[{"embeddable":true,"href":"https:\/\/www.yousanusb.com\/es\/wp-json\/wp\/v2\/media\/25053"}],"wp:attachment":[{"href":"https:\/\/www.yousanusb.com\/es\/wp-json\/wp\/v2\/media?parent=25049"}],"curies":[{"name":"wp","href":"https:\/\/api.w.org\/{rel}","templated":true}]}}