{"id":25056,"date":"2025-12-06T02:50:22","date_gmt":"2025-12-06T02:50:22","guid":{"rendered":"https:\/\/www.yousanusb.com\/?post_type=product&#038;p=25056"},"modified":"2025-12-27T02:09:58","modified_gmt":"2025-12-27T02:09:58","slug":"high-speed-rail-usb-flash-drive","status":"publish","type":"product","link":"https:\/\/www.yousanusb.com\/es\/producto\/high-speed-rail-usb-flash-drive\/","title":{"rendered":"Memoria USB de alta velocidad"},"content":{"rendered":"<p>El l\u00e1piz de memoria representa el dise\u00f1o del tren bala Fuxing en su concepci\u00f3n real. Es una versi\u00f3n miniaturizada y ligera del dise\u00f1o original. Tambi\u00e9n funciona como una unidad de memoria USB normal.<\/p>\n\n\n\n<div class=\"wp-block-columns is-layout-flex wp-container-core-columns-is-layout-1 wp-block-columns-is-layout-flex\">\n<div class=\"wp-block-column is-layout-flow wp-block-column-is-layout-flow\">\n<figure class=\"wp-block-image size-full\"><img fetchpriority=\"high\" decoding=\"async\" width=\"800\" height=\"800\" src=\"https:\/\/www.yousanusb.com\/wp-content\/uploads\/2025\/12\/High-Speed-Rail-USB-Flash-Drive.jpg\" alt=\"\" class=\"wp-image-25061\" srcset=\"https:\/\/www.yousanusb.com\/wp-content\/uploads\/2025\/12\/High-Speed-Rail-USB-Flash-Drive.jpg 800w, https:\/\/www.yousanusb.com\/wp-content\/uploads\/2025\/12\/High-Speed-Rail-USB-Flash-Drive-300x300.jpg 300w, https:\/\/www.yousanusb.com\/wp-content\/uploads\/2025\/12\/High-Speed-Rail-USB-Flash-Drive-150x150.jpg 150w, https:\/\/www.yousanusb.com\/wp-content\/uploads\/2025\/12\/High-Speed-Rail-USB-Flash-Drive-768x768.jpg 768w, https:\/\/www.yousanusb.com\/wp-content\/uploads\/2025\/12\/High-Speed-Rail-USB-Flash-Drive-12x12.jpg 12w, https:\/\/www.yousanusb.com\/wp-content\/uploads\/2025\/12\/High-Speed-Rail-USB-Flash-Drive-600x600.jpg 600w, https:\/\/www.yousanusb.com\/wp-content\/uploads\/2025\/12\/High-Speed-Rail-USB-Flash-Drive-100x100.jpg 100w\" sizes=\"(max-width: 800px) 100vw, 800px\" \/><\/figure>\n<\/div>\n\n\n\n<div class=\"wp-block-column is-vertically-aligned-center is-layout-flow wp-block-column-is-layout-flow\">\n<h2 class=\"wp-block-heading\">Como regalo, sus principales escenarios de aplicaci\u00f3n son los siguientes:<\/h2>\n\n\n\n<ul class=\"wp-block-list\">\n<li><strong>Entidades ferroviarias y de tr\u00e1nsito<\/strong>: Las oficinas de ferrocarriles y los fabricantes de equipos de tr\u00e1nsito ferroviario pueden utilizar estos art\u00edculos como regalos de bienvenida a los empleados y muestras de agradecimiento a los clientes.<\/li>\n\n\n\n<li><strong>Exposiciones de transporte<\/strong>: Ideal como obsequio para expositores en eventos como la Exposici\u00f3n Internacional de Tr\u00e1nsito Ferroviario y la Exposici\u00f3n de Construcci\u00f3n de Transporte Urbano.<\/li>\n\n\n\n<li><strong>Regalos de empresa<\/strong>: Com\u00fanmente ofrecido por la log\u00edstica, la fabricaci\u00f3n y otras industrias relacionadas con el transporte despu\u00e9s de las negociaciones comerciales.<\/li>\n\n\n\n<li><strong>Transporte en el campus Educaci\u00f3n<\/strong>: Sirve de recuerdo para los programas de divulgaci\u00f3n del ferrocarril de alta velocidad dirigidos a estudiantes de ciencias y para los estudios de campo sobre transporte del K-12, mejorando la comprensi\u00f3n de los sistemas ferroviarios.<\/li>\n<\/ul>\n<\/div>\n<\/div>\n\n\n\n<h2 class=\"wp-block-heading\">El ejemplo de la distribuci\u00f3n de memorias USB en ferias del sector del transporte<\/h2>\n\n\n\n<div class=\"wp-block-columns is-layout-flex wp-container-core-columns-is-layout-2 wp-block-columns-is-layout-flex\">\n<div class=\"wp-block-column is-vertically-aligned-center is-layout-flow wp-block-column-is-layout-flow\">\n<h2 class=\"wp-block-heading\">1\u3001<strong>Proceso de contrataci\u00f3n de unidades USB para trenes de alta velocidad<\/strong><\/h2>\n\n\n\n<p><br><strong>Seguimiento final<\/strong>: Al entregar la memoria USB y la tarjeta de visita, a\u00f1ade:\u00a0<em>\"Para colaborar con nosotros en productos o realizar consultas t\u00e9cnicas, no dude en ponerse en contacto con nosotros en cualquier momento: nuestros especialistas dedicados le atender\u00e1n en 24 horas\".<\/em><br><\/p>\n\n\n\n<p><strong>Configuraci\u00f3n de zona<\/strong>: Designe una \"zona tem\u00e1tica de recogida de recuerdos\" en el stand, en la que se expondr\u00e1n muestras de memorias USB de trenes de alta velocidad y se colocar\u00e1 un cartel en el que se indique:\u00a0<em>\"Recogida gratuita: Memorias USB personalizadas con tem\u00e1tica de tr\u00e1nsito ferroviario\"<\/em>.<\/p>\n\n\n\n<p><strong>Respuesta a la consulta del cliente<\/strong>: Cuando los visitantes pregunten por la promoci\u00f3n, expl\u00edqueles brevemente:\u00a0<em>\"Esta unidad USB personalizada para ferrocarriles de alta velocidad viene precargada con nuestros manuales de productos y estudios de casos, ofreciendo tanto utilidad pr\u00e1ctica como valor conmemorativo para la industria.\"<\/em><\/p>\n\n\n\n<p><strong>Orientaci\u00f3n sobre el registro<\/strong>: Gu\u00ede a los visitantes a trav\u00e9s de un registro r\u00e1pido (nombre, empresa, informaci\u00f3n de contacto) con esta explicaci\u00f3n:\u00a0<em>\"Complete el registro para reclamar su unidad USB, y le enviaremos un exclusivo paquete de recursos de la exposici\u00f3n para su referencia\".<\/em><\/p>\n<\/div>\n\n\n\n<div class=\"wp-block-column is-layout-flow wp-block-column-is-layout-flow\">\n<figure class=\"wp-block-image size-full\"><img decoding=\"async\" width=\"800\" height=\"800\" src=\"https:\/\/www.yousanusb.com\/wp-content\/uploads\/2025\/12\/custom-rail-usb-flash-drive.jpg\" alt=\"\" class=\"wp-image-25060\" srcset=\"https:\/\/www.yousanusb.com\/wp-content\/uploads\/2025\/12\/custom-rail-usb-flash-drive.jpg 800w, https:\/\/www.yousanusb.com\/wp-content\/uploads\/2025\/12\/custom-rail-usb-flash-drive-300x300.jpg 300w, https:\/\/www.yousanusb.com\/wp-content\/uploads\/2025\/12\/custom-rail-usb-flash-drive-150x150.jpg 150w, https:\/\/www.yousanusb.com\/wp-content\/uploads\/2025\/12\/custom-rail-usb-flash-drive-768x768.jpg 768w, https:\/\/www.yousanusb.com\/wp-content\/uploads\/2025\/12\/custom-rail-usb-flash-drive-12x12.jpg 12w, https:\/\/www.yousanusb.com\/wp-content\/uploads\/2025\/12\/custom-rail-usb-flash-drive-600x600.jpg 600w, https:\/\/www.yousanusb.com\/wp-content\/uploads\/2025\/12\/custom-rail-usb-flash-drive-100x100.jpg 100w\" sizes=\"(max-width: 800px) 100vw, 800px\" \/><\/figure>\n<\/div>\n<\/div>\n\n\n\n<div class=\"wp-block-columns is-layout-flex wp-container-core-columns-is-layout-3 wp-block-columns-is-layout-flex\">\n<div class=\"wp-block-column is-layout-flow wp-block-column-is-layout-flow\">\n<figure class=\"wp-block-image size-full\"><img decoding=\"async\" width=\"800\" height=\"800\" src=\"https:\/\/www.yousanusb.com\/wp-content\/uploads\/2025\/12\/cool-train-usb-flash-drive.jpg\" alt=\"\" class=\"wp-image-25059\" srcset=\"https:\/\/www.yousanusb.com\/wp-content\/uploads\/2025\/12\/cool-train-usb-flash-drive.jpg 800w, https:\/\/www.yousanusb.com\/wp-content\/uploads\/2025\/12\/cool-train-usb-flash-drive-300x300.jpg 300w, https:\/\/www.yousanusb.com\/wp-content\/uploads\/2025\/12\/cool-train-usb-flash-drive-150x150.jpg 150w, https:\/\/www.yousanusb.com\/wp-content\/uploads\/2025\/12\/cool-train-usb-flash-drive-768x768.jpg 768w, https:\/\/www.yousanusb.com\/wp-content\/uploads\/2025\/12\/cool-train-usb-flash-drive-12x12.jpg 12w, https:\/\/www.yousanusb.com\/wp-content\/uploads\/2025\/12\/cool-train-usb-flash-drive-600x600.jpg 600w, https:\/\/www.yousanusb.com\/wp-content\/uploads\/2025\/12\/cool-train-usb-flash-drive-100x100.jpg 100w\" sizes=\"(max-width: 800px) 100vw, 800px\" \/><\/figure>\n<\/div>\n\n\n\n<div class=\"wp-block-column is-vertically-aligned-center is-layout-flow wp-block-column-is-layout-flow\">\n<h2 class=\"wp-block-heading\">2\u3001Estrategia de seguimiento posterior al evento<\/h2>\n\n\n\n<p><strong>Compromiso a largo plazo<\/strong>: Invitamos a los clientes a unirse a los grupos de debate del sector, donde compartimos peri\u00f3dicamente actualizaciones sobre el tr\u00e1nsito ferroviario e informaci\u00f3n sobre nuevos productos para mantener conexiones continuas.<\/p>\n\n\n\n<p><strong>Seguimiento automatizado en 24 horas<\/strong>: Enviar SMS\/email a todos los clientes registrados:<em>\"Gracias por asistir a la XX Exposici\u00f3n. Le hemos entregado su memoria USB de alta velocidad ferroviaria y le adjuntamos su paquete de recursos personalizados. No dude en ponerse en contacto con nosotros para m\u00e1s detalles de colaboraci\u00f3n.\"<\/em><\/p>\n\n\n\n<p><strong>Seguimiento espec\u00edfico de 3 d\u00edas<\/strong>: Llame a clientes clave (por ejemplo, operadores de transporte ferroviario, compradores de equipos) para preguntarles:<em>\"\u00bfLa unidad USB de alta velocidad ferroviaria que ha recibido cumple sus expectativas? \u00bfDesea una presentaci\u00f3n detallada de nuestro producto\/soluci\u00f3n XX?\"<\/em><\/p>\n<\/div>\n<\/div>","protected":false},"excerpt":{"rendered":"<ul>\n<li>Dise\u00f1o tem\u00e1tico del tren de alta velocidad<\/li>\n<li>Transferencia r\u00e1pida de datos<\/li>\n<li>Compacto y port\u00e1til<\/li>\n<li>Admite la personalizaci\u00f3n corporativa<\/li>\n<li>Compatibilidad multiescenario<\/li>\n<li>MOQ:100pcs<\/li>\n<\/ul>","protected":false},"featured_media":25063,"comment_status":"open","ping_status":"closed","template":"","meta":{"_seopress_robots_primary_cat":"none","_seopress_titles_title":"","_seopress_titles_desc":"","_seopress_robots_index":""},"class_list":["post-25056","product","type-product","status-publish","has-post-thumbnail","hentry","product_cat-custom-usb-drive","product_tag-pvc-airplane-usb-flash-drive"],"_links":{"self":[{"href":"https:\/\/www.yousanusb.com\/es\/wp-json\/wp\/v2\/product\/25056"}],"collection":[{"href":"https:\/\/www.yousanusb.com\/es\/wp-json\/wp\/v2\/product"}],"about":[{"href":"https:\/\/www.yousanusb.com\/es\/wp-json\/wp\/v2\/types\/product"}],"replies":[{"embeddable":true,"href":"https:\/\/www.yousanusb.com\/es\/wp-json\/wp\/v2\/comments?post=25056"}],"wp:featuredmedia":[{"embeddable":true,"href":"https:\/\/www.yousanusb.com\/es\/wp-json\/wp\/v2\/media\/25063"}],"wp:attachment":[{"href":"https:\/\/www.yousanusb.com\/es\/wp-json\/wp\/v2\/media?parent=25056"}],"curies":[{"name":"wp","href":"https:\/\/api.w.org\/{rel}","templated":true}]}}