{"id":25076,"date":"2025-12-06T14:29:12","date_gmt":"2025-12-06T14:29:12","guid":{"rendered":"https:\/\/www.yousanusb.com\/?post_type=product&#038;p=25076"},"modified":"2025-12-27T02:06:28","modified_gmt":"2025-12-27T02:06:28","slug":"english-letter-shaped-usb-flash-drive","status":"publish","type":"product","link":"https:\/\/www.yousanusb.com\/es\/producto\/english-letter-shaped-usb-flash-drive\/","title":{"rendered":"Memoria USB con forma de letra inglesa"},"content":{"rendered":"<p>Memorias USB dise\u00f1adas a partir de caracteres de la lengua inglesa. Estas memorias USB est\u00e1n hechas con formas de letras en 3D que representan palabras \u00fanicas (por ejemplo, CUSTOM o el nombre de una persona). Aunque generalmente est\u00e1n estructuradas para su uso como llavero, tambi\u00e9n incluyen divertidos motivos de animales y opciones decorativas como iconos.<\/p>\n\n\n\n<div class=\"wp-block-columns is-layout-flex wp-container-core-columns-is-layout-1 wp-block-columns-is-layout-flex\">\n<div class=\"wp-block-column is-layout-flow wp-block-column-is-layout-flow\">\n<figure class=\"wp-block-image size-full\"><img fetchpriority=\"high\" decoding=\"async\" width=\"800\" height=\"800\" src=\"https:\/\/www.yousanusb.com\/wp-content\/uploads\/2025\/12\/English-Letter-Shaped-USB-Flash-Drive.jpg\" alt=\"\" class=\"wp-image-25082\" srcset=\"https:\/\/www.yousanusb.com\/wp-content\/uploads\/2025\/12\/English-Letter-Shaped-USB-Flash-Drive.jpg 800w, https:\/\/www.yousanusb.com\/wp-content\/uploads\/2025\/12\/English-Letter-Shaped-USB-Flash-Drive-300x300.jpg 300w, https:\/\/www.yousanusb.com\/wp-content\/uploads\/2025\/12\/English-Letter-Shaped-USB-Flash-Drive-150x150.jpg 150w, https:\/\/www.yousanusb.com\/wp-content\/uploads\/2025\/12\/English-Letter-Shaped-USB-Flash-Drive-768x768.jpg 768w, https:\/\/www.yousanusb.com\/wp-content\/uploads\/2025\/12\/English-Letter-Shaped-USB-Flash-Drive-12x12.jpg 12w, https:\/\/www.yousanusb.com\/wp-content\/uploads\/2025\/12\/English-Letter-Shaped-USB-Flash-Drive-600x600.jpg 600w, https:\/\/www.yousanusb.com\/wp-content\/uploads\/2025\/12\/English-Letter-Shaped-USB-Flash-Drive-100x100.jpg 100w\" sizes=\"(max-width: 800px) 100vw, 800px\" \/><\/figure>\n<\/div>\n\n\n\n<div class=\"wp-block-column is-vertically-aligned-center is-layout-flow wp-block-column-is-layout-flow\">\n<p>Peque\u00f1as y port\u00e1tiles, no s\u00f3lo son \u00fatiles dispositivos de almacenamiento, sino tambi\u00e9n peque\u00f1os accesorios \u00fanicos. \u00bfCu\u00e1ndo utilizar estas memorias USB? Por ejemplo: La marca de hardware inteligente LIGHT LIFE present\u00f3 su nuevo producto \"Light &amp; Trendy Life\".<\/p>\n<\/div>\n<\/div>\n\n\n\n<p><br><br>Para los medios de comunicaci\u00f3n tecnol\u00f3gicos y socios de canal asistentes, personalizaron discos en forma de U con el eslogan de su marca \"LIGHT LIFE\". - Detalles personalizados: Los discos U utilizaban los colores principales de la marca (azul claro + blanco) para las letras en 3D que deletreaban \"LIGHT LIFE\". Cada uno de ellos ven\u00eda precargado con v\u00eddeos editados de unboxing, hojas de especificaciones detalladas y pol\u00edticas de cooperaci\u00f3n de lanzamiento exclusivas para los socios.<\/p>\n\n\n\n<div class=\"wp-block-columns is-layout-flex wp-container-core-columns-is-layout-2 wp-block-columns-is-layout-flex\">\n<div class=\"wp-block-column is-layout-flow wp-block-column-is-layout-flow\">\n<figure class=\"wp-block-image size-full\"><img decoding=\"async\" width=\"800\" height=\"800\" src=\"https:\/\/www.yousanusb.com\/wp-content\/uploads\/2025\/12\/Custom-Letter-USB-Drive.jpg\" alt=\"\" class=\"wp-image-25081\" srcset=\"https:\/\/www.yousanusb.com\/wp-content\/uploads\/2025\/12\/Custom-Letter-USB-Drive.jpg 800w, https:\/\/www.yousanusb.com\/wp-content\/uploads\/2025\/12\/Custom-Letter-USB-Drive-300x300.jpg 300w, https:\/\/www.yousanusb.com\/wp-content\/uploads\/2025\/12\/Custom-Letter-USB-Drive-150x150.jpg 150w, https:\/\/www.yousanusb.com\/wp-content\/uploads\/2025\/12\/Custom-Letter-USB-Drive-768x768.jpg 768w, https:\/\/www.yousanusb.com\/wp-content\/uploads\/2025\/12\/Custom-Letter-USB-Drive-12x12.jpg 12w, https:\/\/www.yousanusb.com\/wp-content\/uploads\/2025\/12\/Custom-Letter-USB-Drive-600x600.jpg 600w, https:\/\/www.yousanusb.com\/wp-content\/uploads\/2025\/12\/Custom-Letter-USB-Drive-100x100.jpg 100w\" sizes=\"(max-width: 800px) 100vw, 800px\" \/><\/figure>\n<\/div>\n\n\n\n<div class=\"wp-block-column is-layout-flow wp-block-column-is-layout-flow\">\n<figure class=\"wp-block-image size-full\"><img decoding=\"async\" width=\"800\" height=\"800\" src=\"https:\/\/www.yousanusb.com\/wp-content\/uploads\/2025\/12\/Alphabet-shaped-USB-Stick.jpg\" alt=\"\" class=\"wp-image-25079\" srcset=\"https:\/\/www.yousanusb.com\/wp-content\/uploads\/2025\/12\/Alphabet-shaped-USB-Stick.jpg 800w, https:\/\/www.yousanusb.com\/wp-content\/uploads\/2025\/12\/Alphabet-shaped-USB-Stick-300x300.jpg 300w, https:\/\/www.yousanusb.com\/wp-content\/uploads\/2025\/12\/Alphabet-shaped-USB-Stick-150x150.jpg 150w, https:\/\/www.yousanusb.com\/wp-content\/uploads\/2025\/12\/Alphabet-shaped-USB-Stick-768x768.jpg 768w, https:\/\/www.yousanusb.com\/wp-content\/uploads\/2025\/12\/Alphabet-shaped-USB-Stick-12x12.jpg 12w, https:\/\/www.yousanusb.com\/wp-content\/uploads\/2025\/12\/Alphabet-shaped-USB-Stick-600x600.jpg 600w, https:\/\/www.yousanusb.com\/wp-content\/uploads\/2025\/12\/Alphabet-shaped-USB-Stick-100x100.jpg 100w\" sizes=\"(max-width: 800px) 100vw, 800px\" \/><\/figure>\n<\/div>\n<\/div>\n\n\n\n<ul class=\"wp-block-list\">\n<li><strong>Uso in situ: <\/strong>Entregados como recuerdo durante el registro. El anfitri\u00f3n tambi\u00e9n mencion\u00f3 en la sesi\u00f3n interactiva: \"Este 'l\u00e1piz de memoria de cartas' tiene toda la informaci\u00f3n sobre los nuevos productos: \u00a1s\u00faper pr\u00e1ctico para escribir rese\u00f1as o colaborar m\u00e1s tarde!\".<\/li>\n\n\n\n<li><strong>Valor:<\/strong> Los medios de comunicaci\u00f3n pueden utilizar directamente los materiales oficiales de la memoria USB cuando escriban rese\u00f1as. Los socios llevan la llave USB en sus comunicaciones diarias, mostrando de forma natural el eslogan de la marca a sus compa\u00f1eros: \u00a1es como una exposici\u00f3n m\u00f3vil de la marca!<\/li>\n<\/ul>\n\n\n\n<p><\/p>","protected":false},"excerpt":{"rendered":"<ul>\n<li>En forma de letra inglesa<\/li>\n<li>Memoria USB<\/li>\n<li>Material de PVC<\/li>\n<li>Csutom hizo<\/li>\n<li>MOQ:100pcs<\/li>\n<\/ul>","protected":false},"featured_media":25082,"comment_status":"open","ping_status":"closed","template":"","meta":{"_seopress_robots_primary_cat":"none","_seopress_titles_title":"English Letter Shaped USB Flash Drive","_seopress_titles_desc":"Custom usb flash drive shaped like English letters! They\u2019re made of colorful 3D letters that spell words (like \"CUSTOM\" or a personal name). Most have a keychain design, plus cute icons or animal decorations.","_seopress_robots_index":""},"class_list":["post-25076","product","type-product","status-publish","has-post-thumbnail","hentry","product_cat-custom-usb-drive"],"_links":{"self":[{"href":"https:\/\/www.yousanusb.com\/es\/wp-json\/wp\/v2\/product\/25076"}],"collection":[{"href":"https:\/\/www.yousanusb.com\/es\/wp-json\/wp\/v2\/product"}],"about":[{"href":"https:\/\/www.yousanusb.com\/es\/wp-json\/wp\/v2\/types\/product"}],"replies":[{"embeddable":true,"href":"https:\/\/www.yousanusb.com\/es\/wp-json\/wp\/v2\/comments?post=25076"}],"wp:featuredmedia":[{"embeddable":true,"href":"https:\/\/www.yousanusb.com\/es\/wp-json\/wp\/v2\/media\/25082"}],"wp:attachment":[{"href":"https:\/\/www.yousanusb.com\/es\/wp-json\/wp\/v2\/media?parent=25076"}],"curies":[{"name":"wp","href":"https:\/\/api.w.org\/{rel}","templated":true}]}}