{"id":25083,"date":"2025-12-06T14:39:52","date_gmt":"2025-12-06T14:39:52","guid":{"rendered":"https:\/\/www.yousanusb.com\/?post_type=product&#038;p=25083"},"modified":"2025-12-27T02:04:14","modified_gmt":"2025-12-27T02:04:14","slug":"bicycle-usb-drive-bike-shaped-usb-flash-drive","status":"publish","type":"product","link":"https:\/\/www.yousanusb.com\/es\/producto\/bicycle-usb-drive-bike-shaped-usb-flash-drive\/","title":{"rendered":"Unidad USB para bicicletas\/Unidad flash USB con forma de bicicleta"},"content":{"rendered":"<p>Esta unidad USB de dibujos animados de bicicletas toma la bicicleta cl\u00e1sica como inspiraci\u00f3n para su dise\u00f1o, recreando meticulosamente todos los detalles de la apariencia de una bicicleta con goma blanda de PVC flexible y resistente al desgaste: el manillar curvado se define con nitidez y dinamismo, el plato y la estructura de los pedales se reproducen con autenticidad, y las llantas negras con ribetes de color marr\u00f3n claro presentan una textura refinada. Los detalles en azul claro adornan la limpia carrocer\u00eda blanca, creando un aspecto fresco y vibrante.<\/p>\n\n\n\n<div class=\"wp-block-columns is-layout-flex wp-container-core-columns-is-layout-1 wp-block-columns-is-layout-flex\">\n<div class=\"wp-block-column is-layout-flow wp-block-column-is-layout-flow\">\n<figure class=\"wp-block-image size-full\"><img fetchpriority=\"high\" decoding=\"async\" width=\"800\" height=\"800\" src=\"https:\/\/www.yousanusb.com\/wp-content\/uploads\/2025\/12\/Bike-USB-Flash-Drive.jpg\" alt=\"\" class=\"wp-image-25087\" srcset=\"https:\/\/www.yousanusb.com\/wp-content\/uploads\/2025\/12\/Bike-USB-Flash-Drive.jpg 800w, https:\/\/www.yousanusb.com\/wp-content\/uploads\/2025\/12\/Bike-USB-Flash-Drive-300x300.jpg 300w, https:\/\/www.yousanusb.com\/wp-content\/uploads\/2025\/12\/Bike-USB-Flash-Drive-150x150.jpg 150w, https:\/\/www.yousanusb.com\/wp-content\/uploads\/2025\/12\/Bike-USB-Flash-Drive-768x768.jpg 768w, https:\/\/www.yousanusb.com\/wp-content\/uploads\/2025\/12\/Bike-USB-Flash-Drive-12x12.jpg 12w, https:\/\/www.yousanusb.com\/wp-content\/uploads\/2025\/12\/Bike-USB-Flash-Drive-600x600.jpg 600w, https:\/\/www.yousanusb.com\/wp-content\/uploads\/2025\/12\/Bike-USB-Flash-Drive-100x100.jpg 100w\" sizes=\"(max-width: 800px) 100vw, 800px\" \/><\/figure>\n<\/div>\n\n\n\n<div class=\"wp-block-column is-vertically-aligned-center is-layout-flow wp-block-column-is-layout-flow\">\n<p>Esta innovadora unidad USB con forma de bicicleta presenta un dise\u00f1o desmontable: la parte delantera (con manillar y rueda) se separa de la trasera (con rueda y asiento). Cuando est\u00e1 conectada, forma una atractiva pantalla decorativa, con un puerto USB integrado para transferir datos sin problemas.<\/p>\n\n\n\n<p>Fabricada en PVC blando y duradero, resiste el uso habitual como llavero, accesorio de viaje o art\u00edculo de uso diario. Elegante y funcional, combina el almacenamiento de datos port\u00e1til con un dise\u00f1o llamativo, por lo que es una adici\u00f3n destacada a sus accesorios tecnol\u00f3gicos.<\/p>\n<\/div>\n<\/div>\n\n\n\n<p><br><\/p>\n\n\n\n<p><strong>Regalo trimestral para la comunidad ciclista urbana<\/strong><br>Una organizaci\u00f3n municipal que promueve \"el uso de la bicicleta como soluci\u00f3n de transporte con bajas emisiones de carbono\" patrocina trimestralmente competiciones ciclistas Urban Greenway. Para conmemorar cada evento, la comunidad produce unidades USB personalizadas con forma de bicicleta, precargadas con mapas de la ruta de la carrera y recursos de reducci\u00f3n de carbono relacionados con el ciclismo, en las que aparece el logotipo de la comunidad.<\/p>\n\n\n\n<p>Fabricados en PVC blando de alta calidad, estos duraderos discos son ideales para ciclistas activos y entusiastas de las actividades al aire libre. Los 50 participantes se mostraron encantados de recibirlos, ya que el robusto material resiste el uso habitual y es perfecto para guardar las rutas y las fotos, lo que los convierte en recuerdos pr\u00e1cticos y memorables.<\/p>\n\n\n\n<div class=\"wp-block-columns is-layout-flex wp-container-core-columns-is-layout-2 wp-block-columns-is-layout-flex\">\n<div class=\"wp-block-column is-layout-flow wp-block-column-is-layout-flow\">\n<figure class=\"wp-block-image size-full\"><img decoding=\"async\" width=\"800\" height=\"800\" src=\"https:\/\/www.yousanusb.com\/wp-content\/uploads\/2025\/12\/Custom-Bike-shaped-USB-Flash-Drive.jpg\" alt=\"\" class=\"wp-image-25088\" srcset=\"https:\/\/www.yousanusb.com\/wp-content\/uploads\/2025\/12\/Custom-Bike-shaped-USB-Flash-Drive.jpg 800w, https:\/\/www.yousanusb.com\/wp-content\/uploads\/2025\/12\/Custom-Bike-shaped-USB-Flash-Drive-300x300.jpg 300w, https:\/\/www.yousanusb.com\/wp-content\/uploads\/2025\/12\/Custom-Bike-shaped-USB-Flash-Drive-150x150.jpg 150w, https:\/\/www.yousanusb.com\/wp-content\/uploads\/2025\/12\/Custom-Bike-shaped-USB-Flash-Drive-768x768.jpg 768w, https:\/\/www.yousanusb.com\/wp-content\/uploads\/2025\/12\/Custom-Bike-shaped-USB-Flash-Drive-12x12.jpg 12w, https:\/\/www.yousanusb.com\/wp-content\/uploads\/2025\/12\/Custom-Bike-shaped-USB-Flash-Drive-600x600.jpg 600w, https:\/\/www.yousanusb.com\/wp-content\/uploads\/2025\/12\/Custom-Bike-shaped-USB-Flash-Drive-100x100.jpg 100w\" sizes=\"(max-width: 800px) 100vw, 800px\" \/><\/figure>\n<\/div>\n\n\n\n<div class=\"wp-block-column is-layout-flow wp-block-column-is-layout-flow\">\n<figure class=\"wp-block-image size-full\"><img decoding=\"async\" width=\"800\" height=\"800\" src=\"https:\/\/www.yousanusb.com\/wp-content\/uploads\/2025\/12\/Bicycle-USB-Drive.jpg\" alt=\"\" class=\"wp-image-25086\" srcset=\"https:\/\/www.yousanusb.com\/wp-content\/uploads\/2025\/12\/Bicycle-USB-Drive.jpg 800w, https:\/\/www.yousanusb.com\/wp-content\/uploads\/2025\/12\/Bicycle-USB-Drive-300x300.jpg 300w, https:\/\/www.yousanusb.com\/wp-content\/uploads\/2025\/12\/Bicycle-USB-Drive-150x150.jpg 150w, https:\/\/www.yousanusb.com\/wp-content\/uploads\/2025\/12\/Bicycle-USB-Drive-768x768.jpg 768w, https:\/\/www.yousanusb.com\/wp-content\/uploads\/2025\/12\/Bicycle-USB-Drive-12x12.jpg 12w, https:\/\/www.yousanusb.com\/wp-content\/uploads\/2025\/12\/Bicycle-USB-Drive-600x600.jpg 600w, https:\/\/www.yousanusb.com\/wp-content\/uploads\/2025\/12\/Bicycle-USB-Drive-100x100.jpg 100w\" sizes=\"(max-width: 800px) 100vw, 800px\" \/><\/figure>\n<\/div>\n<\/div>\n\n\n\n<p><strong>Regalo del D\u00eda de la Afiliaci\u00f3n a la Marca Outdoor<\/strong><br>Una marca cultural y creativa de actividades al aire libre que aboga por un \"estilo de vida ligero al aire libre\" ofreci\u00f3 esta unidad USB personalizada como recompensa a los miembros que alcanzaron hitos de gasto durante su d\u00eda de afiliaci\u00f3n. Precargada con las gu\u00edas combinadas de camping y ciclismo de la marca y con un logotipo personalizado, la unidad est\u00e1 fabricada con PVC blando flexible que encarna la filosof\u00eda \"ligera y port\u00e1til\" de la marca.<\/p>\n\n\n\n<p>Los socios se sienten atra\u00eddos al instante por su dise\u00f1o inspirado en las bicicletas de exterior. Tanto si se usa a diario en la oficina como en aventuras al aire libre, refuerza continuamente el esp\u00edritu outdoor de la marca, aumentando la fidelidad de los socios.<\/p>","protected":false},"excerpt":{"rendered":"<ul>\n<li>Unidad USB para bicicletas<\/li>\n<li>Memoria USB con forma de bicicleta<\/li>\n<li>Material de PVC<\/li>\n<li>A medida<\/li>\n<li>Logotipo personalizado<\/li>\n<\/ul>","protected":false},"featured_media":25087,"comment_status":"open","ping_status":"closed","template":"","meta":{"_seopress_robots_primary_cat":"none","_seopress_titles_title":"Bicycle USB Drive\/Bike shaped usb flash drive","_seopress_titles_desc":"This cartoon bicycle USB drive takes the classic bicycle as its design inspiration, meticulously recreating every detail of a riding appearance using flexible, wear-resistant PVC soft rubber","_seopress_robots_index":""},"class_list":["post-25083","product","type-product","status-publish","has-post-thumbnail","hentry","product_cat-custom-usb-drive"],"_links":{"self":[{"href":"https:\/\/www.yousanusb.com\/es\/wp-json\/wp\/v2\/product\/25083"}],"collection":[{"href":"https:\/\/www.yousanusb.com\/es\/wp-json\/wp\/v2\/product"}],"about":[{"href":"https:\/\/www.yousanusb.com\/es\/wp-json\/wp\/v2\/types\/product"}],"replies":[{"embeddable":true,"href":"https:\/\/www.yousanusb.com\/es\/wp-json\/wp\/v2\/comments?post=25083"}],"wp:featuredmedia":[{"embeddable":true,"href":"https:\/\/www.yousanusb.com\/es\/wp-json\/wp\/v2\/media\/25087"}],"wp:attachment":[{"href":"https:\/\/www.yousanusb.com\/es\/wp-json\/wp\/v2\/media?parent=25083"}],"curies":[{"name":"wp","href":"https:\/\/api.w.org\/{rel}","templated":true}]}}