{"id":25089,"date":"2025-12-06T14:53:54","date_gmt":"2025-12-06T14:53:54","guid":{"rendered":"https:\/\/www.yousanusb.com\/?post_type=product&#038;p=25089"},"modified":"2025-12-27T02:01:33","modified_gmt":"2025-12-27T02:01:33","slug":"fighter-jet-usb-flash-drive","status":"publish","type":"product","link":"https:\/\/www.yousanusb.com\/es\/producto\/fighter-jet-usb-flash-drive\/","title":{"rendered":"Memoria USB Fighter Jet"},"content":{"rendered":"<p>Esta unidad USB Fighter Jet reproduce la silueta elegante y estilizada de un avi\u00f3n de combate, disponible en tres din\u00e1micos colores: azul, verde y negro. Est\u00e1 fabricada con materiales sint\u00e9ticos blandos 100%, respetuosos con el medio ambiente, flexibles, duraderos y reciclables.<\/p>\n\n\n\n<p>Captura fielmente los contornos afilados del cuerpo y las marcas de las alas del avi\u00f3n de combate, y cuenta con una impresionante gama de almacenamiento de 4 GB a 128 GB, espacio suficiente para almacenar toda una biblioteca de m\u00fasica y mucho m\u00e1s. Con opciones de color personalizables, esta unidad combina a la perfecci\u00f3n el atractivo visual, la funcionalidad pr\u00e1ctica y el dise\u00f1o l\u00fadico, convirti\u00e9ndose en toda una declaraci\u00f3n de intenciones para los usuarios.<\/p>\n\n\n\n<div class=\"wp-block-columns is-layout-flex wp-container-core-columns-is-layout-1 wp-block-columns-is-layout-flex\">\n<div class=\"wp-block-column is-layout-flow wp-block-column-is-layout-flow\">\n<figure class=\"wp-block-image size-full\"><img fetchpriority=\"high\" decoding=\"async\" width=\"800\" height=\"800\" src=\"https:\/\/www.yousanusb.com\/wp-content\/uploads\/2025\/12\/Combat-Jet-USB.jpg\" alt=\"Unidad flash USB Combat Jet\" class=\"wp-image-25092\" srcset=\"https:\/\/www.yousanusb.com\/wp-content\/uploads\/2025\/12\/Combat-Jet-USB.jpg 800w, https:\/\/www.yousanusb.com\/wp-content\/uploads\/2025\/12\/Combat-Jet-USB-300x300.jpg 300w, https:\/\/www.yousanusb.com\/wp-content\/uploads\/2025\/12\/Combat-Jet-USB-150x150.jpg 150w, https:\/\/www.yousanusb.com\/wp-content\/uploads\/2025\/12\/Combat-Jet-USB-768x768.jpg 768w, https:\/\/www.yousanusb.com\/wp-content\/uploads\/2025\/12\/Combat-Jet-USB-12x12.jpg 12w, https:\/\/www.yousanusb.com\/wp-content\/uploads\/2025\/12\/Combat-Jet-USB-600x600.jpg 600w, https:\/\/www.yousanusb.com\/wp-content\/uploads\/2025\/12\/Combat-Jet-USB-100x100.jpg 100w\" sizes=\"(max-width: 800px) 100vw, 800px\" \/><\/figure>\n<\/div>\n\n\n\n<div class=\"wp-block-column is-vertically-aligned-center is-layout-flow wp-block-column-is-layout-flow\">\n<p>Admite personalizaci\u00f3n. Cada producto individual puede personalizarse para incluir el logotipo de una empresa, un texto promocional y\/o gr\u00e1ficos exclusivos en cada unidad.<\/p>\n\n\n\n<p>Los colores y las capacidades de almacenamiento se pueden personalizar para adaptarse a las necesidades del cliente y pueden gestionar pedidos de tan solo 12 unidades y de hasta m\u00e1s de 3000 con eficacia.<\/p>\n<\/div>\n<\/div>\n\n\n\n<p><\/p>\n\n\n\n<p><strong>Regalo promocional para ferias del sector tecnol\u00f3gico\/militar<\/strong><\/p>\n\n\n\n<p>El dise\u00f1o del avi\u00f3n de combate llama la atenci\u00f3n en cualquier evento en el que se entregue como obsequio de facturaci\u00f3n a los asistentes, lo que permite aumentar el tr\u00e1fico peatonal a sus stands. Las memorias USB con el logotipo fomentan las conversaciones, facilitan el trabajo diario en una oficina y pueden utilizarse para almacenar y transferir archivos, adem\u00e1s de actuar como \"vallas publicitarias m\u00f3viles\", obteniendo mucha m\u00e1s visibilidad que la que tendr\u00eda una tarjeta de visita o un folleto.<\/p>\n\n\n\n<div class=\"wp-block-columns is-layout-flex wp-container-core-columns-is-layout-2 wp-block-columns-is-layout-flex\">\n<div class=\"wp-block-column is-layout-flow wp-block-column-is-layout-flow\">\n<figure class=\"wp-block-image size-full\"><img decoding=\"async\" width=\"800\" height=\"800\" src=\"https:\/\/www.yousanusb.com\/wp-content\/uploads\/2025\/12\/Warplane-USB-Flash-Drive.jpg\" alt=\"\" class=\"wp-image-25094\" srcset=\"https:\/\/www.yousanusb.com\/wp-content\/uploads\/2025\/12\/Warplane-USB-Flash-Drive.jpg 800w, https:\/\/www.yousanusb.com\/wp-content\/uploads\/2025\/12\/Warplane-USB-Flash-Drive-300x300.jpg 300w, https:\/\/www.yousanusb.com\/wp-content\/uploads\/2025\/12\/Warplane-USB-Flash-Drive-150x150.jpg 150w, https:\/\/www.yousanusb.com\/wp-content\/uploads\/2025\/12\/Warplane-USB-Flash-Drive-768x768.jpg 768w, https:\/\/www.yousanusb.com\/wp-content\/uploads\/2025\/12\/Warplane-USB-Flash-Drive-12x12.jpg 12w, https:\/\/www.yousanusb.com\/wp-content\/uploads\/2025\/12\/Warplane-USB-Flash-Drive-600x600.jpg 600w, https:\/\/www.yousanusb.com\/wp-content\/uploads\/2025\/12\/Warplane-USB-Flash-Drive-100x100.jpg 100w\" sizes=\"(max-width: 800px) 100vw, 800px\" \/><\/figure>\n<\/div>\n\n\n\n<div class=\"wp-block-column is-layout-flow wp-block-column-is-layout-flow\">\n<figure class=\"wp-block-image size-full\"><img decoding=\"async\" width=\"800\" height=\"800\" src=\"https:\/\/www.yousanusb.com\/wp-content\/uploads\/2025\/12\/Fighter-Jet-shaped-USB-Flash-Drive.jpg\" alt=\"\" class=\"wp-image-25093\" srcset=\"https:\/\/www.yousanusb.com\/wp-content\/uploads\/2025\/12\/Fighter-Jet-shaped-USB-Flash-Drive.jpg 800w, https:\/\/www.yousanusb.com\/wp-content\/uploads\/2025\/12\/Fighter-Jet-shaped-USB-Flash-Drive-300x300.jpg 300w, https:\/\/www.yousanusb.com\/wp-content\/uploads\/2025\/12\/Fighter-Jet-shaped-USB-Flash-Drive-150x150.jpg 150w, https:\/\/www.yousanusb.com\/wp-content\/uploads\/2025\/12\/Fighter-Jet-shaped-USB-Flash-Drive-768x768.jpg 768w, https:\/\/www.yousanusb.com\/wp-content\/uploads\/2025\/12\/Fighter-Jet-shaped-USB-Flash-Drive-12x12.jpg 12w, https:\/\/www.yousanusb.com\/wp-content\/uploads\/2025\/12\/Fighter-Jet-shaped-USB-Flash-Drive-600x600.jpg 600w, https:\/\/www.yousanusb.com\/wp-content\/uploads\/2025\/12\/Fighter-Jet-shaped-USB-Flash-Drive-100x100.jpg 100w\" sizes=\"(max-width: 800px) 100vw, 800px\" \/><\/figure>\n<\/div>\n<\/div>\n\n\n\n<p><strong>Regalos para eventos de tem\u00e1tica militar<\/strong><\/p>\n\n\n\n<p>Las memorias USB personalizadas a granel con forma de avi\u00f3n de combate son ideales para aniversarios de clubes de entusiastas militares y conferencias sobre defensa nacional en campus universitarios, ya que se adaptan perfectamente a los temas del evento. Fabricadas en goma blanda, duradera y resistente a los golpes, estas unidades son muy pr\u00e1cticas y, al mismo tiempo, fidelizan a la marca o al evento gracias a los logotipos grabados en el exterior. Esto las convierte en la mejor opci\u00f3n de regalo \"memorable pero muy pr\u00e1ctico\".<\/p>","protected":false},"excerpt":{"rendered":"<ul>\n<li>Memoria USB Fighter Jet<\/li>\n<li>Memoria USB Warplane<\/li>\n<li>Unidad USB Combat Jet<\/li>\n<li>USB personalizado para aviones de combate<\/li>\n<li>A medida<\/li>\n<\/ul>","protected":false},"featured_media":25092,"comment_status":"open","ping_status":"closed","template":"","meta":{"_seopress_robots_primary_cat":"none","_seopress_titles_title":"Custom Printed Fighter Jet USB","_seopress_titles_desc":"A creative USB drive modeled after sleek fighter jets, Available in blue, green, and black to capture the fighter jet aesthetic, crafted from flexible, durable, eco-friendly soft rubber.","_seopress_robots_index":""},"class_list":["post-25089","product","type-product","status-publish","has-post-thumbnail","hentry","product_cat-custom-usb-drive","product_tag-pvc-airplane-usb-flash-drive"],"_links":{"self":[{"href":"https:\/\/www.yousanusb.com\/es\/wp-json\/wp\/v2\/product\/25089"}],"collection":[{"href":"https:\/\/www.yousanusb.com\/es\/wp-json\/wp\/v2\/product"}],"about":[{"href":"https:\/\/www.yousanusb.com\/es\/wp-json\/wp\/v2\/types\/product"}],"replies":[{"embeddable":true,"href":"https:\/\/www.yousanusb.com\/es\/wp-json\/wp\/v2\/comments?post=25089"}],"wp:featuredmedia":[{"embeddable":true,"href":"https:\/\/www.yousanusb.com\/es\/wp-json\/wp\/v2\/media\/25092"}],"wp:attachment":[{"href":"https:\/\/www.yousanusb.com\/es\/wp-json\/wp\/v2\/media?parent=25089"}],"curies":[{"name":"wp","href":"https:\/\/api.w.org\/{rel}","templated":true}]}}