{"id":25095,"date":"2025-12-07T02:18:07","date_gmt":"2025-12-07T02:18:07","guid":{"rendered":"https:\/\/www.yousanusb.com\/?post_type=product&#038;p=25095"},"modified":"2025-12-27T01:58:35","modified_gmt":"2025-12-27T01:58:35","slug":"corn-shaped-usb-flash-drive","status":"publish","type":"product","link":"https:\/\/www.yousanusb.com\/es\/producto\/corn-shaped-usb-flash-drive\/","title":{"rendered":"Memoria USB con forma de ma\u00edz"},"content":{"rendered":"<p>Esta unidad USB con forma de ma\u00edz est\u00e1 meticulosamente fabricada para imitar el ma\u00edz real, con un cuerpo de goma blanda de PVC de color amarillo vibrante con una textura de rejilla distintiva que representa los granos individuales. Viene con una ingeniosa cubierta de \"c\u00e1scara\" verde esmeralda que se ajusta perfectamente a la unidad en forma de ma\u00edz. <\/p>\n\n\n\n<p>La c\u00e1scara y el cuerpo USB son totalmente intercambiables: basta con separar el chip USB para utilizarlo y volver a colocar la c\u00e1scara cuando no se use para proteger el puerto y recuperar la forma completa del ma\u00edz.<\/p>\n\n\n\n<div class=\"wp-block-columns is-layout-flex wp-container-core-columns-is-layout-1 wp-block-columns-is-layout-flex\">\n<div class=\"wp-block-column is-layout-flow wp-block-column-is-layout-flow\">\n<figure class=\"wp-block-image size-full\"><img fetchpriority=\"high\" decoding=\"async\" width=\"800\" height=\"800\" src=\"https:\/\/www.yousanusb.com\/wp-content\/uploads\/2025\/12\/Silicone-corn-USB-flash-drive.jpg\" alt=\"\" class=\"wp-image-25105\" srcset=\"https:\/\/www.yousanusb.com\/wp-content\/uploads\/2025\/12\/Silicone-corn-USB-flash-drive.jpg 800w, https:\/\/www.yousanusb.com\/wp-content\/uploads\/2025\/12\/Silicone-corn-USB-flash-drive-300x300.jpg 300w, https:\/\/www.yousanusb.com\/wp-content\/uploads\/2025\/12\/Silicone-corn-USB-flash-drive-150x150.jpg 150w, https:\/\/www.yousanusb.com\/wp-content\/uploads\/2025\/12\/Silicone-corn-USB-flash-drive-768x768.jpg 768w, https:\/\/www.yousanusb.com\/wp-content\/uploads\/2025\/12\/Silicone-corn-USB-flash-drive-12x12.jpg 12w, https:\/\/www.yousanusb.com\/wp-content\/uploads\/2025\/12\/Silicone-corn-USB-flash-drive-600x600.jpg 600w, https:\/\/www.yousanusb.com\/wp-content\/uploads\/2025\/12\/Silicone-corn-USB-flash-drive-100x100.jpg 100w\" sizes=\"(max-width: 800px) 100vw, 800px\" \/><\/figure>\n<\/div>\n\n\n\n<div class=\"wp-block-column is-layout-flow wp-block-column-is-layout-flow\">\n<figure class=\"wp-block-image size-full\"><img decoding=\"async\" width=\"800\" height=\"800\" src=\"https:\/\/www.yousanusb.com\/wp-content\/uploads\/2025\/12\/Mini-corn-shaped-USB-flash-drive.jpg\" alt=\"\" class=\"wp-image-25103\" srcset=\"https:\/\/www.yousanusb.com\/wp-content\/uploads\/2025\/12\/Mini-corn-shaped-USB-flash-drive.jpg 800w, https:\/\/www.yousanusb.com\/wp-content\/uploads\/2025\/12\/Mini-corn-shaped-USB-flash-drive-300x300.jpg 300w, https:\/\/www.yousanusb.com\/wp-content\/uploads\/2025\/12\/Mini-corn-shaped-USB-flash-drive-150x150.jpg 150w, https:\/\/www.yousanusb.com\/wp-content\/uploads\/2025\/12\/Mini-corn-shaped-USB-flash-drive-768x768.jpg 768w, https:\/\/www.yousanusb.com\/wp-content\/uploads\/2025\/12\/Mini-corn-shaped-USB-flash-drive-12x12.jpg 12w, https:\/\/www.yousanusb.com\/wp-content\/uploads\/2025\/12\/Mini-corn-shaped-USB-flash-drive-600x600.jpg 600w, https:\/\/www.yousanusb.com\/wp-content\/uploads\/2025\/12\/Mini-corn-shaped-USB-flash-drive-100x100.jpg 100w\" sizes=\"(max-width: 800px) 100vw, 800px\" \/><\/figure>\n<\/div>\n<\/div>\n\n\n\n<p><strong>Sorteo de una marca de restaurante tem\u00e1tica del ma\u00edz<\/strong><\/p>\n\n\n\n<p>Ideal para cadenas de restaurantes que ofrecen productos a base de ma\u00edz (por ejemplo, zumo de ma\u00edz, hamburguesas de ma\u00edz) para su personalizaci\u00f3n a granel: Precargue el USB con nuevos elementos de men\u00fa, promociones de afiliaci\u00f3n, gu\u00edas de pedidos en l\u00ednea, etc. Distrib\u00fayalos como regalos con la compra o recuerdos de la gran inauguraci\u00f3n. Su dise\u00f1o se adapta perfectamente a los productos principales, transmite el mensaje de la marca y fomenta la afinidad del cliente gracias a su aspecto encantador.<\/p>\n\n\n\n<div class=\"wp-block-columns is-layout-flex wp-container-core-columns-is-layout-2 wp-block-columns-is-layout-flex\">\n<div class=\"wp-block-column is-layout-flow wp-block-column-is-layout-flow\">\n<figure class=\"wp-block-image size-full\"><img decoding=\"async\" width=\"800\" height=\"800\" src=\"https:\/\/www.yousanusb.com\/wp-content\/uploads\/2025\/12\/Corn-shaped-USB-flash-drive.jpg\" alt=\"\" class=\"wp-image-25100\" srcset=\"https:\/\/www.yousanusb.com\/wp-content\/uploads\/2025\/12\/Corn-shaped-USB-flash-drive.jpg 800w, https:\/\/www.yousanusb.com\/wp-content\/uploads\/2025\/12\/Corn-shaped-USB-flash-drive-300x300.jpg 300w, https:\/\/www.yousanusb.com\/wp-content\/uploads\/2025\/12\/Corn-shaped-USB-flash-drive-150x150.jpg 150w, https:\/\/www.yousanusb.com\/wp-content\/uploads\/2025\/12\/Corn-shaped-USB-flash-drive-768x768.jpg 768w, https:\/\/www.yousanusb.com\/wp-content\/uploads\/2025\/12\/Corn-shaped-USB-flash-drive-12x12.jpg 12w, https:\/\/www.yousanusb.com\/wp-content\/uploads\/2025\/12\/Corn-shaped-USB-flash-drive-600x600.jpg 600w, https:\/\/www.yousanusb.com\/wp-content\/uploads\/2025\/12\/Corn-shaped-USB-flash-drive-100x100.jpg 100w\" sizes=\"(max-width: 800px) 100vw, 800px\" \/><\/figure>\n<\/div>\n\n\n\n<div class=\"wp-block-column is-layout-flow wp-block-column-is-layout-flow\">\n<figure class=\"wp-block-image size-full\"><img loading=\"lazy\" decoding=\"async\" width=\"800\" height=\"800\" src=\"https:\/\/www.yousanusb.com\/wp-content\/uploads\/2025\/12\/Cute-corn-shaped-thumb-drive.jpg\" alt=\"\" class=\"wp-image-25102\" srcset=\"https:\/\/www.yousanusb.com\/wp-content\/uploads\/2025\/12\/Cute-corn-shaped-thumb-drive.jpg 800w, https:\/\/www.yousanusb.com\/wp-content\/uploads\/2025\/12\/Cute-corn-shaped-thumb-drive-300x300.jpg 300w, https:\/\/www.yousanusb.com\/wp-content\/uploads\/2025\/12\/Cute-corn-shaped-thumb-drive-150x150.jpg 150w, https:\/\/www.yousanusb.com\/wp-content\/uploads\/2025\/12\/Cute-corn-shaped-thumb-drive-768x768.jpg 768w, https:\/\/www.yousanusb.com\/wp-content\/uploads\/2025\/12\/Cute-corn-shaped-thumb-drive-12x12.jpg 12w, https:\/\/www.yousanusb.com\/wp-content\/uploads\/2025\/12\/Cute-corn-shaped-thumb-drive-600x600.jpg 600w, https:\/\/www.yousanusb.com\/wp-content\/uploads\/2025\/12\/Cute-corn-shaped-thumb-drive-100x100.jpg 100w\" sizes=\"(max-width: 800px) 100vw, 800px\" \/><\/figure>\n<\/div>\n<\/div>\n\n\n\n<p><strong>Empresas de semillas de ma\u00edz y regalos para ferias de productos agr\u00edcolas<\/strong><br>Recopile gu\u00edas de cultivo, presentaciones promocionales y estudios de casos de asociaciones exitosas para sus variedades de ma\u00edz y, a continuaci\u00f3n, c\u00e1rguelos previamente en unidades USB con su marca. Estas unidades con su logotipo se distribuyen gratuitamente a los clientes en la feria. Alineadas con el tema de la industria del ma\u00edz y la agricultura, transmiten el mensaje de su marca con eficacia y dejan una impresi\u00f3n duradera en los destinatarios despu\u00e9s del evento.<\/p>\n\n\n\n<div class=\"wp-block-columns is-layout-flex wp-container-core-columns-is-layout-3 wp-block-columns-is-layout-flex\">\n<div class=\"wp-block-column is-layout-flow wp-block-column-is-layout-flow\">\n<figure class=\"wp-block-image size-full\"><img loading=\"lazy\" decoding=\"async\" width=\"800\" height=\"800\" src=\"https:\/\/www.yousanusb.com\/wp-content\/uploads\/2025\/12\/Corn-patterned-USB-memory-drive.jpg\" alt=\"\" class=\"wp-image-25099\" srcset=\"https:\/\/www.yousanusb.com\/wp-content\/uploads\/2025\/12\/Corn-patterned-USB-memory-drive.jpg 800w, https:\/\/www.yousanusb.com\/wp-content\/uploads\/2025\/12\/Corn-patterned-USB-memory-drive-300x300.jpg 300w, https:\/\/www.yousanusb.com\/wp-content\/uploads\/2025\/12\/Corn-patterned-USB-memory-drive-150x150.jpg 150w, https:\/\/www.yousanusb.com\/wp-content\/uploads\/2025\/12\/Corn-patterned-USB-memory-drive-768x768.jpg 768w, https:\/\/www.yousanusb.com\/wp-content\/uploads\/2025\/12\/Corn-patterned-USB-memory-drive-12x12.jpg 12w, https:\/\/www.yousanusb.com\/wp-content\/uploads\/2025\/12\/Corn-patterned-USB-memory-drive-600x600.jpg 600w, https:\/\/www.yousanusb.com\/wp-content\/uploads\/2025\/12\/Corn-patterned-USB-memory-drive-100x100.jpg 100w\" sizes=\"(max-width: 800px) 100vw, 800px\" \/><\/figure>\n<\/div>\n\n\n\n<div class=\"wp-block-column is-layout-flow wp-block-column-is-layout-flow\">\n<figure class=\"wp-block-image size-full\"><img loading=\"lazy\" decoding=\"async\" width=\"800\" height=\"800\" src=\"https:\/\/www.yousanusb.com\/wp-content\/uploads\/2025\/12\/Corn-themed-USB-drive.jpg\" alt=\"\" class=\"wp-image-25101\" srcset=\"https:\/\/www.yousanusb.com\/wp-content\/uploads\/2025\/12\/Corn-themed-USB-drive.jpg 800w, https:\/\/www.yousanusb.com\/wp-content\/uploads\/2025\/12\/Corn-themed-USB-drive-300x300.jpg 300w, https:\/\/www.yousanusb.com\/wp-content\/uploads\/2025\/12\/Corn-themed-USB-drive-150x150.jpg 150w, https:\/\/www.yousanusb.com\/wp-content\/uploads\/2025\/12\/Corn-themed-USB-drive-768x768.jpg 768w, https:\/\/www.yousanusb.com\/wp-content\/uploads\/2025\/12\/Corn-themed-USB-drive-12x12.jpg 12w, https:\/\/www.yousanusb.com\/wp-content\/uploads\/2025\/12\/Corn-themed-USB-drive-600x600.jpg 600w, https:\/\/www.yousanusb.com\/wp-content\/uploads\/2025\/12\/Corn-themed-USB-drive-100x100.jpg 100w\" sizes=\"(max-width: 800px) 100vw, 800px\" \/><\/figure>\n<\/div>\n<\/div>\n\n\n\n<p><\/p>","protected":false},"excerpt":{"rendered":"<ul>\n<li>material de pvc<\/li>\n<li>memoria USB con forma de ma\u00edz<\/li>\n<li>color amarillo y verde<\/li>\n<li>logotipo personalizado<\/li>\n<li>MOQ:100pcs<\/li>\n<\/ul>","protected":false},"featured_media":25103,"comment_status":"open","ping_status":"closed","template":"","meta":{"_seopress_robots_primary_cat":"none","_seopress_titles_title":"Corn-shaped USB flash drive","_seopress_titles_desc":"This corn-shaped USB drive features a realistic design centered around a fresh corn cob: its main body is crafted from vibrant yellow PVC soft rubber, replicating the distinctive grid pattern of corn kernels.","_seopress_robots_index":""},"class_list":["post-25095","product","type-product","status-publish","has-post-thumbnail","hentry","product_cat-custom-usb-drive","product_tag-vegetables-usb-flash-drive"],"_links":{"self":[{"href":"https:\/\/www.yousanusb.com\/es\/wp-json\/wp\/v2\/product\/25095"}],"collection":[{"href":"https:\/\/www.yousanusb.com\/es\/wp-json\/wp\/v2\/product"}],"about":[{"href":"https:\/\/www.yousanusb.com\/es\/wp-json\/wp\/v2\/types\/product"}],"replies":[{"embeddable":true,"href":"https:\/\/www.yousanusb.com\/es\/wp-json\/wp\/v2\/comments?post=25095"}],"wp:featuredmedia":[{"embeddable":true,"href":"https:\/\/www.yousanusb.com\/es\/wp-json\/wp\/v2\/media\/25103"}],"wp:attachment":[{"href":"https:\/\/www.yousanusb.com\/es\/wp-json\/wp\/v2\/media?parent=25095"}],"curies":[{"name":"wp","href":"https:\/\/api.w.org\/{rel}","templated":true}]}}