{"id":25232,"date":"2025-12-08T11:03:38","date_gmt":"2025-12-08T11:03:38","guid":{"rendered":"https:\/\/www.yousanusb.com\/?post_type=product&#038;p=25232"},"modified":"2025-12-27T01:52:40","modified_gmt":"2025-12-27T01:52:40","slug":"pvc-eggplant-usb-flash-drive","status":"publish","type":"product","link":"https:\/\/www.yousanusb.com\/es\/producto\/pvc-eggplant-usb-flash-drive\/","title":{"rendered":"Memoria USB de PVC Berenjena"},"content":{"rendered":"<p>Esta memoria USB con dise\u00f1o de berenjena tiene forma de berenjena. La memoria USB tiene forma de cuerpo partido y cuenta con un orificio en la parte superior para que pueda at\u00e1rsela y llevarla a todas partes con facilidad. Est\u00e1 disponible en distintos tama\u00f1os de almacenamiento, desde 4 GB hasta 128 GB, y se puede conectar a un ordenador a trav\u00e9s de USB 2.0 o USB 3.0, seg\u00fan el uso que le vaya a dar.<\/p>\n\n\n\n<div class=\"wp-block-columns is-layout-flex wp-container-core-columns-is-layout-1 wp-block-columns-is-layout-flex\">\n<div class=\"wp-block-column is-layout-flow wp-block-column-is-layout-flow\">\n<figure class=\"wp-block-image size-full\"><img fetchpriority=\"high\" decoding=\"async\" width=\"800\" height=\"800\" src=\"https:\/\/www.yousanusb.com\/wp-content\/uploads\/2025\/12\/Vegetables-USB-Flash-Drive-2.jpg\" alt=\"\" class=\"wp-image-25243\" srcset=\"https:\/\/www.yousanusb.com\/wp-content\/uploads\/2025\/12\/Vegetables-USB-Flash-Drive-2.jpg 800w, https:\/\/www.yousanusb.com\/wp-content\/uploads\/2025\/12\/Vegetables-USB-Flash-Drive-2-300x300.jpg 300w, https:\/\/www.yousanusb.com\/wp-content\/uploads\/2025\/12\/Vegetables-USB-Flash-Drive-2-150x150.jpg 150w, https:\/\/www.yousanusb.com\/wp-content\/uploads\/2025\/12\/Vegetables-USB-Flash-Drive-2-768x768.jpg 768w, https:\/\/www.yousanusb.com\/wp-content\/uploads\/2025\/12\/Vegetables-USB-Flash-Drive-2-12x12.jpg 12w, https:\/\/www.yousanusb.com\/wp-content\/uploads\/2025\/12\/Vegetables-USB-Flash-Drive-2-600x600.jpg 600w, https:\/\/www.yousanusb.com\/wp-content\/uploads\/2025\/12\/Vegetables-USB-Flash-Drive-2-100x100.jpg 100w\" sizes=\"(max-width: 800px) 100vw, 800px\" \/><\/figure>\n<\/div>\n\n\n\n<div class=\"wp-block-column is-vertically-aligned-center is-layout-flow wp-block-column-is-layout-flow\">\n<p>Como regalo, es adecuado para:<\/p>\n\n\n\n<ul class=\"wp-block-list\">\n<li>Marcas de comercio electr\u00f3nico de alimentos frescos\/productos agr\u00edcolas: Utilizado como regalo de recompensa a los socios, con un dise\u00f1o acorde con los atributos agr\u00edcolas de la marca.<\/li>\n\n\n\n<li>Restaurantes especializados en cocina de granja: Como regalo por alcanzar un determinado umbral de gasto.<\/li>\n<\/ul>\n<\/div>\n<\/div>\n\n\n\n<div class=\"wp-block-columns is-layout-flex wp-container-core-columns-is-layout-2 wp-block-columns-is-layout-flex\">\n<div class=\"wp-block-column is-vertically-aligned-center is-layout-flow wp-block-column-is-layout-flow\">\n<p><strong>Instituciones agr\u00edcolas<\/strong>: Las facultades y universidades especializadas en agricultura utilizan estas memorias USB como regalos de bienvenida para los nuevos estudiantes y como recuerdos de eventos organizativos o de intercambio acad\u00e9mico relacionados con la agricultura.<\/p>\n\n\n\n<p><strong>Plantas de procesamiento de alimentos<\/strong>: Las empresas de transformaci\u00f3n de frutas y hortalizas (incluidos los fabricantes de encurtidos y conservas) distribuyen memorias USB a los empleados que hacen pedidos durante las reuniones con los nuevos distribuidores.<\/p>\n\n\n\n<p><strong>Contenido USB e impacto empresarial<\/strong>: Cada unidad incluye tres activos clave: un men\u00fa de temporada de la granja a la mesa, un cup\u00f3n de descuento 25% para futuras compras y un enlace de suscripci\u00f3n al bolet\u00edn electr\u00f3nico. La exposici\u00f3n regular a este contenido durante el uso del USB impulsa la repetici\u00f3n del negocio para la planta de procesamiento.<\/p>\n<\/div>\n\n\n\n<div class=\"wp-block-column is-layout-flow wp-block-column-is-layout-flow\">\n<figure class=\"wp-block-image size-full\"><img decoding=\"async\" width=\"800\" height=\"800\" src=\"https:\/\/www.yousanusb.com\/wp-content\/uploads\/2025\/12\/custom-Eggplant-USB-Flash-Drive.jpg\" alt=\"\" class=\"wp-image-25238\" srcset=\"https:\/\/www.yousanusb.com\/wp-content\/uploads\/2025\/12\/custom-Eggplant-USB-Flash-Drive.jpg 800w, https:\/\/www.yousanusb.com\/wp-content\/uploads\/2025\/12\/custom-Eggplant-USB-Flash-Drive-300x300.jpg 300w, https:\/\/www.yousanusb.com\/wp-content\/uploads\/2025\/12\/custom-Eggplant-USB-Flash-Drive-150x150.jpg 150w, https:\/\/www.yousanusb.com\/wp-content\/uploads\/2025\/12\/custom-Eggplant-USB-Flash-Drive-768x768.jpg 768w, https:\/\/www.yousanusb.com\/wp-content\/uploads\/2025\/12\/custom-Eggplant-USB-Flash-Drive-12x12.jpg 12w, https:\/\/www.yousanusb.com\/wp-content\/uploads\/2025\/12\/custom-Eggplant-USB-Flash-Drive-600x600.jpg 600w, https:\/\/www.yousanusb.com\/wp-content\/uploads\/2025\/12\/custom-Eggplant-USB-Flash-Drive-100x100.jpg 100w\" sizes=\"(max-width: 800px) 100vw, 800px\" \/><\/figure>\n<\/div>\n<\/div>","protected":false},"excerpt":{"rendered":"<ul>\n<li>Con llavero, f\u00e1cil de llevar<\/li>\n<li>Opciones de capacidad de 4-128 GB<\/li>\n<li>Compatible con USB 2.0\/3.0<\/li>\n<li>Logotipo personalizable<\/li>\n<li>MOQ:100pcs<\/li>\n<\/ul>","protected":false},"featured_media":25239,"comment_status":"open","ping_status":"closed","template":"","meta":{"_seopress_robots_primary_cat":"none","_seopress_titles_title":"","_seopress_titles_desc":"","_seopress_robots_index":""},"class_list":["post-25232","product","type-product","status-publish","has-post-thumbnail","hentry","product_cat-custom-usb-drive","product_tag-vegetables-usb-flash-drive"],"_links":{"self":[{"href":"https:\/\/www.yousanusb.com\/es\/wp-json\/wp\/v2\/product\/25232"}],"collection":[{"href":"https:\/\/www.yousanusb.com\/es\/wp-json\/wp\/v2\/product"}],"about":[{"href":"https:\/\/www.yousanusb.com\/es\/wp-json\/wp\/v2\/types\/product"}],"replies":[{"embeddable":true,"href":"https:\/\/www.yousanusb.com\/es\/wp-json\/wp\/v2\/comments?post=25232"}],"wp:featuredmedia":[{"embeddable":true,"href":"https:\/\/www.yousanusb.com\/es\/wp-json\/wp\/v2\/media\/25239"}],"wp:attachment":[{"href":"https:\/\/www.yousanusb.com\/es\/wp-json\/wp\/v2\/media?parent=25232"}],"curies":[{"name":"wp","href":"https:\/\/api.w.org\/{rel}","templated":true}]}}