{"id":25312,"date":"2025-12-09T02:02:27","date_gmt":"2025-12-09T02:02:27","guid":{"rendered":"https:\/\/www.yousanusb.com\/?post_type=product&#038;p=25312"},"modified":"2025-12-27T01:50:33","modified_gmt":"2025-12-27T01:50:33","slug":"kiwi-usb-flash-drive","status":"publish","type":"product","link":"https:\/\/www.yousanusb.com\/es\/producto\/kiwi-usb-flash-drive\/","title":{"rendered":"Memoria USB Kiwi"},"content":{"rendered":"<p>La unidad USB tiene forma de kiwi y reproduce la textura realista de un kiwi de verdad junto con el logotipo de Zespri. La unidad USB con forma de kiwi es muy \u00fatil y tambi\u00e9n constituye un magn\u00edfico regalo promocional, ya que ofrece a sus clientes una pr\u00e1ctica soluci\u00f3n de almacenamiento y promociona su marca.<\/p>\n\n\n\n<div class=\"wp-block-columns is-layout-flex wp-container-core-columns-is-layout-1 wp-block-columns-is-layout-flex\">\n<div class=\"wp-block-column is-layout-flow wp-block-column-is-layout-flow\">\n<figure class=\"wp-block-image size-full\"><img fetchpriority=\"high\" decoding=\"async\" width=\"800\" height=\"800\" src=\"https:\/\/www.yousanusb.com\/wp-content\/uploads\/2025\/12\/Kiwi-U-Disk.jpg\" alt=\"\" class=\"wp-image-25316\" srcset=\"https:\/\/www.yousanusb.com\/wp-content\/uploads\/2025\/12\/Kiwi-U-Disk.jpg 800w, https:\/\/www.yousanusb.com\/wp-content\/uploads\/2025\/12\/Kiwi-U-Disk-300x300.jpg 300w, https:\/\/www.yousanusb.com\/wp-content\/uploads\/2025\/12\/Kiwi-U-Disk-150x150.jpg 150w, https:\/\/www.yousanusb.com\/wp-content\/uploads\/2025\/12\/Kiwi-U-Disk-768x768.jpg 768w, https:\/\/www.yousanusb.com\/wp-content\/uploads\/2025\/12\/Kiwi-U-Disk-12x12.jpg 12w, https:\/\/www.yousanusb.com\/wp-content\/uploads\/2025\/12\/Kiwi-U-Disk-600x600.jpg 600w, https:\/\/www.yousanusb.com\/wp-content\/uploads\/2025\/12\/Kiwi-U-Disk-100x100.jpg 100w\" sizes=\"(max-width: 800px) 100vw, 800px\" \/><\/figure>\n<\/div>\n\n\n\n<div class=\"wp-block-column is-vertically-aligned-center is-layout-flow wp-block-column-is-layout-flow\">\n<h2 class=\"wp-block-heading\">Como regalo, es adecuado para las siguientes empresas:<\/h2>\n\n\n\n<ul class=\"wp-block-list\">\n<li><strong>Zespri<\/strong>: Se utiliza en conferencias mundiales de distribuidores y eventos de participaci\u00f3n de los consumidores para reforzar la presencia de la marca;<\/li>\n\n\n\n<li><strong>Gigantes minoristas<\/strong> (por ejemplo <strong>Walmart, Tesco<\/strong>): Sirve como regalo de compra para categor\u00edas de productos frescos o ventajas de afiliaci\u00f3n;<\/li>\n\n\n\n<li><strong>Empresas de agrotecnolog\u00eda<\/strong> (por ejemplo, Agri-Tech de Nueva Zelanda): Se utilizan como obsequios para el establecimiento de contactos en el sector relacionados con situaciones empresariales agr\u00edcolas.<\/li>\n<\/ul>\n\n\n\n<p>Tambi\u00e9n es adecuado para: Exposiciones internacionales de alimentos (por ejemplo, Food Expo Colonia, Alemania), sectores comerciales de importaci\u00f3n y exportaci\u00f3n de productos agr\u00edcolas e industrias de tecnolog\u00eda agr\u00edcola, en los que el obsequio est\u00e1 estrechamente relacionado con los temas del evento.<\/p>\n<\/div>\n<\/div>\n\n\n\n<div class=\"wp-block-columns is-layout-flex wp-container-core-columns-is-layout-2 wp-block-columns-is-layout-flex\">\n<div class=\"wp-block-column is-vertically-aligned-center is-layout-flow wp-block-column-is-layout-flow\">\n<p>Para socios comerciales (por ejemplo, proveedores de productos frescos\/alimentos):<\/p>\n\n\n\n<ul class=\"wp-block-list\">\n<li><strong>Regalos para eventos<\/strong>: Distribuya memorias USB personalizadas como regalos promocionales en las conferencias anuales de proveedores y en las reuniones de colaboraci\u00f3n sobre nuevos productos.\n<ul class=\"wp-block-list\">\n<li><strong>Contenido personalizado<\/strong>: Precargado con los casos pr\u00e1cticos de colaboraci\u00f3n en la cadena de suministro de productos frescos de Walmart y los requisitos de aprovisionamiento del pr\u00f3ximo trimestre, con un logotipo conjunto de Walmart, Zespri y el socio.<\/li>\n\n\n\n<li><strong>Mensajes tem\u00e1ticos<\/strong>: Cuando presentes el regalo, expl\u00edcalo:\u00a0<em>\"Esta memoria USB con tem\u00e1tica de kiwis simboliza nuestra principal colaboraci\u00f3n en productos frescos y representa la 'transmisi\u00f3n eficiente de datos' en la cadena de suministro\"<\/em>\u00a0para alinear el regalo con los objetivos empresariales.<\/li>\n<\/ul>\n<\/li>\n<\/ul>\n<\/div>\n\n\n\n<div class=\"wp-block-column is-layout-flow wp-block-column-is-layout-flow\">\n<figure class=\"wp-block-image size-full\"><img decoding=\"async\" width=\"800\" height=\"800\" src=\"https:\/\/www.yousanusb.com\/wp-content\/uploads\/2025\/12\/custom-Kiwi-USB-Flash-Drive.jpg\" alt=\"\" class=\"wp-image-25315\" srcset=\"https:\/\/www.yousanusb.com\/wp-content\/uploads\/2025\/12\/custom-Kiwi-USB-Flash-Drive.jpg 800w, https:\/\/www.yousanusb.com\/wp-content\/uploads\/2025\/12\/custom-Kiwi-USB-Flash-Drive-300x300.jpg 300w, https:\/\/www.yousanusb.com\/wp-content\/uploads\/2025\/12\/custom-Kiwi-USB-Flash-Drive-150x150.jpg 150w, https:\/\/www.yousanusb.com\/wp-content\/uploads\/2025\/12\/custom-Kiwi-USB-Flash-Drive-768x768.jpg 768w, https:\/\/www.yousanusb.com\/wp-content\/uploads\/2025\/12\/custom-Kiwi-USB-Flash-Drive-12x12.jpg 12w, https:\/\/www.yousanusb.com\/wp-content\/uploads\/2025\/12\/custom-Kiwi-USB-Flash-Drive-600x600.jpg 600w, https:\/\/www.yousanusb.com\/wp-content\/uploads\/2025\/12\/custom-Kiwi-USB-Flash-Drive-100x100.jpg 100w\" sizes=\"(max-width: 800px) 100vw, 800px\" \/><\/figure>\n<\/div>\n<\/div>\n\n\n\n<p>Con el fin de aclarar las directrices para la compra de productos frescos, hemos establecido normas adaptadas a diferentes situaciones de compra:<\/p>\n\n\n\n<ol class=\"wp-block-list\">\n<li><strong>Promoci\u00f3n Gasta y Gana<\/strong>: Los clientes reciben la unidad USB con una compra de $50 de kiwi Zespri, disponible en las tiendas Walmart y en l\u00ednea.<\/li>\n\n\n\n<li><strong>Premios para socios<\/strong>: Los miembros de Walmart Plus pueden optar a la unidad USB como regalo exclusivo trimestral. Alternativamente, los miembros pueden canjear 5.000 puntos a trav\u00e9s de Walmart Rewards Mall para reclamar la unidad.<\/li>\n\n\n\n<li><strong>Promociones precargadas<\/strong>: La memoria USB incluye cupones digitales para la secci\u00f3n de productos frescos de Walmart (por ejemplo, descuentos en fruta) y lleva el eslogan\u00a0<em>\"Disfruta del kiwi Zespri, salva vidas esenciales\"<\/em>\u00a0para reforzar el recuerdo de marca.<\/li>\n<\/ol>\n\n\n\n<p><\/p>","protected":false},"excerpt":{"rendered":"<ul>\n<li data-hveid=\"CAMQAA\" data-processed=\"true\"><span class=\"T286Pc\" data-sfc-cp=\"\" data-processed=\"true\">USB 3.0 para transferencias r\u00e1pidas de archivos.<\/span><\/li>\n<li data-hveid=\"CAMQAg\" data-processed=\"true\"><span class=\"T286Pc\" data-sfc-cp=\"\" data-processed=\"true\">Disponible en 32 GB, 64 GB, 128 GB, etc.<\/span><\/li>\n<li data-hveid=\"CAMQBA\" data-processed=\"true\"><span class=\"T286Pc\" data-sfc-cp=\"\" data-processed=\"true\">Funciona con Windows, macOS, Linux, televisores y autorradios.<\/span><\/li>\n<li data-hveid=\"CAMQBg\" data-processed=\"true\"><span class=\"T286Pc\" data-sfc-cp=\"\" data-processed=\"true\">\u00a0Compacta, ligera y f\u00e1cil de transportar.<\/span><\/li>\n<li data-hveid=\"CAMQCA\" data-processed=\"true\"><span class=\"T286Pc\" data-sfc-cp=\"\" data-processed=\"true\">Plug and play; no se necesitan controladores<\/span><\/li>\n<li>MOQ:100pcs<\/li>\n<\/ul>","protected":false},"featured_media":25317,"comment_status":"open","ping_status":"closed","template":"","meta":{"_seopress_robots_primary_cat":"none","_seopress_titles_title":"","_seopress_titles_desc":"","_seopress_robots_index":""},"class_list":["post-25312","product","type-product","status-publish","has-post-thumbnail","hentry","product_cat-custom-usb-drive","product_tag-food-usb-flash-drive","product_tag-fruit-usb-flash-drive"],"_links":{"self":[{"href":"https:\/\/www.yousanusb.com\/es\/wp-json\/wp\/v2\/product\/25312"}],"collection":[{"href":"https:\/\/www.yousanusb.com\/es\/wp-json\/wp\/v2\/product"}],"about":[{"href":"https:\/\/www.yousanusb.com\/es\/wp-json\/wp\/v2\/types\/product"}],"replies":[{"embeddable":true,"href":"https:\/\/www.yousanusb.com\/es\/wp-json\/wp\/v2\/comments?post=25312"}],"wp:featuredmedia":[{"embeddable":true,"href":"https:\/\/www.yousanusb.com\/es\/wp-json\/wp\/v2\/media\/25317"}],"wp:attachment":[{"href":"https:\/\/www.yousanusb.com\/es\/wp-json\/wp\/v2\/media?parent=25312"}],"curies":[{"name":"wp","href":"https:\/\/api.w.org\/{rel}","templated":true}]}}