{"id":25319,"date":"2025-12-09T03:45:02","date_gmt":"2025-12-09T03:45:02","guid":{"rendered":"https:\/\/www.yousanusb.com\/?post_type=product&#038;p=25319"},"modified":"2025-12-27T01:47:45","modified_gmt":"2025-12-27T01:47:45","slug":"avocado-usb-flash-drive","status":"publish","type":"product","link":"https:\/\/www.yousanusb.com\/es\/producto\/avocado-usb-flash-drive\/","title":{"rendered":"Memoria USB Aguacate"},"content":{"rendered":"<p>Esta unidad USB presenta una rodaja de aguacate en su dise\u00f1o; consta de una carcasa exterior de color amarillo-verde-marr\u00f3n, y un cuerpo principal que hace juego con la combinaci\u00f3n de colores y la textura. Esto hace de este art\u00edculo un regalo \u00fanico que, adem\u00e1s, proporciona espacio de almacenamiento.<\/p>\n\n\n\n<div class=\"wp-block-columns is-layout-flex wp-container-core-columns-is-layout-1 wp-block-columns-is-layout-flex\">\n<div class=\"wp-block-column is-layout-flow wp-block-column-is-layout-flow\">\n<figure class=\"wp-block-image size-full\"><img fetchpriority=\"high\" decoding=\"async\" width=\"800\" height=\"799\" src=\"https:\/\/www.yousanusb.com\/wp-content\/uploads\/2025\/12\/custom-Avocado-USB-Flash-Drive.jpg\" alt=\"\" class=\"wp-image-25323\" srcset=\"https:\/\/www.yousanusb.com\/wp-content\/uploads\/2025\/12\/custom-Avocado-USB-Flash-Drive.jpg 800w, https:\/\/www.yousanusb.com\/wp-content\/uploads\/2025\/12\/custom-Avocado-USB-Flash-Drive-300x300.jpg 300w, https:\/\/www.yousanusb.com\/wp-content\/uploads\/2025\/12\/custom-Avocado-USB-Flash-Drive-150x150.jpg 150w, https:\/\/www.yousanusb.com\/wp-content\/uploads\/2025\/12\/custom-Avocado-USB-Flash-Drive-768x767.jpg 768w, https:\/\/www.yousanusb.com\/wp-content\/uploads\/2025\/12\/custom-Avocado-USB-Flash-Drive-12x12.jpg 12w, https:\/\/www.yousanusb.com\/wp-content\/uploads\/2025\/12\/custom-Avocado-USB-Flash-Drive-600x599.jpg 600w, https:\/\/www.yousanusb.com\/wp-content\/uploads\/2025\/12\/custom-Avocado-USB-Flash-Drive-100x100.jpg 100w\" sizes=\"(max-width: 800px) 100vw, 800px\" \/><\/figure>\n<\/div>\n\n\n\n<div class=\"wp-block-column is-vertically-aligned-center is-layout-flow wp-block-column-is-layout-flow\">\n<p>Marcas de aguacate (por ejemplo, la empresa mexicana Cortez Avocado Company): Utilizados como obsequios de conferencias para distribuidores de todo el mundo con el fin de reforzar la identidad de la marca;<\/p>\n\n\n\n<p><br>Gigantes minoristas (por ejemplo, Target): Sirve como regalo de compra en la secci\u00f3n de frutas y verduras, en consonancia con su oferta de alimentos saludables;<\/p>\n\n\n\n<p><br>Empresas de alimentos saludables (por ejemplo, Whole Foods): Se emplean como ventajas trimestrales para los miembros premium, en consonancia con el esp\u00edritu de la marca.<\/p>\n<\/div>\n<\/div>\n\n\n\n<div class=\"wp-block-columns is-layout-flex wp-container-core-columns-is-layout-2 wp-block-columns-is-layout-flex\">\n<div class=\"wp-block-column is-vertically-aligned-center is-layout-flow wp-block-column-is-layout-flow\">\n<p>Tomando como ejemplo la empresa mexicana Cortez Avocado Company, el m\u00e9todo de distribuci\u00f3n de las memorias USB de aguacate es el siguiente:<br><strong>Para socios (distribuidores, canales minoristas)<\/strong><br>Escenarios: Cumbre Anual de Cooperaci\u00f3n en la Cadena de Suministro, Ceremonia de Firma de Nuevos Distribuidores<br>Distribuci\u00f3n: Se entregan como obsequios in situ. Las memorias USB llevan la marca Cortez personalizada y precargan los planes de suministro de aguacate de temporada y las normas de trazabilidad del producto. Los materiales adjuntos explican que se trata de una unidad de datos de aguacate dise\u00f1ada para agilizar la coordinaci\u00f3n de las asociaciones.<\/p>\n\n\n\n<p><strong>Para usuarios finales<\/strong><br>Escenarios: Zonas de promoci\u00f3n del aguacate Cortez en supermercados f\u00edsicos (por ejemplo, Walmart), campa\u00f1as interactivas de la marca en las redes sociales (Instagram).<br>Distribuci\u00f3n:<br>Venta al por menor: Canjear con recibo por compras de aguacates Cortez por un total de $30 o m\u00e1s.<br>Redes sociales: Los participantes que publiquen \"Showcase Your Cortez Avocado Meals\" utilizando el hashtag designado entrar\u00e1n en el sorteo de creadores premium para recibir la unidad USB, precargada con recetas de aguacate y gu\u00edas de conservaci\u00f3n de la frescura.<\/p>\n<\/div>\n\n\n\n<div class=\"wp-block-column is-layout-flow wp-block-column-is-layout-flow\">\n<figure class=\"wp-block-image size-full\"><img decoding=\"async\" width=\"800\" height=\"800\" src=\"https:\/\/www.yousanusb.com\/wp-content\/uploads\/2025\/12\/avocado-usb-drive.jpg\" alt=\"\" class=\"wp-image-25324\" srcset=\"https:\/\/www.yousanusb.com\/wp-content\/uploads\/2025\/12\/avocado-usb-drive.jpg 800w, https:\/\/www.yousanusb.com\/wp-content\/uploads\/2025\/12\/avocado-usb-drive-300x300.jpg 300w, https:\/\/www.yousanusb.com\/wp-content\/uploads\/2025\/12\/avocado-usb-drive-150x150.jpg 150w, https:\/\/www.yousanusb.com\/wp-content\/uploads\/2025\/12\/avocado-usb-drive-768x768.jpg 768w, https:\/\/www.yousanusb.com\/wp-content\/uploads\/2025\/12\/avocado-usb-drive-12x12.jpg 12w, https:\/\/www.yousanusb.com\/wp-content\/uploads\/2025\/12\/avocado-usb-drive-600x600.jpg 600w, https:\/\/www.yousanusb.com\/wp-content\/uploads\/2025\/12\/avocado-usb-drive-100x100.jpg 100w\" sizes=\"(max-width: 800px) 100vw, 800px\" \/><\/figure>\n<\/div>\n<\/div>","protected":false},"excerpt":{"rendered":"<ul>\n<li>Material de goma blanda de PVC<\/li>\n<li>Personalizaci\u00f3n del logotipo<\/li>\n<li>Puede precargar materiales relacionados con la marca<\/li>\n<li>Adecuado para escenarios de promoci\u00f3n de la industria alimentaria<\/li>\n<li>MOQ\uff1a100pcs<\/li>\n<\/ul>","protected":false},"featured_media":25322,"comment_status":"open","ping_status":"closed","template":"","meta":{"_seopress_robots_primary_cat":"none","_seopress_titles_title":"","_seopress_titles_desc":"","_seopress_robots_index":""},"class_list":["post-25319","product","type-product","status-publish","has-post-thumbnail","hentry","product_cat-custom-usb-drive","product_tag-food-usb-flash-drive","product_tag-fruit-usb-flash-drive"],"_links":{"self":[{"href":"https:\/\/www.yousanusb.com\/es\/wp-json\/wp\/v2\/product\/25319"}],"collection":[{"href":"https:\/\/www.yousanusb.com\/es\/wp-json\/wp\/v2\/product"}],"about":[{"href":"https:\/\/www.yousanusb.com\/es\/wp-json\/wp\/v2\/types\/product"}],"replies":[{"embeddable":true,"href":"https:\/\/www.yousanusb.com\/es\/wp-json\/wp\/v2\/comments?post=25319"}],"wp:featuredmedia":[{"embeddable":true,"href":"https:\/\/www.yousanusb.com\/es\/wp-json\/wp\/v2\/media\/25322"}],"wp:attachment":[{"href":"https:\/\/www.yousanusb.com\/es\/wp-json\/wp\/v2\/media?parent=25319"}],"curies":[{"name":"wp","href":"https:\/\/api.w.org\/{rel}","templated":true}]}}