{"id":25442,"date":"2025-12-10T09:48:31","date_gmt":"2025-12-10T09:48:31","guid":{"rendered":"https:\/\/www.yousanusb.com\/?post_type=product&#038;p=25442"},"modified":"2025-12-27T01:45:58","modified_gmt":"2025-12-27T01:45:58","slug":"lemon-usb-flash-drive","status":"publish","type":"product","link":"https:\/\/www.yousanusb.com\/es\/producto\/lemon-usb-flash-drive\/","title":{"rendered":"Memoria USB Lemon"},"content":{"rendered":"<p>Una memoria USB Lemon es un art\u00edculo novedoso, un regalo promocional o un bonito accesorio que almacena sus datos. Estas unidades est\u00e1n fabricadas con materiales de PVC y est\u00e1n disponibles en tama\u00f1os de 1 GB a 128 GB o m\u00e1s, con elementos divertidos y funcionales para almacenar archivos, fotos y m\u00fasica.<\/p>\n\n\n\n<div class=\"wp-block-columns is-layout-flex wp-container-core-columns-is-layout-1 wp-block-columns-is-layout-flex\">\n<div class=\"wp-block-column is-layout-flow wp-block-column-is-layout-flow\">\n<figure class=\"wp-block-image size-full\"><img fetchpriority=\"high\" decoding=\"async\" width=\"800\" height=\"800\" src=\"https:\/\/www.yousanusb.com\/wp-content\/uploads\/2025\/12\/PVC-Lemon-USB-Drive.jpg\" alt=\"\" class=\"wp-image-25448\" srcset=\"https:\/\/www.yousanusb.com\/wp-content\/uploads\/2025\/12\/PVC-Lemon-USB-Drive.jpg 800w, https:\/\/www.yousanusb.com\/wp-content\/uploads\/2025\/12\/PVC-Lemon-USB-Drive-300x300.jpg 300w, https:\/\/www.yousanusb.com\/wp-content\/uploads\/2025\/12\/PVC-Lemon-USB-Drive-150x150.jpg 150w, https:\/\/www.yousanusb.com\/wp-content\/uploads\/2025\/12\/PVC-Lemon-USB-Drive-768x768.jpg 768w, https:\/\/www.yousanusb.com\/wp-content\/uploads\/2025\/12\/PVC-Lemon-USB-Drive-12x12.jpg 12w, https:\/\/www.yousanusb.com\/wp-content\/uploads\/2025\/12\/PVC-Lemon-USB-Drive-600x600.jpg 600w, https:\/\/www.yousanusb.com\/wp-content\/uploads\/2025\/12\/PVC-Lemon-USB-Drive-100x100.jpg 100w\" sizes=\"(max-width: 800px) 100vw, 800px\" \/><\/figure>\n<\/div>\n\n\n\n<div class=\"wp-block-column is-vertically-aligned-center is-layout-flow wp-block-column-is-layout-flow\">\n<p>Hay una gran variedad de usos:<\/p>\n\n\n\n<p>Uso privado: transportar m\u00fasica, fotos, documentos y v\u00eddeos de forma distintiva.<\/p>\n\n\n\n<p>Art\u00edculos promocionales para regalo: Personalizables y modificados con logotipos empresariales como forma de reconocimiento de la marca de la empresa.<\/p>\n\n\n\n<p>Art\u00edculo de regalo novedoso: Un divertido y pr\u00e1ctico art\u00edculo de regalo para dar a nuestros amigos, familiares, colegas, etc.<\/p>\n<\/div>\n<\/div>\n\n\n\n<div class=\"wp-block-columns is-layout-flex wp-container-core-columns-is-layout-2 wp-block-columns-is-layout-flex\">\n<div class=\"wp-block-column is-vertically-aligned-center is-layout-flow wp-block-column-is-layout-flow\">\n<p><strong>Tropicana:<\/strong> Como marca l\u00edder mundial de zumos, Tropicana centra su identidad en la fruta fresca, con el lim\u00f3n como ingrediente clave. Las memorias USB con forma de lim\u00f3n son un regalo promocional ideal para sus juegos de zumo con sabor a lim\u00f3n, precargados con historias de desarrollo de nuevos productos que se alinean con la imagen frutoc\u00e9ntrica de la marca y mejoran el recuerdo del producto.<\/p>\n\n\n\n<p><strong>Starbucks:<\/strong> La cadena global de restauraci\u00f3n ofrece regularmente bebidas con sabor a lim\u00f3n, como Lemon Sparkling Cold Brew. Para los clientes y socios que alcanzan umbrales de gasto, las memorias USB con forma de lim\u00f3n pueden almacenar cupones de bebidas de temporada e invitaciones a eventos, lo que refuerza a\u00fan m\u00e1s la fidelidad a la marca.<br><\/p>\n<\/div>\n\n\n\n<div class=\"wp-block-column is-layout-flow wp-block-column-is-layout-flow\">\n<figure class=\"wp-block-image size-full\"><img decoding=\"async\" width=\"800\" height=\"800\" src=\"https:\/\/www.yousanusb.com\/wp-content\/uploads\/2025\/12\/custom-Lemon-USB-Drive.jpg\" alt=\"\" class=\"wp-image-25445\" srcset=\"https:\/\/www.yousanusb.com\/wp-content\/uploads\/2025\/12\/custom-Lemon-USB-Drive.jpg 800w, https:\/\/www.yousanusb.com\/wp-content\/uploads\/2025\/12\/custom-Lemon-USB-Drive-300x300.jpg 300w, https:\/\/www.yousanusb.com\/wp-content\/uploads\/2025\/12\/custom-Lemon-USB-Drive-150x150.jpg 150w, https:\/\/www.yousanusb.com\/wp-content\/uploads\/2025\/12\/custom-Lemon-USB-Drive-768x768.jpg 768w, https:\/\/www.yousanusb.com\/wp-content\/uploads\/2025\/12\/custom-Lemon-USB-Drive-12x12.jpg 12w, https:\/\/www.yousanusb.com\/wp-content\/uploads\/2025\/12\/custom-Lemon-USB-Drive-600x600.jpg 600w, https:\/\/www.yousanusb.com\/wp-content\/uploads\/2025\/12\/custom-Lemon-USB-Drive-100x100.jpg 100w\" sizes=\"(max-width: 800px) 100vw, 800px\" \/><\/figure>\n<\/div>\n<\/div>\n\n\n\n<div class=\"wp-block-columns is-layout-flex wp-container-core-columns-is-layout-3 wp-block-columns-is-layout-flex\">\n<div class=\"wp-block-column is-layout-flow wp-block-column-is-layout-flow\">\n<figure class=\"wp-block-image size-full\"><img decoding=\"async\" width=\"800\" height=\"800\" src=\"https:\/\/www.yousanusb.com\/wp-content\/uploads\/2025\/12\/lemon-usb-flash-drive-1.jpg\" alt=\"\" class=\"wp-image-25447\" srcset=\"https:\/\/www.yousanusb.com\/wp-content\/uploads\/2025\/12\/lemon-usb-flash-drive-1.jpg 800w, https:\/\/www.yousanusb.com\/wp-content\/uploads\/2025\/12\/lemon-usb-flash-drive-1-300x300.jpg 300w, https:\/\/www.yousanusb.com\/wp-content\/uploads\/2025\/12\/lemon-usb-flash-drive-1-150x150.jpg 150w, https:\/\/www.yousanusb.com\/wp-content\/uploads\/2025\/12\/lemon-usb-flash-drive-1-768x768.jpg 768w, https:\/\/www.yousanusb.com\/wp-content\/uploads\/2025\/12\/lemon-usb-flash-drive-1-12x12.jpg 12w, https:\/\/www.yousanusb.com\/wp-content\/uploads\/2025\/12\/lemon-usb-flash-drive-1-600x600.jpg 600w, https:\/\/www.yousanusb.com\/wp-content\/uploads\/2025\/12\/lemon-usb-flash-drive-1-100x100.jpg 100w\" sizes=\"(max-width: 800px) 100vw, 800px\" \/><\/figure>\n<\/div>\n\n\n\n<div class=\"wp-block-column is-vertically-aligned-center is-layout-flow wp-block-column-is-layout-flow\">\n<p><strong>Belleza y cuidado personal<\/strong>: La l\u00ednea Lemon Seed Brightening Skincare de Fresh hace hincapi\u00e9 en los ingredientes naturales, en perfecta consonancia con la est\u00e9tica del USB de lim\u00f3n. Como regalo premium incluido en sets de alta gama, el USB almacena tutoriales de productos, mostrando la experiencia de la marca y elevando la experiencia para los clientes de lujo.<\/p>\n\n\n\n<p><br><strong>Salud y bienestar<\/strong>: GNC, conocida por la vitamina C y las pastillas efervescentes con sabor a lim\u00f3n, aprovecha la asociaci\u00f3n simb\u00f3lica del lim\u00f3n con la salud. Ofrecer el USB de lim\u00f3n como regalo de compra con gu\u00edas de maridaje nutricional se ajusta al posicionamiento de la marca y facilita la difusi\u00f3n de contenidos.<\/p>\n<\/div>\n<\/div>","protected":false},"excerpt":{"rendered":"<ul>\n<li>Memoria USB con forma de fruta<\/li>\n<li>Material de PVC<\/li>\n<li>Plug-and-play<\/li>\n<li>Compatible con USB 2.0\/3.0<\/li>\n<li>MOQ:100pcs<\/li>\n<\/ul>","protected":false},"featured_media":25446,"comment_status":"open","ping_status":"closed","template":"","meta":{"_seopress_robots_primary_cat":"none","_seopress_titles_title":"","_seopress_titles_desc":"","_seopress_robots_index":""},"class_list":["post-25442","product","type-product","status-publish","has-post-thumbnail","hentry","product_cat-custom-usb-drive","product_tag-food-usb-flash-drive","product_tag-fruit-usb-flash-drive"],"_links":{"self":[{"href":"https:\/\/www.yousanusb.com\/es\/wp-json\/wp\/v2\/product\/25442"}],"collection":[{"href":"https:\/\/www.yousanusb.com\/es\/wp-json\/wp\/v2\/product"}],"about":[{"href":"https:\/\/www.yousanusb.com\/es\/wp-json\/wp\/v2\/types\/product"}],"replies":[{"embeddable":true,"href":"https:\/\/www.yousanusb.com\/es\/wp-json\/wp\/v2\/comments?post=25442"}],"wp:featuredmedia":[{"embeddable":true,"href":"https:\/\/www.yousanusb.com\/es\/wp-json\/wp\/v2\/media\/25446"}],"wp:attachment":[{"href":"https:\/\/www.yousanusb.com\/es\/wp-json\/wp\/v2\/media?parent=25442"}],"curies":[{"name":"wp","href":"https:\/\/api.w.org\/{rel}","templated":true}]}}