{"id":26365,"date":"2025-12-23T13:10:33","date_gmt":"2025-12-23T13:10:33","guid":{"rendered":"https:\/\/www.yousanusb.com\/?post_type=product&#038;p=26365"},"modified":"2025-12-24T14:50:06","modified_gmt":"2025-12-24T14:50:06","slug":"sweet-candy-shape-usb-flash-drive","status":"publish","type":"product","link":"https:\/\/www.yousanusb.com\/es\/producto\/sweet-candy-shape-usb-flash-drive\/","title":{"rendered":"Memoria USB con forma de caramelo"},"content":{"rendered":"<div class=\"wp-block-columns is-layout-flex wp-container-core-columns-is-layout-1 wp-block-columns-is-layout-flex\">\n<div class=\"wp-block-column is-vertically-aligned-center is-layout-flow wp-block-column-is-layout-flow\">\n<p>El siguiente documento es una memoria USB con forma de alimento, en este caso, un aperitivo (Cookie), que entra en la categor\u00eda de memorias USB creativas para regalos promocionales. <\/p>\n\n\n\n<p>Las propias memorias USB est\u00e1n fabricadas con material de PVC y, como tal, admiten una amplia gama de opciones personalizadas de capacidad de almacenamiento (por ejemplo, 4 GB, 8 GB, etc.) y personalizaci\u00f3n del logotipo. Las empresas suelen crear memorias USB promocionales de regalo para utilizarlas como herramienta de publicidad de su marca o producto.<\/p>\n<\/div>\n\n\n\n<div class=\"wp-block-column is-layout-flow wp-block-column-is-layout-flow\">\n<figure class=\"wp-block-image size-full\"><img fetchpriority=\"high\" decoding=\"async\" width=\"800\" height=\"800\" src=\"https:\/\/www.yousanusb.com\/wp-content\/uploads\/2025\/12\/Hero-Muesly-Bar-USB-Flash-Drive.jpg\" alt=\"\" class=\"wp-image-26370\" srcset=\"https:\/\/www.yousanusb.com\/wp-content\/uploads\/2025\/12\/Hero-Muesly-Bar-USB-Flash-Drive.jpg 800w, https:\/\/www.yousanusb.com\/wp-content\/uploads\/2025\/12\/Hero-Muesly-Bar-USB-Flash-Drive-300x300.jpg 300w, https:\/\/www.yousanusb.com\/wp-content\/uploads\/2025\/12\/Hero-Muesly-Bar-USB-Flash-Drive-150x150.jpg 150w, https:\/\/www.yousanusb.com\/wp-content\/uploads\/2025\/12\/Hero-Muesly-Bar-USB-Flash-Drive-768x768.jpg 768w, https:\/\/www.yousanusb.com\/wp-content\/uploads\/2025\/12\/Hero-Muesly-Bar-USB-Flash-Drive-12x12.jpg 12w, https:\/\/www.yousanusb.com\/wp-content\/uploads\/2025\/12\/Hero-Muesly-Bar-USB-Flash-Drive-600x600.jpg 600w, https:\/\/www.yousanusb.com\/wp-content\/uploads\/2025\/12\/Hero-Muesly-Bar-USB-Flash-Drive-100x100.jpg 100w\" sizes=\"(max-width: 800px) 100vw, 800px\" \/><\/figure>\n<\/div>\n<\/div>\n\n\n\n<div class=\"wp-block-columns is-layout-flex wp-container-core-columns-is-layout-2 wp-block-columns-is-layout-flex\">\n<div class=\"wp-block-column is-layout-flow wp-block-column-is-layout-flow\">\n<figure class=\"wp-block-image size-full\"><img decoding=\"async\" width=\"800\" height=\"800\" src=\"https:\/\/www.yousanusb.com\/wp-content\/uploads\/2025\/12\/Sweet-Candy-Shape-USB-drive.jpg\" alt=\"\" class=\"wp-image-26371\" srcset=\"https:\/\/www.yousanusb.com\/wp-content\/uploads\/2025\/12\/Sweet-Candy-Shape-USB-drive.jpg 800w, https:\/\/www.yousanusb.com\/wp-content\/uploads\/2025\/12\/Sweet-Candy-Shape-USB-drive-300x300.jpg 300w, https:\/\/www.yousanusb.com\/wp-content\/uploads\/2025\/12\/Sweet-Candy-Shape-USB-drive-150x150.jpg 150w, https:\/\/www.yousanusb.com\/wp-content\/uploads\/2025\/12\/Sweet-Candy-Shape-USB-drive-768x768.jpg 768w, https:\/\/www.yousanusb.com\/wp-content\/uploads\/2025\/12\/Sweet-Candy-Shape-USB-drive-12x12.jpg 12w, https:\/\/www.yousanusb.com\/wp-content\/uploads\/2025\/12\/Sweet-Candy-Shape-USB-drive-600x600.jpg 600w, https:\/\/www.yousanusb.com\/wp-content\/uploads\/2025\/12\/Sweet-Candy-Shape-USB-drive-100x100.jpg 100w\" sizes=\"(max-width: 800px) 100vw, 800px\" \/><\/figure>\n<\/div>\n\n\n\n<div class=\"wp-block-column is-vertically-aligned-center is-layout-flow wp-block-column-is-layout-flow\">\n<h2 class=\"wp-block-heading\">Sectores adecuados para los regalos promocionales<\/h2>\n\n\n\n<ul class=\"wp-block-list\">\n<li>Industria alimentaria de bienes de consumo r\u00e1pido (FMCG): Las marcas de aperitivos (por ejemplo, Snickers, marcas de cereales) pueden ofrecerse como \"productos perif\u00e9ricos\" junto con los productos principales para reforzar la asociaci\u00f3n marca-producto;<\/li>\n\n\n\n<li>Industria alimentaria: Cadenas de establecimientos de comida r\u00e1pida, panader\u00edas, etc., como \"regalos de compra con gasto m\u00ednimo\";<\/li>\n\n\n\n<li>Beneficios corporativos \/ Agradecimiento empresarial: Las empresas de todos los sectores (especialmente las de servicios y comercio minorista) pueden utilizarlos como incentivos para sus empleados o regalos de agradecimiento a sus clientes;<\/li>\n\n\n\n<li>Canales minoristas: Supermercados, tiendas de conveniencia, etc., pueden utilizarlos como obsequios promocionales.<\/li>\n<\/ul>\n<\/div>\n<\/div>\n\n\n\n<div class=\"wp-block-columns is-layout-flex wp-container-core-columns-is-layout-3 wp-block-columns-is-layout-flex\">\n<div class=\"wp-block-column is-vertically-aligned-center is-layout-flow wp-block-column-is-layout-flow\">\n<p>Mars Foods (empresa matriz de Snickers) lanz\u00f3 una memoria USB con forma de Snickers como regalo \"compre 3 productos Snickers y ll\u00e9vese uno gratis\" durante su promoci\u00f3n \"Snickers Energy Boost Season\" en el mercado del sudeste asi\u00e1tico:<\/p>\n\n\n\n<p><br>La memoria USB proporciona varios tipos de material promocional de la marca Snickers, incluidos varios videoclips cortos que componen el \"Reto del hambre en la oficina\" de Snickers, cupones de descuento s\u00f3lo disponibles a trav\u00e9s de la promoci\u00f3n y un folleto con la historia del desarrollo de la marca.<\/p>\n\n\n\n<p>Las ventas en Just One Store aumentaron en 28% durante el periodo de promoci\u00f3n como resultado directo del env\u00edo de las memorias USB (el mensaje y el \"dise\u00f1o creativo\" de las memorias USB crearon una gran cantidad de conversaciones y, posteriormente, se compartieron a trav\u00e9s de las redes sociales).<\/p>\n\n\n\n<p>La estrategia utilizada en esta campa\u00f1a promocional consisti\u00f3 en regalar las memorias USB y vincular la memoria al producto de la marca Snickers proporcionando enlaces a otros tipos de medios relevantes (por ejemplo, los mensajes de la marca Snickers).<\/p>\n\n\n\n<p>Es decir, se realiz\u00f3 un grabado personalizado en las memorias USB con el nombre espec\u00edfico de la empresa y el logotipo. Esto cre\u00f3 un nivel de exclusividad a\u00fan mayor para los clientes que las recibieron.<\/p>\n<\/div>\n\n\n\n<div class=\"wp-block-column is-layout-flow wp-block-column-is-layout-flow\">\n<figure class=\"wp-block-image size-full\"><img decoding=\"async\" width=\"800\" height=\"800\" src=\"https:\/\/www.yousanusb.com\/wp-content\/uploads\/2025\/12\/Chocolate-Bar-USB-Flash-Drive-1.jpg\" alt=\"\" class=\"wp-image-26368\" srcset=\"https:\/\/www.yousanusb.com\/wp-content\/uploads\/2025\/12\/Chocolate-Bar-USB-Flash-Drive-1.jpg 800w, https:\/\/www.yousanusb.com\/wp-content\/uploads\/2025\/12\/Chocolate-Bar-USB-Flash-Drive-1-300x300.jpg 300w, https:\/\/www.yousanusb.com\/wp-content\/uploads\/2025\/12\/Chocolate-Bar-USB-Flash-Drive-1-150x150.jpg 150w, https:\/\/www.yousanusb.com\/wp-content\/uploads\/2025\/12\/Chocolate-Bar-USB-Flash-Drive-1-768x768.jpg 768w, https:\/\/www.yousanusb.com\/wp-content\/uploads\/2025\/12\/Chocolate-Bar-USB-Flash-Drive-1-12x12.jpg 12w, https:\/\/www.yousanusb.com\/wp-content\/uploads\/2025\/12\/Chocolate-Bar-USB-Flash-Drive-1-600x600.jpg 600w, https:\/\/www.yousanusb.com\/wp-content\/uploads\/2025\/12\/Chocolate-Bar-USB-Flash-Drive-1-100x100.jpg 100w\" sizes=\"(max-width: 800px) 100vw, 800px\" \/><\/figure>\n<\/div>\n<\/div>\n\n\n\n<p>Por \u00faltimo, hab\u00eda una oportunidad de mantener a los clientes comprometidos con la marca incluyendo c\u00f3digos QR que vincular\u00edan a los clientes a un grupo exclusivo de miembros donde podr\u00edan recibir beneficios adicionales a largo plazo (por ejemplo, muestras). Como parte de la campa\u00f1a, se anim\u00f3 a los suscriptores a compartir el dise\u00f1o de la memoria USB en las redes sociales para crear un efecto de marketing viral y animar as\u00ed a otros clientes potenciales a compartirlo con sus amigos y familiares.<\/p>","protected":false},"excerpt":{"rendered":"<ul>\n<li>En forma de bocadillo<\/li>\n<li>Logotipo personalizable<\/li>\n<li>Almacenamiento pr\u00e1ctico<\/li>\n<li>Material de PVC<\/li>\n<li>Adecuado para empresas de aperitivos como regalo promocional<\/li>\n<li>MOQ:100pcs<\/li>\n<\/ul>","protected":false},"featured_media":26368,"comment_status":"open","ping_status":"closed","template":"","meta":[],"class_list":["post-26365","product","type-product","status-publish","has-post-thumbnail","hentry","product_cat-custom-usb-drive","product_tag-food-usb-flash-drive"],"_links":{"self":[{"href":"https:\/\/www.yousanusb.com\/es\/wp-json\/wp\/v2\/product\/26365"}],"collection":[{"href":"https:\/\/www.yousanusb.com\/es\/wp-json\/wp\/v2\/product"}],"about":[{"href":"https:\/\/www.yousanusb.com\/es\/wp-json\/wp\/v2\/types\/product"}],"replies":[{"embeddable":true,"href":"https:\/\/www.yousanusb.com\/es\/wp-json\/wp\/v2\/comments?post=26365"}],"wp:featuredmedia":[{"embeddable":true,"href":"https:\/\/www.yousanusb.com\/es\/wp-json\/wp\/v2\/media\/26368"}],"wp:attachment":[{"href":"https:\/\/www.yousanusb.com\/es\/wp-json\/wp\/v2\/media?parent=26365"}],"curies":[{"name":"wp","href":"https:\/\/api.w.org\/{rel}","templated":true}]}}