{"id":26417,"date":"2025-12-24T08:09:02","date_gmt":"2025-12-24T08:09:02","guid":{"rendered":"https:\/\/www.yousanusb.com\/?post_type=product&#038;p=26417"},"modified":"2025-12-24T13:11:36","modified_gmt":"2025-12-24T13:11:36","slug":"custom-mooncake-usb-flash-drive","status":"publish","type":"product","link":"https:\/\/www.yousanusb.com\/es\/producto\/custom-mooncake-usb-flash-drive\/","title":{"rendered":"Memoria USB personalizada Mooncake"},"content":{"rendered":"<div class=\"wp-block-columns is-layout-flex wp-container-core-columns-is-layout-1 wp-block-columns-is-layout-flex\">\n<div class=\"wp-block-column is-layout-flow wp-block-column-is-layout-flow\">\n<figure class=\"wp-block-image size-full\"><img fetchpriority=\"high\" decoding=\"async\" width=\"800\" height=\"800\" src=\"https:\/\/www.yousanusb.com\/wp-content\/uploads\/2025\/12\/colorful-Mooncake-USB-Flash-Drive.jpg\" alt=\"\" class=\"wp-image-26420\" srcset=\"https:\/\/www.yousanusb.com\/wp-content\/uploads\/2025\/12\/colorful-Mooncake-USB-Flash-Drive.jpg 800w, https:\/\/www.yousanusb.com\/wp-content\/uploads\/2025\/12\/colorful-Mooncake-USB-Flash-Drive-300x300.jpg 300w, https:\/\/www.yousanusb.com\/wp-content\/uploads\/2025\/12\/colorful-Mooncake-USB-Flash-Drive-150x150.jpg 150w, https:\/\/www.yousanusb.com\/wp-content\/uploads\/2025\/12\/colorful-Mooncake-USB-Flash-Drive-768x768.jpg 768w, https:\/\/www.yousanusb.com\/wp-content\/uploads\/2025\/12\/colorful-Mooncake-USB-Flash-Drive-12x12.jpg 12w, https:\/\/www.yousanusb.com\/wp-content\/uploads\/2025\/12\/colorful-Mooncake-USB-Flash-Drive-600x600.jpg 600w, https:\/\/www.yousanusb.com\/wp-content\/uploads\/2025\/12\/colorful-Mooncake-USB-Flash-Drive-100x100.jpg 100w\" sizes=\"(max-width: 800px) 100vw, 800px\" \/><\/figure>\n<\/div>\n\n\n\n<div class=\"wp-block-column is-vertically-aligned-center is-layout-flow wp-block-column-is-layout-flow\">\n<h2 class=\"wp-block-heading\">Introducci\u00f3n a la unidad USB<\/h2>\n\n\n\n<p>Dise\u00f1ado para parecerse a un pastel de luna tradicional del Festival del Medio Oto\u00f1o, con caracteres grabados de \"Luna perfecta\" y motivos cl\u00e1sicos (flores\/nubes auspiciosas) que evocan la est\u00e9tica china;<\/p>\n\n\n\n<p><br>Presenta una estructura deslizante y desmontable (la unidad flash USB se guarda dentro de la mooncake), con un llavero que sirve tanto de herramienta de almacenamiento como de accesorio port\u00e1til;<\/p>\n\n\n\n<p><br>Disponible en colores suaves personalizables, como amarillo, verde, naranja y morado;<br>La carcasa de PVC suave al tacto ofrece protecci\u00f3n impermeable, resistente a ara\u00f1azos y a prueba de ca\u00eddas.<\/p>\n<\/div>\n<\/div>\n\n\n\n<h2 class=\"wp-block-heading\">\u00bfQu\u00e9 empresas pueden utilizar esta unidad USB como regalo promocional?<\/h2>\n\n\n\n<ul class=\"wp-block-list\">\n<li>Mooncake \/ marcas de comida china: Como inserci\u00f3n en una caja de regalo, lo que permite a los clientes asociar repetidamente la marca al utilizar la unidad USB;<\/li>\n\n\n\n<li>Agencias culturales, creativas y de dise\u00f1o: Como regalo de portafolio, mostrando las capacidades creativas y profundizando en el recuerdo de marca;<\/li>\n\n\n\n<li>Comercio electr\u00f3nico transfronterizo \/ empresas de comercio internacional: Como regalo cultural chino para mercados extranjeros, aprovechando el s\u00edmbolo del pastel de luna para transmitir la herencia oriental de la marca.<\/li>\n<\/ul>\n\n\n\n<div class=\"wp-block-columns is-layout-flex wp-container-core-columns-is-layout-2 wp-block-columns-is-layout-flex\">\n<div class=\"wp-block-column is-layout-flow wp-block-column-is-layout-flow\">\n<figure class=\"wp-block-image size-full\"><img decoding=\"async\" width=\"800\" height=\"800\" src=\"https:\/\/www.yousanusb.com\/wp-content\/uploads\/2025\/12\/custom-Mooncake-USB-Flash-Drive.jpg\" alt=\"\" class=\"wp-image-26421\" srcset=\"https:\/\/www.yousanusb.com\/wp-content\/uploads\/2025\/12\/custom-Mooncake-USB-Flash-Drive.jpg 800w, https:\/\/www.yousanusb.com\/wp-content\/uploads\/2025\/12\/custom-Mooncake-USB-Flash-Drive-300x300.jpg 300w, https:\/\/www.yousanusb.com\/wp-content\/uploads\/2025\/12\/custom-Mooncake-USB-Flash-Drive-150x150.jpg 150w, https:\/\/www.yousanusb.com\/wp-content\/uploads\/2025\/12\/custom-Mooncake-USB-Flash-Drive-768x768.jpg 768w, https:\/\/www.yousanusb.com\/wp-content\/uploads\/2025\/12\/custom-Mooncake-USB-Flash-Drive-12x12.jpg 12w, https:\/\/www.yousanusb.com\/wp-content\/uploads\/2025\/12\/custom-Mooncake-USB-Flash-Drive-600x600.jpg 600w, https:\/\/www.yousanusb.com\/wp-content\/uploads\/2025\/12\/custom-Mooncake-USB-Flash-Drive-100x100.jpg 100w\" sizes=\"(max-width: 800px) 100vw, 800px\" \/><\/figure>\n<\/div>\n\n\n\n<div class=\"wp-block-column is-layout-flow wp-block-column-is-layout-flow\">\n<figure class=\"wp-block-image size-full\"><img decoding=\"async\" width=\"800\" height=\"800\" src=\"https:\/\/www.yousanusb.com\/wp-content\/uploads\/2025\/12\/Mooncake-USB-Flash-Drive-1.jpg\" alt=\"\" class=\"wp-image-26422\" srcset=\"https:\/\/www.yousanusb.com\/wp-content\/uploads\/2025\/12\/Mooncake-USB-Flash-Drive-1.jpg 800w, https:\/\/www.yousanusb.com\/wp-content\/uploads\/2025\/12\/Mooncake-USB-Flash-Drive-1-300x300.jpg 300w, https:\/\/www.yousanusb.com\/wp-content\/uploads\/2025\/12\/Mooncake-USB-Flash-Drive-1-150x150.jpg 150w, https:\/\/www.yousanusb.com\/wp-content\/uploads\/2025\/12\/Mooncake-USB-Flash-Drive-1-768x768.jpg 768w, https:\/\/www.yousanusb.com\/wp-content\/uploads\/2025\/12\/Mooncake-USB-Flash-Drive-1-12x12.jpg 12w, https:\/\/www.yousanusb.com\/wp-content\/uploads\/2025\/12\/Mooncake-USB-Flash-Drive-1-600x600.jpg 600w, https:\/\/www.yousanusb.com\/wp-content\/uploads\/2025\/12\/Mooncake-USB-Flash-Drive-1-100x100.jpg 100w\" sizes=\"(max-width: 800px) 100vw, 800px\" \/><\/figure>\n<\/div>\n<\/div>\n\n\n\n<p><\/p>","protected":false},"excerpt":{"rendered":"<ul>\n<li>Forma tradicional de mooncake + motivos chinos<\/li>\n<li>M\u00faltiples opciones de color disponibles<\/li>\n<li>Material de goma blanda de PVC<\/li>\n<li>2 en 1: unidad USB + llavero<\/li>\n<li>Personalizaci\u00f3n del logotipo<\/li>\n<li>Cantidad m\u00ednima: 100 unidades<\/li>\n<\/ul>","protected":false},"featured_media":26421,"comment_status":"open","ping_status":"closed","template":"","meta":[],"class_list":["post-26417","product","type-product","status-publish","has-post-thumbnail","hentry","product_cat-custom-usb-drive","product_tag-food-usb-flash-drive"],"_links":{"self":[{"href":"https:\/\/www.yousanusb.com\/es\/wp-json\/wp\/v2\/product\/26417"}],"collection":[{"href":"https:\/\/www.yousanusb.com\/es\/wp-json\/wp\/v2\/product"}],"about":[{"href":"https:\/\/www.yousanusb.com\/es\/wp-json\/wp\/v2\/types\/product"}],"replies":[{"embeddable":true,"href":"https:\/\/www.yousanusb.com\/es\/wp-json\/wp\/v2\/comments?post=26417"}],"wp:featuredmedia":[{"embeddable":true,"href":"https:\/\/www.yousanusb.com\/es\/wp-json\/wp\/v2\/media\/26421"}],"wp:attachment":[{"href":"https:\/\/www.yousanusb.com\/es\/wp-json\/wp\/v2\/media?parent=26417"}],"curies":[{"name":"wp","href":"https:\/\/api.w.org\/{rel}","templated":true}]}}