{"id":26423,"date":"2025-12-24T12:59:45","date_gmt":"2025-12-24T12:59:45","guid":{"rendered":"https:\/\/www.yousanusb.com\/?post_type=product&#038;p=26423"},"modified":"2025-12-26T11:32:03","modified_gmt":"2025-12-26T11:32:03","slug":"white-rabbit-candy-usb-flash-drive","status":"publish","type":"product","link":"https:\/\/www.yousanusb.com\/es\/producto\/white-rabbit-candy-usb-flash-drive\/","title":{"rendered":"Memoria USB White Rabbit Candy"},"content":{"rendered":"<p>Recrea fielmente el envase cl\u00e1sico de Big White Rabbit: combinaci\u00f3n de colores azul, blanco y rojo + el ic\u00f3nico dise\u00f1o del conejo blanco, con una forma de caramelo de leche que evoca al instante los recuerdos de la infancia. La unidad USB est\u00e1 oculta en el interior del caramelo (s\u00e1quela y util\u00edcela) e incluye un llavero para facilitar su transporte, que sirve tanto de herramienta de almacenamiento como de accesorio nost\u00e1lgico.<\/p>\n\n\n\n<p>La carcasa suave al tacto de PVC de calidad alimentaria ofrece protecci\u00f3n impermeable, resistente a ara\u00f1azos e impactos para el uso diario. Disponible en varias capacidades (8 GB\/16 GB\/32 GB) con compatibilidad USB universal para uso plug-and-play en los principales dispositivos. Admite la impresi\u00f3n de logotipos personalizados para una exposici\u00f3n de marca de alta frecuencia durante el uso diario.<\/p>\n\n\n\n<div class=\"wp-block-columns is-layout-flex wp-container-core-columns-is-layout-1 wp-block-columns-is-layout-flex\">\n<div class=\"wp-block-column is-layout-flow wp-block-column-is-layout-flow\">\n<figure class=\"wp-block-image size-full\"><img fetchpriority=\"high\" decoding=\"async\" width=\"800\" height=\"800\" src=\"https:\/\/www.yousanusb.com\/wp-content\/uploads\/2025\/12\/Custom-White-Rabbit-Co-branded-USB-Flash-Drive.jpg\" alt=\"\" class=\"wp-image-26426\" srcset=\"https:\/\/www.yousanusb.com\/wp-content\/uploads\/2025\/12\/Custom-White-Rabbit-Co-branded-USB-Flash-Drive.jpg 800w, https:\/\/www.yousanusb.com\/wp-content\/uploads\/2025\/12\/Custom-White-Rabbit-Co-branded-USB-Flash-Drive-300x300.jpg 300w, https:\/\/www.yousanusb.com\/wp-content\/uploads\/2025\/12\/Custom-White-Rabbit-Co-branded-USB-Flash-Drive-150x150.jpg 150w, https:\/\/www.yousanusb.com\/wp-content\/uploads\/2025\/12\/Custom-White-Rabbit-Co-branded-USB-Flash-Drive-768x768.jpg 768w, https:\/\/www.yousanusb.com\/wp-content\/uploads\/2025\/12\/Custom-White-Rabbit-Co-branded-USB-Flash-Drive-12x12.jpg 12w, https:\/\/www.yousanusb.com\/wp-content\/uploads\/2025\/12\/Custom-White-Rabbit-Co-branded-USB-Flash-Drive-600x600.jpg 600w, https:\/\/www.yousanusb.com\/wp-content\/uploads\/2025\/12\/Custom-White-Rabbit-Co-branded-USB-Flash-Drive-100x100.jpg 100w\" sizes=\"(max-width: 800px) 100vw, 800px\" \/><\/figure>\n<\/div>\n\n\n\n<div class=\"wp-block-column is-layout-flow wp-block-column-is-layout-flow\">\n<figure class=\"wp-block-image size-full\"><img decoding=\"async\" width=\"800\" height=\"800\" src=\"https:\/\/www.yousanusb.com\/wp-content\/uploads\/2025\/12\/PVC-White-Rabbit-Creamy-Candy-USB-Flash-Drive.jpg\" alt=\"\" class=\"wp-image-26428\" srcset=\"https:\/\/www.yousanusb.com\/wp-content\/uploads\/2025\/12\/PVC-White-Rabbit-Creamy-Candy-USB-Flash-Drive.jpg 800w, https:\/\/www.yousanusb.com\/wp-content\/uploads\/2025\/12\/PVC-White-Rabbit-Creamy-Candy-USB-Flash-Drive-300x300.jpg 300w, https:\/\/www.yousanusb.com\/wp-content\/uploads\/2025\/12\/PVC-White-Rabbit-Creamy-Candy-USB-Flash-Drive-150x150.jpg 150w, https:\/\/www.yousanusb.com\/wp-content\/uploads\/2025\/12\/PVC-White-Rabbit-Creamy-Candy-USB-Flash-Drive-768x768.jpg 768w, https:\/\/www.yousanusb.com\/wp-content\/uploads\/2025\/12\/PVC-White-Rabbit-Creamy-Candy-USB-Flash-Drive-12x12.jpg 12w, https:\/\/www.yousanusb.com\/wp-content\/uploads\/2025\/12\/PVC-White-Rabbit-Creamy-Candy-USB-Flash-Drive-600x600.jpg 600w, https:\/\/www.yousanusb.com\/wp-content\/uploads\/2025\/12\/PVC-White-Rabbit-Creamy-Candy-USB-Flash-Drive-100x100.jpg 100w\" sizes=\"(max-width: 800px) 100vw, 800px\" \/><\/figure>\n<\/div>\n<\/div>\n\n\n\n<p><\/p>\n\n\n\n<h3 class=\"wp-block-heading\">Tomando como ejemplo Hershey's, la marca estadounidense de aperitivos, captamos la atenci\u00f3n de los clientes a trav\u00e9s de una unidad USB de caramelos de leche Da Bai Tu.<\/h3>\n\n\n\n<div class=\"wp-block-columns is-layout-flex wp-container-core-columns-is-layout-2 wp-block-columns-is-layout-flex\">\n<div class=\"wp-block-column is-vertically-aligned-center is-layout-flow wp-block-column-is-layout-flow\">\n<p><\/p>\n\n\n\n<ul class=\"wp-block-list\">\n<li>Creamos un dise\u00f1o de PI de doble marca: el estuche de la unidad USB Da Bai Tu llevaba el logotipo del chocolate Hershey's, empaquetado como \"Set de regalo dulce con doble sabor\" (unidad USB + 1 mini chocolate Hershey's).<\/li>\n\n\n\n<li>Esta unidad USB sirvi\u00f3 como regalo de agradecimiento en la conferencia regional de distribuidores de Hershey. El contenido precargado inclu\u00eda:Cat\u00e1logo de productos de los pr\u00f3ximos nuevos sabores de chocolate de Hershey;C\u00f3digos de canje de sesiones de degustaci\u00f3n exclusivas para distribuidores.<\/li>\n\n\n\n<li>Una nota en el interior del envase reza: \"Canjee el c\u00f3digo de degustaci\u00f3n en el USB en el plazo de una semana. Una vez canjeado, guarde sus comentarios de cata en el USB y env\u00edenoslo para recibir una caja regalo trimestral adicional de Hershey's\".<\/li>\n\n\n\n<li>Una semana despu\u00e9s, cuando se ponga en contacto con los clientes, simplemente preg\u00fanteles: \"\u00bfGuard\u00f3 sus comentarios sobre la degustaci\u00f3n en el USB y lo devolvi\u00f3? \u00bfLe han gustado los nuevos sabores? Utiliza el USB como tema de conversaci\u00f3n natural para hablar de colaboraciones de productos.<\/li>\n<\/ul>\n<\/div>\n\n\n\n<div class=\"wp-block-column is-layout-flow wp-block-column-is-layout-flow\">\n<figure class=\"wp-block-image size-full\"><img decoding=\"async\" width=\"800\" height=\"800\" src=\"https:\/\/www.yousanusb.com\/wp-content\/uploads\/2025\/12\/White-Rabbit-Creamy-Candy-USB-Flash-Drive-factory.jpg\" alt=\"\" class=\"wp-image-26430\" srcset=\"https:\/\/www.yousanusb.com\/wp-content\/uploads\/2025\/12\/White-Rabbit-Creamy-Candy-USB-Flash-Drive-factory.jpg 800w, https:\/\/www.yousanusb.com\/wp-content\/uploads\/2025\/12\/White-Rabbit-Creamy-Candy-USB-Flash-Drive-factory-300x300.jpg 300w, https:\/\/www.yousanusb.com\/wp-content\/uploads\/2025\/12\/White-Rabbit-Creamy-Candy-USB-Flash-Drive-factory-150x150.jpg 150w, https:\/\/www.yousanusb.com\/wp-content\/uploads\/2025\/12\/White-Rabbit-Creamy-Candy-USB-Flash-Drive-factory-768x768.jpg 768w, https:\/\/www.yousanusb.com\/wp-content\/uploads\/2025\/12\/White-Rabbit-Creamy-Candy-USB-Flash-Drive-factory-12x12.jpg 12w, https:\/\/www.yousanusb.com\/wp-content\/uploads\/2025\/12\/White-Rabbit-Creamy-Candy-USB-Flash-Drive-factory-600x600.jpg 600w, https:\/\/www.yousanusb.com\/wp-content\/uploads\/2025\/12\/White-Rabbit-Creamy-Candy-USB-Flash-Drive-factory-100x100.jpg 100w\" sizes=\"(max-width: 800px) 100vw, 800px\" \/><\/figure>\n<\/div>\n<\/div>","protected":false},"excerpt":{"rendered":"<ul>\n<li>White Rabbit Creamy Candy IP r\u00e9plica de dise\u00f1o<\/li>\n<li>Admite la personalizaci\u00f3n de logotipos de dos marcas<\/li>\n<li>Goma blanda de PVC<\/li>\n<li>Llavero<\/li>\n<li>Adecuado para la precarga de contenidos de regalo<\/li>\n<li>MOQ:100pcs<\/li>\n<\/ul>","protected":false},"featured_media":26431,"comment_status":"open","ping_status":"closed","template":"","meta":[],"class_list":["post-26423","product","type-product","status-publish","has-post-thumbnail","hentry","product_cat-custom-usb-drive","product_tag-custom-3d-usb-flash-drive","product_tag-food-usb-flash-drive"],"_links":{"self":[{"href":"https:\/\/www.yousanusb.com\/es\/wp-json\/wp\/v2\/product\/26423"}],"collection":[{"href":"https:\/\/www.yousanusb.com\/es\/wp-json\/wp\/v2\/product"}],"about":[{"href":"https:\/\/www.yousanusb.com\/es\/wp-json\/wp\/v2\/types\/product"}],"replies":[{"embeddable":true,"href":"https:\/\/www.yousanusb.com\/es\/wp-json\/wp\/v2\/comments?post=26423"}],"wp:featuredmedia":[{"embeddable":true,"href":"https:\/\/www.yousanusb.com\/es\/wp-json\/wp\/v2\/media\/26431"}],"wp:attachment":[{"href":"https:\/\/www.yousanusb.com\/es\/wp-json\/wp\/v2\/media?parent=26423"}],"curies":[{"name":"wp","href":"https:\/\/api.w.org\/{rel}","templated":true}]}}