{"id":9066,"date":"2024-09-09T14:40:42","date_gmt":"2024-09-09T14:40:42","guid":{"rendered":"https:\/\/yousanusb.com\/?post_type=product&#038;p=9066"},"modified":"2025-11-11T07:26:45","modified_gmt":"2025-11-11T07:26:45","slug":"metal-flash-drive-usb-thumb-drives-with-lighter-rotatable-memory-stick","status":"publish","type":"product","link":"https:\/\/www.yousanusb.com\/es\/producto\/metal-flash-drive-usb-thumb-drives-with-lighter-rotatable-memory-stick\/","title":{"rendered":"Memorias USB ABS con mechero"},"content":{"rendered":"<p>\u00bfRecuerdas el dise\u00f1o cl\u00e1sico que fue tan popular durante un tiempo? Ahora vuelve en todo su esplendor en una forma m\u00e1s poderosa! La herencia cl\u00e1sica enciende la inspiraci\u00f3n del almacenamiento!<\/p>\n\n\n\n<div class=\"wp-block-columns is-layout-flex wp-container-core-columns-is-layout-1 wp-block-columns-is-layout-flex\">\n<div class=\"wp-block-column is-layout-flow wp-block-column-is-layout-flow\">\n<figure class=\"wp-block-image size-full\"><img fetchpriority=\"high\" decoding=\"async\" width=\"1000\" height=\"1000\" src=\"https:\/\/www.yousanusb.com\/wp-content\/uploads\/2024\/09\/all-metal-usb-flash-drive.jpg\" alt=\"unidad flash usb totalmente met\u00e1lica\" class=\"wp-image-9068\" srcset=\"https:\/\/www.yousanusb.com\/wp-content\/uploads\/2024\/09\/all-metal-usb-flash-drive.jpg 1000w, https:\/\/www.yousanusb.com\/wp-content\/uploads\/2024\/09\/all-metal-usb-flash-drive-300x300.jpg 300w, https:\/\/www.yousanusb.com\/wp-content\/uploads\/2024\/09\/all-metal-usb-flash-drive-150x150.jpg 150w, https:\/\/www.yousanusb.com\/wp-content\/uploads\/2024\/09\/all-metal-usb-flash-drive-768x768.jpg 768w, https:\/\/www.yousanusb.com\/wp-content\/uploads\/2024\/09\/all-metal-usb-flash-drive-600x600.jpg 600w, https:\/\/www.yousanusb.com\/wp-content\/uploads\/2024\/09\/all-metal-usb-flash-drive-100x100.jpg 100w\" sizes=\"(max-width: 1000px) 100vw, 1000px\" \/><\/figure>\n<\/div>\n\n\n\n<div class=\"wp-block-column is-vertically-aligned-center is-layout-flow wp-block-column-is-layout-flow\">\n<p>Esta unidad USB con forma de mechero est\u00e1 fabricada en pl\u00e1stico ABS, que reproduce a la perfecci\u00f3n la forma de un mechero con un tacto c\u00f3modo y una textura intrincada. <\/p>\n\n\n\n<p>Esta unidad USB mide 69 mm x 20 mm x 7 mm y pesa aproximadamente 15 gramos.<\/p>\n\n\n\n<p>Disponibles en m\u00faltiples colores (rojo, azul, verde, blanco, negro, etc.), seguro que hay uno que despierta tus recuerdos y se convierte en tu accesorio de moda \u00fanico.<\/p>\n\n\n\n<p>Tambi\u00e9n puede personalizar su color preferido seleccion\u00e1ndolo de la carta de colores Pantone.<\/p>\n<\/div>\n<\/div>\n\n\n\n<div class=\"wp-block-columns is-layout-flex wp-container-core-columns-is-layout-2 wp-block-columns-is-layout-flex\">\n<div class=\"wp-block-column is-vertically-aligned-center is-layout-flow wp-block-column-is-layout-flow\">\n<p>Ofrece opciones de interfaz USB 2.0 y USB 3.0 para satisfacer sus distintos requisitos de velocidad. <\/p>\n\n\n\n<p>Tanto para las tareas cotidianas de la oficina como para transferencias de archivos de gran tama\u00f1o, lo maneja todo con facilidad y confianza.<\/p>\n\n\n\n<p><br>Su dise\u00f1o elegante y compacto es ligero y port\u00e1til, y cabe sin esfuerzo en el bolsillo o la cartera. Disfrute de la libertad de almacenamiento en cualquier momento y lugar.<\/p>\n<\/div>\n\n\n\n<div class=\"wp-block-column is-layout-flow wp-block-column-is-layout-flow\">\n<figure class=\"wp-block-image size-full\"><img decoding=\"async\" width=\"1000\" height=\"1000\" src=\"https:\/\/www.yousanusb.com\/wp-content\/uploads\/2024\/09\/custom-mini-metal-usb-flash-drive.jpg\" alt=\"mini unidad flash usb met\u00e1lica personalizada\" class=\"wp-image-9070\" srcset=\"https:\/\/www.yousanusb.com\/wp-content\/uploads\/2024\/09\/custom-mini-metal-usb-flash-drive.jpg 1000w, https:\/\/www.yousanusb.com\/wp-content\/uploads\/2024\/09\/custom-mini-metal-usb-flash-drive-300x300.jpg 300w, https:\/\/www.yousanusb.com\/wp-content\/uploads\/2024\/09\/custom-mini-metal-usb-flash-drive-150x150.jpg 150w, https:\/\/www.yousanusb.com\/wp-content\/uploads\/2024\/09\/custom-mini-metal-usb-flash-drive-768x768.jpg 768w, https:\/\/www.yousanusb.com\/wp-content\/uploads\/2024\/09\/custom-mini-metal-usb-flash-drive-600x600.jpg 600w, https:\/\/www.yousanusb.com\/wp-content\/uploads\/2024\/09\/custom-mini-metal-usb-flash-drive-100x100.jpg 100w\" sizes=\"(max-width: 1000px) 100vw, 1000px\" \/><\/figure>\n<\/div>\n<\/div>\n\n\n\n<div class=\"wp-block-columns is-layout-flex wp-container-core-columns-is-layout-3 wp-block-columns-is-layout-flex\">\n<div class=\"wp-block-column is-layout-flow wp-block-column-is-layout-flow\">\n<figure class=\"wp-block-image size-full\"><img decoding=\"async\" width=\"1000\" height=\"1000\" src=\"https:\/\/www.yousanusb.com\/wp-content\/uploads\/2024\/09\/metal-case-usb-flash-drive.jpg\" alt=\"carcasa met\u00e1lica unidad flash usb\" class=\"wp-image-9072\" srcset=\"https:\/\/www.yousanusb.com\/wp-content\/uploads\/2024\/09\/metal-case-usb-flash-drive.jpg 1000w, https:\/\/www.yousanusb.com\/wp-content\/uploads\/2024\/09\/metal-case-usb-flash-drive-300x300.jpg 300w, https:\/\/www.yousanusb.com\/wp-content\/uploads\/2024\/09\/metal-case-usb-flash-drive-150x150.jpg 150w, https:\/\/www.yousanusb.com\/wp-content\/uploads\/2024\/09\/metal-case-usb-flash-drive-768x768.jpg 768w, https:\/\/www.yousanusb.com\/wp-content\/uploads\/2024\/09\/metal-case-usb-flash-drive-600x600.jpg 600w, https:\/\/www.yousanusb.com\/wp-content\/uploads\/2024\/09\/metal-case-usb-flash-drive-100x100.jpg 100w\" sizes=\"(max-width: 1000px) 100vw, 1000px\" \/><\/figure>\n<\/div>\n\n\n\n<div class=\"wp-block-column is-vertically-aligned-center is-layout-flow wp-block-column-is-layout-flow\">\n<p>Esta unidad USB admite la personalizaci\u00f3n del logotipo, que puede imprimirse tanto en la superficie frontal como en la posterior. <\/p>\n\n\n\n<p>Las opciones de personalizaci\u00f3n incluyen serigraf\u00eda o grabado l\u00e1ser:<\/p>\n\n\n\n<ul class=\"wp-block-list\">\n<li>La serigraf\u00eda complementa su colorida carcasa con gran precisi\u00f3n crom\u00e1tica, igualando los tonos del caparaz\u00f3n; <\/li>\n\n\n\n<li>El grabado por l\u00e1ser crea una delicada marca en la superficie que es resistente al desgaste y a la decoloraci\u00f3n.<\/li>\n<\/ul>\n\n\n\n<p>El contenido personalizado puede incluir logotipos corporativos o s\u00edmbolos exclusivos, atendiendo a las necesidades de marca de las empresas o de identificaci\u00f3n personal. El proceso es maduro y ofrece resultados exquisitos.<\/p>\n<\/div>\n<\/div>","protected":false},"excerpt":{"rendered":"<ul>\n<li>Dise\u00f1o m\u00e1s ligero<\/li>\n<li>Material ABS<\/li>\n<li>Impermeable y duradero<\/li>\n<li>Mayor velocidad y alta calidad<\/li>\n<li>Fiabilidad y seguridad<\/li>\n<li>Ideal para todos los usos<\/li>\n<li>MOQ:100pcs<\/li>\n<\/ul>","protected":false},"featured_media":9070,"comment_status":"open","ping_status":"closed","template":"","meta":{"_seopress_robots_primary_cat":"none","_seopress_titles_title":"ABS Flash Drive USB Thumb Drives with Lighter","_seopress_titles_desc":"Our USB flash drives are not only novel and beautiful in appearance, but also a great chip inside. With a key design, you can attach the thumb drive to key-rings, bags, or belt loops, ensuring it's always within reach.","_seopress_robots_index":""},"class_list":["post-9066","product","type-product","status-publish","has-post-thumbnail","hentry","product_cat-usb-flash-drive","product_tag-lighter-usb-3-0-flash-drive-metal"],"_links":{"self":[{"href":"https:\/\/www.yousanusb.com\/es\/wp-json\/wp\/v2\/product\/9066"}],"collection":[{"href":"https:\/\/www.yousanusb.com\/es\/wp-json\/wp\/v2\/product"}],"about":[{"href":"https:\/\/www.yousanusb.com\/es\/wp-json\/wp\/v2\/types\/product"}],"replies":[{"embeddable":true,"href":"https:\/\/www.yousanusb.com\/es\/wp-json\/wp\/v2\/comments?post=9066"}],"wp:featuredmedia":[{"embeddable":true,"href":"https:\/\/www.yousanusb.com\/es\/wp-json\/wp\/v2\/media\/9070"}],"wp:attachment":[{"href":"https:\/\/www.yousanusb.com\/es\/wp-json\/wp\/v2\/media?parent=9066"}],"curies":[{"name":"wp","href":"https:\/\/api.w.org\/{rel}","templated":true}]}}