{"id":9076,"date":"2024-09-09T15:08:56","date_gmt":"2024-09-09T15:08:56","guid":{"rendered":"https:\/\/yousanusb.com\/?post_type=product&#038;p=9076"},"modified":"2025-11-13T04:05:22","modified_gmt":"2025-11-13T04:05:22","slug":"brain-shaped-usb-flash-drive-memory-stick-high-speed","status":"publish","type":"product","link":"https:\/\/www.yousanusb.com\/es\/producto\/brain-shaped-usb-flash-drive-memory-stick-high-speed\/","title":{"rendered":"Memoria USB con forma de cerebro de alta velocidad"},"content":{"rendered":"<div class=\"wp-block-columns is-layout-flex wp-container-core-columns-is-layout-1 wp-block-columns-is-layout-flex\">\n<div class=\"wp-block-column is-layout-flow wp-block-column-is-layout-flow\">\n<figure class=\"wp-block-image size-full\"><img fetchpriority=\"high\" decoding=\"async\" width=\"1000\" height=\"1000\" src=\"https:\/\/www.yousanusb.com\/wp-content\/uploads\/2024\/09\/usb-flash-drive-custom-printing.jpg\" alt=\"unidad flash usb impresi\u00f3n personalizada\" class=\"wp-image-9084\" srcset=\"https:\/\/www.yousanusb.com\/wp-content\/uploads\/2024\/09\/usb-flash-drive-custom-printing.jpg 1000w, https:\/\/www.yousanusb.com\/wp-content\/uploads\/2024\/09\/usb-flash-drive-custom-printing-300x300.jpg 300w, https:\/\/www.yousanusb.com\/wp-content\/uploads\/2024\/09\/usb-flash-drive-custom-printing-150x150.jpg 150w, https:\/\/www.yousanusb.com\/wp-content\/uploads\/2024\/09\/usb-flash-drive-custom-printing-768x768.jpg 768w, https:\/\/www.yousanusb.com\/wp-content\/uploads\/2024\/09\/usb-flash-drive-custom-printing-600x600.jpg 600w, https:\/\/www.yousanusb.com\/wp-content\/uploads\/2024\/09\/usb-flash-drive-custom-printing-100x100.jpg 100w\" sizes=\"(max-width: 1000px) 100vw, 1000px\" \/><\/figure>\n<\/div>\n\n\n\n<div class=\"wp-block-column is-vertically-aligned-center is-layout-flow wp-block-column-is-layout-flow\">\n<p>Interesante dise\u00f1o exterior, ligero y port\u00e1til. Compatible con todos los dispositivos con puertos USB-A, como ordenadores de sobremesa, port\u00e1tiles, tabletas, televisores y altavoces. Compacto y robusto, su carcasa de silicona garantiza su resistencia a los golpes y al polvo, y el chip de clase A asegura una transmisi\u00f3n de datos estable y r\u00e1pida.<\/p>\n\n\n\n<p>Se trata de una unidad USB de silicona con forma de cerebro. Con un dise\u00f1o inspirado en un cerebro y opciones de color que incluyen el rosa, el blanco y el amarillo, su suave carcasa de silicona ofrece un tacto c\u00f3modo a la vez que es resistente a ca\u00eddas y ara\u00f1azos. Una tapa transparente protege el puerto USB, y su forma divertida y distintiva hace que sea f\u00e1cil de reconocer. De tama\u00f1o compacto, es perfecta para llevarla a cualquier parte.<\/p>\n<\/div>\n<\/div>\n\n\n\n<p>Opciones de color personalizadas disponibles bajo petici\u00f3n; p\u00f3ngase en contacto con nosotros para obtener m\u00e1s informaci\u00f3n. Cuenta con una interfaz USB est\u00e1ndar para uso profesional, compatible con los principales sistemas como Windows y Mac. La funcionalidad Plug and Play no requiere controladores adicionales. Almacena documentos, im\u00e1genes, v\u00eddeos y otros tipos de datos. Las capacidades est\u00e1ndar cubren las necesidades de almacenamiento cotidianas de la oficina y el estudio. Velocidades de lectura\/escritura estables para transferencias de archivos rutinarias.<\/p>\n\n\n\n<div class=\"wp-block-columns is-layout-flex wp-container-core-columns-is-layout-2 wp-block-columns-is-layout-flex\">\n<div class=\"wp-block-column is-layout-flow wp-block-column-is-layout-flow\">\n<figure class=\"wp-block-image size-full\"><img decoding=\"async\" width=\"1000\" height=\"1000\" src=\"https:\/\/www.yousanusb.com\/wp-content\/uploads\/2024\/09\/custom-logo-usb-brain-drive.jpg\" alt=\"logotipo personalizado usb brain drive\" class=\"wp-image-9081\" srcset=\"https:\/\/www.yousanusb.com\/wp-content\/uploads\/2024\/09\/custom-logo-usb-brain-drive.jpg 1000w, https:\/\/www.yousanusb.com\/wp-content\/uploads\/2024\/09\/custom-logo-usb-brain-drive-300x300.jpg 300w, https:\/\/www.yousanusb.com\/wp-content\/uploads\/2024\/09\/custom-logo-usb-brain-drive-150x150.jpg 150w, https:\/\/www.yousanusb.com\/wp-content\/uploads\/2024\/09\/custom-logo-usb-brain-drive-768x768.jpg 768w, https:\/\/www.yousanusb.com\/wp-content\/uploads\/2024\/09\/custom-logo-usb-brain-drive-600x600.jpg 600w, https:\/\/www.yousanusb.com\/wp-content\/uploads\/2024\/09\/custom-logo-usb-brain-drive-100x100.jpg 100w\" sizes=\"(max-width: 1000px) 100vw, 1000px\" \/><\/figure>\n<\/div>\n\n\n\n<div class=\"wp-block-column is-layout-flow wp-block-column-is-layout-flow\">\n<figure class=\"wp-block-image size-full\"><img decoding=\"async\" width=\"1000\" height=\"1000\" src=\"https:\/\/www.yousanusb.com\/wp-content\/uploads\/2024\/09\/custom-branded-usb-drive.jpg\" alt=\"unidad usb personalizada\" class=\"wp-image-9080\" srcset=\"https:\/\/www.yousanusb.com\/wp-content\/uploads\/2024\/09\/custom-branded-usb-drive.jpg 1000w, https:\/\/www.yousanusb.com\/wp-content\/uploads\/2024\/09\/custom-branded-usb-drive-300x300.jpg 300w, https:\/\/www.yousanusb.com\/wp-content\/uploads\/2024\/09\/custom-branded-usb-drive-150x150.jpg 150w, https:\/\/www.yousanusb.com\/wp-content\/uploads\/2024\/09\/custom-branded-usb-drive-768x768.jpg 768w, https:\/\/www.yousanusb.com\/wp-content\/uploads\/2024\/09\/custom-branded-usb-drive-600x600.jpg 600w, https:\/\/www.yousanusb.com\/wp-content\/uploads\/2024\/09\/custom-branded-usb-drive-100x100.jpg 100w\" sizes=\"(max-width: 1000px) 100vw, 1000px\" \/><\/figure>\n<\/div>\n<\/div>","protected":false},"excerpt":{"rendered":"<ul>\n<li>Interesante dise\u00f1o exterior<\/li>\n<li>Material de silicona<\/li>\n<li>MOQ\uff1a100pcs<\/li>\n<li>Impermeable y duradero<\/li>\n<li>Mayor velocidad y alta calidad<\/li>\n<li>Fiabilidad y seguridad<\/li>\n<li>Ideal para todos los usos<\/li>\n<\/ul>","protected":false},"featured_media":9078,"comment_status":"open","ping_status":"closed","template":"","meta":{"_seopress_robots_primary_cat":"none","_seopress_titles_title":"","_seopress_titles_desc":"","_seopress_robots_index":""},"class_list":["post-9076","product","type-product","status-publish","has-post-thumbnail","hentry","product_cat-custom-usb-drive","product_tag-brain-shape-usb-flash-driver"],"_links":{"self":[{"href":"https:\/\/www.yousanusb.com\/es\/wp-json\/wp\/v2\/product\/9076"}],"collection":[{"href":"https:\/\/www.yousanusb.com\/es\/wp-json\/wp\/v2\/product"}],"about":[{"href":"https:\/\/www.yousanusb.com\/es\/wp-json\/wp\/v2\/types\/product"}],"replies":[{"embeddable":true,"href":"https:\/\/www.yousanusb.com\/es\/wp-json\/wp\/v2\/comments?post=9076"}],"wp:featuredmedia":[{"embeddable":true,"href":"https:\/\/www.yousanusb.com\/es\/wp-json\/wp\/v2\/media\/9078"}],"wp:attachment":[{"href":"https:\/\/www.yousanusb.com\/es\/wp-json\/wp\/v2\/media?parent=9076"}],"curies":[{"name":"wp","href":"https:\/\/api.w.org\/{rel}","templated":true}]}}