{"id":9085,"date":"2024-09-09T15:34:15","date_gmt":"2024-09-09T15:34:15","guid":{"rendered":"https:\/\/yousanusb.com\/?post_type=product&#038;p=9085"},"modified":"2025-11-04T07:01:42","modified_gmt":"2025-11-04T07:01:42","slug":"swivel-pen-drive-for-data-storage-bulk-swivel-memory","status":"publish","type":"product","link":"https:\/\/www.yousanusb.com\/es\/producto\/swivel-pen-drive-for-data-storage-bulk-swivel-memory\/","title":{"rendered":"Pen Drive giratorio para almacenamiento de datos"},"content":{"rendered":"<div class=\"wp-block-columns is-layout-flex wp-container-core-columns-is-layout-1 wp-block-columns-is-layout-flex\">\n<div class=\"wp-block-column is-layout-flow wp-block-column-is-layout-flow\">\n<figure class=\"wp-block-image size-full\"><img fetchpriority=\"high\" decoding=\"async\" width=\"800\" height=\"800\" src=\"https:\/\/www.yousanusb.com\/wp-content\/uploads\/2024\/09\/custom-swivel-for-usb-flash-drive.webp\" alt=\"\" class=\"wp-image-23413\" srcset=\"https:\/\/www.yousanusb.com\/wp-content\/uploads\/2024\/09\/custom-swivel-for-usb-flash-drive.webp 800w, https:\/\/www.yousanusb.com\/wp-content\/uploads\/2024\/09\/custom-swivel-for-usb-flash-drive-300x300.webp 300w, https:\/\/www.yousanusb.com\/wp-content\/uploads\/2024\/09\/custom-swivel-for-usb-flash-drive-150x150.webp 150w, https:\/\/www.yousanusb.com\/wp-content\/uploads\/2024\/09\/custom-swivel-for-usb-flash-drive-768x768.webp 768w, https:\/\/www.yousanusb.com\/wp-content\/uploads\/2024\/09\/custom-swivel-for-usb-flash-drive-12x12.webp 12w, https:\/\/www.yousanusb.com\/wp-content\/uploads\/2024\/09\/custom-swivel-for-usb-flash-drive-600x600.webp 600w, https:\/\/www.yousanusb.com\/wp-content\/uploads\/2024\/09\/custom-swivel-for-usb-flash-drive-100x100.webp 100w\" sizes=\"(max-width: 800px) 100vw, 800px\" \/><\/figure>\n<\/div>\n\n\n\n<div class=\"wp-block-column is-vertically-aligned-center is-layout-flow wp-block-column-is-layout-flow\">\n<p>Esta unidad USB cuenta con un dise\u00f1o giratorio que permite mostrar u ocultar el puerto USB con un simple giro, eliminando por completo la molestia de perder la tapa habitual en las unidades USB tradicionales. Ofrece tanto un uso c\u00f3modo como un almacenamiento sencillo.<\/p>\n\n\n\n<p>Ofrece una amplia gama de colores: rojo, negro, amarillo, blanco, azul, morado, verde, naranja y dorado. Tanto si necesitas el sofisticado negro o dorado para entornos de negocios como colores vibrantes para el d\u00eda a d\u00eda, satisface diversas preferencias de estilo.<\/p>\n<\/div>\n<\/div>\n\n\n\n<div class=\"wp-block-columns is-layout-flex wp-container-core-columns-is-layout-2 wp-block-columns-is-layout-flex\">\n<div class=\"wp-block-column is-vertically-aligned-center is-layout-flow wp-block-column-is-layout-flow\">\n<p>En cuanto a los materiales, el cuerpo de la unidad USB est\u00e1 fabricado en metal, que ofrece una sensaci\u00f3n s\u00f3lida y duradera. La junta giratoria utiliza pl\u00e1stico de primera calidad para garantizar una rotaci\u00f3n suave y fluida y una fiabilidad a largo plazo sin desgaste.<\/p>\n\n\n\n<p>Desde un punto de vista profesional, ofrece capacidades que van desde los 8 GB hasta los 128 GB, lo que permite una personalizaci\u00f3n basada en las necesidades diarias de almacenamiento, con diferentes capacidades correspondientes a diferentes precios. Es compatible con los principales sistemas operativos, como Windows y Mac, y cuenta con funcionalidad plug-and-play para almacenar y transferir sin esfuerzo documentos, im\u00e1genes, v\u00eddeos y otros archivos. El almacenamiento de datos es seguro y estable, con una vida \u00fatil de decenas de miles de ciclos de escritura para un uso fiable a largo plazo. Las empresas tambi\u00e9n pueden personalizarlo con su logotipo, lo que lo convierte en un regalo promocional o una herramienta de oficina ideal que combina practicidad con refuerzo de marca.<\/p>\n<\/div>\n\n\n\n<div class=\"wp-block-column is-layout-flow wp-block-column-is-layout-flow\">\n<figure class=\"wp-block-image size-full\"><img decoding=\"async\" width=\"800\" height=\"800\" src=\"https:\/\/www.yousanusb.com\/wp-content\/uploads\/2024\/09\/custom-mini-swivel-usb-flash-drive.webp\" alt=\"\" class=\"wp-image-23412\" srcset=\"https:\/\/www.yousanusb.com\/wp-content\/uploads\/2024\/09\/custom-mini-swivel-usb-flash-drive.webp 800w, https:\/\/www.yousanusb.com\/wp-content\/uploads\/2024\/09\/custom-mini-swivel-usb-flash-drive-300x300.webp 300w, https:\/\/www.yousanusb.com\/wp-content\/uploads\/2024\/09\/custom-mini-swivel-usb-flash-drive-150x150.webp 150w, https:\/\/www.yousanusb.com\/wp-content\/uploads\/2024\/09\/custom-mini-swivel-usb-flash-drive-768x768.webp 768w, https:\/\/www.yousanusb.com\/wp-content\/uploads\/2024\/09\/custom-mini-swivel-usb-flash-drive-12x12.webp 12w, https:\/\/www.yousanusb.com\/wp-content\/uploads\/2024\/09\/custom-mini-swivel-usb-flash-drive-600x600.webp 600w, https:\/\/www.yousanusb.com\/wp-content\/uploads\/2024\/09\/custom-mini-swivel-usb-flash-drive-100x100.webp 100w\" sizes=\"(max-width: 800px) 100vw, 800px\" \/><\/figure>\n<\/div>\n<\/div>\n\n\n\n<p><\/p>","protected":false},"excerpt":{"rendered":"<ul>\n<li>Dise\u00f1o giratorio<\/li>\n<li>Material met\u00e1lico<\/li>\n<li>Impermeable y duradero<\/li>\n<li>Mayor velocidad y alta calidad<\/li>\n<li>Fiabilidad y seguridad<\/li>\n<li>Ideal para todos los usos<\/li>\n<\/ul>","protected":false},"featured_media":9092,"comment_status":"open","ping_status":"closed","template":"","meta":{"_seopress_robots_primary_cat":"none","_seopress_titles_title":"","_seopress_titles_desc":"","_seopress_robots_index":""},"class_list":["post-9085","product","type-product","status-publish","has-post-thumbnail","hentry","product_cat-metal-usb-flash-drive","product_cat-rotating-usb-flash-drive","product_tag-aluminum-flash-drive","product_tag-custom-swivel-usb-flash-drive"],"_links":{"self":[{"href":"https:\/\/www.yousanusb.com\/es\/wp-json\/wp\/v2\/product\/9085"}],"collection":[{"href":"https:\/\/www.yousanusb.com\/es\/wp-json\/wp\/v2\/product"}],"about":[{"href":"https:\/\/www.yousanusb.com\/es\/wp-json\/wp\/v2\/types\/product"}],"replies":[{"embeddable":true,"href":"https:\/\/www.yousanusb.com\/es\/wp-json\/wp\/v2\/comments?post=9085"}],"wp:featuredmedia":[{"embeddable":true,"href":"https:\/\/www.yousanusb.com\/es\/wp-json\/wp\/v2\/media\/9092"}],"wp:attachment":[{"href":"https:\/\/www.yousanusb.com\/es\/wp-json\/wp\/v2\/media?parent=9085"}],"curies":[{"name":"wp","href":"https:\/\/api.w.org\/{rel}","templated":true}]}}