{"id":9115,"date":"2024-09-10T02:09:26","date_gmt":"2024-09-10T02:09:26","guid":{"rendered":"https:\/\/yousanusb.com\/?post_type=product&#038;p=9115"},"modified":"2025-10-06T00:28:44","modified_gmt":"2025-10-06T00:28:44","slug":"metal-mini-thumb-flash-drive-with-hook-hanging-buckle","status":"publish","type":"product","link":"https:\/\/www.yousanusb.com\/es\/producto\/metal-mini-thumb-flash-drive-with-hook-hanging-buckle\/","title":{"rendered":"Pendrive met\u00e1lico con hebilla para colgar"},"content":{"rendered":"<p>La velocidad depender\u00e1 del entorno de funcionamiento del equipo inform\u00e1tico y de otros factores. Exterior de metal y chapado dise\u00f1ado, caracter\u00edsticas de gancho de seguridad, de tama\u00f1o adecuado.<\/p>\n<p><img fetchpriority=\"high\" decoding=\"async\" class=\"size-full wp-image-9122 aligncenter\" src=\"https:\/\/yousanusb.com\/wp-content\/uploads\/2024\/09\/metal-hook-usb-flash-drive-wholesale.jpg\" alt=\"gancho de metal usb flash drive al por mayor\" width=\"1000\" height=\"1000\" srcset=\"https:\/\/www.yousanusb.com\/wp-content\/uploads\/2024\/09\/metal-hook-usb-flash-drive-wholesale.jpg 1000w, https:\/\/www.yousanusb.com\/wp-content\/uploads\/2024\/09\/metal-hook-usb-flash-drive-wholesale-300x300.jpg 300w, https:\/\/www.yousanusb.com\/wp-content\/uploads\/2024\/09\/metal-hook-usb-flash-drive-wholesale-150x150.jpg 150w, https:\/\/www.yousanusb.com\/wp-content\/uploads\/2024\/09\/metal-hook-usb-flash-drive-wholesale-768x768.jpg 768w, https:\/\/www.yousanusb.com\/wp-content\/uploads\/2024\/09\/metal-hook-usb-flash-drive-wholesale-600x600.jpg 600w, https:\/\/www.yousanusb.com\/wp-content\/uploads\/2024\/09\/metal-hook-usb-flash-drive-wholesale-100x100.jpg 100w\" sizes=\"(max-width: 1000px) 100vw, 1000px\" \/> <img decoding=\"async\" class=\"size-full wp-image-9121 aligncenter\" src=\"https:\/\/yousanusb.com\/wp-content\/uploads\/2024\/09\/metal-hook-usb-flash-drive-manufacturer.jpg\" alt=\"gancho de metal usb flash drive manufacturer\" width=\"1000\" height=\"1000\" srcset=\"https:\/\/www.yousanusb.com\/wp-content\/uploads\/2024\/09\/metal-hook-usb-flash-drive-manufacturer.jpg 1000w, https:\/\/www.yousanusb.com\/wp-content\/uploads\/2024\/09\/metal-hook-usb-flash-drive-manufacturer-300x300.jpg 300w, https:\/\/www.yousanusb.com\/wp-content\/uploads\/2024\/09\/metal-hook-usb-flash-drive-manufacturer-150x150.jpg 150w, https:\/\/www.yousanusb.com\/wp-content\/uploads\/2024\/09\/metal-hook-usb-flash-drive-manufacturer-768x768.jpg 768w, https:\/\/www.yousanusb.com\/wp-content\/uploads\/2024\/09\/metal-hook-usb-flash-drive-manufacturer-600x600.jpg 600w, https:\/\/www.yousanusb.com\/wp-content\/uploads\/2024\/09\/metal-hook-usb-flash-drive-manufacturer-100x100.jpg 100w\" sizes=\"(max-width: 1000px) 100vw, 1000px\" \/> <img decoding=\"async\" class=\"size-full wp-image-9120 aligncenter\" src=\"https:\/\/yousanusb.com\/wp-content\/uploads\/2024\/09\/metal-hook-usb-flash-drive-factory.jpg\" alt=\"gancho de metal usb flash drive factory\" width=\"1000\" height=\"1000\" srcset=\"https:\/\/www.yousanusb.com\/wp-content\/uploads\/2024\/09\/metal-hook-usb-flash-drive-factory.jpg 1000w, https:\/\/www.yousanusb.com\/wp-content\/uploads\/2024\/09\/metal-hook-usb-flash-drive-factory-300x300.jpg 300w, https:\/\/www.yousanusb.com\/wp-content\/uploads\/2024\/09\/metal-hook-usb-flash-drive-factory-150x150.jpg 150w, https:\/\/www.yousanusb.com\/wp-content\/uploads\/2024\/09\/metal-hook-usb-flash-drive-factory-768x768.jpg 768w, https:\/\/www.yousanusb.com\/wp-content\/uploads\/2024\/09\/metal-hook-usb-flash-drive-factory-600x600.jpg 600w, https:\/\/www.yousanusb.com\/wp-content\/uploads\/2024\/09\/metal-hook-usb-flash-drive-factory-100x100.jpg 100w\" sizes=\"(max-width: 1000px) 100vw, 1000px\" \/> <img loading=\"lazy\" decoding=\"async\" class=\"size-full wp-image-9119 aligncenter\" src=\"https:\/\/yousanusb.com\/wp-content\/uploads\/2024\/09\/metal-hook-usb-flash-drive-customized.jpg\" alt=\"gancho de metal usb flash drive personalizado\" width=\"1000\" height=\"1000\" srcset=\"https:\/\/www.yousanusb.com\/wp-content\/uploads\/2024\/09\/metal-hook-usb-flash-drive-customized.jpg 1000w, https:\/\/www.yousanusb.com\/wp-content\/uploads\/2024\/09\/metal-hook-usb-flash-drive-customized-300x300.jpg 300w, https:\/\/www.yousanusb.com\/wp-content\/uploads\/2024\/09\/metal-hook-usb-flash-drive-customized-150x150.jpg 150w, https:\/\/www.yousanusb.com\/wp-content\/uploads\/2024\/09\/metal-hook-usb-flash-drive-customized-768x768.jpg 768w, https:\/\/www.yousanusb.com\/wp-content\/uploads\/2024\/09\/metal-hook-usb-flash-drive-customized-600x600.jpg 600w, https:\/\/www.yousanusb.com\/wp-content\/uploads\/2024\/09\/metal-hook-usb-flash-drive-customized-100x100.jpg 100w\" sizes=\"(max-width: 1000px) 100vw, 1000px\" \/><\/p>","protected":false},"excerpt":{"rendered":"<ul>\n<li>Dise\u00f1o de hebilla colgante<\/li>\n<li>Material met\u00e1lico<\/li>\n<li>Impermeable y duradero<\/li>\n<li>Mayor velocidad y alta calidad<\/li>\n<li>Fiabilidad y seguridad<\/li>\n<li>Ideal para todos los usos<\/li>\n<\/ul>","protected":false},"featured_media":9117,"comment_status":"open","ping_status":"closed","template":"","meta":{"_seopress_robots_primary_cat":"none","_seopress_titles_title":"","_seopress_titles_desc":"","_seopress_robots_index":""},"class_list":["post-9115","product","type-product","status-publish","has-post-thumbnail","hentry","product_cat-metal-usb-flash-drive","product_tag-rose-gold-usb-flash-drive","product_tag-custom-metal-keychain-usb-flash-drive","product_tag-buy-metal-leather-usb-flash-drive"],"_links":{"self":[{"href":"https:\/\/www.yousanusb.com\/es\/wp-json\/wp\/v2\/product\/9115"}],"collection":[{"href":"https:\/\/www.yousanusb.com\/es\/wp-json\/wp\/v2\/product"}],"about":[{"href":"https:\/\/www.yousanusb.com\/es\/wp-json\/wp\/v2\/types\/product"}],"replies":[{"embeddable":true,"href":"https:\/\/www.yousanusb.com\/es\/wp-json\/wp\/v2\/comments?post=9115"}],"wp:featuredmedia":[{"embeddable":true,"href":"https:\/\/www.yousanusb.com\/es\/wp-json\/wp\/v2\/media\/9117"}],"wp:attachment":[{"href":"https:\/\/www.yousanusb.com\/es\/wp-json\/wp\/v2\/media?parent=9115"}],"curies":[{"name":"wp","href":"https:\/\/api.w.org\/{rel}","templated":true}]}}