{"id":9123,"date":"2024-09-10T02:23:51","date_gmt":"2024-09-10T02:23:51","guid":{"rendered":"https:\/\/yousanusb.com\/?post_type=product&#038;p=9123"},"modified":"2025-11-13T04:24:37","modified_gmt":"2025-11-13T04:24:37","slug":"usb-flash-drive-cute-robot-toy-character-thumb-jump-drive-waterproof","status":"publish","type":"product","link":"https:\/\/www.yousanusb.com\/es\/producto\/usb-flash-drive-cute-robot-toy-character-thumb-jump-drive-waterproof\/","title":{"rendered":"Lindo Juguete Robot USB Flash Drive Personaje"},"content":{"rendered":"<div class=\"wp-block-columns is-layout-flex wp-container-core-columns-is-layout-1 wp-block-columns-is-layout-flex\">\n<div class=\"wp-block-column is-layout-flow wp-block-column-is-layout-flow\">\n<figure class=\"wp-block-image size-full\"><img fetchpriority=\"high\" decoding=\"async\" width=\"1000\" height=\"1000\" src=\"https:\/\/www.yousanusb.com\/wp-content\/uploads\/2024\/09\/custom-usb-flash-drive-no-minimum-order.jpg\" alt=\"unidad flash usb personalizada sin pedido m\u00ednimo\" class=\"wp-image-9127\" srcset=\"https:\/\/www.yousanusb.com\/wp-content\/uploads\/2024\/09\/custom-usb-flash-drive-no-minimum-order.jpg 1000w, https:\/\/www.yousanusb.com\/wp-content\/uploads\/2024\/09\/custom-usb-flash-drive-no-minimum-order-300x300.jpg 300w, https:\/\/www.yousanusb.com\/wp-content\/uploads\/2024\/09\/custom-usb-flash-drive-no-minimum-order-150x150.jpg 150w, https:\/\/www.yousanusb.com\/wp-content\/uploads\/2024\/09\/custom-usb-flash-drive-no-minimum-order-768x768.jpg 768w, https:\/\/www.yousanusb.com\/wp-content\/uploads\/2024\/09\/custom-usb-flash-drive-no-minimum-order-600x600.jpg 600w, https:\/\/www.yousanusb.com\/wp-content\/uploads\/2024\/09\/custom-usb-flash-drive-no-minimum-order-100x100.jpg 100w\" sizes=\"(max-width: 1000px) 100vw, 1000px\" \/><\/figure>\n<\/div>\n\n\n\n<div class=\"wp-block-column is-vertically-aligned-center is-layout-flow wp-block-column-is-layout-flow\">\n<p><br>Lindo robot \u00fanico en forma de dibujos animados unidad flash, cuenta con un dise\u00f1o interesante robot y tapa protectora fuerte, construido en clase-A chip garantiza la transmisi\u00f3n de datos estable y r\u00e1pida.<br><\/p>\n\n\n\n<p>Se trata de una unidad USB de silicona con tem\u00e1tica de dibujos animados. Con un dise\u00f1o de personajes de dibujos animados, su cuerpo principal est\u00e1 hecho de material de silicona, que ofrece un tacto suave a la vez que es resistente a ca\u00eddas y ara\u00f1azos. <\/p>\n\n\n\n<p>Un lazo superior permite sujetarlo a llaveros u otros objetos personales. La zona blanca de la parte delantera permite personalizar la marca, e incluye una tapa de silicona a juego para proteger el puerto USB. El dise\u00f1o general es adorable y muy port\u00e1til.<\/p>\n\n\n\n<p>Funcionalmente, cuenta con una interfaz USB est\u00e1ndar compatible con los principales sistemas, como Windows y Mac, que permite el funcionamiento plug-and-play sin controladores adicionales. Almacena documentos, im\u00e1genes, v\u00eddeos y otros datos, con capacidades est\u00e1ndar disponibles para satisfacer las necesidades de almacenamiento cotidianas de la oficina y el estudio. Ofrece velocidades estables de lectura y escritura, por lo que es ideal para la transferencia rutinaria de archivos.<\/p>\n<\/div>\n<\/div>\n\n\n\n<div class=\"wp-block-columns is-layout-flex wp-container-core-columns-is-layout-2 wp-block-columns-is-layout-flex\">\n<div class=\"wp-block-column is-vertically-aligned-center is-layout-flow wp-block-column-is-layout-flow\">\n<p>Esta unidad USB de silicona estilo dibujos animados est\u00e1 disponible en negro, amarillo, rosa, morado y otros colores, con opciones de colores personalizados.<\/p>\n\n\n\n<p> La zona frontal admite la impresi\u00f3n de logotipos. Fabricada en silicona resistente a los golpes con un pr\u00e1ctico orificio de transporte para llevarla c\u00f3modamente.<\/p>\n\n\n\n<p> Cuenta con una interfaz USB est\u00e1ndar compatible con los principales sistemas para una funcionalidad plug-and-play, adecuada para regalos personalizados o almacenamiento diario.<\/p>\n<\/div>\n\n\n\n<div class=\"wp-block-column is-layout-flow wp-block-column-is-layout-flow\">\n<figure class=\"wp-block-image size-full\"><img decoding=\"async\" width=\"1000\" height=\"1000\" src=\"https:\/\/www.yousanusb.com\/wp-content\/uploads\/2024\/09\/custom-cartoon-usb-flash-drive.jpg\" alt=\"unidad flash usb de dibujos animados personalizada\" class=\"wp-image-9126\" srcset=\"https:\/\/www.yousanusb.com\/wp-content\/uploads\/2024\/09\/custom-cartoon-usb-flash-drive.jpg 1000w, https:\/\/www.yousanusb.com\/wp-content\/uploads\/2024\/09\/custom-cartoon-usb-flash-drive-300x300.jpg 300w, https:\/\/www.yousanusb.com\/wp-content\/uploads\/2024\/09\/custom-cartoon-usb-flash-drive-150x150.jpg 150w, https:\/\/www.yousanusb.com\/wp-content\/uploads\/2024\/09\/custom-cartoon-usb-flash-drive-768x768.jpg 768w, https:\/\/www.yousanusb.com\/wp-content\/uploads\/2024\/09\/custom-cartoon-usb-flash-drive-600x600.jpg 600w, https:\/\/www.yousanusb.com\/wp-content\/uploads\/2024\/09\/custom-cartoon-usb-flash-drive-100x100.jpg 100w\" sizes=\"(max-width: 1000px) 100vw, 1000px\" \/><\/figure>\n<\/div>\n<\/div>","protected":false},"excerpt":{"rendered":"<ul>\n<li>Lindo dise\u00f1o de juguete robot<\/li>\n<li>Material met\u00e1lico<\/li>\n<li>MOQ\uff1a100pcs<\/li>\n<li>Mayor velocidad y alta calidad<\/li>\n<li>Fiabilidad y seguridad<\/li>\n<li>Ideal para todos los usos<\/li>\n<\/ul>","protected":false},"featured_media":9126,"comment_status":"open","ping_status":"closed","template":"","meta":{"_seopress_robots_primary_cat":"none","_seopress_titles_title":"","_seopress_titles_desc":"","_seopress_robots_index":""},"class_list":["post-9123","product","type-product","status-publish","has-post-thumbnail","hentry","product_cat-custom-usb-drive","product_tag-custom-cartoon-usb-flash-drive"],"_links":{"self":[{"href":"https:\/\/www.yousanusb.com\/es\/wp-json\/wp\/v2\/product\/9123"}],"collection":[{"href":"https:\/\/www.yousanusb.com\/es\/wp-json\/wp\/v2\/product"}],"about":[{"href":"https:\/\/www.yousanusb.com\/es\/wp-json\/wp\/v2\/types\/product"}],"replies":[{"embeddable":true,"href":"https:\/\/www.yousanusb.com\/es\/wp-json\/wp\/v2\/comments?post=9123"}],"wp:featuredmedia":[{"embeddable":true,"href":"https:\/\/www.yousanusb.com\/es\/wp-json\/wp\/v2\/media\/9126"}],"wp:attachment":[{"href":"https:\/\/www.yousanusb.com\/es\/wp-json\/wp\/v2\/media?parent=9123"}],"curies":[{"name":"wp","href":"https:\/\/api.w.org\/{rel}","templated":true}]}}