{"id":9236,"date":"2024-09-10T08:37:18","date_gmt":"2024-09-10T08:37:18","guid":{"rendered":"https:\/\/yousanusb.com\/?post_type=product&#038;p=9236"},"modified":"2025-11-13T12:09:17","modified_gmt":"2025-11-13T12:09:17","slug":"mini-usb-flash-drive-metal-stick-small-size-ultra-usb-flash-drives","status":"publish","type":"product","link":"https:\/\/www.yousanusb.com\/es\/producto\/mini-usb-flash-drive-metal-stick-small-size-ultra-usb-flash-drives\/","title":{"rendered":"Memorias USB Metal Stick Mini Size Ultra"},"content":{"rendered":"<p>El l\u00e1piz de memoria es compatible con los sistemas operativos Windows 7 \/ 8 \/ 10 \/ Vista \/ XP \/ 2000 \/ ME \/ NT Linux y Mac OS. Compatible con USB 2.0 USB 3.0 y hacia atr\u00e1s.<\/p>\n\n\n\n<div class=\"wp-block-columns is-layout-flex wp-container-core-columns-is-layout-1 wp-block-columns-is-layout-flex\">\n<div class=\"wp-block-column is-layout-flow wp-block-column-is-layout-flow\">\n<figure class=\"wp-block-image size-full\"><img fetchpriority=\"high\" decoding=\"async\" width=\"1000\" height=\"1000\" src=\"https:\/\/www.yousanusb.com\/wp-content\/uploads\/2024\/09\/china-usb-flash-drive-otg-mini-metal-customized.jpg\" alt=\"china usb flash drive otg mini metal customized\" class=\"wp-image-9239\" srcset=\"https:\/\/www.yousanusb.com\/wp-content\/uploads\/2024\/09\/china-usb-flash-drive-otg-mini-metal-customized.jpg 1000w, https:\/\/www.yousanusb.com\/wp-content\/uploads\/2024\/09\/china-usb-flash-drive-otg-mini-metal-customized-300x300.jpg 300w, https:\/\/www.yousanusb.com\/wp-content\/uploads\/2024\/09\/china-usb-flash-drive-otg-mini-metal-customized-150x150.jpg 150w, https:\/\/www.yousanusb.com\/wp-content\/uploads\/2024\/09\/china-usb-flash-drive-otg-mini-metal-customized-768x768.jpg 768w, https:\/\/www.yousanusb.com\/wp-content\/uploads\/2024\/09\/china-usb-flash-drive-otg-mini-metal-customized-600x600.jpg 600w, https:\/\/www.yousanusb.com\/wp-content\/uploads\/2024\/09\/china-usb-flash-drive-otg-mini-metal-customized-100x100.jpg 100w\" sizes=\"(max-width: 1000px) 100vw, 1000px\" \/><\/figure>\n<\/div>\n\n\n\n<div class=\"wp-block-column is-vertically-aligned-center is-layout-flow wp-block-column-is-layout-flow\">\n<h2 class=\"wp-block-heading\">Caracter\u00edsticas de dise\u00f1o<\/h2>\n\n\n\n<p>Este producto presenta una unidad USB de tipo anillo con una estructura integrada de anillo y llavero, que permite engancharla directamente a llaves, bolsos y otros objetos personales para reducir el riesgo de p\u00e9rdida. Su dise\u00f1o de carcasa dividida permite guardar el cuerpo de la unidad USB dentro de la carcasa exterior, protegiendo eficazmente la interfaz del polvo y los ara\u00f1azos, lo que la hace ideal para un uso diario muy frecuente.<\/p>\n\n\n\n<h2 class=\"wp-block-heading\">Opciones de color<\/h2>\n\n\n\n<p>Disponibles en varios colores, como plata, oro rosa, oro y gris oscuro, para adaptarse a diversas est\u00e9ticas personales. Estas opciones tambi\u00e9n satisfacen requisitos visuales para diversos escenarios, desde el uso personal hasta la distribuci\u00f3n de regalos corporativos.<\/p>\n<\/div>\n<\/div>\n\n\n\n<div class=\"wp-block-columns is-layout-flex wp-container-core-columns-is-layout-2 wp-block-columns-is-layout-flex\">\n<div class=\"wp-block-column is-vertically-aligned-center is-layout-flow wp-block-column-is-layout-flow\">\n<h2 class=\"wp-block-heading\">Propiedades de los materiales<\/h2>\n\n\n\n<p>La carcasa met\u00e1lica combina el atractivo est\u00e9tico con la protecci\u00f3n pr\u00e1ctica, ofreciendo resistencia a los golpes y la temperatura. Soporta los peque\u00f1os impactos diarios y las fluctuaciones de temperatura ambiental, lo que garantiza un funcionamiento estable del m\u00f3dulo de almacenamiento.<\/p>\n\n\n\n<h2 class=\"wp-block-heading\">Factor de forma y portabilidad<\/h2>\n\n\n\n<p>El producto presenta un dise\u00f1o compacto y miniaturizado que ocupa un espacio m\u00ednimo. Cabe directamente en bolsillos, carteras u otros soportes personales, eliminando la necesidad de herramientas de almacenamiento adicionales. Esto lo hace ideal para los desplazamientos, el trabajo de oficina m\u00f3vil y otros escenarios sobre la marcha, permitiendo el acceso a los datos en cualquier momento y capacidades de lectura\/escritura.<\/p>\n<\/div>\n\n\n\n<div class=\"wp-block-column is-layout-flow wp-block-column-is-layout-flow\">\n<figure class=\"wp-block-image size-full\"><img decoding=\"async\" width=\"1000\" height=\"1000\" src=\"https:\/\/www.yousanusb.com\/wp-content\/uploads\/2021\/06\/china-mini-metal-usb-flash-drive-supplier.jpg\" alt=\"china mini metal usb flash drive proveedor\" class=\"wp-image-9232\" srcset=\"https:\/\/www.yousanusb.com\/wp-content\/uploads\/2021\/06\/china-mini-metal-usb-flash-drive-supplier.jpg 1000w, https:\/\/www.yousanusb.com\/wp-content\/uploads\/2021\/06\/china-mini-metal-usb-flash-drive-supplier-300x300.jpg 300w, https:\/\/www.yousanusb.com\/wp-content\/uploads\/2021\/06\/china-mini-metal-usb-flash-drive-supplier-150x150.jpg 150w, https:\/\/www.yousanusb.com\/wp-content\/uploads\/2021\/06\/china-mini-metal-usb-flash-drive-supplier-768x768.jpg 768w, https:\/\/www.yousanusb.com\/wp-content\/uploads\/2021\/06\/china-mini-metal-usb-flash-drive-supplier-600x600.jpg 600w, https:\/\/www.yousanusb.com\/wp-content\/uploads\/2021\/06\/china-mini-metal-usb-flash-drive-supplier-100x100.jpg 100w\" sizes=\"(max-width: 1000px) 100vw, 1000px\" \/><\/figure>\n<\/div>\n<\/div>\n\n\n\n<div class=\"wp-block-columns is-layout-flex wp-container-core-columns-is-layout-3 wp-block-columns-is-layout-flex\">\n<div class=\"wp-block-column is-layout-flow wp-block-column-is-layout-flow\">\n<figure class=\"wp-block-image size-full\"><img decoding=\"async\" width=\"1000\" height=\"1000\" src=\"https:\/\/www.yousanusb.com\/wp-content\/uploads\/2021\/06\/china-mini-metal-usb-flash-drive-wholesale.jpg\" alt=\"china mini metal usb flash drive wholesale\" class=\"wp-image-9233\" srcset=\"https:\/\/www.yousanusb.com\/wp-content\/uploads\/2021\/06\/china-mini-metal-usb-flash-drive-wholesale.jpg 1000w, https:\/\/www.yousanusb.com\/wp-content\/uploads\/2021\/06\/china-mini-metal-usb-flash-drive-wholesale-300x300.jpg 300w, https:\/\/www.yousanusb.com\/wp-content\/uploads\/2021\/06\/china-mini-metal-usb-flash-drive-wholesale-150x150.jpg 150w, https:\/\/www.yousanusb.com\/wp-content\/uploads\/2021\/06\/china-mini-metal-usb-flash-drive-wholesale-768x768.jpg 768w, https:\/\/www.yousanusb.com\/wp-content\/uploads\/2021\/06\/china-mini-metal-usb-flash-drive-wholesale-600x600.jpg 600w, https:\/\/www.yousanusb.com\/wp-content\/uploads\/2021\/06\/china-mini-metal-usb-flash-drive-wholesale-100x100.jpg 100w\" sizes=\"(max-width: 1000px) 100vw, 1000px\" \/><\/figure>\n<\/div>\n\n\n\n<div class=\"wp-block-column is-vertically-aligned-center is-layout-flow wp-block-column-is-layout-flow\">\n<h2 class=\"wp-block-heading\">Rendimiento profesional del almacenamiento<\/h2>\n\n\n\n<p>Equipado con una interfaz de alta velocidad compatible con las especificaciones USB 3.0, ofrece tasas de transferencia eficientes optimizadas para operaciones r\u00e1pidas de lectura\/escritura de archivos peque\u00f1os. <\/p>\n\n\n\n<p>Con chipsets originales para un rendimiento de almacenamiento estable, admite m\u00faltiples formatos de archivo y es compatible con los principales sistemas operativos, incluidos Windows y macOS.<\/p>\n\n\n\n<p> La funcionalidad plug-and-play elimina la necesidad de instalar controladores adicionales. Al ofrecer capacidades de almacenamiento est\u00e1ndar, almacena de forma fiable documentos, im\u00e1genes, v\u00eddeos y otros datos, por lo que resulta ideal para tareas de oficina personales, almacenamiento de material acad\u00e9mico y transferencias temporales de archivos.<\/p>\n<\/div>\n<\/div>","protected":false},"excerpt":{"rendered":"<ul>\n<li>Dise\u00f1o Mini Fit<\/li>\n<li>Material met\u00e1lico<\/li>\n<li>Impermeable y duradero<\/li>\n<li>Mayor velocidad y alta calidad<\/li>\n<li>Fiabilidad y seguridad<\/li>\n<li>Ideal para todos los usos<\/li>\n<li>MOQ:100pcs<\/li>\n<\/ul>","protected":false},"featured_media":9238,"comment_status":"open","ping_status":"closed","template":"","meta":{"_seopress_robots_primary_cat":"none","_seopress_titles_title":"","_seopress_titles_desc":"","_seopress_robots_index":""},"class_list":["post-9236","product","type-product","status-publish","has-post-thumbnail","hentry","product_cat-metal-usb-flash-drive","product_cat-mini-usb-flash-drive","product_tag-rose-gold-usb-flash-drive","product_tag-custom-metal-keychain-usb-flash-drive","product_tag-buy-metal-leather-usb-flash-drive"],"_links":{"self":[{"href":"https:\/\/www.yousanusb.com\/es\/wp-json\/wp\/v2\/product\/9236"}],"collection":[{"href":"https:\/\/www.yousanusb.com\/es\/wp-json\/wp\/v2\/product"}],"about":[{"href":"https:\/\/www.yousanusb.com\/es\/wp-json\/wp\/v2\/types\/product"}],"replies":[{"embeddable":true,"href":"https:\/\/www.yousanusb.com\/es\/wp-json\/wp\/v2\/comments?post=9236"}],"wp:featuredmedia":[{"embeddable":true,"href":"https:\/\/www.yousanusb.com\/es\/wp-json\/wp\/v2\/media\/9238"}],"wp:attachment":[{"href":"https:\/\/www.yousanusb.com\/es\/wp-json\/wp\/v2\/media?parent=9236"}],"curies":[{"name":"wp","href":"https:\/\/api.w.org\/{rel}","templated":true}]}}