{"id":9263,"date":"2024-09-10T13:33:37","date_gmt":"2024-09-10T13:33:37","guid":{"rendered":"https:\/\/yousanusb.com\/?post_type=product&#038;p=9263"},"modified":"2025-11-10T09:05:24","modified_gmt":"2025-11-10T09:05:24","slug":"gift-wooden-credit-card-shaped-usb-flash-drives-thumb-drives-memory-stick","status":"publish","type":"product","link":"https:\/\/www.yousanusb.com\/es\/producto\/gift-wooden-credit-card-shaped-usb-flash-drives-thumb-drives-memory-stick\/","title":{"rendered":"Regalo Memoria USB de madera con forma de tarjeta de cr\u00e9dito"},"content":{"rendered":"<p>Las memorias USB para tarjetas de madera ofrecen m\u00faltiples opciones, como bamb\u00fa, arce duro norteamericano, nogal negro y palisandro del sudeste asi\u00e1tico, para adaptarse a diversas preferencias est\u00e9ticas:<\/p>\n\n\n\n<div class=\"wp-block-columns is-layout-flex wp-container-core-columns-is-layout-1 wp-block-columns-is-layout-flex\">\n<div class=\"wp-block-column is-layout-flow wp-block-column-is-layout-flow\">\n<figure class=\"wp-block-image size-full\"><img fetchpriority=\"high\" decoding=\"async\" width=\"1000\" height=\"1000\" src=\"https:\/\/www.yousanusb.com\/wp-content\/uploads\/2024\/09\/64gb-usb-wooden-flash-drive-supplier.jpg\" alt=\"64gb usb unidad flash de madera proveedor\" class=\"wp-image-9266\" srcset=\"https:\/\/www.yousanusb.com\/wp-content\/uploads\/2024\/09\/64gb-usb-wooden-flash-drive-supplier.jpg 1000w, https:\/\/www.yousanusb.com\/wp-content\/uploads\/2024\/09\/64gb-usb-wooden-flash-drive-supplier-300x300.jpg 300w, https:\/\/www.yousanusb.com\/wp-content\/uploads\/2024\/09\/64gb-usb-wooden-flash-drive-supplier-150x150.jpg 150w, https:\/\/www.yousanusb.com\/wp-content\/uploads\/2024\/09\/64gb-usb-wooden-flash-drive-supplier-768x768.jpg 768w, https:\/\/www.yousanusb.com\/wp-content\/uploads\/2024\/09\/64gb-usb-wooden-flash-drive-supplier-600x600.jpg 600w, https:\/\/www.yousanusb.com\/wp-content\/uploads\/2024\/09\/64gb-usb-wooden-flash-drive-supplier-100x100.jpg 100w\" sizes=\"(max-width: 1000px) 100vw, 1000px\" \/><\/figure>\n<\/div>\n\n\n\n<div class=\"wp-block-column is-layout-flow wp-block-column-is-layout-flow\">\n<p>El modelo de bamb\u00fa es ligero, respetuoso con el medio ambiente y resistente al desgaste, y presenta un tono degradado natural amarillo-marr\u00f3n; <\/p>\n\n\n\n<p>Los modelos de arce tienen una dureza de 4,0 H y un fino veteado que va del rojo claro al blanquecino, ideal para grabados complejos; <\/p>\n\n\n\n<p>Los modelos de nogal poseen aceites naturales repelentes de insectos y ofrecen una textura c\u00e1lida en tonos que van del chocolate al marr\u00f3n oscuro; <\/p>\n\n\n\n<p>Los modelos de palisandro se caracterizan por su alta densidad (0,85 g\/cm\u00b3), su resistencia a la corrosi\u00f3n y su lujoso veteado en tonos que van del rojo intenso al marr\u00f3n oscuro.<\/p>\n<\/div>\n<\/div>\n\n\n\n<p>- Interfaces y velocidad: Disponible en versiones USB 2.0, USB 3.0 y USB 3.1 Tipo-A con soporte OTG; Versi\u00f3n USB 2.0: Velocidad de lectura 10-30MB\/s, velocidad de escritura 5-10MB\/s; Versi\u00f3n USB 3.0: Velocidad de lectura de hasta 150 MB\/s, velocidad de escritura de 50 MB\/s; La versi\u00f3n USB 3.1 alcanza velocidades m\u00e1ximas de lectura de 500 MB\/s y velocidades m\u00e1ximas de escritura de 400 MB\/s, transfiriendo un v\u00eddeo HD de 1 GB en tan s\u00f3lo 2 segundos.<\/p>\n\n\n\n<div class=\"wp-block-columns is-layout-flex wp-container-core-columns-is-layout-2 wp-block-columns-is-layout-flex\">\n<div class=\"wp-block-column is-layout-flow wp-block-column-is-layout-flow\">\n<figure class=\"wp-block-image size-full\"><img decoding=\"async\" width=\"1000\" height=\"1000\" src=\"https:\/\/www.yousanusb.com\/wp-content\/uploads\/2024\/09\/blank-wood-usb-flash-drives.jpg\" alt=\"unidades flash usb de madera en blanco\" class=\"wp-image-9268\" srcset=\"https:\/\/www.yousanusb.com\/wp-content\/uploads\/2024\/09\/blank-wood-usb-flash-drives.jpg 1000w, https:\/\/www.yousanusb.com\/wp-content\/uploads\/2024\/09\/blank-wood-usb-flash-drives-300x300.jpg 300w, https:\/\/www.yousanusb.com\/wp-content\/uploads\/2024\/09\/blank-wood-usb-flash-drives-150x150.jpg 150w, https:\/\/www.yousanusb.com\/wp-content\/uploads\/2024\/09\/blank-wood-usb-flash-drives-768x768.jpg 768w, https:\/\/www.yousanusb.com\/wp-content\/uploads\/2024\/09\/blank-wood-usb-flash-drives-600x600.jpg 600w, https:\/\/www.yousanusb.com\/wp-content\/uploads\/2024\/09\/blank-wood-usb-flash-drives-100x100.jpg 100w\" sizes=\"(max-width: 1000px) 100vw, 1000px\" \/><\/figure>\n<\/div>\n\n\n\n<div class=\"wp-block-column is-layout-flow wp-block-column-is-layout-flow\">\n<figure class=\"wp-block-image size-full\"><img decoding=\"async\" width=\"1000\" height=\"1000\" src=\"https:\/\/www.yousanusb.com\/wp-content\/uploads\/2024\/09\/wooden-swivel-usb-flash-drive.jpg\" alt=\"unidad flash usb giratoria de madera\" class=\"wp-image-9270\" srcset=\"https:\/\/www.yousanusb.com\/wp-content\/uploads\/2024\/09\/wooden-swivel-usb-flash-drive.jpg 1000w, https:\/\/www.yousanusb.com\/wp-content\/uploads\/2024\/09\/wooden-swivel-usb-flash-drive-300x300.jpg 300w, https:\/\/www.yousanusb.com\/wp-content\/uploads\/2024\/09\/wooden-swivel-usb-flash-drive-150x150.jpg 150w, https:\/\/www.yousanusb.com\/wp-content\/uploads\/2024\/09\/wooden-swivel-usb-flash-drive-768x768.jpg 768w, https:\/\/www.yousanusb.com\/wp-content\/uploads\/2024\/09\/wooden-swivel-usb-flash-drive-600x600.jpg 600w, https:\/\/www.yousanusb.com\/wp-content\/uploads\/2024\/09\/wooden-swivel-usb-flash-drive-100x100.jpg 100w\" sizes=\"(max-width: 1000px) 100vw, 1000px\" \/><\/figure>\n<\/div>\n<\/div>\n\n\n\n<p><\/p>\n\n\n\n<p>- Capacidad de almacenamiento: Amplias opciones de capacidad que abarcan 2 GB, 4 GB, 8 GB, 16 GB, 32 GB, 64 GB, 128 GB, 256 GB y 512 GB para satisfacer diversas necesidades, desde el almacenamiento diario de documentos hasta la copia de seguridad multimedia en alta definici\u00f3n, con una retenci\u00f3n de datos que dura m\u00e1s de 10 a\u00f1os.<\/p>","protected":false},"excerpt":{"rendered":"<ul>\n<li>Dise\u00f1o en forma de tarjeta de cr\u00e9dito<\/li>\n<li>Material de madera<\/li>\n<li>Adecuado para regalo<\/li>\n<li>Mayor velocidad y alta calidad<\/li>\n<li>Fiabilidad y seguridad<\/li>\n<li>Ideal para todos los usos<\/li>\n<\/ul>","protected":false},"featured_media":9269,"comment_status":"open","ping_status":"closed","template":"","meta":{"_seopress_robots_primary_cat":"none","_seopress_titles_title":"","_seopress_titles_desc":"","_seopress_robots_index":""},"class_list":["post-9263","product","type-product","status-publish","has-post-thumbnail","hentry","product_cat-wooden-usb-flash-drive"],"_links":{"self":[{"href":"https:\/\/www.yousanusb.com\/es\/wp-json\/wp\/v2\/product\/9263"}],"collection":[{"href":"https:\/\/www.yousanusb.com\/es\/wp-json\/wp\/v2\/product"}],"about":[{"href":"https:\/\/www.yousanusb.com\/es\/wp-json\/wp\/v2\/types\/product"}],"replies":[{"embeddable":true,"href":"https:\/\/www.yousanusb.com\/es\/wp-json\/wp\/v2\/comments?post=9263"}],"wp:featuredmedia":[{"embeddable":true,"href":"https:\/\/www.yousanusb.com\/es\/wp-json\/wp\/v2\/media\/9269"}],"wp:attachment":[{"href":"https:\/\/www.yousanusb.com\/es\/wp-json\/wp\/v2\/media?parent=9263"}],"curies":[{"name":"wp","href":"https:\/\/api.w.org\/{rel}","templated":true}]}}