{"id":9271,"date":"2024-09-10T13:43:16","date_gmt":"2024-09-10T13:43:16","guid":{"rendered":"https:\/\/yousanusb.com\/?post_type=product&#038;p=9271"},"modified":"2025-11-10T09:09:20","modified_gmt":"2025-11-10T09:09:20","slug":"wooden-baseball-bat-model-usb-flash-drive-flash-disk-memory-stick","status":"publish","type":"product","link":"https:\/\/www.yousanusb.com\/es\/producto\/wooden-baseball-bat-model-usb-flash-drive-flash-disk-memory-stick\/","title":{"rendered":"Memoria USB modelo bate de b\u00e9isbol de madera"},"content":{"rendered":"<p>Memoria USB Bate de B\u00e9isbol de Madera: Infunda pasi\u00f3n a la vida cotidiana con practicidad y personalidad<\/p>\n\n\n\n<p>Fabricado con madera maciza natural en forma de mini bate de b\u00e9isbol, captura el esp\u00edritu del deporte. Cada grano de madera tiene una textura natural. Compacto y port\u00e1til, se siente suave y c\u00f3modo en la mano. Es a la vez una pr\u00e1ctica herramienta de almacenamiento y un accesorio para iniciar una conversaci\u00f3n.<\/p>\n\n\n\n<div class=\"wp-block-columns is-layout-flex wp-container-core-columns-is-layout-1 wp-block-columns-is-layout-flex\">\n<div class=\"wp-block-column is-layout-flow wp-block-column-is-layout-flow\">\n<figure class=\"wp-block-image size-full\"><img fetchpriority=\"high\" decoding=\"async\" width=\"1000\" height=\"1000\" src=\"https:\/\/www.yousanusb.com\/wp-content\/uploads\/2024\/09\/bulk-64gb-usb-wooden-flash-drive.jpg\" alt=\"bulk 64gb usb wooden flash drive\" class=\"wp-image-9274\" srcset=\"https:\/\/www.yousanusb.com\/wp-content\/uploads\/2024\/09\/bulk-64gb-usb-wooden-flash-drive.jpg 1000w, https:\/\/www.yousanusb.com\/wp-content\/uploads\/2024\/09\/bulk-64gb-usb-wooden-flash-drive-300x300.jpg 300w, https:\/\/www.yousanusb.com\/wp-content\/uploads\/2024\/09\/bulk-64gb-usb-wooden-flash-drive-150x150.jpg 150w, https:\/\/www.yousanusb.com\/wp-content\/uploads\/2024\/09\/bulk-64gb-usb-wooden-flash-drive-768x768.jpg 768w, https:\/\/www.yousanusb.com\/wp-content\/uploads\/2024\/09\/bulk-64gb-usb-wooden-flash-drive-600x600.jpg 600w, https:\/\/www.yousanusb.com\/wp-content\/uploads\/2024\/09\/bulk-64gb-usb-wooden-flash-drive-100x100.jpg 100w\" sizes=\"(max-width: 1000px) 100vw, 1000px\" \/><\/figure>\n<\/div>\n\n\n\n<div class=\"wp-block-column is-layout-flow wp-block-column-is-layout-flow\">\n<figure class=\"wp-block-image size-full\"><img decoding=\"async\" width=\"1000\" height=\"1000\" src=\"https:\/\/www.yousanusb.com\/wp-content\/uploads\/2024\/09\/bulk-engraved-wooden-usb-flash-drive.jpg\" alt=\"unidad flash usb de madera grabada a granel\" class=\"wp-image-9276\" srcset=\"https:\/\/www.yousanusb.com\/wp-content\/uploads\/2024\/09\/bulk-engraved-wooden-usb-flash-drive.jpg 1000w, https:\/\/www.yousanusb.com\/wp-content\/uploads\/2024\/09\/bulk-engraved-wooden-usb-flash-drive-300x300.jpg 300w, https:\/\/www.yousanusb.com\/wp-content\/uploads\/2024\/09\/bulk-engraved-wooden-usb-flash-drive-150x150.jpg 150w, https:\/\/www.yousanusb.com\/wp-content\/uploads\/2024\/09\/bulk-engraved-wooden-usb-flash-drive-768x768.jpg 768w, https:\/\/www.yousanusb.com\/wp-content\/uploads\/2024\/09\/bulk-engraved-wooden-usb-flash-drive-600x600.jpg 600w, https:\/\/www.yousanusb.com\/wp-content\/uploads\/2024\/09\/bulk-engraved-wooden-usb-flash-drive-100x100.jpg 100w\" sizes=\"(max-width: 1000px) 100vw, 1000px\" \/><\/figure>\n<\/div>\n<\/div>\n\n\n\n<p><strong>Aspectos m\u00e1s destacados<\/strong><\/p>\n\n\n\n<p>Dise\u00f1o llamativo: Estilo realista de bate de b\u00e9isbol con un distintivo grano de madera texturizado. Desp\u00eddete de los pendrives de pl\u00e1stico gen\u00e9ricos: este irradia frescura y vanguardia.<\/p>\n\n\n\n<p>Materiales fiables: Fabricado con madera maciza de primera calidad para mayor durabilidad y resistencia a los ara\u00f1azos. Los conectores dise\u00f1ados con precisi\u00f3n equilibran la comodidad t\u00e1ctil con la funcionalidad.<\/p>\n\n\n\n<div class=\"wp-block-columns is-layout-flex wp-container-core-columns-is-layout-2 wp-block-columns-is-layout-flex\">\n<div class=\"wp-block-column is-layout-flow wp-block-column-is-layout-flow\">\n<figure class=\"wp-block-image size-full\"><img decoding=\"async\" width=\"1000\" height=\"1000\" src=\"https:\/\/www.yousanusb.com\/wp-content\/uploads\/2024\/09\/bulk-promotional-wooden-usb-flash-drive.jpg\" alt=\"unidad flash usb de madera promocional a granel\" class=\"wp-image-9277\" srcset=\"https:\/\/www.yousanusb.com\/wp-content\/uploads\/2024\/09\/bulk-promotional-wooden-usb-flash-drive.jpg 1000w, https:\/\/www.yousanusb.com\/wp-content\/uploads\/2024\/09\/bulk-promotional-wooden-usb-flash-drive-300x300.jpg 300w, https:\/\/www.yousanusb.com\/wp-content\/uploads\/2024\/09\/bulk-promotional-wooden-usb-flash-drive-150x150.jpg 150w, https:\/\/www.yousanusb.com\/wp-content\/uploads\/2024\/09\/bulk-promotional-wooden-usb-flash-drive-768x768.jpg 768w, https:\/\/www.yousanusb.com\/wp-content\/uploads\/2024\/09\/bulk-promotional-wooden-usb-flash-drive-600x600.jpg 600w, https:\/\/www.yousanusb.com\/wp-content\/uploads\/2024\/09\/bulk-promotional-wooden-usb-flash-drive-100x100.jpg 100w\" sizes=\"(max-width: 1000px) 100vw, 1000px\" \/><\/figure>\n<\/div>\n\n\n\n<div class=\"wp-block-column is-vertically-aligned-center is-layout-flow wp-block-column-is-layout-flow\">\n<p>Rendimiento s\u00f3lido: La transferencia USB de alta velocidad garantiza velocidades de lectura\/escritura fluidas y sin retrasos. Compatible con PC, tabletas y otros dispositivos para el almacenamiento diario de archivos, fotos y v\u00eddeos.<\/p>\n\n\n\n<p>Escenarios vers\u00e1tiles: Ideal para el almacenamiento de documentos de oficina \/ escuela, las necesidades de los entusiastas al aire libre sobre la marcha, o como un regalo creativo para los aficionados al b\u00e9isbol-pr\u00e1ctico pero memorable.<\/p>\n<\/div>\n<\/div>\n\n\n\n<p><\/p>","protected":false},"excerpt":{"rendered":"<ul>\n<li>Dise\u00f1o en forma de bate de b\u00e9isbol<\/li>\n<li>Material de madera<\/li>\n<li>Adecuado para regalo<\/li>\n<li>Mayor velocidad y alta calidad<\/li>\n<li>Fiabilidad y seguridad<\/li>\n<li>Ideal para todos los usos<\/li>\n<\/ul>","protected":false},"featured_media":9273,"comment_status":"open","ping_status":"closed","template":"","meta":{"_seopress_robots_primary_cat":"none","_seopress_titles_title":"","_seopress_titles_desc":"","_seopress_robots_index":""},"class_list":["post-9271","product","type-product","status-publish","has-post-thumbnail","hentry","product_cat-wooden-usb-flash-drive","product_tag-baseball-bat-shape-wood-usb-flash-drives"],"_links":{"self":[{"href":"https:\/\/www.yousanusb.com\/es\/wp-json\/wp\/v2\/product\/9271"}],"collection":[{"href":"https:\/\/www.yousanusb.com\/es\/wp-json\/wp\/v2\/product"}],"about":[{"href":"https:\/\/www.yousanusb.com\/es\/wp-json\/wp\/v2\/types\/product"}],"replies":[{"embeddable":true,"href":"https:\/\/www.yousanusb.com\/es\/wp-json\/wp\/v2\/comments?post=9271"}],"wp:featuredmedia":[{"embeddable":true,"href":"https:\/\/www.yousanusb.com\/es\/wp-json\/wp\/v2\/media\/9273"}],"wp:attachment":[{"href":"https:\/\/www.yousanusb.com\/es\/wp-json\/wp\/v2\/media?parent=9271"}],"curies":[{"name":"wp","href":"https:\/\/api.w.org\/{rel}","templated":true}]}}