{"id":9278,"date":"2024-09-10T13:51:50","date_gmt":"2024-09-10T13:51:50","guid":{"rendered":"https:\/\/yousanusb.com\/?post_type=product&#038;p=9278"},"modified":"2025-11-10T09:12:57","modified_gmt":"2025-11-10T09:12:57","slug":"tree-leaves-shaped-wood-usb-flash-drive-usb-disk-memory-stick-with-wooden","status":"publish","type":"product","link":"https:\/\/www.yousanusb.com\/es\/producto\/tree-leaves-shaped-wood-usb-flash-drive-usb-disk-memory-stick-with-wooden\/","title":{"rendered":"Memoria USB de madera con forma de hojas de \u00e1rbol"},"content":{"rendered":"<p>Memoria USB Hoja de Madera: Captura un trozo de naturaleza, conserva un momento en el tiempo, donde la practicidad se une al encanto po\u00e9tico.<\/p>\n\n\n\n<p>Fabricada en madera natural de primera calidad con una delicada forma de hoja, cada \"hoja\" presenta una veta de madera natural \u00fanica con una textura c\u00e1lida y suave. Del tama\u00f1o de la palma de la mano y ultrafina, es port\u00e1til sin abultar: una herramienta de almacenamiento de gran capacidad que tambi\u00e9n sirve como acento art\u00edstico para tu vida diaria, infundiendo un encanto natural a los espacios de trabajo y estudio.<\/p>\n\n\n\n<div class=\"wp-block-columns is-layout-flex wp-container-core-columns-is-layout-1 wp-block-columns-is-layout-flex\">\n<div class=\"wp-block-column is-layout-flow wp-block-column-is-layout-flow\">\n<figure class=\"wp-block-image size-full\"><img fetchpriority=\"high\" decoding=\"async\" width=\"1000\" height=\"1000\" src=\"https:\/\/www.yousanusb.com\/wp-content\/uploads\/2024\/09\/bulk-leaf-shape-wooden-usb-flash-drive.jpg\" alt=\"unidad flash usb de madera en forma de hoja a granel\" class=\"wp-image-9280\" srcset=\"https:\/\/www.yousanusb.com\/wp-content\/uploads\/2024\/09\/bulk-leaf-shape-wooden-usb-flash-drive.jpg 1000w, https:\/\/www.yousanusb.com\/wp-content\/uploads\/2024\/09\/bulk-leaf-shape-wooden-usb-flash-drive-300x300.jpg 300w, https:\/\/www.yousanusb.com\/wp-content\/uploads\/2024\/09\/bulk-leaf-shape-wooden-usb-flash-drive-150x150.jpg 150w, https:\/\/www.yousanusb.com\/wp-content\/uploads\/2024\/09\/bulk-leaf-shape-wooden-usb-flash-drive-768x768.jpg 768w, https:\/\/www.yousanusb.com\/wp-content\/uploads\/2024\/09\/bulk-leaf-shape-wooden-usb-flash-drive-600x600.jpg 600w, https:\/\/www.yousanusb.com\/wp-content\/uploads\/2024\/09\/bulk-leaf-shape-wooden-usb-flash-drive-100x100.jpg 100w\" sizes=\"(max-width: 1000px) 100vw, 1000px\" \/><\/figure>\n<\/div>\n\n\n\n<div class=\"wp-block-column is-layout-flow wp-block-column-is-layout-flow\">\n<figure class=\"wp-block-image size-full\"><img decoding=\"async\" width=\"420\" height=\"300\" src=\"https:\/\/www.yousanusb.com\/wp-content\/uploads\/2025\/05\/Wooden-Leaf-Flash-Drive.jpg\" alt=\"Memoria USB Hoja de Madera\" class=\"wp-image-15309\" srcset=\"https:\/\/www.yousanusb.com\/wp-content\/uploads\/2025\/05\/Wooden-Leaf-Flash-Drive.jpg 420w, https:\/\/www.yousanusb.com\/wp-content\/uploads\/2025\/05\/Wooden-Leaf-Flash-Drive-300x214.jpg 300w, https:\/\/www.yousanusb.com\/wp-content\/uploads\/2025\/05\/Wooden-Leaf-Flash-Drive-18x12.jpg 18w\" sizes=\"(max-width: 420px) 100vw, 420px\" \/><\/figure>\n<\/div>\n<\/div>\n\n\n\n<p>Lo m\u00e1s destacado<\/p>\n\n\n\n<p>Curaci\u00f3n est\u00e9tica: Dise\u00f1o de hoja realista con aut\u00e9ntica textura de grano de madera. Desp\u00eddete de las aburridas memorias USB de pl\u00e1stico: sujeta una y siente como si estuvieras acunando un poema oto\u00f1al congelado.<\/p>\n\n\n\n<p>Garant\u00eda de materiales: Fabricado con madera maciza de primera calidad, ofrece una gran durabilidad con acabados de bordes suaves que no ara\u00f1an las manos, equilibrando textura y longevidad.<\/p>\n\n\n\n<div class=\"wp-block-columns is-layout-flex wp-container-core-columns-is-layout-2 wp-block-columns-is-layout-flex\">\n<div class=\"wp-block-column is-layout-flow wp-block-column-is-layout-flow\">\n<figure class=\"wp-block-image size-full\"><img decoding=\"async\" width=\"1000\" height=\"1000\" src=\"https:\/\/www.yousanusb.com\/wp-content\/uploads\/2024\/09\/bulk-wooden-leaf-usb-flash-drive.jpg\" alt=\"unidad flash usb con hoja de madera a granel\" class=\"wp-image-9283\" srcset=\"https:\/\/www.yousanusb.com\/wp-content\/uploads\/2024\/09\/bulk-wooden-leaf-usb-flash-drive.jpg 1000w, https:\/\/www.yousanusb.com\/wp-content\/uploads\/2024\/09\/bulk-wooden-leaf-usb-flash-drive-300x300.jpg 300w, https:\/\/www.yousanusb.com\/wp-content\/uploads\/2024\/09\/bulk-wooden-leaf-usb-flash-drive-150x150.jpg 150w, https:\/\/www.yousanusb.com\/wp-content\/uploads\/2024\/09\/bulk-wooden-leaf-usb-flash-drive-768x768.jpg 768w, https:\/\/www.yousanusb.com\/wp-content\/uploads\/2024\/09\/bulk-wooden-leaf-usb-flash-drive-600x600.jpg 600w, https:\/\/www.yousanusb.com\/wp-content\/uploads\/2024\/09\/bulk-wooden-leaf-usb-flash-drive-100x100.jpg 100w\" sizes=\"(max-width: 1000px) 100vw, 1000px\" \/><\/figure>\n<\/div>\n\n\n\n<div class=\"wp-block-column is-layout-flow wp-block-column-is-layout-flow\">\n<figure class=\"wp-block-image size-full\"><img loading=\"lazy\" decoding=\"async\" width=\"1000\" height=\"1000\" src=\"https:\/\/www.yousanusb.com\/wp-content\/uploads\/2024\/09\/bulk-wood-leaves-usb-flash-drive.jpg\" alt=\"\" class=\"wp-image-9284\" srcset=\"https:\/\/www.yousanusb.com\/wp-content\/uploads\/2024\/09\/bulk-wood-leaves-usb-flash-drive.jpg 1000w, https:\/\/www.yousanusb.com\/wp-content\/uploads\/2024\/09\/bulk-wood-leaves-usb-flash-drive-300x300.jpg 300w, https:\/\/www.yousanusb.com\/wp-content\/uploads\/2024\/09\/bulk-wood-leaves-usb-flash-drive-150x150.jpg 150w, https:\/\/www.yousanusb.com\/wp-content\/uploads\/2024\/09\/bulk-wood-leaves-usb-flash-drive-768x768.jpg 768w, https:\/\/www.yousanusb.com\/wp-content\/uploads\/2024\/09\/bulk-wood-leaves-usb-flash-drive-600x600.jpg 600w, https:\/\/www.yousanusb.com\/wp-content\/uploads\/2024\/09\/bulk-wood-leaves-usb-flash-drive-100x100.jpg 100w\" sizes=\"(max-width: 1000px) 100vw, 1000px\" \/><\/figure>\n<\/div>\n<\/div>\n\n\n\n<p>Impulsado por el rendimiento: Cuenta con una interfaz USB de alta velocidad para velocidades de lectura\/escritura fluidas y sin retrasos. Compatible con ordenadores, port\u00e1tiles y dispositivos de coche, almacena sin esfuerzo archivos cotidianos, fotos, materiales de cursos y mucho m\u00e1s.<\/p>\n\n\n\n<p>Escenarios vers\u00e1tiles: Eleva la organizaci\u00f3n de la oficina con estilo, sirve como una soluci\u00f3n de almacenamiento port\u00e1til para los estudiantes, y se dobla como un regalo reflexivo para las almas creativas o un objeto de colecci\u00f3n para los entusiastas de la naturaleza-pr\u00e1ctico pero profundamente significativo.<\/p>","protected":false},"excerpt":{"rendered":"<ul>\n<li>Dise\u00f1o en forma de hojas de \u00e1rbol<\/li>\n<li>Material de madera<\/li>\n<li>Adecuado para regalo<\/li>\n<li>Mayor velocidad y alta calidad<\/li>\n<li>Fiabilidad y seguridad<\/li>\n<li>Ideal para todos los usos<\/li>\n<\/ul>","protected":false},"featured_media":9283,"comment_status":"open","ping_status":"closed","template":"","meta":{"_seopress_robots_primary_cat":"none","_seopress_titles_title":"","_seopress_titles_desc":"","_seopress_robots_index":""},"class_list":["post-9278","product","type-product","status-publish","has-post-thumbnail","hentry","product_cat-wooden-usb-flash-drive","product_tag-bulk-leaf-shape-wooden-usb-flash-drive"],"_links":{"self":[{"href":"https:\/\/www.yousanusb.com\/es\/wp-json\/wp\/v2\/product\/9278"}],"collection":[{"href":"https:\/\/www.yousanusb.com\/es\/wp-json\/wp\/v2\/product"}],"about":[{"href":"https:\/\/www.yousanusb.com\/es\/wp-json\/wp\/v2\/types\/product"}],"replies":[{"embeddable":true,"href":"https:\/\/www.yousanusb.com\/es\/wp-json\/wp\/v2\/comments?post=9278"}],"wp:featuredmedia":[{"embeddable":true,"href":"https:\/\/www.yousanusb.com\/es\/wp-json\/wp\/v2\/media\/9283"}],"wp:attachment":[{"href":"https:\/\/www.yousanusb.com\/es\/wp-json\/wp\/v2\/media?parent=9278"}],"curies":[{"name":"wp","href":"https:\/\/api.w.org\/{rel}","templated":true}]}}